{"id":1369,"date":"2016-02-24T10:52:00","date_gmt":"2016-02-24T10:52:00","guid":{"rendered":"http:\/\/10.0.0.65\/ukctuzla3\/?page_id=1369"},"modified":"2018-05-22T13:53:50","modified_gmt":"2018-05-22T12:53:50","slug":"bolestimetode-i-preporuke-t","status":"publish","type":"page","link":"https:\/\/www.ukctuzla.ba\/ukctuzla\/?page_id=1369&lang=bs","title":{"rendered":"Bolesti,metode i preporuke (T)"},"content":{"rendered":"<p><strong><span style=\"color: #800000;\">T<\/span><\/strong><\/p>\n<p><strong><a href=\"https:\/\/www.ukctuzla.ba\/ukctuzla\/?page_id=1368\" target=\"_blank\" rel=\"noopener\"><span style=\"font-size: 8pt;\">Trajna upala gu\u0161tera\u010de<\/span><\/a><\/strong><\/p>\n<p><strong><a href=\"https:\/\/www.ukctuzla.ba\/ukctuzla\/?page_id=1371\" target=\"_blank\" rel=\"noopener\"><span style=\"font-size: 8pt;\">Trodnevna visoka temperatura<\/span><\/a><\/strong><\/p>\n<p><strong><span style=\"font-size: 8pt;\"><a href=\"https:\/\/www.ukctuzla.ba\/ukctuzla\/?page_id=1373\" target=\"_blank\" rel=\"noopener\">Transezofagealna ehokardiografija (TEE)<\/a><\/span><\/strong><\/p>\n<p><strong><span style=\"font-size: 8pt;\"><a href=\"https:\/\/www.ukctuzla.ba\/ukctuzla\/?page_id=1375\" target=\"_blank\" rel=\"noopener\">Tumori jetre<\/a><br \/>\n<\/span><\/strong><\/p>\n<p><strong><span style=\"font-size: 8pt;\"><a href=\"https:\/\/www.ukctuzla.ba\/ukctuzla\/?page_id=1377\" target=\"_blank\" rel=\"noopener\">Tumori \u0161titnja\u010de<\/a><\/span><\/strong><\/p>\n<p><a href=\"https:\/\/www.ukctuzla.ba\/ukctuzla\/wp-content\/uploads\/2016\/02\/Da-li-ja-mogu-dati-bubreg.pdf\" target=\"_blank\" rel=\"noopener\">MOGU LI JA BITI \u017dIVI DAVALAC BUBREGA<\/a><\/p>\n<p><a href=\"https:\/\/www.ukctuzla.ba\/ukctuzla\/wp-content\/uploads\/2016\/02\/Kako-se-pripremiti-za-transplantaciju.pdf\">Kako se pripremiti za transplantaciju<\/a><\/p>\n<p><a href=\"https:\/\/www.ukctuzla.ba\/ukctuzla\/wp-content\/uploads\/2016\/02\/Postani-vlasnik-donorske-kartice.pdf\" target=\"_blank\" rel=\"noopener\">Produ\u017ei \u017eivot, postani vlasnik donorske kartice<\/a><\/p>\n<p><a href=\"https:\/\/www.ukctuzla.ba\/ukctuzla\/wp-content\/uploads\/2016\/02\/\u0160ta-treba-znati-o-tranplantaciji-ro\u017enice.pdf\">\u0160ta treba znati o tranplantaciji ro\u017enice<\/a><\/p>\n<p><a href=\"https:\/\/www.ukctuzla.ba\/ukctuzla\/wp-content\/uploads\/2016\/02\/Vodi\u010d-za-transplantaciju.pdf\" target=\"_blank\" rel=\"noopener\">Vodi\u010d za pacijente nakon transplantacije ko\u0161tane sr\u017ei<\/a><\/p>\n<p><a href=\"https:\/\/www.ukctuzla.ba\/ukctuzla\/wp-content\/uploads\/2016\/02\/\u017divot-nakon-transplantacije-bubrega.pdf\" target=\"_blank\" rel=\"noopener\">\u017divot nakon transplantacije bubrega<\/a><\/p>\n<p><a href=\"https:\/\/www.ukctuzla.ba\/ukctuzla\/wp-content\/uploads\/2016\/02\/\u017divot-nakon-transplantacije-jetre.pdf\" target=\"_blank\" rel=\"noopener\">\u017divot nakon transplantacije jetre<\/a><\/p>\n<p>&nbsp;<\/p>\n<p>&nbsp;<\/p>\n","protected":false},"excerpt":{"rendered":"<p>T Trajna upala gu\u0161tera\u010de Trodnevna visoka temperatura Transezofagealna ehokardiografija (TEE) Tumori jetre Tumori \u0161titnja\u010de MOGU LI JA BITI \u017dIVI DAVALAC BUBREGA Kako se pripremiti za transplantaciju Produ\u017ei \u017eivot, postani vlasnik donorske kartice \u0160ta treba znati o tranplantaciji ro\u017enice Vodi\u010d za pacijente nakon transplantacije ko\u0161tane sr\u017ei \u017divot nakon transplantacije bubrega \u017divot nakon transplantacije jetre &nbsp; &nbsp;<\/p>\n","protected":false},"author":1,"featured_media":16294,"parent":0,"menu_order":0,"comment_status":"closed","ping_status":"closed","template":"","meta":{"footnotes":""},"class_list":["post-1369","page","type-page","status-publish","has-post-thumbnail","hentry","description-off"],"_links":{"self":[{"href":"https:\/\/www.ukctuzla.ba\/ukctuzla\/index.php?rest_route=\/wp\/v2\/pages\/1369","targetHints":{"allow":["GET"]}}],"collection":[{"href":"https:\/\/www.ukctuzla.ba\/ukctuzla\/index.php?rest_route=\/wp\/v2\/pages"}],"about":[{"href":"https:\/\/www.ukctuzla.ba\/ukctuzla\/index.php?rest_route=\/wp\/v2\/types\/page"}],"author":[{"embeddable":true,"href":"https:\/\/www.ukctuzla.ba\/ukctuzla\/index.php?rest_route=\/wp\/v2\/users\/1"}],"replies":[{"embeddable":true,"href":"https:\/\/www.ukctuzla.ba\/ukctuzla\/index.php?rest_route=%2Fwp%2Fv2%2Fcomments&post=1369"}],"version-history":[{"count":6,"href":"https:\/\/www.ukctuzla.ba\/ukctuzla\/index.php?rest_route=\/wp\/v2\/pages\/1369\/revisions"}],"predecessor-version":[{"id":6193,"href":"https:\/\/www.ukctuzla.ba\/ukctuzla\/index.php?rest_route=\/wp\/v2\/pages\/1369\/revisions\/6193"}],"wp:featuredmedia":[{"embeddable":true,"href":"https:\/\/www.ukctuzla.ba\/ukctuzla\/index.php?rest_route=\/wp\/v2\/media\/16294"}],"wp:attachment":[{"href":"https:\/\/www.ukctuzla.ba\/ukctuzla\/index.php?rest_route=%2Fwp%2Fv2%2Fmedia&parent=1369"}],"curies":[{"name":"wp","href":"https:\/\/api.w.org\/{rel}","templated":true}]}}