{"id":1371,"date":"2016-02-24T10:49:39","date_gmt":"2016-02-24T10:49:39","guid":{"rendered":"http:\/\/10.0.0.65\/ukctuzla3\/?page_id=1371"},"modified":"2016-02-24T10:49:39","modified_gmt":"2016-02-24T10:49:39","slug":"trodnevna-visoka-temperatura","status":"publish","type":"page","link":"https:\/\/www.ukctuzla.ba\/ukctuzla\/?page_id=1371&lang=bs","title":{"rendered":"Trodnevna  visoka temperatura"},"content":{"rendered":"<p style=\"text-align: justify;\">Trodnevna\u00a0 visoka temperatura ili Exanthema subitum je \u0161esta od tradicionalnih egzantemskih (osipnih) dje\u010djih bolesti. Otkrivena je elektronskim mikroskopom 1986. u limfocitima pacijenata sa limfoproliferativnim poreme\u0107ajima i AIDS-om. Virus koji je uzrokuje naziva se HHV6 (humani herpes virus tipa 6).<\/p>\n<p><strong>\u0160to je to?<\/strong><br \/>\nOvo stanje je akutna bezopasna bolest dojen\u010dadi i male djece. Obilje\u017eava je temperatura koja traje pribli\u017eno 3 dana, iza toga slijedi period smanjenja temperature i pojava tamno ru\u017ei\u010dastog makulopapularnog (pjegavog) osipa.<\/p>\n<p><strong>Opis bolesti <\/strong><br \/>\nVirus se mo\u017ee prona\u0107i u slini, bronhalnim \u017elijezdama i urinu &#8211; slina je najva\u017eniji put prijenosa. Izlu\u010devine disajnog sistema\u00a0 asimptomati\u010dnih osoba vjerojatno prenose virus. Dijete najvjerojatnije \u0161iri infekciju za vrijeme febrilne faze bolesti prije izbijanja osipa.<\/p>\n<p><strong>Tko obolijeva?<\/strong><br \/>\nObi\u010dno se pojavljuje tokom prve dvije godine \u017eivota i naj\u010de\u0161\u0107a je osipna bolest djece mla\u0111e od dvije godine.<\/p>\n<p><strong>Simptomi <\/strong><\/p>\n<p>Anamnesti\u010dki podaci<\/p>\n<ul>\n<li>Trodnevnu groznicu tipi\u010dno obilje\u017eava visoka tjelesna temperatura koja traje 3 do 5 dana bez vidljivog uzroka. Iza perioda vru\u0107ice slijedi karakteristi\u010dan osip.<\/li>\n<li>Temperatura je povi\u0161ena (\u010desto do 40C).<\/li>\n<li>Osip (nestaje unutar nekoliko sati do dva dana): makulopapularni ili eritematozni (pjegav, crvenkast) osip, tipi\u010dno po\u010dinje na trupu i mo\u017ee se ra\u0161iriti na vrat i ekstremitete. Ne svrbi, blijedi na pritisak.<\/li>\n<li>Kod neke djece javljaju se gr\u010devi zbog povi\u0161ene temperature (febrilne konvulzije) (6 do 15%).<\/li>\n<li>Prisutan je i proljev (68%).<\/li>\n<li>Predsimptomi (14%) su: malaksalost, razdra\u017eljivost te<\/li>\n<li>ka\u0161alj (50%).<\/li>\n<\/ul>\n<p style=\"text-align: justify;\">\n<strong>Klini\u010dki pregled<\/strong><\/p>\n<ul>\n<li>temperatura (98%)<\/li>\n<li>osip (98%): prisutne su crveno ru\u017ei\u010daste pjege ili makulopapularne pjege pribli\u017eno 2 do 5 mm u promjeru. Pjege su obilje\u017eene diskretno, rje\u0111e napuhnute, te blijede uz izbjeljivanje povr\u0161ine ko\u017ee. Tipi\u010dno, osip kod trodnevne temperature uklju\u010duje trup ili le\u0111a sa minimalnim zahvatanjem lica ili gornjih udova. Neke pjege mogu biti okru\u017eene prstenom blijede ko\u017ee poput aureole.<\/li>\n<li>splenomegalija (pove\u0107ana slezena)<\/li>\n<li>encefalopatija (promjene mozga zbog djelovanja \u0161tetnih tvari)<\/li>\n<li>eritem konjuktive (crvenilo o\u010dnih spojnica)<\/li>\n<\/ul>\n<p style=\"text-align: justify;\">\n<strong>Koje se pretrage mogu napraviti?<\/strong><\/p>\n<ul>\n<li>Zbog bezopasne prirode i kratkog trajanja trodnevne temperaturee, obi\u010dno se ne provode laboratorijske pretrage ako je dijete dovedeno sa klasi\u010dnom istorijom bolesti.<\/li>\n<li>Ako se radi kompletna krvna slika, mo\u017ee se ustanoviti smanjenje broja bijelih krvnih zrnaca. Broj bijelih krvnih zrnaca se obi\u010dno vra\u0107a u normalne okvire unutar jednog tjedna.<\/li>\n<\/ul>\n<p style=\"text-align: justify;\">\n<strong>Lije\u010denje <\/strong><br \/>\nLije\u010denje temperature se svodi na ubla\u017eavanje simptoma sni\u017eavanjem povi\u0161ene tjelesne temperature (hladni oblozi, tu\u0161iranje, sirupi i \u010depi\u0107i koji sadr\u017ee paracetamol).<\/p>\n<p><strong>Komplikacije<\/strong><\/p>\n<ul>\n<li>febrilne konvulzije<\/li>\n<li>encefalitis (rijetko)<\/li>\n<li>meningitis (upala mo\u017edanih ovojnica)<\/li>\n<li>hepatitis (upala jetre)<\/li>\n<\/ul>\n","protected":false},"excerpt":{"rendered":"<p>Trodnevna\u00a0 visoka temperatura ili Exanthema subitum je \u0161esta od tradicionalnih egzantemskih (osipnih) dje\u010djih bolesti. Otkrivena je elektronskim mikroskopom 1986. u limfocitima pacijenata sa limfoproliferativnim poreme\u0107ajima i AIDS-om. Virus koji je uzrokuje naziva se HHV6 (humani herpes virus tipa 6). \u0160to je to? Ovo stanje je akutna bezopasna bolest dojen\u010dadi i male djece. Obilje\u017eava je temperatura&hellip;<\/p>\n","protected":false},"author":1,"featured_media":16294,"parent":0,"menu_order":0,"comment_status":"closed","ping_status":"closed","template":"","meta":{"footnotes":""},"class_list":["post-1371","page","type-page","status-publish","has-post-thumbnail","hentry","description-off"],"_links":{"self":[{"href":"https:\/\/www.ukctuzla.ba\/ukctuzla\/index.php?rest_route=\/wp\/v2\/pages\/1371","targetHints":{"allow":["GET"]}}],"collection":[{"href":"https:\/\/www.ukctuzla.ba\/ukctuzla\/index.php?rest_route=\/wp\/v2\/pages"}],"about":[{"href":"https:\/\/www.ukctuzla.ba\/ukctuzla\/index.php?rest_route=\/wp\/v2\/types\/page"}],"author":[{"embeddable":true,"href":"https:\/\/www.ukctuzla.ba\/ukctuzla\/index.php?rest_route=\/wp\/v2\/users\/1"}],"replies":[{"embeddable":true,"href":"https:\/\/www.ukctuzla.ba\/ukctuzla\/index.php?rest_route=%2Fwp%2Fv2%2Fcomments&post=1371"}],"version-history":[{"count":1,"href":"https:\/\/www.ukctuzla.ba\/ukctuzla\/index.php?rest_route=\/wp\/v2\/pages\/1371\/revisions"}],"predecessor-version":[{"id":1372,"href":"https:\/\/www.ukctuzla.ba\/ukctuzla\/index.php?rest_route=\/wp\/v2\/pages\/1371\/revisions\/1372"}],"wp:featuredmedia":[{"embeddable":true,"href":"https:\/\/www.ukctuzla.ba\/ukctuzla\/index.php?rest_route=\/wp\/v2\/media\/16294"}],"wp:attachment":[{"href":"https:\/\/www.ukctuzla.ba\/ukctuzla\/index.php?rest_route=%2Fwp%2Fv2%2Fmedia&parent=1371"}],"curies":[{"name":"wp","href":"https:\/\/api.w.org\/{rel}","templated":true}]}}