{"id":1377,"date":"2016-02-24T10:51:46","date_gmt":"2016-02-24T10:51:46","guid":{"rendered":"http:\/\/10.0.0.65\/ukctuzla3\/?page_id=1377"},"modified":"2016-02-24T10:51:46","modified_gmt":"2016-02-24T10:51:46","slug":"tumori-stitnjace","status":"publish","type":"page","link":"https:\/\/www.ukctuzla.ba\/ukctuzla\/?page_id=1377&lang=bs","title":{"rendered":"Tumori \u0161titnja\u010de"},"content":{"rendered":"<p>Ve\u0107ina \u010dvorova \u0161titnja\u010de je benigna (dobro\u0107udna), a karcinom \u0161titnja\u010de nije krajnje maligan (zlo\u0107udan), pa je mogu\u0107e i normalno o\u010dekivano trajanje \u017eivota ako se dobro lije\u010di.<\/p>\n<p><strong>Definicija <\/strong><br \/>\nTipovi karcinoma \u0161titnja\u010de su papilarni, folikularni, medularni, te anaplasti\u010dni i nediferencirani. Obi\u010dno se otkrije \u010dvor na vratu koji nema nikakvih drugih simptoma. Sumnja da bolesnik ima karcinom ve\u0107a je u mla\u0111oj dobi, kod mu\u0161karaca, ako se radi o solitarnom, hladnom \u010dvoru kod pretrage kontrastom (scintigrafija), tvrdom \u010dvoru koji je naglo narastao i ako u anamnezi postoji podatak o zra\u010denju glave, vrata,grudnog ko\u0161a, posebno u dojena\u010dkoj dobi.<\/p>\n<p><strong>Papilarni karcinom \u0161titnja\u010de <\/strong><br \/>\nPapilarni karcinom \u010dini 60 do 70% svih karcinoma \u0161titnja\u010de, \u017eene obolijevaju 2 do 3 puta \u010de\u0161\u0107e nego mu\u0161karci, a \u010de\u0161\u0107i je u mla\u0111oj dobi, no u starijoj dobi je maligniji.<\/p>\n<p><strong>Lije\u010denje <\/strong><br \/>\nMali lokalizirani tumori odstranjuju se hirur\u0161kim zahvatom, a uz to se daju i hormoni \u0161titnja\u010de kojima se potiskuje izlu\u010divanje tireotropnog hormona iz hipofize (TSH), kako bi se smanjila mogu\u0107nost ponovnog rasta karcinoma ako je i poslije operacije preostala neka nedostupna koli\u010dina karcinoma. Velike i jako ra\u0161irene tumore lije\u010di se totalnim odstranjivanjem \u0161titnja\u010de, te zra\u010denjem radioaktivnim jodom.<\/p>\n<p><strong>Folikularni karcinom \u0161titnja\u010de <\/strong><br \/>\nFolikularni karcinom \u010dini otprilike 15 % karcinoma \u0161titnja\u010de, \u010de\u0161\u0107i je u starijih osoba i u mu\u0161karaca, a maligniji je od papilarnog, te se \u0161iri krvnim putem i stvara udaljene metastaze.<\/p>\n<p><strong>Lije\u010denje <\/strong><br \/>\nTumor se odstranjuje zajedno s kompletnom \u0161titnom \u017elijezdom, te se zra\u010de eventualni ostaci tkiva \u0161titnja\u010de, kao i u slu\u010daju papilarnog karcinoma.<\/p>\n<p><strong>Anaplasti\u010dni karcinom \u0161titnja\u010de <\/strong><br \/>\nAnaplasti\u010dni karcinom \u010dini 10% ili manje svih karcinoma \u0161titnja\u010de, uglavnom se javlja kod starijih i ne\u0161to \u010de\u0161\u0107e u mu\u0161karaca. Javlja se nagli porast \u0161titnja\u010de i bolna osjetljivost. 80% bolesnika umire unutar godine dana od postavljanja dijagnoze.<\/p>\n<p><strong>Medularni karcinom \u0161titnja\u010de <\/strong><br \/>\nMedularni karcinom mo\u017ee se javiti pojedina\u010dno, pa se obi\u010dno javlja na jednoj strani, ili se mo\u017ee naslje\u0111ivati familijarno i takvi se oblici obi\u010dno javljaju na obje strane. Naj\u010de\u0161\u0107e se otkriva kao asimptomatski \u010dvor \u0161titnja\u010de, a najbolje se testira mjerenjem povi\u0161ene razine kalcitonina (hormon odgovoran za metabolizam kalcija).<\/p>\n<p><strong>Lije\u010denje<\/strong><br \/>\nLije\u010denje se sastoji od totalnog odstranjivanja \u0161titne \u017elijezde, \u010dak i kada bolest nije obostrana, te tako\u0111er odstranjivanja pripadaju\u0107ih limfnih \u010dvorova. Obzirom na familijarnu u\u010destalost va\u017eno je obaviti i pretra\u017eivanje (skrining) rodbine.<\/p>\n","protected":false},"excerpt":{"rendered":"<p>Ve\u0107ina \u010dvorova \u0161titnja\u010de je benigna (dobro\u0107udna), a karcinom \u0161titnja\u010de nije krajnje maligan (zlo\u0107udan), pa je mogu\u0107e i normalno o\u010dekivano trajanje \u017eivota ako se dobro lije\u010di. Definicija Tipovi karcinoma \u0161titnja\u010de su papilarni, folikularni, medularni, te anaplasti\u010dni i nediferencirani. Obi\u010dno se otkrije \u010dvor na vratu koji nema nikakvih drugih simptoma. Sumnja da bolesnik ima karcinom ve\u0107a je&hellip;<\/p>\n","protected":false},"author":1,"featured_media":16294,"parent":0,"menu_order":0,"comment_status":"closed","ping_status":"closed","template":"","meta":{"footnotes":""},"class_list":["post-1377","page","type-page","status-publish","has-post-thumbnail","hentry","description-off"],"_links":{"self":[{"href":"https:\/\/www.ukctuzla.ba\/ukctuzla\/index.php?rest_route=\/wp\/v2\/pages\/1377","targetHints":{"allow":["GET"]}}],"collection":[{"href":"https:\/\/www.ukctuzla.ba\/ukctuzla\/index.php?rest_route=\/wp\/v2\/pages"}],"about":[{"href":"https:\/\/www.ukctuzla.ba\/ukctuzla\/index.php?rest_route=\/wp\/v2\/types\/page"}],"author":[{"embeddable":true,"href":"https:\/\/www.ukctuzla.ba\/ukctuzla\/index.php?rest_route=\/wp\/v2\/users\/1"}],"replies":[{"embeddable":true,"href":"https:\/\/www.ukctuzla.ba\/ukctuzla\/index.php?rest_route=%2Fwp%2Fv2%2Fcomments&post=1377"}],"version-history":[{"count":1,"href":"https:\/\/www.ukctuzla.ba\/ukctuzla\/index.php?rest_route=\/wp\/v2\/pages\/1377\/revisions"}],"predecessor-version":[{"id":1378,"href":"https:\/\/www.ukctuzla.ba\/ukctuzla\/index.php?rest_route=\/wp\/v2\/pages\/1377\/revisions\/1378"}],"wp:featuredmedia":[{"embeddable":true,"href":"https:\/\/www.ukctuzla.ba\/ukctuzla\/index.php?rest_route=\/wp\/v2\/media\/16294"}],"wp:attachment":[{"href":"https:\/\/www.ukctuzla.ba\/ukctuzla\/index.php?rest_route=%2Fwp%2Fv2%2Fmedia&parent=1377"}],"curies":[{"name":"wp","href":"https:\/\/api.w.org\/{rel}","templated":true}]}}