{"id":1382,"date":"2016-02-24T10:55:04","date_gmt":"2016-02-24T10:55:04","guid":{"rendered":"http:\/\/10.0.0.65\/ukctuzla3\/?page_id=1382"},"modified":"2016-04-29T07:21:57","modified_gmt":"2016-04-29T06:21:57","slug":"bolestimetode-i-preporuke-s-2","status":"publish","type":"page","link":"https:\/\/www.ukctuzla.ba\/ukctuzla\/?page_id=1382&lang=bs","title":{"rendered":"Bolesti,metode i preporuke (\u0160)"},"content":{"rendered":"<p><span style=\"color: #800000;\"><strong>\u0160<\/strong><\/span><\/p>\n<p><strong><a href=\"https:\/\/www.ukctuzla.ba\/ukctuzla\/?page_id=1380\" target=\"_blank\"><span style=\"font-size: 8pt;\">\u0160e\u0107erna bolest<\/span><\/a><\/strong><\/p>\n","protected":false},"excerpt":{"rendered":"<p>\u0160 \u0160e\u0107erna bolest<\/p>\n","protected":false},"author":1,"featured_media":16294,"parent":0,"menu_order":0,"comment_status":"closed","ping_status":"closed","template":"","meta":{"footnotes":""},"class_list":["post-1382","page","type-page","status-publish","has-post-thumbnail","hentry","description-off"],"_links":{"self":[{"href":"https:\/\/www.ukctuzla.ba\/ukctuzla\/index.php?rest_route=\/wp\/v2\/pages\/1382","targetHints":{"allow":["GET"]}}],"collection":[{"href":"https:\/\/www.ukctuzla.ba\/ukctuzla\/index.php?rest_route=\/wp\/v2\/pages"}],"about":[{"href":"https:\/\/www.ukctuzla.ba\/ukctuzla\/index.php?rest_route=\/wp\/v2\/types\/page"}],"author":[{"embeddable":true,"href":"https:\/\/www.ukctuzla.ba\/ukctuzla\/index.php?rest_route=\/wp\/v2\/users\/1"}],"replies":[{"embeddable":true,"href":"https:\/\/www.ukctuzla.ba\/ukctuzla\/index.php?rest_route=%2Fwp%2Fv2%2Fcomments&post=1382"}],"version-history":[{"count":4,"href":"https:\/\/www.ukctuzla.ba\/ukctuzla\/index.php?rest_route=\/wp\/v2\/pages\/1382\/revisions"}],"predecessor-version":[{"id":2220,"href":"https:\/\/www.ukctuzla.ba\/ukctuzla\/index.php?rest_route=\/wp\/v2\/pages\/1382\/revisions\/2220"}],"wp:featuredmedia":[{"embeddable":true,"href":"https:\/\/www.ukctuzla.ba\/ukctuzla\/index.php?rest_route=\/wp\/v2\/media\/16294"}],"wp:attachment":[{"href":"https:\/\/www.ukctuzla.ba\/ukctuzla\/index.php?rest_route=%2Fwp%2Fv2%2Fmedia&parent=1382"}],"curies":[{"name":"wp","href":"https:\/\/api.w.org\/{rel}","templated":true}]}}