{"id":1398,"date":"2016-02-24T14:49:05","date_gmt":"2016-02-24T14:49:05","guid":{"rendered":"http:\/\/10.0.0.65\/ukctuzla3\/?page_id=1398"},"modified":"2018-04-10T10:24:16","modified_gmt":"2018-04-10T09:24:16","slug":"bolestimetode-i-preporuke-z","status":"publish","type":"page","link":"https:\/\/www.ukctuzla.ba\/ukctuzla\/?page_id=1398&lang=bs","title":{"rendered":"Bolesti,metode i preporuke (Z)"},"content":{"rendered":"<p><strong><span style=\"font-size: 12pt; color: #800000;\">Z<\/span><\/strong><\/p>\n<p><strong><a href=\"https:\/\/www.ukctuzla.ba\/ukctuzla\/?page_id=1394\" target=\"_blank\" rel=\"noopener\"><span style=\"font-size: 8pt;\">Zarazne bolesti koje se prenose zaga\u0111enom hranom<\/span><\/a><\/strong><\/p>\n<p><strong><a href=\"https:\/\/www.ukctuzla.ba\/ukctuzla\/?page_id=1401\" target=\"_blank\" rel=\"noopener\"><span style=\"font-size: 8pt;\">Zlo\u0107udni tumor cerviksa<\/span><\/a><\/strong><\/p>\n<p><a href=\"https:\/\/www.ukctuzla.ba\/ukctuzla\/wp-content\/uploads\/2016\/02\/Zna\u010daj-ishrane-i-izbj.pu\u0161enja-u-trudno\u0107i.pdf\">Zna\u010daj ishrane i izbjegavanje pu\u0161enja u trudno\u0107i<\/a><\/p>\n","protected":false},"excerpt":{"rendered":"<p>Z Zarazne bolesti koje se prenose zaga\u0111enom hranom Zlo\u0107udni tumor cerviksa Zna\u010daj ishrane i izbjegavanje pu\u0161enja u trudno\u0107i<\/p>\n","protected":false},"author":1,"featured_media":16294,"parent":0,"menu_order":0,"comment_status":"closed","ping_status":"closed","template":"","meta":{"footnotes":""},"class_list":["post-1398","page","type-page","status-publish","has-post-thumbnail","hentry","description-off"],"_links":{"self":[{"href":"https:\/\/www.ukctuzla.ba\/ukctuzla\/index.php?rest_route=\/wp\/v2\/pages\/1398","targetHints":{"allow":["GET"]}}],"collection":[{"href":"https:\/\/www.ukctuzla.ba\/ukctuzla\/index.php?rest_route=\/wp\/v2\/pages"}],"about":[{"href":"https:\/\/www.ukctuzla.ba\/ukctuzla\/index.php?rest_route=\/wp\/v2\/types\/page"}],"author":[{"embeddable":true,"href":"https:\/\/www.ukctuzla.ba\/ukctuzla\/index.php?rest_route=\/wp\/v2\/users\/1"}],"replies":[{"embeddable":true,"href":"https:\/\/www.ukctuzla.ba\/ukctuzla\/index.php?rest_route=%2Fwp%2Fv2%2Fcomments&post=1398"}],"version-history":[{"count":6,"href":"https:\/\/www.ukctuzla.ba\/ukctuzla\/index.php?rest_route=\/wp\/v2\/pages\/1398\/revisions"}],"predecessor-version":[{"id":5867,"href":"https:\/\/www.ukctuzla.ba\/ukctuzla\/index.php?rest_route=\/wp\/v2\/pages\/1398\/revisions\/5867"}],"wp:featuredmedia":[{"embeddable":true,"href":"https:\/\/www.ukctuzla.ba\/ukctuzla\/index.php?rest_route=\/wp\/v2\/media\/16294"}],"wp:attachment":[{"href":"https:\/\/www.ukctuzla.ba\/ukctuzla\/index.php?rest_route=%2Fwp%2Fv2%2Fmedia&parent=1398"}],"curies":[{"name":"wp","href":"https:\/\/api.w.org\/{rel}","templated":true}]}}