{"id":1401,"date":"2016-02-24T14:48:47","date_gmt":"2016-02-24T14:48:47","guid":{"rendered":"http:\/\/10.0.0.65\/ukctuzla3\/?page_id=1401"},"modified":"2016-02-24T14:48:47","modified_gmt":"2016-02-24T14:48:47","slug":"zlocudni-tumor-cerviksa","status":"publish","type":"page","link":"https:\/\/www.ukctuzla.ba\/ukctuzla\/?page_id=1401&lang=bs","title":{"rendered":"Zlo\u0107udni tumor cerviksa"},"content":{"rendered":"<p style=\"text-align: justify;\">Zlo\u0107udni tumor cerviksa bolest je kod koje se maligne stanice nalaze u tkivu cerviksa. Gledaju\u0107i globalno, cervikalni zlo\u0107udni tumor je po u\u010destalosti tre\u0107i naj\u010de\u0161\u0107i zlo\u0107udni tumor u \u017eena.<\/p>\n<p><strong>Opis<\/strong><br \/>\nPrije nego se \u0107elije zlo\u0107udnog tumora otkriju u cerviksu, tkiva cerviksa prolaze promjene kod kojih se po\u010dinju pojavljivati \u0107elijee koje nisu normalne (poznato kao displazija). Ovaj oblik tumora je 100% izlje\u010div i obi\u010dno nema potrebe za histerektomijom (hirur\u0161kim odstranjenjem maternice). Displazija, ovisno o njenoj ja\u010dini, mo\u017ee se rije\u0161iti bez lije\u010denja. Me\u0111utim ona ipak puno \u010de\u0161\u0107e progredira u zlo\u0107udni tumor &#8220;carcinoma in situ&#8221; (CIS) koji je lokalno nepro\u0161iren, a kad se pro\u0161iri nekoliko mm u okolno tkivo i jo\u0161 uvijek ne prodre u krvne \u017eile i limfne kanale zove se &#8220;mikroinvazivni&#8221; karcinom cerviksa. Ovaj proces mo\u017ee potrajati nekoliko godina, me\u0111utim kad je zlo\u0107udni tumor ustanovljen on se brzo pro\u0161iri na susjedna tkiva ili druge organe, obi\u010dno na crijeva, jetru i plu\u0107a.<\/p>\n<p><strong>Tko je u opasnosti?<\/strong><br \/>\nJedan od najva\u017enijih rizi\u010dnih faktora\u00a0 je infekcija humanim papiloma virusom (HPV-om). Za neke se podvrste virusa smatra da su posebno opasne. Usprkos tome cervikalni zlo\u0107udni tumor ne razvija se kod svih \u017eena koje imaju HPV infekciju. Uz HPV postoje i dodatni faktori rizika. Me\u0111u njih spadaju pu\u0161enje, rana dob prvih spolnih odnosa, mnogostruki seksualni partneri i\/ili partneri koji imaju mnogostruke partnere. Infekcije genitalnim herpesom ili kroni\u010dne infekcije klamidijom, koje su obje spolno prenosive bolesti, mogu pove\u0107ati rizik. \u017dene slabog materijalnog statusa mogu biti u ve\u0107oj opasnosti jer nemaju dovoljno sredstava za redovito Papa testiranje.<\/p>\n<p><strong>Koji su simptomi?<\/strong><br \/>\nNaj\u010de\u0161\u0107e, zlo\u0107udni tumor cerviksa u svojoj najranijoj i najlak\u0161e izlje\u010divoj fazi ne uzrokuje nikakve simptome. Ukoliko postoje simptomi, naj\u010de\u0161\u0107i su: stalni vaginalni iscjedak koji mo\u017ee biti blijed, vodenast, roza, sme\u0111i, pro\u0161aran s krvlju, ili taman i smrdljiv. Nenormalno vaginalno krvarenje, posebno u razmaku izme\u0111u menstrualnih krvarenja, nakon odnosa ili ispiranja i nakon menopauze koje postepeno postaje te\u017ee i dulje. Simptomi uznapredovalog zlo\u0107udnog tumora cerviksa mogu uklju\u010divati:<\/p>\n<ul>\n<li>gubitak apetita, gubitak te\u017eine, umor;<\/li>\n<li>bol u zdjelici, le\u0111ima ili nogama;<\/li>\n<li>istjecanje urina ili fekalija iz vagine;<\/li>\n<li>lomove kostiju.<\/li>\n<\/ul>\n<p style=\"text-align: justify;\">\n<strong>Koje \u0107e pretrage lije\u010dnik obaviti?<\/strong><br \/>\nTestovi su potrebni da bi se dijagnosticirali predstadiji i vrlo rani stadiji zlo\u0107udnih tumora i zlo\u0107udni tumori cerviksa. Prvi od njih je Papa test. Papa testovi su vrlo u\u010dinkoviti kod otkrivanja prekanceroznih promjena cerviksa. Ali dio njihove u\u010dinkovitosti ovisi o njihovom redovitom pra\u0107enju, zbog toga \u0161to ponekad jedan Papa test ne\u0107e pokazati abnormalne \u0107elije \u010dak i kad su displazija i zlo\u0107udni tumor prisutni. Ukoliko cerviks izgleda abnormalno, na primjer, normalni Papa test nije dovoljan. Ukoliko se prona\u0111u abnormalne \u0107elije ljekar\u00a0 \u0107e morati uzeti uzorak tkiva (ova se procedura naziva biopsijom) iz cerviksa i pogledati ga pod mikroskopom kako bi vidio postoje li \u0107elije zlo\u0107udnih tumora. Biopsija za koju je potrebno vrlo malo tkiva mo\u017ee se izvr\u0161iti u ambulanti ljekaraa. Bolesnica \u0107e mo\u017eda morati oti\u0107i u bolnicu ukoliko ljekar bude morao ukloniti ve\u0107i uzorak za biopsiju u obliku klina (konizacija).<\/p>\n<p><strong>Lije\u010denje<\/strong><br \/>\nLije\u010denje zlo\u0107udnih tumora cerviksa ovisi o vrsti zlo\u0107udnog tumora, stadiju, veli\u010dini i obliku tumora, starosnoj dobi i op\u0161tem zdravstvenom stanju \u017eene, kao i njenoj \u017eelji za budu\u0107im ra\u0111anjem. U najranijim stadijima, bolest je izlje\u010diva uklanjanjem ili uni\u0161tavanjem prekanceroznog i kanceroznog tkiva. Ovo se \u010desto mo\u017ee u\u010diniti na razli\u010dite na\u010dine bez uklanjanja uterusa tako da je \u017eena jo\u0161 uvijek sposobna imati djecu. U drugim slu\u010dajevima, jednostavno uklanjanje uterusa (histerektomija) se vr\u0161i sa ili bez uklanjanja ovarija. Kod bolesti koja je uznapredovala, mo\u017ee se izvr\u0161iti radikalna histerektomija, kod koje se uklanja uterus i dosta okolnog tkiva, uklju\u010duju\u0107i limfne \u010dvorove. Kod najekstremnijeg hirur\u0161kog zahvata nazvanog egzanteracijom zdjelice uklanjaju se svi organi zdjelice, uklju\u010duju\u0107i mokra\u0107ni mjehur i rektum. Terapija zra\u010denjem ili hemoterapija mogu se koristiti za lije\u010denje zlo\u0107udnih tumora koji se pro\u0161ire izvan zdjelice ili kada je do\u0161lo do recidiva. Ponekad se zra\u010denje i hemoterapija koristi prije i poslije hirur\u0161kog zahvata.<\/p>\n<p><strong>Prevencija<\/strong><br \/>\nPostoje dva na\u010dina da se prevenira\/sprije\u010di cervikalni zlo\u0107udni tumor. Prvi je da se sprije\u010di infekcija s HPV-om, drugi da se redovno kontroliraju Papa testovi koji \u0107e otkriti premaligna stanja i HPV. Kako bi se smanjile mogu\u0107nosti oboljenja od zlo\u0107udnih tumora cerviksa, djevojke koje nisu navr\u0161ile 18 godina trebale bi izbjegavati spolne odnose. Kako bi se dalje smanjio rizik od zlo\u0107udnih tumora cerviksa, \u017eene bi trebale smanjiti broj seksualnih partnera, izbjegavati seksualno promiskuitetne partnere i prestati pu\u0161iti. Prezervativi mogu pomo\u0107i kod prevencije prijenosa HPV. Godi\u0161nji pregledi male zdjelice, uklju\u010duju\u0107i Papa test, trebaju zapo\u010deti kad \u017eena postane spolno aktivna ili u doba od dvadeset godina kod \u017eena koje jo\u0161 nisu imale spolni odnos. Nakon bilo kakvih abnormalnih nalaza treba se podvrgnuti kolposkopiji i biopsiji.<\/p>\n","protected":false},"excerpt":{"rendered":"<p>Zlo\u0107udni tumor cerviksa bolest je kod koje se maligne stanice nalaze u tkivu cerviksa. Gledaju\u0107i globalno, cervikalni zlo\u0107udni tumor je po u\u010destalosti tre\u0107i naj\u010de\u0161\u0107i zlo\u0107udni tumor u \u017eena. Opis Prije nego se \u0107elije zlo\u0107udnog tumora otkriju u cerviksu, tkiva cerviksa prolaze promjene kod kojih se po\u010dinju pojavljivati \u0107elijee koje nisu normalne (poznato kao displazija). Ovaj&hellip;<\/p>\n","protected":false},"author":1,"featured_media":16294,"parent":0,"menu_order":0,"comment_status":"closed","ping_status":"closed","template":"","meta":{"footnotes":""},"class_list":["post-1401","page","type-page","status-publish","has-post-thumbnail","hentry","description-off"],"_links":{"self":[{"href":"https:\/\/www.ukctuzla.ba\/ukctuzla\/index.php?rest_route=\/wp\/v2\/pages\/1401","targetHints":{"allow":["GET"]}}],"collection":[{"href":"https:\/\/www.ukctuzla.ba\/ukctuzla\/index.php?rest_route=\/wp\/v2\/pages"}],"about":[{"href":"https:\/\/www.ukctuzla.ba\/ukctuzla\/index.php?rest_route=\/wp\/v2\/types\/page"}],"author":[{"embeddable":true,"href":"https:\/\/www.ukctuzla.ba\/ukctuzla\/index.php?rest_route=\/wp\/v2\/users\/1"}],"replies":[{"embeddable":true,"href":"https:\/\/www.ukctuzla.ba\/ukctuzla\/index.php?rest_route=%2Fwp%2Fv2%2Fcomments&post=1401"}],"version-history":[{"count":1,"href":"https:\/\/www.ukctuzla.ba\/ukctuzla\/index.php?rest_route=\/wp\/v2\/pages\/1401\/revisions"}],"predecessor-version":[{"id":1402,"href":"https:\/\/www.ukctuzla.ba\/ukctuzla\/index.php?rest_route=\/wp\/v2\/pages\/1401\/revisions\/1402"}],"wp:featuredmedia":[{"embeddable":true,"href":"https:\/\/www.ukctuzla.ba\/ukctuzla\/index.php?rest_route=\/wp\/v2\/media\/16294"}],"wp:attachment":[{"href":"https:\/\/www.ukctuzla.ba\/ukctuzla\/index.php?rest_route=%2Fwp%2Fv2%2Fmedia&parent=1401"}],"curies":[{"name":"wp","href":"https:\/\/api.w.org\/{rel}","templated":true}]}}