{"id":15540,"date":"2024-02-06T14:24:36","date_gmt":"2024-02-06T13:24:36","guid":{"rendered":"http:\/\/www.ukctuzla.ba\/ukctuzla\/?page_id=15540"},"modified":"2024-02-06T14:33:59","modified_gmt":"2024-02-06T13:33:59","slug":"centar-za-rijetke-bolesti","status":"publish","type":"page","link":"https:\/\/www.ukctuzla.ba\/ukctuzla\/?page_id=15540&lang=bs","title":{"rendered":"Centar za rijetke bolesti"},"content":{"rendered":"<p><strong>V.D. Na\u010delnika:<\/strong> Prim. Mr. Med. sci. Mensuda Hasanhod\u017ei\u0107, specijalista pedijatar, subspecijalista medicinske genetike<br \/>\n<strong>Odgovorna sestra:<\/strong> D\u017eevida Sulji\u0107, diplomirana medicinska sestra<br \/>\nKontakt:<br \/>\ntel.: 00 387 35 303 709<br \/>\ne-mail: info@ukctuzla.ba<br \/>\n<em>(Nazna\u010diti za Centar za rijetke bolesti)<\/em><\/p>\n<p>&nbsp;<\/p>\n<p><strong>ORGANIZACIONA STRUKTURA I DJELATNOST CENTRA<\/strong><\/p>\n<p>SUBSPECIJALISTI\u010cKA AMBULANTA (AMBULANTA ZA RIJETKE BOLESTI I MEDICINSKU GENETIKU) I SPECIJALISTI\u010cKO-KONSULTATIVNA AMBULANTA<\/p>\n<p>&nbsp;<\/p>\n<p>Ambulanta za rijetke bolesti i medicinsku genetiku radi od 10 do 14 sati svakim radnim danom,<br \/>\nkontakt tel: 035 303 709<\/p>\n<p>Specijalisti\u010dko-konsultativna ambulanta, radi svakim radnim danom od 8 do 9 sati i 30 minuta<\/p>\n<p>Evidencija oboljelih od rijetkih bolesti<br \/>\n(Evidentiranje oboljelih od rijetkih bolesti za Federaciju Bosne i Hercegovine) radi od 14-15 sati radnim danima, kontakt na br. tel: 035 303 709<\/p>\n<p>&nbsp;<\/p>\n<p><strong>KADROVI<\/strong><\/p>\n<p style=\"text-align: left;\">Ukupan broj uposlenika&#8230;.\u2026\u2026\u2026\u2026\u2026\u2026\u2026\u2026\u2026\u2026\u2026\u2026\u2026\u2026\u2026\u2026&#8230;&#8230;&#8230;&#8230;&#8230;&#8230;&#8230;&#8230;&#8230;&#8230;.\u2026.\u00a0 3<br \/>\nLjekara subspecijalista \u2026\u2026\u2026\u2026\u2026\u2026&#8230;&#8230;&#8230;&#8230;&#8230;&#8230;&#8230;&#8230;&#8230;&#8230;&#8230;&#8230;&#8230;&#8230;&#8230;&#8230;&#8230;&#8230;&#8230;&#8230;&#8230;&#8230;&#8230;.. 1<br \/>\nMedicinskih sestara\/tehni\u010dar sa visokom zdravstvenom \u0161kolom\u2026&#8230;&#8230;&#8230;&#8230;. 1<br \/>\nBiolog &#8230;&#8230;&#8230;&#8230;&#8230;&#8230;&#8230;&#8230;&#8230;&#8230;&#8230;&#8230;&#8230;&#8230;&#8230;&#8230;&#8230;&#8230;&#8230;&#8230;&#8230;&#8230;&#8230;&#8230;&#8230;&#8230;&#8230;&#8230;&#8230;&#8230;&#8230;&#8230;&#8230;&#8230;&#8230;&#8230;&#8230;&#8230;&#8230;.\u00a0 1<\/p>\n<p>&nbsp;<\/p>\n<ul>\n<li><strong>DJELATNOST CENTRA ZA RIJETKE BOLESTI<\/strong><br \/>\nCentar za rijetke bolesti pru\u017ea sljede\u0107e usluge:<\/li>\n<li>vo\u0111enje evidencije oboljelih od rijetkih bolesti za Tuzlanski kanton i cijelu teritoriju Federacije BiH,<\/li>\n<li>obavlja subspecjalisti\u010dke preglede medicinskog geneti\u010dara, te preporu\u010duje ili organizuje preglede drugih specijalista ili subspecijalista koji se bave lije\u010denjem oboljelih od rijetkih bolesti,<\/li>\n<li>predla\u017ee ili upu\u0107uje oboljele razli\u010ditog uzrasta i \u017eivotne dob na dijagnosticiranje rijetkih bolesti,<\/li>\n<li>organizuje geneti\u010dko informisanje\/savjetovanje pacijenata, porodice i presimptomatskih osoba\/srodnika o dijagnostikovanim rijetkim bolestima,<\/li>\n<li>predla\u017ee zbrinjavanje pacijenata od rijetkih bolesti u klinikama Univerzitetskog klini\u010dkog centra i drugim zdravstvenim centrima i ustanovama u Bosni i Hercegovini ili inostranstvu,<\/li>\n<li>organizuje konsultativnu slu\u017ebu radi boljeg zbrinjavanja pacijenata s rijetkim bolestima na klinikama Univerzitetskog klini\u010dkog centra u Tuzli,<\/li>\n<li>predla\u017ee na\u010dine i indikacije za uvo\u0111enje i uspostavljanje prenatalnih skrining programa za rijetke bolesti,<\/li>\n<li>predla\u017ee uvo\u0111enje i radi na uspostavljanju geneti\u010dkih i metaboli\u010dkih laboratorijsko-dijagnosti\u010dkih programa za rijetke bolesti u Federaciji BiH,<\/li>\n<li>ostvaruje saradnju sa svim drugim zdravstvenim ustanovama u Federaciji BiH, kao i na cijeloj teritoriji dr\u017eave BiH,<\/li>\n<li>ostvaruje saradnju sa Federalnim ministarstvom zdravstva na jedinstvenoj evidenciji i poticanju programa lije\u010denja i zbrinjavanja pojedinih grupa pacijenata s rijetkim bolestima,<\/li>\n<li>ostvaruje saradnju sa Federalnim ministarstvom zdravstva i Federalnim zavodom zdravstvenog osiguranja i reosiguranja u cilju stavljanja pojedinih lijekova za rijetke bolesti na liste lijekova koji se financiraju iz fondova zdravstvenog osiguranja u BiH,<\/li>\n<li>ostvaruje saradnju sa Federalnim ministarstvom zdravstva i Federalnim zavodom zdravstvenog osiguranja i reosiguranja u cilju stavljanja pojedinih rijetkih bolesti na liste bolesti \u010dije se lije\u010denje u inostranstvu mo\u017ee finansirati iz fondova zdravstvenog osiguranja u BiH,<\/li>\n<li>radi na obezbje\u0111ivanju informacija o novim terapijama dostupnim u svijetu za lije\u010denje pojedinih rijetkih bolesti,<\/li>\n<li>ostvaruje saradnju sa kantonalnim, federalnim i dr\u017eavnim zavodima za javno zdravstvo, te zavodom za statistiku, na unaprije\u0111enju evidencije i kodiranja rijetkih bolesti u F Bosni i Hercegovini<\/li>\n<li>uspostavlja saradnju sa referentnim inozemnim centrima za lije\u010denje rijetkih bolesti,<\/li>\n<li>bavi se organizovanjem i provo\u0111enjem kontinuirane edukacije iz oblasti rijetkih bolesti zdravstvenih radnika i drugih stru\u010dnjaka u zdravstvu.<\/li>\n<\/ul>\n<p>&nbsp;<\/p>\n<p><strong>Knjige i ud\u017ebenici \u010diji su autori uposlenici Centra<\/strong><\/p>\n<p>Monografije<br \/>\n1. Hasanhod\u017ei\u0107 M i saradnici. Monografija: Down sindrom \u2013 Postupnik za preventivno i sistematsko pra\u0107enje zdravstvenog stanja osoba s Down sindromom. Izdava\u010d: Udru\u017eenje \u201e\u017divot s Down sindromom\u201c uz finansijsku pomo\u0107 Federalnog ministarstva zdravstva, Sarajevo, 2009.<\/p>\n<p>2. Hasanhod\u017ei\u0107 M. U monografiji: Bolnica prijatelj djeteta u Bosni i Hercegovini, u poglavlju: Medicinska Informacija kao osnovarazumijevanja bolesti, autor \u010dlanka: Down sindrom: izme\u0111u strahova i snova. HNI, Sarajevo, 2004.<\/p>\n<p>3. Hasanhod\u017ei\u0107 M. U monografiji: Bolnica prijatelj djeteta u Bosni i Hercegovini, u poglavlju: Medicinska informacija kao osnovarazumijevanja bolesti, autor \u010dlanka: Poreme\u0107aji kontrole eliminacije. HNI, Sarajevo, 2004.<\/p>\n","protected":false},"excerpt":{"rendered":"<p>V.D. Na\u010delnika: Prim. Mr. Med. sci. Mensuda Hasanhod\u017ei\u0107, specijalista pedijatar, subspecijalista medicinske genetike Odgovorna sestra: D\u017eevida Sulji\u0107, diplomirana medicinska sestra Kontakt: tel.: 00 387 35 303 709 e-mail: info@ukctuzla.ba (Nazna\u010diti za Centar za rijetke bolesti) &nbsp; ORGANIZACIONA STRUKTURA I DJELATNOST CENTRA SUBSPECIJALISTI\u010cKA AMBULANTA (AMBULANTA ZA RIJETKE BOLESTI I MEDICINSKU GENETIKU) I SPECIJALISTI\u010cKO-KONSULTATIVNA AMBULANTA &nbsp; Ambulanta&hellip;<\/p>\n","protected":false},"author":5,"featured_media":16294,"parent":0,"menu_order":0,"comment_status":"closed","ping_status":"closed","template":"","meta":{"footnotes":""},"class_list":["post-15540","page","type-page","status-publish","has-post-thumbnail","hentry","description-off"],"_links":{"self":[{"href":"https:\/\/www.ukctuzla.ba\/ukctuzla\/index.php?rest_route=\/wp\/v2\/pages\/15540","targetHints":{"allow":["GET"]}}],"collection":[{"href":"https:\/\/www.ukctuzla.ba\/ukctuzla\/index.php?rest_route=\/wp\/v2\/pages"}],"about":[{"href":"https:\/\/www.ukctuzla.ba\/ukctuzla\/index.php?rest_route=\/wp\/v2\/types\/page"}],"author":[{"embeddable":true,"href":"https:\/\/www.ukctuzla.ba\/ukctuzla\/index.php?rest_route=\/wp\/v2\/users\/5"}],"replies":[{"embeddable":true,"href":"https:\/\/www.ukctuzla.ba\/ukctuzla\/index.php?rest_route=%2Fwp%2Fv2%2Fcomments&post=15540"}],"version-history":[{"count":11,"href":"https:\/\/www.ukctuzla.ba\/ukctuzla\/index.php?rest_route=\/wp\/v2\/pages\/15540\/revisions"}],"predecessor-version":[{"id":15552,"href":"https:\/\/www.ukctuzla.ba\/ukctuzla\/index.php?rest_route=\/wp\/v2\/pages\/15540\/revisions\/15552"}],"wp:featuredmedia":[{"embeddable":true,"href":"https:\/\/www.ukctuzla.ba\/ukctuzla\/index.php?rest_route=\/wp\/v2\/media\/16294"}],"wp:attachment":[{"href":"https:\/\/www.ukctuzla.ba\/ukctuzla\/index.php?rest_route=%2Fwp%2Fv2%2Fmedia&parent=15540"}],"curies":[{"name":"wp","href":"https:\/\/api.w.org\/{rel}","templated":true}]}}