{"id":18298,"date":"2025-04-03T11:54:02","date_gmt":"2025-04-03T10:54:02","guid":{"rendered":"https:\/\/www.ukctuzla.ba\/ukctuzla\/?page_id=18298"},"modified":"2025-04-03T13:08:30","modified_gmt":"2025-04-03T12:08:30","slug":"edukativni-sastanci-medicinskih-sestara-tehnicara-ukc-tuzla-za-2025-g","status":"publish","type":"page","link":"https:\/\/www.ukctuzla.ba\/ukctuzla\/?page_id=18298&lang=bs","title":{"rendered":"EDUKATIVNI SASTANCI MEDICINSKIH SESTARA TEHNI\u010cARA UKC TUZLA ZA 2025.G."},"content":{"rendered":"<p><strong>TEME ZA EDUKATIVNE SASTANAKE MEDICINSKIH SESTARA TEHNI\u010cARA UKC TUZLA ZA 2025. G.<\/strong><\/p>\n<p>&nbsp;<\/p>\n<p><strong>JANUAR 2025.<\/strong><br \/>\n1. Djelatnost i rad Centra za rijetke bolesti &#8211;\u00a0 CENTAR ZA RIJETKE BOLESTI<br \/>\n2. Ekstravazacija kontrastnog sredstva i procedure koje se poduzimaju procedure koje se poduzimaju\u00a0 &#8211; KLINIKA KLINIKA KLINIKA KLINIKA KLINIKA KLINIKA ZA RADIOLOGIJU I NUKLEARNU\u00a0\u00a0 MEDICINU<\/p>\n<p><a href=\"https:\/\/www.ukctuzla.ba\/ukctuzla\/wp-content\/uploads\/2025\/04\/Odrzan-361-strucni-sastanak-medicinskih-sestara-tehnicara.pdf\">vi\u0161e<\/a><\/p>\n<p>&nbsp;<\/p>\n<p><strong>FEBRUAR 2025.<\/strong><br \/>\n1. Tretman hroni\u010dnih rana u ambulantnim uslovima &#8211; KLINIKA ZA KO\u017dNE BOLESTI<br \/>\n2. Tretman dispneje u palijativnoj njezi &#8211; CENTAR ZA PALIJATIVNU NJEGU I TERAPIJU BOLA<\/p>\n<p><a href=\"https:\/\/www.ukctuzla.ba\/ukctuzla\/wp-content\/uploads\/2025\/04\/Odrzan-362-strucni-sastanak-medicinskih-sestara-tehnicara.pdf\">vi\u0161e<\/a><\/p>\n<p>&nbsp;<\/p>\n<p><strong>MART 2025.<\/strong><br \/>\n1. Zna\u010daj medicinske sestre tehni\u010dara u procesu zdravstvene njege kod paltoshize \u2013 KLINIKA ZA PLASTI\u010cNU I MAKSILOFACIJALNU HIRURUGIJU<br \/>\n2. Intervencije koje se poduzimaju u slu\u010daju naru\u0161avanja bezbIjednosti osoblja &#8211; UNUTARNJA SLU\u017dBA ZA\u0160TITE<\/p>\n<p><a href=\"https:\/\/www.ukctuzla.ba\/ukctuzla\/wp-content\/uploads\/2025\/04\/Odrzan-363-strucni-sastanak-medicinskih-sestara-tehnicara.pdf\">vi\u0161e<\/a><\/p>\n<p>&nbsp;<\/p>\n<p><strong>APRIL 2025.<\/strong><br \/>\n1. Prva pomo\u0107 i hitna stanja u neurologiji (uloga medicinske sestre tehni\u010dara\u00a0 u prepoznavanju i reagovanju na hitne situacije kao \u0161to su konvulzije, zamra\u010denje svijesti ili hipovolemijski \u0161ok) &#8211; KLINIKA ZA NEUROLOGIJU<br \/>\n2. Evaluacija bolnog sindroma (metode procjene bola i pristupi lije\u010denja pacijenata) &#8211; KLINIKA ZA ORTOPEDIJU I TRAUMATOLOGIJU<\/p>\n<p>&nbsp;<\/p>\n<p><strong>MAJ 2025.<\/strong><\/p>\n<p>1. Uloga med.sestara-tehni\u010dara u procesu reanimacije (Kako med.sestre-tehni\u010dari mogu efikasno doprinijeti timskom radu i pru\u017eanju hitne pomo\u0107i) &#8211; KLINIKA ZA ANESTEZIOLOGIJU I REANIMATOLOGIJU<br \/>\n2. Pravilna upotreba katetera i briga o njima (pravilno postavljanje, odr\u017eavanje i uklanjanje katetera, kao i prepoznavanje potencijalnih problema) &#8211; KLINIKA ZA UROLOGIJU<br \/>\n3. Psiholo\u0161ki aspekti zaraznih bolesti (razumijevanje emocionainih i psiholo\u0161kih uticaja koje zarazne bolesti mogu imati na pacijente i njihove porodice i kako pru\u017eiti podr\u0161ku) &#8211; KLINIKA ZA ZARAZNE BOLESTI<\/p>\n<p>&nbsp;<\/p>\n<p><strong>JUNI 2025.<\/strong><\/p>\n<p>1. Zna\u010daj postopertivne njege (kako med.sestre-tehni\u010dari mogu osigurati uspje\u0161an oporavak nakon operacije) &#8211; KLINIKA ZA HIRURGIJU<br \/>\n2. Edukacija o .zdravlju srca (smjernice za spre\u010davanje kardiovaskularnih bolesti i promovisanje zdravog na\u010dina \u017eivota) &#8211; KLINIKA ZA INTERNE BOLESTI<\/p>\n<p>&nbsp;<\/p>\n<p><strong>JULI 2025.<\/strong><\/p>\n<p>1. Obuka i mentorisanje novih med.sestara-tehni\u010dara (Uloga iskusnih sestara u obrazovanju i podr\u0161ci kolegama) &#8211; KLINIKA ZA GINEKOLOGIJU I AKU\u0160ERSTVO<br \/>\n2. Sestrinska praksa u jedinicama intezivne njege (Specifi\u010dne vje\u0161tine i znanja potrebna za rad u intezivnoj njezi) &#8211; KLINIKA ZA DJE\u010cIJE BOLESTI<\/p>\n<p>&nbsp;<\/p>\n<p><strong>AVGUST 2025.<\/strong><\/p>\n<p>1. Etika u sestrinstvu (razumijevanje eti\u010dkih principa i dilema u svakodnevnom radu med.sestara-tehni\u010dara) &#8211; KLNIKA ZA HEMATOLOGIJU I TM\u0106H<br \/>\n2. Pitanja sigurnosti pacijenata (Klju\u010dni aspekti koji se moraju uzeti u obzir za za\u0161titu pacijenata tokom hospitalizacije) &#8211; KLINIKA ZA FIZIKALNU MEDICINU I REHABILITACIJU<\/p>\n<p>&nbsp;<\/p>\n<p><strong>SEPTEMBAR 2025.<\/strong><\/p>\n<p>1. Neurohiru\u0161ka njega pacijenata sa traumom glave (Protokoli i izazovi) &#8211; KLINIKA ZA NEUROHIRURGIJU<br \/>\n2. Uloga med.sestara-tehni\u010dara u onkologiji (pristupi i podr\u0161ke pacijentima tokom lije\u010denja i oporavka) &#8211; KLINIKA ZA ONKOLOGIJU I RADIOTERAPIJU<\/p>\n<p>&nbsp;<\/p>\n<p><strong>OKTOBAR 2025.<\/strong><\/p>\n<p>1. Osnovne vje\u0161tine u sestrinstvu (tehnike poput mjerenja vitalnih znakova, primjene terapije, njega rane) &#8211; KLINIKA ZA INVAZIVNU KARDIOLOGIJU<br \/>\n2. Uloga i zna\u010daj med.sestre-tehni\u010dara kod plasiranja porta &#8211; KLINIKA ZA TORAKALNU HIRURUGlJU<\/p>\n<p>&nbsp;<\/p>\n<p><strong>NOVEMBAR 2025.<\/strong><\/p>\n<p>1. Uloga i zna\u010daj med.sestre-tehni\u010dara kod primjene te\u010dnog azota u terapijske svrhe &#8211; KLINIKA ZA KO\u017dNE BOLESTI<br \/>\n2. Tretman zdravstvene njege i prijava pacijenta oboljelog od TBC plu\u0107a &#8211; KLINIKA ZA PLU\u0106NE BOLESTI<\/p>\n<p>&nbsp;<\/p>\n<p><strong>DECEMBAR 2025.<\/strong><\/p>\n<p>1. Rizici i komplikacije transfuzije (analiza mogu\u0107ih rizika i komplikacija koji mogu nastati tokom ili nakon transfuzije) &#8211; POLIKLINIKA ZA TRANSFUZIOLOGIJU<br \/>\n2. Uloga i zna\u010daj med.sestre-tehni\u010dara kod odstranjivanja stranog tijela kod djece &#8211; KLINIKA ZA BOLESTI UHA, GRLA I NOSA I HIRURGIJU GLAVE I VRATA<\/p>\n","protected":false},"excerpt":{"rendered":"<p>TEME ZA EDUKATIVNE SASTANAKE MEDICINSKIH SESTARA TEHNI\u010cARA UKC TUZLA ZA 2025. G. &nbsp; JANUAR 2025. 1. Djelatnost i rad Centra za rijetke bolesti &#8211;\u00a0 CENTAR ZA RIJETKE BOLESTI 2. Ekstravazacija kontrastnog sredstva i procedure koje se poduzimaju procedure koje se poduzimaju\u00a0 &#8211; KLINIKA KLINIKA KLINIKA KLINIKA KLINIKA KLINIKA ZA RADIOLOGIJU I NUKLEARNU\u00a0\u00a0 MEDICINU vi\u0161e &nbsp;&hellip;<\/p>\n","protected":false},"author":5,"featured_media":16294,"parent":0,"menu_order":0,"comment_status":"closed","ping_status":"closed","template":"","meta":{"footnotes":""},"class_list":["post-18298","page","type-page","status-publish","has-post-thumbnail","hentry","description-off"],"_links":{"self":[{"href":"https:\/\/www.ukctuzla.ba\/ukctuzla\/index.php?rest_route=\/wp\/v2\/pages\/18298","targetHints":{"allow":["GET"]}}],"collection":[{"href":"https:\/\/www.ukctuzla.ba\/ukctuzla\/index.php?rest_route=\/wp\/v2\/pages"}],"about":[{"href":"https:\/\/www.ukctuzla.ba\/ukctuzla\/index.php?rest_route=\/wp\/v2\/types\/page"}],"author":[{"embeddable":true,"href":"https:\/\/www.ukctuzla.ba\/ukctuzla\/index.php?rest_route=\/wp\/v2\/users\/5"}],"replies":[{"embeddable":true,"href":"https:\/\/www.ukctuzla.ba\/ukctuzla\/index.php?rest_route=%2Fwp%2Fv2%2Fcomments&post=18298"}],"version-history":[{"count":6,"href":"https:\/\/www.ukctuzla.ba\/ukctuzla\/index.php?rest_route=\/wp\/v2\/pages\/18298\/revisions"}],"predecessor-version":[{"id":18309,"href":"https:\/\/www.ukctuzla.ba\/ukctuzla\/index.php?rest_route=\/wp\/v2\/pages\/18298\/revisions\/18309"}],"wp:featuredmedia":[{"embeddable":true,"href":"https:\/\/www.ukctuzla.ba\/ukctuzla\/index.php?rest_route=\/wp\/v2\/media\/16294"}],"wp:attachment":[{"href":"https:\/\/www.ukctuzla.ba\/ukctuzla\/index.php?rest_route=%2Fwp%2Fv2%2Fmedia&parent=18298"}],"curies":[{"name":"wp","href":"https:\/\/api.w.org\/{rel}","templated":true}]}}