{"id":185,"date":"2016-02-08T10:41:02","date_gmt":"2016-02-08T10:41:02","guid":{"rendered":"http:\/\/10.0.0.65\/ukctuzla3\/?page_id=185"},"modified":"2023-02-07T12:43:48","modified_gmt":"2023-02-07T11:43:48","slug":"projekti","status":"publish","type":"page","link":"https:\/\/www.ukctuzla.ba\/ukctuzla\/?page_id=185&lang=bs","title":{"rendered":"PROJEKTI"},"content":{"rendered":"<div align=\"justify\">\n<div align=\"justify\">30.12.2021.<\/div>\n<div align=\"justify\"><strong>Plan potencijalnih projekata Javno-privatnog partnerstva<\/strong><br \/>\nU skladu sa \u010dlanom 12, stav (6) Zakona o javno privarnom parterstvu ( &#8220;Slu\u017ebene novine TK&#8221; broj: 19\/17 i 14\/19) Javna zdravstvena ustanova Univerzitetski klini\u010dki centar objavljuje godi\u0161nji i trogodi\u0161nji plan potencijalnih projekata Javno-privatnog partnerstva.<br \/>\n<a href=\"https:\/\/www.ukctuzla.ba\/ukctuzla\/wp-content\/uploads\/2016\/02\/PlanJPP.pdf\" target=\"_blank\" rel=\"noopener\">Klikni na link za pregled<\/a><\/div>\n<\/div>\n<div align=\"justify\"><\/div>\n<div align=\"justify\">\n<p>07.02.2023.<br \/>\n<strong>ODLUKA<\/strong><br \/>\n<strong>o usvajanju Godi\u0161njeg plana potencijalnih JPP projekata za 2023.godinu<\/strong><br \/>\n<a href=\"https:\/\/www.ukctuzla.ba\/ukctuzla\/wp-content\/uploads\/2016\/02\/ODLUKA-o-usvajanju-Godi\u0161njeg-plana-potencijalnih-JPP-projekata-za-2023.godinu.pdf\" target=\"_blank\" rel=\"noopener\">Klikni na link za pregled<\/a><\/p>\n<p>07.02.2023.<br \/>\n<strong>ODLUKA<\/strong><br \/>\n<strong>o usvajanju Srednjoro\u010dnog plana potencijalnih JPP projekata za perid 2023.-2025.godine<\/strong><br \/>\n<a href=\"https:\/\/www.ukctuzla.ba\/ukctuzla\/wp-content\/uploads\/2016\/02\/ODLUKA-o-usvajanju-Srednjoro\u010dnog-plana-potencijalnih-JPP-projekata.pdf\" target=\"_blank\" rel=\"noopener\">Klikni na link za pregled<\/a><\/p>\n<p><strong>JPP Urgentni centar i vi\u0161espratna gara\u017ea<\/strong><br \/>\n<a href=\"https:\/\/www.ukctuzla.ba\/ukctuzla\/wp-content\/uploads\/2016\/02\/Urgentni-centar-UKC-Tuzla.pdf\" target=\"_blank\" rel=\"noopener\">Klikni na link za pregled<\/a><\/p>\n<p><strong>JPP Centar za radiohirurgiju<\/strong><br \/>\n<a href=\"https:\/\/www.ukctuzla.ba\/ukctuzla\/wp-content\/uploads\/2016\/02\/Urgentni-centar-radiohirurgija.pdf\" target=\"_blank\" rel=\"noopener\">Klikni na link za pregled<\/a><\/p>\n<p><strong>JPP Centar za dijalizu<\/strong><br \/>\n<a href=\"https:\/\/www.ukctuzla.ba\/ukctuzla\/wp-content\/uploads\/2016\/02\/JPP-Centar-za-dijalizu.pdf\" target=\"_blank\" rel=\"noopener\">Klikni na link za pregled<\/a><\/p>\n<p><strong>JPP Centar za protetiku i ortotiku<\/strong><br \/>\n<a href=\"https:\/\/www.ukctuzla.ba\/ukctuzla\/wp-content\/uploads\/2016\/02\/JPP-protetika-.pdf\" target=\"_blank\" rel=\"noopener\">Klikni na link za pregled<\/a><\/p>\n<\/div>\n<div align=\"justify\">\n<div align=\"justify\"><\/div>\n<\/div>\n","protected":false},"excerpt":{"rendered":"<p>30.12.2021. Plan potencijalnih projekata Javno-privatnog partnerstva U skladu sa \u010dlanom 12, stav (6) Zakona o javno privarnom parterstvu ( &#8220;Slu\u017ebene novine TK&#8221; broj: 19\/17 i 14\/19) Javna zdravstvena ustanova Univerzitetski klini\u010dki centar objavljuje godi\u0161nji i trogodi\u0161nji plan potencijalnih projekata Javno-privatnog partnerstva. Klikni na link za pregled 07.02.2023. ODLUKA o usvajanju Godi\u0161njeg plana potencijalnih JPP projekata&hellip;<\/p>\n","protected":false},"author":1,"featured_media":16294,"parent":0,"menu_order":0,"comment_status":"closed","ping_status":"closed","template":"","meta":{"footnotes":""},"class_list":["post-185","page","type-page","status-publish","has-post-thumbnail","hentry","description-off"],"_links":{"self":[{"href":"https:\/\/www.ukctuzla.ba\/ukctuzla\/index.php?rest_route=\/wp\/v2\/pages\/185","targetHints":{"allow":["GET"]}}],"collection":[{"href":"https:\/\/www.ukctuzla.ba\/ukctuzla\/index.php?rest_route=\/wp\/v2\/pages"}],"about":[{"href":"https:\/\/www.ukctuzla.ba\/ukctuzla\/index.php?rest_route=\/wp\/v2\/types\/page"}],"author":[{"embeddable":true,"href":"https:\/\/www.ukctuzla.ba\/ukctuzla\/index.php?rest_route=\/wp\/v2\/users\/1"}],"replies":[{"embeddable":true,"href":"https:\/\/www.ukctuzla.ba\/ukctuzla\/index.php?rest_route=%2Fwp%2Fv2%2Fcomments&post=185"}],"version-history":[{"count":8,"href":"https:\/\/www.ukctuzla.ba\/ukctuzla\/index.php?rest_route=\/wp\/v2\/pages\/185\/revisions"}],"predecessor-version":[{"id":13716,"href":"https:\/\/www.ukctuzla.ba\/ukctuzla\/index.php?rest_route=\/wp\/v2\/pages\/185\/revisions\/13716"}],"wp:featuredmedia":[{"embeddable":true,"href":"https:\/\/www.ukctuzla.ba\/ukctuzla\/index.php?rest_route=\/wp\/v2\/media\/16294"}],"wp:attachment":[{"href":"https:\/\/www.ukctuzla.ba\/ukctuzla\/index.php?rest_route=%2Fwp%2Fv2%2Fmedia&parent=185"}],"curies":[{"name":"wp","href":"https:\/\/api.w.org\/{rel}","templated":true}]}}