{"id":1868,"date":"2016-03-18T15:26:06","date_gmt":"2016-03-18T14:26:06","guid":{"rendered":"http:\/\/www.ukctuzla.com.ba\/ukctuzla\/?page_id=1868"},"modified":"2025-03-18T14:21:57","modified_gmt":"2025-03-18T13:21:57","slug":"transplatacije-u-ukc-tuzla","status":"publish","type":"page","link":"https:\/\/www.ukctuzla.ba\/ukctuzla\/?page_id=1868&lang=bs","title":{"rendered":"TRANSPLATACIJE U UKC TUZLA"},"content":{"rendered":"<p style=\"text-align: justify;\">Univerzitetski klini\u010dki centa Tuzla je zvani\u010dno verificirana ustanova od Ministarstva zdravstva Federacije Bosne i Hercegovine, za tipizaciju, eksplantaciju i transplantaciju tkiva i organa. To je postignuto zahvaljuju\u0107i dobro educiranim timovima, dobroj organizaciji i materijalno tehni\u010dkoj opremljenosti, \u0161to su to uslovi bez kojih bi bilo nemogu\u0107e realizovati transplant program.U UKC Tuzla danas se izvode: kadaveri\u010dne transplantacije bubrega, jetre i ro\u017enica, alogena i autologna transplantacija mati\u010dnih \u0107elija hematopoeze (ko\u0161tane sr\u017ei) i transplantacije jetre i bubrega sa \u017eivih davalaca. Ovaj vid lije\u010denja primjenjuje se u Univerzitetskom klini\u010dkom centru Tuzla od septembra 1999. godine kada je izvr\u0161ena prva transplantacija bubrega sa \u017eivog srodnika.<br \/>\n<strong>Transplantacija bubrega<\/strong><br \/>\nNakon ura\u0111enih priprema i stvorenih svih tehni\u010dko-tehnolo\u0161kih i kadrovskih predpostavki u Univerzitetskom klini\u010dkom centru Tuzla, 15.septembra 1999. godine ura\u0111ene su prve transplantacije bubrega. Projekat je realizovan u saradnji sa transplantolozima iz AKH Be\u010da, iz Austrije, posebno prof.dr Ferdinandom M\u00fcllbaherom. Va\u017eno je ista\u0107i i \u010dinjenicu da se u JZU UKC Tuzla redovno kontroli\u0161u i lije\u010de pacijenati sa transplantiranim bubrezima, me\u0111u kojima i pacijenati kojima su transplantacije bubrega obavljene u drugim centrima. Uspjeh transplantacije mo\u017ee se procijeniti najmeritornijim statisti\u010dkim postupkom, procjenom pre\u017eivljavanja bolesnika i presa\u0111enog organa, Caplan-Meyer-ovom krivom, i prema toj analizi na\u0161i rezultati su unutar procentualnog raspona rezultata svih poznatih svjetskih centara.<\/p>\n<p style=\"text-align: justify;\">U decembru 2009. godine, ura\u0111ena je prva transplantacija bubrega kod visoko senzibiliziranog pacijenta, koja je zahtijevala posebnu pripremu i primjenu sofisticiranih protokola u pripremi i imunosupresivnoj terapiji, kao i nesrodna transplantacija, u okviru koje je bra\u010dni drug dao organ supru\u017eniku. To je rizi\u010dna transplantacija jer ne postoji tkivna podudarnost \u0161to tako\u0111e zahtijeva specifi\u010dan proceduralni i protokolarni pristup. Prema na\u0161im saznanjima, takva transplantacija nije ra\u0111ena u zemljama regiona. Petogodi\u0161nje pre\u017eivljavanje pacijenta i grafta je preko 71,5% izra\u010dunato po kriterijima primjenljivim u referentnim svijetskim centrima i u okviru je statisti\u010dkih pokazatelja u svijetskim centrima.<\/p>\n<p style=\"text-align: justify;\"><strong>Kadaveri\u010dna transplantacija organa<\/strong><\/p>\n<p style=\"text-align: justify;\">U 2006.godini, po\u010deo projekat kadaveri\u010dne transplantacije organa timskim pristupom stru\u010dnog kadra u Univerzitetskom klini\u010dkom centru Tuzla.<\/p>\n<p style=\"text-align: justify;\">Prva kadaveri\u010dna transplantacija u UKC Tuzla ura\u0111ena je 21. juna 2006. u saradnji sa stru\u010dnjacima iz KB Merkur Zagreb (prof. dr Bla\u017eenka Hofman, dr Branislav Kocman, dr Andrija \u0160kopljanac i dr Majda Buhin), kada su transplantirani dva bubrega i jetra. Druga je kadaveri\u010dna transplantacija, 2 bubrega, ura\u0111ena 19.jula 2006.godine, tre\u0107a 28.maja 2007.godine kada su transplantirani bubrezi, jetra i ro\u017enice, a 28 i 29. maja 2008.godine i u decembru 2008. godine, \u010detvrta i peta transplantacija u okviru kojih je transplantirano tri bubrega, \u010detiri ro\u017enice i dvije jetre. \u0160esta transplantacija organa ura\u0111ena je 28. i 29.03.2010. godine, u okviru koje su transplantirani dva bubrega, dvije ro\u017enice i jetra.U 2012.godini provedene su aktivnosti na programu transplantacije organa, i to 06.04.2012. godine u saradnji timova Univerzitetskog klini\u010dkog centra Tuzla i Klini\u010dkog centra Univerziteta u Sarajevu, te uz superviziju dr.med.sci. Stipislava Jadrijevi\u0107a, iz KB Merkur iz Zagreba obavljene su eksplantacija i transplantacija bubrega, jetre i ro\u017enica. U sarajevskom centru transplantirani su bubrezi i ro\u017enice, a multidisciplinarni tuzlanski tim obavio je presa\u0111ivanje jetre. Iste godine, 19.05.2012., obavljena je kadaveri\u010dna donacija 5 organa. 2.9.2014. godine obavljena je eksplantacija organa u KB Zenica, a svih 5 organa transplantirano u JZU UKC Tuzla, 30. i 31.10.2014.godine uspje\u0161no je obavljena transplantacija 5 organa, te 26.11.2014. godine transplantirane su u Tuzli ro\u017enice. U dane, 15. i 16.02.2015.godine donirani su organi (dva bubrega, dvije ro\u017enice i jetra) eksplantirani u KBZ Zenica, a donirani organi transplantirani pacijentima u JZU UKC Tuzla. Danas transplantacije bubrega, jetre i ro\u017enica ljekari UKC Tuzla rade samostalno i u kontinuitetu.<\/p>\n<p style=\"text-align: justify;\">Veoma je va\u017eno razvijati transplantacijski program u Bosni i Hercegovini, odnosno raditi na razvijanju donorstva i svijesti da \u0107emo darivanjem organa spasiti ne\u010diji \u017eivot.<\/p>\n<p style=\"text-align: justify;\"><strong>Transplantacija jetre sa \u017eivog davaoca<\/strong><\/p>\n<p style=\"text-align: justify;\">Transplantacija jetre sa \u017eivog davaoca obavljena je u JZU UKC Tuzla u decembru 2006.godine. To je prva transplantacija jetre, u kojoj je majka donirala dio jetre devetogodi\u0161njoj k\u0107erki. Poduhvat su izveli stru\u010dnjaci UKC Tuzla u saradnji sa Klini\u010dkom bolnicom \u201eMerkur\u201c iz Zagreba. Poslije toga, ura\u0111ene su i jo\u0161 dvije transplantacije jetre sa \u017eivih davalaca.<\/p>\n<p style=\"text-align: justify;\"><strong>O transplantaciji ili presa\u0111ivanju jetre<\/strong><\/p>\n<p style=\"text-align: justify;\">Transplantacija ili presa\u0111ivanje jetre je metoda lije\u010denja akutnog ili hroni\u010dnog zatajenja jetre. Ponekad je to jedina metoda lije\u010denja za bolesnike u zavr\u0161nom stadiju bolesti jetre. Uspje\u0161na transplantacija omogu\u0107ava novi \u017eivot, ali i bolju kvalitetu \u017eivota pa se mnogi mogu vratiti normalnim \u017eivotnim i radnim aktivnostima. Dvije su osnovne vrste transplantacije jetre: kadaveri\u010dna, kad je jetra dobivena od mo\u017edano mrtvog \u010dovjeka i \u201cliving donor\u201d, kad se dio jetre uzme od \u017eivog davatelja i presadi primatelju. Postoji i \u201csplit liver\u201d transplantacija, kad se jetra donora podijeli na dva dijela i presadi dvojici primatelja.<\/p>\n<p style=\"text-align: justify;\"><strong>Alogene i autologne transplantacije mati\u010dnih \u0107elija hematopoeze (ko\u0161tane sr\u017ei)<\/strong><\/p>\n<p style=\"text-align: justify;\">Od 2004. godine provodi se, u Univerzitetskom klini\u010dkom centru Tuzla lije\u010denje primjenom autologne i alogene transplantacije mati\u010dnih \u0107elija hematopoeze, kao najspecijalizovanijim modalitetom lije\u010denja malignih i nemalignih hematolo\u0161kih oboljenja koje poznaje dana\u0161nja savremena medicina. UKC Tuzla je jedini centar u Bosni i Hercegovini u kojem se obavlaju transplantacije mati\u010dnih \u0107elija hematopoeze.<\/p>\n<p style=\"text-align: justify;\">Kod autologne transplantacije mati\u010dnih \u0107elija hematopoeze za mijelotransfuziju koriste se vlastite mati\u010dne \u0107elije pacijenta koje se &#8220;prikupljaju&#8221; u momentu kada se bolest uvede u stanje kompletne ili stanje visoke parcijalne remisije, a nakon jatrogeno izazvane aplazije ko\u0161tane sr\u017ei. Ova procedura je vrlo zahtjevna i u tehni\u010dko-tehnolo\u0161kom smislu. Rije\u010d je o procesu u okviru koga se uz pomo\u0107 savremene opreme izdvajaju CD34+ \u0107elije (mati\u010dne \u0107elije) pacijenta, koje se kriokonzerviraju (zalede) i \u010duvaju u Poliklinici za transfuzologiju UKC Tuzla do momenta transplantacije mati\u010dnih \u0107elija hematopoeze.<\/p>\n<p style=\"text-align: justify;\">Kada je u pitanju alogena transplantacija mati\u010dnih \u0107elija hematopoeze osnovni uslov za njenu primjenu je potpuna HLA podudarnost pacijenta (primaoca) i donora (davaoca) i to na visokom nivou rezolucije. Davaoci mati\u010dnih \u0107elija su u najbli\u017eoj srodni\u010dkoj vezi sa pacijentom (ro\u0111ena bra\u0107a i sestre), a vjerovatno\u0107a da su dva ro\u0111ena brata odnosno ro\u0111eni brat i sestra HLA podudarni je 25%. Tim za transplantaciju mati\u010dnih \u0107elija hematopoeze \u010dine specijalisti hematologije, transfuziologije, patologije, imunologije, mikrobiologije, molekularne biologije, radioterapije, klini\u010dki farmakolog, kao i medicinske sestre-tehni\u010dari i svi su oni jednako zaslu\u017eni za uspjeh tranpslatnacije. Transplantacija mati\u010dnih \u0107elija hematopoeze je visokosofisticiran modalitet lije\u010denja koji mo\u017ee dovesti do izlije\u010denja brojnih hematolo\u0161kih i nehematolo\u0161kih, malignih i nemalignih oboljenja gdje je konvencionalna terapija insuficijentna.<\/p>\n<p style=\"text-align: justify;\">Alogenu transplantaciju ko\u0161tane sr\u017ei u UKC Tuzla uradio je tim ljekara na \u010delu sa prof. dr. Milomirom Male\u0161evi\u0107em (VMA Beograd) prvi puta 17. jula 2004.godine. Autologna transplantacija ko\u0161tane sr\u017ei ura\u0111ena je prvi puta u JZU UKC Tuzla 25. decembra 2004.godine u JZU UKC Tuzla.<\/p>\n<p style=\"text-align: justify;\"><strong>Otvoren novi izolacioni blok na Odjeljenju za hematologiju na Klinici za onkologiju, hematologiju i radioterapiju<\/strong><\/p>\n<p style=\"text-align: justify;\">U cilju pobolj\u0161anja usluga za pacijente, na Odjeljenju hematologije Klinike za onkologiju, hematogiju i radioterapiju Univerzitetskog klini\u010dkog centra Tuzla, u julu 2014. godine, su otvorene dvije nove izolacione sobe. Otvaranjem novog izolacionog bloka, koji sadr\u017ei predsoblje sa radnim pultom i 2 sobe opremljene klima ure\u0111ajem sa sterilizacijom zraka, pacijenti, \u010dije lije\u010denje zahtjeva specifi\u010dan pristup i du\u017ei vremenski period oporavka, od sada \u0107e se lije\u010diti u modernim i prilago\u0111enim prostorijama, \u0161to \u0107e svakako pobolj\u0161ati nivo zdravstvene usluge koju UKC Tuzla pru\u017ea u ovoj oblasti. U cilju pro\u0161irenja kapaciteta Odjeljenja za hematologiju opremljene su dvije izolacione sobe sa pozitivnim pritiskom i visoko efikasnom filtracijom \u010destica zraka (HEPA filteri). Sobe posjeduju HEPA filtere i kvarcne lampe, \u0161to zna\u010di da u sobu ulazi sterilan zrak, a svi predmeti u sobi, pa \u010dak i li\u010dne stvari pacijenta, kao \u0161to su knjige, mobitel i sli\u010dno podvrgava se zracima kvarcne lampe. U ovim sobama je zabranjeno otvaranje prozora ili izla\u017eenje na balkon, a osoblje koje radi sa pacijentom mora biti obu\u0107eno u sterine mantile i kalja\u010de.<\/p>\n","protected":false},"excerpt":{"rendered":"<p>Univerzitetski klini\u010dki centa Tuzla je zvani\u010dno verificirana ustanova od Ministarstva zdravstva Federacije Bosne i Hercegovine, za tipizaciju, eksplantaciju i transplantaciju tkiva i organa. To je postignuto zahvaljuju\u0107i dobro educiranim timovima, dobroj organizaciji i materijalno tehni\u010dkoj opremljenosti, \u0161to su to uslovi bez kojih bi bilo nemogu\u0107e realizovati transplant program.U UKC Tuzla danas se izvode: kadaveri\u010dne transplantacije&hellip;<\/p>\n","protected":false},"author":1,"featured_media":16294,"parent":0,"menu_order":0,"comment_status":"closed","ping_status":"closed","template":"","meta":{"footnotes":""},"class_list":["post-1868","page","type-page","status-publish","has-post-thumbnail","hentry","description-off"],"_links":{"self":[{"href":"https:\/\/www.ukctuzla.ba\/ukctuzla\/index.php?rest_route=\/wp\/v2\/pages\/1868","targetHints":{"allow":["GET"]}}],"collection":[{"href":"https:\/\/www.ukctuzla.ba\/ukctuzla\/index.php?rest_route=\/wp\/v2\/pages"}],"about":[{"href":"https:\/\/www.ukctuzla.ba\/ukctuzla\/index.php?rest_route=\/wp\/v2\/types\/page"}],"author":[{"embeddable":true,"href":"https:\/\/www.ukctuzla.ba\/ukctuzla\/index.php?rest_route=\/wp\/v2\/users\/1"}],"replies":[{"embeddable":true,"href":"https:\/\/www.ukctuzla.ba\/ukctuzla\/index.php?rest_route=%2Fwp%2Fv2%2Fcomments&post=1868"}],"version-history":[{"count":9,"href":"https:\/\/www.ukctuzla.ba\/ukctuzla\/index.php?rest_route=\/wp\/v2\/pages\/1868\/revisions"}],"predecessor-version":[{"id":18161,"href":"https:\/\/www.ukctuzla.ba\/ukctuzla\/index.php?rest_route=\/wp\/v2\/pages\/1868\/revisions\/18161"}],"wp:featuredmedia":[{"embeddable":true,"href":"https:\/\/www.ukctuzla.ba\/ukctuzla\/index.php?rest_route=\/wp\/v2\/media\/16294"}],"wp:attachment":[{"href":"https:\/\/www.ukctuzla.ba\/ukctuzla\/index.php?rest_route=%2Fwp%2Fv2%2Fmedia&parent=1868"}],"curies":[{"name":"wp","href":"https:\/\/api.w.org\/{rel}","templated":true}]}}