{"id":192,"date":"2016-02-08T10:50:30","date_gmt":"2016-02-08T10:50:30","guid":{"rendered":"http:\/\/10.0.0.65\/ukctuzla3\/?page_id=192"},"modified":"2016-04-28T13:01:34","modified_gmt":"2016-04-28T12:01:34","slug":"saradnja","status":"publish","type":"page","link":"https:\/\/www.ukctuzla.ba\/ukctuzla\/?page_id=192&lang=bs","title":{"rendered":"SARADNJA"},"content":{"rendered":"<div align=\"justify\"><em>Javna zdravstvena ustanova Univerzitski klini\u010dki centar Tuzla moderna je ustanova sa jasnom vizijom svog razvoja i misijom da kontinuiranom edukacijom unapre\u0111uje i podi\u017ee kvalitet usluga za svoje pacijente kako bi bila liderom u brizi o zdravlju gra\u0111ana, prepoznata u lije\u010denju, edukaciji i inovacijama. Uspostavom saradnje sa velikim brojem medicinskih ustanova \u0161irom svijeta, Univerzitetski klini\u010dki centar Tuzla svoj razvoj bazira na permanentnoj stru\u010dnoj i nau\u010dnoj edukaciji medicinskih radnika i medicinskih saradnika u zemlji i inostranstvu. Brojne su destinacije u kojima ljekari, medicinske sestre, administrativni radnici i drugo osoblje vr\u0161e usavr\u0161avanje. Edukacija se provodi u okviru partnerskih projekata, tako da, osim boravka na\u0161ih stru\u010dnjaka u najsavremenijim medicinskim centrima \u0161irom svijeta, svjetski priznati stru\u010dnjaci \u010desto borave u Univerzitetskom klini\u010dkom centru Tuzla. Obostrana saradnja je osigurana sa velikim centrima iz: Slovenije (Ljubljana, Maribor, Golnik), Hrvatske (Zagreb, Split, Rijeka, Osijek), Srbije (Beograd, Novi Sad, Sremska Kamenica, \u0106uprija), SAD-a (Buffalo, Cincinnati, Chicago, Maryland), Francuske (Strasbourg, Paris, Anges, Nantes), Austrije (Wienna), Njema\u010dke (G\u00fcnzburg, Ulm, Libek, Frankfurt, Regensburg, Deggendorfu), \u0160vedske (\u00d6rebro), Norve\u0161ke (Oslo, Trondhaim), Engleske (Leeds), Italije (Udine), \u0160vicarska (Berne) i Turska (Istambul, Malatie).<\/em><\/div>\n<div align=\"justify\"><em><br \/>\n<\/em><strong>Potpisan ugovor o saradnji sa Acibadem zdravstvenom grupacijom<\/strong><\/div>\n<div align=\"justify\">Memorandum o saradnji izme\u0111u JZU Univerzitetskog klini\u010dkog centra Tuzla i zdravstvene grupacije Acibadem potpisan je, u septembru 2014. godine, u Univerzitetskom klini\u010dkom centru Tuzla. Memorandum su potpisali doc. dr. Ne\u0161ad Hoti\u0107, direktor UKC Tuzla i predstavnica turske kompanije Severcan Eralp, menad\u017eer za regiju Balkana. Uspostavljena saradnja otvara nove mogu\u0107nosti za edukaciju, usavr\u0161avanje i razmjenu nau\u010dnih i stru\u010dnih iskustava u razli\u010ditim oblastima medicine. Saradnja \u0107e biti realizovana kroz podr\u0161ku koju \u0107e ljekari pru\u017eati jedni drugima za odabrana klini\u010dka podru\u010dja, kao i kroz kooperaciju u razli\u010ditim laboratorijskim testovima i analizama koji ne mogu biti ura\u0111eni u Univerzitetskom klini\u010dkom centru Tuzla. Tako\u0111er, Acibadem zdravstvena grupacija omogu\u0107it \u0107e tretmane koji ne mogu biti odra\u0111eni u UKC Tuzla po prikladnim cijenama protokola.<\/div>\n<div align=\"justify\"><\/div>\n<div align=\"justify\"><\/div>\n<p><strong>Univerzitetska bolnica \u00d6rebro, \u0160vedska<\/strong><\/p>\n<p>Dvosmjerna saradnja u oblasti psihijatrije i lije\u010denja ovisnika, kao i u podru\u010dju razmjene iskustava u lije\u010denju trauma ozvani\u010dena je potpisivanjem Sporazuma o saradnji, 31.avgusta 2004.godine izme\u0111u JZU UKC Tuzla i Univerzitetske bolnice \u00d6rebro ( Centra za lije\u010denje ovisnika Sreske psihijatrijske bolnice \u00d6rebro), \u0160vedska.<\/p>\n<p>&nbsp;<\/p>\n<p><span style=\"color: #000000;\"><a style=\"color: #000000;\" href=\"http:\/\/www.st-gemma.co.uk\/\" target=\"_blank\"><strong>St.Gemma\u0384s Hospice, Leeds, Velika Britanija<\/strong><\/a><\/span><\/p>\n<p>Saradnja intenzivno traje od 2001.godine i u okviru nje realizovan je projekat otvaranja Odjela palijativne njege- Hospisa u okviru Klinike za plu\u0107ne bolesti i tbc UKC Tuzla. Sporazum o saradnji potpisan je 13.10.2006.godine \u010dime je zvani\u010dno nastavljena saradnja u edukaciji i razmjeni iskustava s ciljem pru\u017eanja \u0161to adekvatnijeg tretmana za te\u0161ko oboljele pacijente.<\/p>\n<p><span style=\"color: #000000;\"><a style=\"color: #000000;\" href=\"http:\/\/www.kaleidahealth.org\/bgmc\/\" target=\"_blank\"><strong>The Buffalo General Hospital, SAD<\/strong><\/a><\/span><br \/>\nMemorandum o razumijevanju izme\u0111u Op\u0161teg zdravstvenog sistema u Buffalu, Ameri\u010dkog me\u0111unarodnog zdravstvenog sistema (AIHA), Ministarstva zdravlja Federacije BiH i UKC Tuzla potpisan je 21.oktobra 1996.godine sa svrhom razvijanja produktivnog i dugoro\u010dnog partnerstva u cilju pobolj\u0161anja kvaliteta zdravstvene za\u0161tite u Tuzli i Buffalu, uklju\u010duju\u0107i ne samo kvalitet i karakter zdravstvene za\u0161tite nego i administracije institucija, sistema pru\u017eanja za\u0161tite i sistema medicinske edukacije.<br \/>\n<a href=\"http:\/\/www.cincinnatichildrens.org\/\" target=\"_self\"><strong>\u00a0<\/strong><\/a><br \/>\n<span style=\"color: #000000;\"><a style=\"color: #000000;\" href=\"http:\/\/www.cincinnatichildrens.org\/default\/\" target=\"_blank\"><strong>Cincinnati Childrens Hospital Medical Center, Ohio, SAD<\/strong><\/a><\/span><\/p>\n<p>Memorandum o razumijevanju potpisan u oktobru 2000.godine izme\u0111u Cincinnati childrens Hospital, SAD, UKC Tuzla (Klinike za dje\u010dije bolesti) i Pedijatrijske klinike u Zagrebu otvara puteve kvalitetne edukacije kadra, nova iskustva u lije\u010denju dje\u010dije populacije kao i unapre\u0111enje ove oblasti u cjelini.<br \/>\nNastao je kao plod dugogodi\u0161nje saradnje sa Prof.dr.Ri\u010dardom Azizkanom koji je u BiH i Tuzli do potpisivanja Memoranduma boravio 8 puta.<\/p>\n<p><span style=\"color: #000000;\"><a style=\"color: #000000;\" href=\"http:\/\/www.rehabilitacija.rs\/\" target=\"_blank\"><strong>Klinika za rehabilitaciju \u201eDr. Miroslav Zotovi\u0107\u201cBeograd<\/strong><\/a><\/span><\/p>\n<p>Ugovor o poslovnoj saradnji potpisan 3.juna 2005.godine predvidio je saradnju Univerzitetskog klini\u010dkog centra Tuzla i Klinike za rehabilitaciju \u201eDr Miroslav Zotovi\u0107\u201c iz Beograda u podru\u010dju razmjene iskustava i znanja u oblasrti fizikalne medicine i medicinske rehabilitacije i uvo\u0111enje novih dijagnosti\u010dkih procedura, posebno dijagnosti\u010dka ispitivanja urinarnog trakta, u \u010demu beogradski stru\u010dnjaci imaju 30-o godi\u0161nje iskustvo.<\/p>\n<p><strong>Partnerska saradnja Tuzla , BiH \u2013 \u0106uprija , Srbija \u2013 Trondahaim , Norway<\/strong><\/p>\n<p>Projekat \u201eStarenje i njega starih soba\u201c u okviru koga se odvija specijalizacija za visoki i vi\u0161i medicinski kadar u oblasti gerontologije i brige o starima implementira se u okviru projekta saradnje izme\u0111u Univerziteta u Tuzli , BiH , Medicinskog fakulteta u \u0106upriji , Srbija i Sor-Trondelag Univerziteta iz Trondahaim-a , Norway.<\/p>\n<p><span style=\"color: #000000;\"><a style=\"color: #000000;\" href=\"http:\/\/www.bfm.hr\/\" target=\"_self\"><strong>Infektivna klinika \u201eDr Fran Mihaljevi\u0107\u201c Zagreb<\/strong><\/a><\/span><\/p>\n<p>Od decembra 1997.godine uspostavljena je saradnja u podru\u010dju edukacije kadrova u oblasti infektivnih oboljenja , posebno dijagnostike i novih metoda u lije\u010denju. Dvosmjeran saradnja je rezultirala vrlo kvalitetnom razmjenom znanja i iskustava i organizacijom te\u010daja trajne edukacije iz infektologije 15.juna 2007.godine u Tuzli.<\/p>\n<p><span style=\"color: #000000;\"><a style=\"color: #000000;\" href=\"http:\/\/www.kbsd.hr\/\" target=\"_self\"><strong>Op\u0107a bolnica \u201eSveti Duh\u201c Zagreb , Hrvatska<\/strong><\/a><\/span><\/p>\n<p>Jo\u0161 od 1995.godine uspostavljeni su kontakti i saradnja temeljena na edukaciji kadrova KC Tuzla u Klini\u010dkoj bolnici \u201eSveti duh\u201c iz Zagreba. Posredstvom prof.dr.Asima Kurjaka i razumijevanja prof.dr.Dragutina Ko\u0161ute sklopljen je dogovor o edukaciji kadrova<\/p>\n<p><span style=\"color: #000000;\"><a style=\"color: #000000;\" href=\"http:\/\/www.cirnetwork.org\/content.cfm?id=5B&amp;newCommunity&amp;CFID=2842459&amp;CFTOKEN=12427981\"><strong>CIR, .Chikago, SAD<\/strong><\/a><\/span><\/p>\n<p>Projekat edukacije u oblasti orto-protetike u okviru djelovanja Centra za me\u0111unarodnu rehabilitaciju (CIR) iz \u010cikaga, SAD, neprofitne organizacije koja u cijelom svijetu djeluje u cilju pomo\u0107i osobama sa onesposobljenjemu JZU je zapo\u010deo sa implementacijom 2005.godine<\/p>\n<p><strong>Univerzitetska bolnica Nant<\/strong><\/p>\n<p>Potpisanim okvirnim sporazumom o parnerstvu izme\u0111u JZU UKC Tuzla i Univerzitetske bolnice Nant dugogodi\u0161nja kvalitetna saradnja dobila je novu dimenziju. Sporazum su potpisali prof.dr.Elmir \u010ci\u010dku\u0161i\u0107, direktor JZU UKC Tuzla i g\u0111a Christiane Coudrier, generalna direktorica CHU Nant.<\/p>\n<p><span style=\"color: #000000;\"><a style=\"color: #000000;\" href=\"http:\/\/www.chru-strasbourg.fr\/Hus\/\" target=\"_self\"><strong>H\u00f4pitaux Universitaires de Strasbourg, France<\/strong><\/a><\/span><\/p>\n<p>Od 1997. godine zapo\u010dela saradnja bazirana na edukaciji kadrova.<br \/>\nNa \u201emedicinskim susretima Francuska &#8211; Bosna i Hercegovina\u201d odr\u017eanim u Sarajevu, 16.marta 2001. godine, potpisana je Konvencija o saradnji izme\u0111u Univerzitetskog klini\u010dkog centra Tuzla i Univerzitetske bolnice u Strazburu.<\/p>\n<p><span style=\"color: #000000;\"><a style=\"color: #000000;\" href=\"http:\/\/www.chu-nantes.fr\/02-siteweb\/02B-VousChu\/02BAD-HopitalSaintJacque.htm\" target=\"_self\"><strong>H\u00f4pital Saint-Jacques Nantes,France<\/strong><\/a><\/span><\/p>\n<p>Saradnja na polju edukcije u oblasti fizikalne medicine i rehabilitacije zapo\u010deta jo\u0161 1997.godine sa Klinikom za palivalentnu funkcionalnu reedukaciju &#8220;Saint Jaeques&#8221; Nantes, Francuska potvr\u0111ena je 2001. godine u Sarajevu potpisivanjem Memoranduma o saradnji izme\u0111u Univerzitetsko bolni\u010dkog centra Nanies, Francuska i JZU UKC Tuzla, BiH i za koordinatora imenovana doc. dr. sc. Suada Kapid\u017ei\u0107-Durakovi\u0107.<\/p>\n<p><span style=\"color: #000000;\"><a style=\"color: #000000;\" href=\"http:\/\/www.uniklinik-ulm.de\/struktur\/kliniken\/chirurgie\/klinik-fuer-neurochirurgie.html\" target=\"_self\"><strong>Klinika za neurohirurgiju Guenzburg , Univerzitet u Ulmu , Njema\u010dka<\/strong><\/a><\/span><\/p>\n<p>Hans-Peter Richter , profesor neurohirurgije i \u0161ef Neurolo\u0161ke klinike iz Ulma , Njema\u010dka boravio je po\u010detkom novembra 1996.godine na Neurolo\u0161koj klinici u Tuzli.( prvi kontakti uspostavljeni su 1992.godine , za tri godine saradnje pregledano je preko 300 pacijenata , a operisano 150 bolesnika).Dolaskom prof. Rihtera u Tuzlu otvorena je mogu\u0107nost za pomo\u0107 pacijentima koji su imali povrede perifernih nerava i edukaciju doma\u0107eg tima u zbrinjavanju ove vrste povreda. Otvorena mogu\u0107nost saradnje dvaju institucija.<\/p>\n<p><span style=\"color: #000000;\"><a style=\"color: #000000;\" href=\"http:\/\/www.rikshospitalet.no\/portal\/page\/portal\/no\/forsiden\" target=\"_self\"><strong>Rikshospitalet Universitetsklinik , Oslo Norway<\/strong><\/a><\/span><\/p>\n<p>Uvo\u0111enje interventnih procedura kod rje\u0161avanja problema velikog su\u017eenja vena i arterija obavljeno je na Poliklinici za radiologiju zahvaljuju\u0107i dr Geir Hafsahl-u , interventnom radiologu iz Rikshospitalet , Oslo , Norve\u0161ka.<\/p>\n<p>&nbsp;<\/p>\n<p>&nbsp;<\/p>\n","protected":false},"excerpt":{"rendered":"<p>Javna zdravstvena ustanova Univerzitski klini\u010dki centar Tuzla moderna je ustanova sa jasnom vizijom svog razvoja i misijom da kontinuiranom edukacijom unapre\u0111uje i podi\u017ee kvalitet usluga za svoje pacijente kako bi bila liderom u brizi o zdravlju gra\u0111ana, prepoznata u lije\u010denju, edukaciji i inovacijama. Uspostavom saradnje sa velikim brojem medicinskih ustanova \u0161irom svijeta, Univerzitetski klini\u010dki centar&hellip;<\/p>\n","protected":false},"author":1,"featured_media":16294,"parent":0,"menu_order":0,"comment_status":"closed","ping_status":"closed","template":"","meta":{"footnotes":""},"class_list":["post-192","page","type-page","status-publish","has-post-thumbnail","hentry","description-off"],"_links":{"self":[{"href":"https:\/\/www.ukctuzla.ba\/ukctuzla\/index.php?rest_route=\/wp\/v2\/pages\/192","targetHints":{"allow":["GET"]}}],"collection":[{"href":"https:\/\/www.ukctuzla.ba\/ukctuzla\/index.php?rest_route=\/wp\/v2\/pages"}],"about":[{"href":"https:\/\/www.ukctuzla.ba\/ukctuzla\/index.php?rest_route=\/wp\/v2\/types\/page"}],"author":[{"embeddable":true,"href":"https:\/\/www.ukctuzla.ba\/ukctuzla\/index.php?rest_route=\/wp\/v2\/users\/1"}],"replies":[{"embeddable":true,"href":"https:\/\/www.ukctuzla.ba\/ukctuzla\/index.php?rest_route=%2Fwp%2Fv2%2Fcomments&post=192"}],"version-history":[{"count":14,"href":"https:\/\/www.ukctuzla.ba\/ukctuzla\/index.php?rest_route=\/wp\/v2\/pages\/192\/revisions"}],"predecessor-version":[{"id":2148,"href":"https:\/\/www.ukctuzla.ba\/ukctuzla\/index.php?rest_route=\/wp\/v2\/pages\/192\/revisions\/2148"}],"wp:featuredmedia":[{"embeddable":true,"href":"https:\/\/www.ukctuzla.ba\/ukctuzla\/index.php?rest_route=\/wp\/v2\/media\/16294"}],"wp:attachment":[{"href":"https:\/\/www.ukctuzla.ba\/ukctuzla\/index.php?rest_route=%2Fwp%2Fv2%2Fmedia&parent=192"}],"curies":[{"name":"wp","href":"https:\/\/api.w.org\/{rel}","templated":true}]}}