{"id":20153,"date":"2025-12-10T08:03:24","date_gmt":"2025-12-10T07:03:24","guid":{"rendered":"https:\/\/www.ukctuzla.ba\/ukctuzla\/?page_id=20153"},"modified":"2025-12-10T08:03:24","modified_gmt":"2025-12-10T07:03:24","slug":"communication-service","status":"publish","type":"page","link":"https:\/\/www.ukctuzla.ba\/ukctuzla\/?page_id=20153&lang=en","title":{"rendered":"Communication Service"},"content":{"rendered":"<p align=\"JUSTIFY\">Head of Service: MSc. Ersija A\u0161\u010deri\u0107 Mujedinovi\u0107, graduated journalist<\/p>\n<p align=\"JUSTIFY\">Telephone: 00 387 35 3030 115; 303 190<\/p>\n<p align=\"JUSTIFY\">Fax: 00 387 35 303 190<\/p>\n<p align=\"JUSTIFY\">E- mail: <a href=\"mailto:info@ukctuzla.ba\">info@ukctuzla.ba<\/a><\/p>\n<p align=\"JUSTIFY\">The service covers following tasks: creating and distributing effective communications, marketing and media relations; designs, plans and implements promotional and protocol activities, participating in different engagement projects; preparing daily newspaper and various publications; updating the website, managing photography, audio and video recording, archiving of audiovisual digital material and press clipping.<\/p>\n<p align=\"JUSTIFY\">\n","protected":false},"excerpt":{"rendered":"<p>Head of Service: MSc. Ersija A\u0161\u010deri\u0107 Mujedinovi\u0107, graduated journalist Telephone: 00 387 35 3030 115; 303 190 Fax: 00 387 35 303 190 E- mail: info@ukctuzla.ba The service covers following tasks: creating and distributing effective communications, marketing and media relations; designs, plans and implements promotional and protocol activities, participating in different engagement projects; preparing daily&hellip;<\/p>\n","protected":false},"author":3,"featured_media":16294,"parent":0,"menu_order":0,"comment_status":"closed","ping_status":"closed","template":"","meta":{"footnotes":""},"class_list":["post-20153","page","type-page","status-publish","has-post-thumbnail","hentry","description-off"],"_links":{"self":[{"href":"https:\/\/www.ukctuzla.ba\/ukctuzla\/index.php?rest_route=\/wp\/v2\/pages\/20153","targetHints":{"allow":["GET"]}}],"collection":[{"href":"https:\/\/www.ukctuzla.ba\/ukctuzla\/index.php?rest_route=\/wp\/v2\/pages"}],"about":[{"href":"https:\/\/www.ukctuzla.ba\/ukctuzla\/index.php?rest_route=\/wp\/v2\/types\/page"}],"author":[{"embeddable":true,"href":"https:\/\/www.ukctuzla.ba\/ukctuzla\/index.php?rest_route=\/wp\/v2\/users\/3"}],"replies":[{"embeddable":true,"href":"https:\/\/www.ukctuzla.ba\/ukctuzla\/index.php?rest_route=%2Fwp%2Fv2%2Fcomments&post=20153"}],"version-history":[{"count":1,"href":"https:\/\/www.ukctuzla.ba\/ukctuzla\/index.php?rest_route=\/wp\/v2\/pages\/20153\/revisions"}],"predecessor-version":[{"id":20154,"href":"https:\/\/www.ukctuzla.ba\/ukctuzla\/index.php?rest_route=\/wp\/v2\/pages\/20153\/revisions\/20154"}],"wp:featuredmedia":[{"embeddable":true,"href":"https:\/\/www.ukctuzla.ba\/ukctuzla\/index.php?rest_route=\/wp\/v2\/media\/16294"}],"wp:attachment":[{"href":"https:\/\/www.ukctuzla.ba\/ukctuzla\/index.php?rest_route=%2Fwp%2Fv2%2Fmedia&parent=20153"}],"curies":[{"name":"wp","href":"https:\/\/api.w.org\/{rel}","templated":true}]}}