{"id":20270,"date":"2025-12-19T11:09:48","date_gmt":"2025-12-19T10:09:48","guid":{"rendered":"https:\/\/www.ukctuzla.ba\/ukctuzla\/?page_id=20270"},"modified":"2025-12-19T11:10:45","modified_gmt":"2025-12-19T10:10:45","slug":"the-center-for-rare-diseases","status":"publish","type":"page","link":"https:\/\/www.ukctuzla.ba\/ukctuzla\/?page_id=20270&lang=en","title":{"rendered":"THE CENTER FOR RARE DISEASES"},"content":{"rendered":"<p><span lang=\"en\">Head of the Center : Primarius. Dr. Mensuda Hasanhod\u017ei\u0107 MSc., specialist pediatrician, subspecialist in medical genetics <\/span><\/p>\n<p><span lang=\"en\">Nurse in charge: D\u017eevida Sulji\u0107, graduate nurse<\/span><\/p>\n<p><span lang=\"en\">Contact: tel.: 00 387 35 303 709 <\/span><\/p>\n<p><span lang=\"en\">e-mail: info@ukctuzla.ba (Indicate for the Center for Rare Diseases)<\/span><\/p>\n<p><strong><span lang=\"en\">ORGANIZATIONAL STRUCTURE AND ACTIVITIES OF THE CENTER<\/span><\/strong><\/p>\n<p><span lang=\"en\">SUB- SPECIALIST OUTPATIENT (OUTPATIENT FOR RARE DISEASES AND MEDICAL GENETICS) AND SPECIALIST-CONSULTATIVE OUTPATIENT<\/span><\/p>\n<p><span lang=\"en\">The Outpatient Clinic for Rare Diseases and Medical Genetics is open from 10 a.m. to 2 p.m. every working day, contact tel: 035 303 709 <\/span><\/p>\n<p><span lang=\"en\">Specialist- consultative outpatient clinic, open every working day from 8 a.m. to 9:30 a.m. Registration of Rare Disease Patients <\/span><\/p>\n<p><span lang=\"en\">(Registration of Rare Disease Patients for the Federation of Bosnia and Herzegovina) is open from 2 p.m. to 3 p.m. on working days, contact tel: 035 303 709<\/span><\/p>\n<p><b>HEALTH PROFESSIONALS<\/b><\/p>\n<p>Total number of employees: 3<\/p>\n<p>Doctor subspecialists: 1<\/p>\n<p>Graduated nurses\/technicians: 1<\/p>\n<p>Biologist: 1<\/p>\n<p><strong>ACTIVITIES OF THE CENTER FOR RARE DISEASES<\/strong><\/p>\n<p>The Center for Rare Diseases provides the following services:<\/p>\n<ul>\n<li>Maintaining a registry of patients with rare diseases for Tuzla Canton and the entire territory of the Federation of Bosnia and Herzegovina (FBiH).<\/li>\n<li>Conducting subspecialist examinations by medical geneticists and recommending or organizing examinations with other specialists or subspecialists involved in the treatment of patients with rare diseases.<\/li>\n<li>Referring or recommending patients of all ages for the diagnosis of rare diseases.<\/li>\n<li>Organizing genetic counseling\/information sessions for patients, families, and presymptomatic individuals\/relatives regarding diagnosed rare diseases.<\/li>\n<li>Proposing the care of patients with rare diseases in the clinics of the University Clinical Center and other healthcare centers and institutions in Bosnia and Herzegovina or abroad.<\/li>\n<li>Organizing consultative services to improve the care of patients with rare diseases in the clinics of the University Clinical Center Tuzla.<\/li>\n<li>Proposing methods and indications for the introduction and establishment of prenatal screening programs for rare diseases.<\/li>\n<li>Proposing and working on the establishment of genetic and metabolic laboratory-diagnostic programs for rare diseases in the Federation of Bosnia and Herzegovina.<\/li>\n<li>Collaborating with all other healthcare institutions in the Federation of Bosnia and Herzegovina as well as throughout the country.<\/li>\n<li>Cooperating with the Federal Ministry of Health on a unified registry and promoting programs for the treatment and care of specific groups of patients with rare diseases.<\/li>\n<li>Collaborating with the Federal Ministry of Health and the Federal Health Insurance and Reinsurance Institute to include specific medications for rare diseases on the list of medicines financed by health insurance funds in Bosnia and Herzegovina.<\/li>\n<li>Collaborating with the Federal Ministry of Health and the Federal Health Insurance and Reinsurance Institute to include certain rare diseases on the list of conditions whose treatment abroad can be financed by health insurance funds in Bosnia and Herzegovina.<\/li>\n<li>Providing information on new therapies available worldwide for the treatment of specific rare diseases.<\/li>\n<li>Collaborating with cantonal, federal, and state public health institutes, as well as the statistics institute, to improve the recording and coding of rare diseases in the Federation of Bosnia and Herzegovina.<\/li>\n<li>Establishing collaboration with international reference centers for the treatment of rare diseases.<\/li>\n<li>Organizing and conducting continuous education for healthcare professionals and other specialists in the field of rare diseases.<\/li>\n<\/ul>\n<p>&nbsp;<\/p>\n<p><strong>Books written by employees of the Center<\/strong><\/p>\n<p>1. Hasanhod\u017ei\u0107 M i saradnici. Monografija: Down sindrom \u2013 Postupnik za preventivno i sistematsko pra\u0107enje zdravstvenog stanja osoba s Down sindromom. Izdava\u010d: Udru\u017eenje \u201e\u017divot s Down sindromom\u201c uz finansijsku pomo\u0107 Federalnog ministarstva zdravstva, Sarajevo, 2009.<\/p>\n<p>2. Hasanhod\u017ei\u0107 M. U monografiji: Bolnica prijatelj djeteta u Bosni i Hercegovini, u poglavlju: Medicinska Informacija kao osnovarazumijevanja bolesti, autor \u010dlanka: Down sindrom: izme\u0111u strahova i snova. HNI, Sarajevo, 2004.<\/p>\n<p>3. Hasanhod\u017ei\u0107 M. U monografiji: Bolnica prijatelj djeteta u Bosni i Hercegovini, u poglavlju: Medicinska informacija kao osnovarazumijevanja bolesti, autor \u010dlanka: Poreme\u0107aji kontrole eliminacije. HNI, Sarajevo, 2004.<\/p>\n<p>&nbsp;<\/p>\n<p>&nbsp;<\/p>\n<p>&nbsp;<\/p>\n","protected":false},"excerpt":{"rendered":"<p>Head of the Center : Primarius. Dr. Mensuda Hasanhod\u017ei\u0107 MSc., specialist pediatrician, subspecialist in medical genetics Nurse in charge: D\u017eevida Sulji\u0107, graduate nurse Contact: tel.: 00 387 35 303 709 e-mail: info@ukctuzla.ba (Indicate for the Center for Rare Diseases) ORGANIZATIONAL STRUCTURE AND ACTIVITIES OF THE CENTER SUB- SPECIALIST OUTPATIENT (OUTPATIENT FOR RARE DISEASES AND MEDICAL&hellip;<\/p>\n","protected":false},"author":3,"featured_media":16294,"parent":0,"menu_order":0,"comment_status":"closed","ping_status":"closed","template":"","meta":{"footnotes":""},"class_list":["post-20270","page","type-page","status-publish","has-post-thumbnail","hentry","description-off"],"_links":{"self":[{"href":"https:\/\/www.ukctuzla.ba\/ukctuzla\/index.php?rest_route=\/wp\/v2\/pages\/20270","targetHints":{"allow":["GET"]}}],"collection":[{"href":"https:\/\/www.ukctuzla.ba\/ukctuzla\/index.php?rest_route=\/wp\/v2\/pages"}],"about":[{"href":"https:\/\/www.ukctuzla.ba\/ukctuzla\/index.php?rest_route=\/wp\/v2\/types\/page"}],"author":[{"embeddable":true,"href":"https:\/\/www.ukctuzla.ba\/ukctuzla\/index.php?rest_route=\/wp\/v2\/users\/3"}],"replies":[{"embeddable":true,"href":"https:\/\/www.ukctuzla.ba\/ukctuzla\/index.php?rest_route=%2Fwp%2Fv2%2Fcomments&post=20270"}],"version-history":[{"count":2,"href":"https:\/\/www.ukctuzla.ba\/ukctuzla\/index.php?rest_route=\/wp\/v2\/pages\/20270\/revisions"}],"predecessor-version":[{"id":20272,"href":"https:\/\/www.ukctuzla.ba\/ukctuzla\/index.php?rest_route=\/wp\/v2\/pages\/20270\/revisions\/20272"}],"wp:featuredmedia":[{"embeddable":true,"href":"https:\/\/www.ukctuzla.ba\/ukctuzla\/index.php?rest_route=\/wp\/v2\/media\/16294"}],"wp:attachment":[{"href":"https:\/\/www.ukctuzla.ba\/ukctuzla\/index.php?rest_route=%2Fwp%2Fv2%2Fmedia&parent=20270"}],"curies":[{"name":"wp","href":"https:\/\/api.w.org\/{rel}","templated":true}]}}