{"id":209,"date":"2016-02-08T11:06:27","date_gmt":"2016-02-08T11:06:27","guid":{"rendered":"http:\/\/10.0.0.65\/ukctuzla3\/?page_id=209"},"modified":"2022-11-18T10:06:33","modified_gmt":"2022-11-18T09:06:33","slug":"vjesnik-ukc","status":"publish","type":"page","link":"https:\/\/www.ukctuzla.ba\/ukctuzla\/?page_id=209&lang=bs","title":{"rendered":"VJESNIK UKC"},"content":{"rendered":"<table class=\"htmtableborders\" border=\"0\">\n<tbody>\n<tr>\n<td><\/td>\n<td><\/td>\n<\/tr>\n<tr>\n<td><\/td>\n<td><\/td>\n<\/tr>\n<\/tbody>\n<\/table>\n<p>&nbsp;<\/p>\n<table class=\"htmtableborders\" border=\"0\">\n<tbody>\n<tr>\n<td><a href=\"https:\/\/www.ukctuzla.ba\/ukctuzla\/wp-content\/uploads\/2016\/02\/huzeir.jpg\" rel=\"attachment wp-att-2402\"><img loading=\"lazy\" decoding=\"async\" class=\"alignnone size-full wp-image-2402\" src=\"https:\/\/www.ukctuzla.ba\/ukctuzla\/wp-content\/uploads\/2016\/02\/huzeir.jpg\" alt=\"huzeir\" width=\"78\" height=\"110\" \/><\/a><\/p>\n<p><strong>za izdava\u010da:<\/strong><br \/>\nPrim. dr. Huzeir Durakovi\u0107<br \/>\n<strong>Redakcijski kolegij<br \/>\n<\/strong>\u0110. Poljakovi\u0107, S. Dizdarevi\u0107, S<br \/>\nDelibegovi\u0107-Dedi\u0107,S. Kalajli\u0107<br \/>\n<strong>Urednik:<\/strong>Pa\u0161aga Duri\u0107<br \/>\nAmra Odoba\u0161i\u0107<br \/>\n<strong>Urednik fotografije:<\/strong> E. \u0160ehi\u0107<br \/>\n<strong>Tehni\u010dki sekretar:<\/strong> S. Mujki\u0107<\/p>\n<hr \/>\n<\/td>\n<td>\n<div align=\"justify\">\n<p><strong>Bilten \u2013 Zdravstvene novine \u2013 Vijesnik<\/strong><\/p>\n<p>Prvi broj Biltena objavljen je u septembru 1995. godine, urednik je bila Nermina Durmi\u0107 Kahrovi\u0107, a za fotografiju je bio zadu\u017een fotograf Eldar Azapagi\u0107.<\/p>\n<p>Od decembra 1997. godine do decembra 1999. godine uredni\u010dka du\u017enost Biltena bila je povjerena iskusnom tuzlanskom novinaru, Pa\u0161agi Duri\u0107u, a obaveza da obezbijedi adekvatne fortografije i ilustruje doga\u0111aje pripala je fotografu Eldaru \u0160ehi\u0107u.<\/p>\n<p>U novembru 1999. godine redakciji Biltena pridru\u017eila se Amra Odoba\u0161i\u0107, diplomirani \u017eurnalista koja je od broja 23, objavljenog u februaru 2000. godine preuzela uredni\u010dke obaveze.<\/p>\n<p>Kontinuitet izla\u017eenja, sadr\u017eajnost i cilj da informi\u0161e javnost o ljudima i doga\u0111anjima vezanim za ovu ustanovu, ali i da informi\u0161e zaposlene u samom centru u potpunosti su bili ispunjeni.<\/p>\n<p>U januaru 2003. godine, Bilten mijenja ime u Zdravstvene novine i s modernijim pristupom i koncepcijom postaje prepoznatljiv list i izvan na\u0161e ustanove, predstavljaju\u0107i dobru arhivsku gra\u0111u o razvoju zdravstva na ovim prostorima.<\/p>\n<p>Zdravstvene novine novog urednika dobile su 2005. godine, kada je za urednika imenovana Azra Kunosi\u0107, a 2006. godine mijenjaju ime u Vijesnik UKC.<\/p>\n<p>Od 2007. do 2009. godine za urednika je ponovo imenovana Amra Odoba\u0161i\u0107, a 2009. godine za urednika je imenovana Ersija A\u0161\u010deri\u0107-Mujedinovi\u0107, dipl.\u017eurn.<\/p>\n<p>Zadnji \u0161tampani broj Vjesnika UKC izlazi u aprilu 2010. godine nakon \u010dega prelazi u elektronsko izdanje.<\/p>\n<\/div>\n<\/td>\n<\/tr>\n<\/tbody>\n<\/table>\n<p><strong><br \/>\nIz arhiva: Prvi broj-septembar\/rujan 1995.<\/strong><\/p>\n<table class=\"htmtableborders\" border=\"0\">\n<tbody>\n<tr>\n<td><a href=\"https:\/\/www.ukctuzla.ba\/ukctuzla\/wp-content\/uploads\/2016\/02\/bilten.jpg\" rel=\"attachment wp-att-2403\"><span style=\"color: #333333;\"><img loading=\"lazy\" decoding=\"async\" class=\"alignnone size-full wp-image-2403\" src=\"https:\/\/www.ukctuzla.ba\/ukctuzla\/wp-content\/uploads\/2016\/02\/bilten.jpg\" alt=\"bilten\" width=\"78\" height=\"116\" \/><\/span><\/a><\/p>\n<p>Izdava\u010d: Klini\u010dki centar Tuzla<br \/>\nza izdava\u010da:<br \/>\nProf. dr.. med. sci. Teufik Tulumovi\u0107<br \/>\nUre\u0111uje Redakcijski kolegijum<br \/>\nGlavni i odgovorni urednik:<br \/>\nNermina Durmi\u0107 Kahrovi\u0107<br \/>\nUrednik fotografije:<br \/>\nAbdurahman Danko Karaosmanovi\u0107<br \/>\nGrafi\u010dki dizajn:Dragutin Mato\u0161evi\u0107<br \/>\nTehni\u010dki urednik: Sejmo Zulfi\u0107<\/p>\n<hr \/>\n<\/td>\n<td><\/td>\n<td><\/td>\n<\/tr>\n<\/tbody>\n<\/table>\n","protected":false},"excerpt":{"rendered":"<p>&nbsp; za izdava\u010da: Prim. dr. Huzeir Durakovi\u0107 Redakcijski kolegij \u0110. Poljakovi\u0107, S. Dizdarevi\u0107, S Delibegovi\u0107-Dedi\u0107,S. Kalajli\u0107 Urednik:Pa\u0161aga Duri\u0107 Amra Odoba\u0161i\u0107 Urednik fotografije: E. \u0160ehi\u0107 Tehni\u010dki sekretar: S. Mujki\u0107 Bilten \u2013 Zdravstvene novine \u2013 Vijesnik Prvi broj Biltena objavljen je u septembru 1995. godine, urednik je bila Nermina Durmi\u0107 Kahrovi\u0107, a za fotografiju je bio zadu\u017een&hellip;<\/p>\n","protected":false},"author":1,"featured_media":16294,"parent":0,"menu_order":0,"comment_status":"closed","ping_status":"closed","template":"","meta":{"footnotes":""},"class_list":["post-209","page","type-page","status-publish","has-post-thumbnail","hentry","description-off"],"_links":{"self":[{"href":"https:\/\/www.ukctuzla.ba\/ukctuzla\/index.php?rest_route=\/wp\/v2\/pages\/209","targetHints":{"allow":["GET"]}}],"collection":[{"href":"https:\/\/www.ukctuzla.ba\/ukctuzla\/index.php?rest_route=\/wp\/v2\/pages"}],"about":[{"href":"https:\/\/www.ukctuzla.ba\/ukctuzla\/index.php?rest_route=\/wp\/v2\/types\/page"}],"author":[{"embeddable":true,"href":"https:\/\/www.ukctuzla.ba\/ukctuzla\/index.php?rest_route=\/wp\/v2\/users\/1"}],"replies":[{"embeddable":true,"href":"https:\/\/www.ukctuzla.ba\/ukctuzla\/index.php?rest_route=%2Fwp%2Fv2%2Fcomments&post=209"}],"version-history":[{"count":6,"href":"https:\/\/www.ukctuzla.ba\/ukctuzla\/index.php?rest_route=\/wp\/v2\/pages\/209\/revisions"}],"predecessor-version":[{"id":13261,"href":"https:\/\/www.ukctuzla.ba\/ukctuzla\/index.php?rest_route=\/wp\/v2\/pages\/209\/revisions\/13261"}],"wp:featuredmedia":[{"embeddable":true,"href":"https:\/\/www.ukctuzla.ba\/ukctuzla\/index.php?rest_route=\/wp\/v2\/media\/16294"}],"wp:attachment":[{"href":"https:\/\/www.ukctuzla.ba\/ukctuzla\/index.php?rest_route=%2Fwp%2Fv2%2Fmedia&parent=209"}],"curies":[{"name":"wp","href":"https:\/\/api.w.org\/{rel}","templated":true}]}}