{"id":213,"date":"2017-01-08T11:09:37","date_gmt":"2017-01-08T10:09:37","guid":{"rendered":"http:\/\/10.0.0.65\/ukctuzla3\/?page_id=213"},"modified":"2025-12-16T17:48:16","modified_gmt":"2025-12-16T16:48:16","slug":"vodic","status":"publish","type":"page","link":"https:\/\/www.ukctuzla.ba\/ukctuzla\/?page_id=213&lang=bs","title":{"rendered":"VODI\u010c"},"content":{"rendered":"<div style=\"text-align: justify;\"><em>Po\u0161tovani pacijenti i posjetioci,<br \/>\ndobrodo\u0161li na web stranice Univerzitetskog klini\u010dkog centara Tuzla!<br \/>\nUniverzitetski klini\u010dki centar Tuzla (UKC Tuzla) je jedna od najve\u0107ih zdravstvenih ustanova u Bosni i Hercegovini, sa dugogodi\u0161njom uspje\u0161nom tradicijom u lije\u010denju razli\u010ditih vrsta oboljenja. Istovremeno je i nastavno-nau\u010dna baza fakulteta i \u0161kola medicinskog usmjerenja.<br \/>\nPostoje\u0107a i budu\u0107a organizacija Ustanove zasnovana je na postavljenom cilju \u0161to uspje\u0161nijeg lije\u010denja pacijenata i o\u010duvanja zdravlja. U tome nam poma\u017ee napredak nauke i tehnologije, koji koristimo i usmjeravamo na pru\u017eanje usluga standardnog kvaliteta i jednakog sadr\u017eaja, ali i Va\u0161a spremnost na saradnju.<br \/>\nDolaskom u na\u0161e Ustanovu povjeravate nam brigu o svom zdravlju, koje je preduslov sretnog i uspje\u0161nog \u017eivota. \u017delimo da se kod nas prijatno osje\u0107ate i Va\u0161 boravak okon\u010date \u0161to prije. Za to \u0107emo se potruditi, a Vas molimo da bez ustru\u010davanja iska\u017eete svoje \u017eelje, prijedloge i primjedbe. To \u0107e nam biti od velike pomo\u0107i. Tako \u0107ete pomo\u0107i i sebi i nama i svima koji budu tra\u017eili pomo\u0107 na\u0161e bolnice.<br \/>\n<\/em><\/div>\n<div><\/div>\n<div style=\"text-align: justify;\"><em>Management i osoblje<\/em><\/div>\n<div><\/div>\n<div><\/div>\n<div><\/div>\n<div><\/div>\n<div><\/div>\n<div><\/div>\n<div>\n<table border=\"0\" width=\"792\">\n<tbody>\n<tr>\n<td>&nbsp;<\/p>\n<p><span style=\"color: #800000;\"><strong>Vodi\u010d za pacijente i posjetioce<\/strong><\/span><\/p>\n<p>&nbsp;<\/p>\n<p><a href=\"https:\/\/www.ukctuzla.ba\/ukctuzla\/wp-content\/uploads\/2017\/01\/VodicMaj2022.jpg\"><img loading=\"lazy\" decoding=\"async\" class=\"alignnone size-medium wp-image-12383\" src=\"https:\/\/www.ukctuzla.ba\/ukctuzla\/wp-content\/uploads\/2017\/01\/VodicMaj2022-212x300.jpg\" alt=\"\" width=\"212\" height=\"300\" srcset=\"https:\/\/www.ukctuzla.ba\/ukctuzla\/wp-content\/uploads\/2017\/01\/VodicMaj2022-212x300.jpg 212w, https:\/\/www.ukctuzla.ba\/ukctuzla\/wp-content\/uploads\/2017\/01\/VodicMaj2022.jpg 400w\" sizes=\"auto, (max-width: 212px) 100vw, 212px\" \/><\/a><br \/>\n<a href=\"https:\/\/online.fliphtml5.com\/wnec\/aqhk\/\" target=\"_blank\" rel=\"noopener\">Klikni na link za pregled<\/a><\/td>\n<td><\/td>\n<\/tr>\n<tr>\n<td>\n<p align=\"justify\">.<\/p>\n<p align=\"justify\"><strong>KU\u0106NI RED<\/strong><\/p>\n<p align=\"justify\"><a href=\"https:\/\/www.ukctuzla.ba\/ukctuzla\/wp-content\/uploads\/2017\/01\/Ku\u0107ni-red-ok.pdf\">Klikni na link za pregled<\/a><\/p>\n<p>&nbsp;<\/p>\n<p><strong>UPUTE ZA POSJETIOCE<\/strong><br \/>\n<a href=\"https:\/\/www.ukctuzla.ba\/ukctuzla\/wp-content\/uploads\/2017\/01\/4-Upute-za-posjetioce.pdf\">Klikni na link za pregled<\/a><\/td>\n<td><\/td>\n<\/tr>\n<tr>\n<td valign=\"top\">&nbsp;<\/p>\n<p><strong><span style=\"color: #800000;\"><span style=\"color: #000000;\">VODI\u010c ZA PACIJENTE<\/span><\/span><span style=\"color: #800000;\"><br \/>\n&#8211; PRAVA, OBAVEZE I ODGOVORNOSTI PACIJENATA &#8211;<br \/>\n<a href=\"https:\/\/www.ukctuzla.ba\/ukctuzla\/wp-content\/uploads\/2017\/01\/WEB-Vodi\u010d-za-pacijente-9-2322092023.pdf\" target=\"_blank\" rel=\"noopener\">Klikni na link za pregled<\/a><\/span><\/strong><\/td>\n<td valign=\"top\"><\/td>\n<\/tr>\n<tr>\n<td valign=\"top\"><\/td>\n<td valign=\"top\"><\/td>\n<\/tr>\n<tr>\n<td valign=\"top\">&nbsp;<\/p>\n<p><strong><span style=\"color: #000000;\">VODI\u010c ZA PACIJENTE SA DU\u0160EVNIM SMETNJAMA<\/span><span style=\"color: #800000;\"><br \/>\n&#8211; PRAVA, OBAVEZE I ODGOVORNOSTI PACIJENATA &#8211;<br \/>\n<a href=\"https:\/\/www.ukctuzla.ba\/ukctuzla\/wp-content\/uploads\/2017\/01\/WEB-Vodi\u010d-za-pacijente-sa-du\u0161evnim-smetnjama-9-2322092023.pdf\" target=\"_blank\" rel=\"noopener\">Klikni na link za pregled<\/a><\/span><\/strong><\/td>\n<td valign=\"top\"><\/td>\n<\/tr>\n<tr>\n<td valign=\"top\">&nbsp;<\/p>\n<p><strong>PRAVILA PRIVATNOSTI<br \/>\n<a href=\"https:\/\/www.ukctuzla.ba\/ukctuzla\/wp-content\/uploads\/2025\/12\/Pravila-privatnosti.pdf\">Klinikni na link za pregled<\/a><\/strong><\/p>\n<p>&nbsp;<\/p>\n<p><strong>POLITIKA O JEDNAKOSTI, ANTIDISKRIMINATORSKOJ PRAKSI I JEDNAKOM PRISTUPU USLUGAMA<br \/>\n<a href=\"https:\/\/www.ukctuzla.ba\/ukctuzla\/wp-content\/uploads\/2016\/02\/Politika-o-jednakosti-antidiskriminatorskoj-praksi8.1.2017..pdf\">Klikni na link za pregled<\/a><br \/>\n<\/strong><\/p>\n<p>&nbsp;<\/p>\n<p>&nbsp;<\/p>\n<p><strong>INFORMATIVNI MATERIJAL O POJMU I NA\u010cINU PRIJAVLJIVANJA KORUPCIJE<br \/>\n<a href=\"https:\/\/www.ukctuzla.ba\/ukctuzla\/wp-content\/uploads\/2016\/02\/Kako-prijaviti-korupciju8.1.2017.pdf\">Klikni na link za pregled<\/a><br \/>\n<\/strong><\/p>\n<ul>\n<li><strong><a href=\"https:\/\/www.ukctuzla.ba\/ukctuzla\/wp-content\/uploads\/2016\/02\/Obrazac-prigovora8.1.2017.pdf\">Obrazac prigovora<\/a> <\/strong>(pdf)<\/li>\n<li><strong><a href=\"https:\/\/www.ukctuzla.ba\/ukctuzla\/wp-content\/uploads\/2017\/01\/web-Obrazac-prigovori-pohvale-i-sugestije.odt\">Obrazac prigovora<\/a> <\/strong>(doc)<\/li>\n<\/ul>\n<p><strong>Napomena:<\/strong> Popunjen obrazac dostaviti putem e-maila: <a href=\"mailto:info@ukctuzla.ba\">info@ukctuzla.ba<\/a><\/p>\n<p>&nbsp;<\/p>\n<p>&nbsp;<\/p>\n<p><strong>\u00a0<\/strong><\/p>\n<p><strong>\u00a0<\/strong><\/p>\n<p>&nbsp;<\/td>\n<td valign=\"top\"><\/td>\n<\/tr>\n<tr>\n<td valign=\"top\"><span style=\"color: #4f91c4;\"><strong>MJERENJE ZADOVOLJSTVA\/ISKUSTVA PACIJENATA<br \/>\n<\/strong><\/span><a href=\"https:\/\/www.ukctuzla.ba\/ukctuzla\/wp-content\/uploads\/2017\/01\/Mjerenje-zadovoljstva-pacijenta-2021.pdf\" target=\"_blank\" rel=\"noopener\">Klikni na link za pregled<\/a><\/td>\n<td valign=\"top\"><\/td>\n<\/tr>\n<tr>\n<td valign=\"top\">(Podaci a\u017eurirani\u00a0 22.07. 2022. god.)<\/p>\n<p>&nbsp;<\/p>\n<p><strong>\u00a0<\/strong><\/p>\n<p>&nbsp;<\/td>\n<\/tr>\n<\/tbody>\n<\/table>\n<\/div>\n","protected":false},"excerpt":{"rendered":"<p>Po\u0161tovani pacijenti i posjetioci, dobrodo\u0161li na web stranice Univerzitetskog klini\u010dkog centara Tuzla! Univerzitetski klini\u010dki centar Tuzla (UKC Tuzla) je jedna od najve\u0107ih zdravstvenih ustanova u Bosni i Hercegovini, sa dugogodi\u0161njom uspje\u0161nom tradicijom u lije\u010denju razli\u010ditih vrsta oboljenja. Istovremeno je i nastavno-nau\u010dna baza fakulteta i \u0161kola medicinskog usmjerenja. Postoje\u0107a i budu\u0107a organizacija Ustanove zasnovana je na&hellip;<\/p>\n","protected":false},"author":1,"featured_media":16294,"parent":0,"menu_order":0,"comment_status":"closed","ping_status":"closed","template":"","meta":{"footnotes":""},"class_list":["post-213","page","type-page","status-publish","has-post-thumbnail","hentry","description-off"],"_links":{"self":[{"href":"https:\/\/www.ukctuzla.ba\/ukctuzla\/index.php?rest_route=\/wp\/v2\/pages\/213","targetHints":{"allow":["GET"]}}],"collection":[{"href":"https:\/\/www.ukctuzla.ba\/ukctuzla\/index.php?rest_route=\/wp\/v2\/pages"}],"about":[{"href":"https:\/\/www.ukctuzla.ba\/ukctuzla\/index.php?rest_route=\/wp\/v2\/types\/page"}],"author":[{"embeddable":true,"href":"https:\/\/www.ukctuzla.ba\/ukctuzla\/index.php?rest_route=\/wp\/v2\/users\/1"}],"replies":[{"embeddable":true,"href":"https:\/\/www.ukctuzla.ba\/ukctuzla\/index.php?rest_route=%2Fwp%2Fv2%2Fcomments&post=213"}],"version-history":[{"count":59,"href":"https:\/\/www.ukctuzla.ba\/ukctuzla\/index.php?rest_route=\/wp\/v2\/pages\/213\/revisions"}],"predecessor-version":[{"id":20242,"href":"https:\/\/www.ukctuzla.ba\/ukctuzla\/index.php?rest_route=\/wp\/v2\/pages\/213\/revisions\/20242"}],"wp:featuredmedia":[{"embeddable":true,"href":"https:\/\/www.ukctuzla.ba\/ukctuzla\/index.php?rest_route=\/wp\/v2\/media\/16294"}],"wp:attachment":[{"href":"https:\/\/www.ukctuzla.ba\/ukctuzla\/index.php?rest_route=%2Fwp%2Fv2%2Fmedia&parent=213"}],"curies":[{"name":"wp","href":"https:\/\/api.w.org\/{rel}","templated":true}]}}