{"id":2132,"date":"2016-04-28T12:41:04","date_gmt":"2016-04-28T11:41:04","guid":{"rendered":"http:\/\/www.ukctuzla.ba\/ukctuzla\/?page_id=2132"},"modified":"2016-04-28T12:41:04","modified_gmt":"2016-04-28T11:41:04","slug":"achieved-successful-results-and-recognition","status":"publish","type":"page","link":"https:\/\/www.ukctuzla.ba\/ukctuzla\/?page_id=2132&lang=en","title":{"rendered":"ACHIEVED SUCCESSFUL RESULTS AND RECOGNITION"},"content":{"rendered":"<p style=\"text-align: justify;\">Univerzitetski klini\u010dki centar Tuzla u predhodnim godinama do\u017eivio je razvoj i uvo\u0111enje niza novih metoda i postupaka u razli\u010ditim oblastima. Primjenjuju se savremene i visokosofisticirane dijagnosti\u010dke procedure, uvode nove operatvne metode, prate dostignu\u0107a u medicini na razli\u010ditim nivoima, vr\u0161i kontinuirana edukacija kadra i odvija kvalitetna nau\u010dno-istra\u017eiva\u010dka aktivnost. Prepoznatljiv je po dobroj organizaciji, efikasnosti, efektivnosti i ekonomi\u010dnosti, te razvoju i ovladavanju znanjem i vje\u0161tinama u oblasti visoko diferenciranih medicinskih metoda.<strong><br \/>\n<\/strong><\/p>\n<p style=\"text-align: justify;\"><strong>Plava bolnica sa radioterapijom<\/strong><\/p>\n<p>Plava bolnica i radioterapija otvorene su 09.12.2009. godine, kao jedan od najzna\u010dajnijih projekata u oblasti zdravstva u Bosni i Hercegovini. Za rekonstrukciju objekta Plave bolnice, opremanje i stavljanje u funkciju osigurana su sredstva od 25 miliona eura, od \u010dega je 10 miliona eura donacija Vlade Kraljevine Holandije, a 15 miliona \u010dini kreditno zadu\u017eenje. Objekat &#8220;Plava Bolnica&#8221;, \u010dija je izgradnja prekinuta zbog po\u010detka ratnih zbivanja 1991. godine, rekonstruisana je i opremljena po visokim standardima. Firma VAMED Holandija (VAMED Nederland B. V.) realizovala je ovaj projekat po principu &#8220;klju\u010d u ruke&#8221;. Realizacijom ovog projekta Klinika za neurologiju, Klinika za neurohirurgiju, Klinika za kardiovaskularne bolesti, Klinika za plasti\u010dnu i maksilofacijalnu hirurgiju, Klinika za fizikalnu medicinu i rehabilitaciju, Klinika za onkologiju, hematologiju i radioterapiju, Klinika za anesteziologiju i reanimatologiju u prostoru visokog medicinskog komfora, uz pomo\u0107 instalirane savremene opreme pru\u017eaju korisnicima iz \u010ditave Bosne i Hercegovine usluge najvi\u0161eg standarda.<\/p>\n<p style=\"text-align: justify;\"><strong>Raditerapija<\/strong><\/p>\n<p>Neophodno je istaknuti, da je jedan od najzna\u010dajnijih medicinskih i tehni\u010dko-tehnolo\u0161kih iskoraka u obezbje\u0111enju zdravstvene za\u0161tite u okviru ovog projekta na\u010dinjen upravo u oblasti radioterapije. Izgradnjom modernog objekta i instalacijom dva linearna akceleratora, aparata za brahiterapiju i prate\u0107e opreme za planiranje, simulaciju i dozimetriju obezbje\u0111eni su uslovi za radijacijski tretman karcinoma. Tako je, tokom 2010. godine, oko 1000 pacijenata sa razli\u010ditim lokalizacijama tumora tretirano na radioterapiji UKC Tuzla.<br \/>\n<strong>Instalacija najve\u0107eg PACS\/RIS rje\u0161enja na Balkanu<\/strong><\/p>\n<p>U JZU UKC Tuzla u junu 2008. godine zapo\u010dela je implementacija najve\u0107eg CR\/PACS\/RIS projekta na Balkanu. Uvo\u0111enjem PACS-a sistema (sistem za obradu, arhiviranje i distribuciju radiolo\u0161ke slike), RIS-a (radiolo\u0161ki informacioni sistem) i CR-a (ure\u0111aji za digitalizaciju), kompletna obrada, distribucija i arhiviranje radiolo\u0161kih slika i pisanih nalaza u UKC Tuzla odvija se u elektronskoj formi. \u010citav sistem zasnovan je na najmodernijoj WEB tehnologiji i opremljen je naprednim softverskim alatima za primjenu u razli\u010ditim oblastima dijagnostike. Ovakav na\u010din rada omogu\u010dava pobolj\u0161anje radnih procesa, stvaranje elektronske demografske baze podataka, ukupno podizanje kvalitete dijagnosti\u010dkih disciplina, pove\u0107anje produktivnosti i iskoristivosti modaliteta uz smanjenje tro\u0161kova poslovanja.<\/p>\n<p style=\"text-align: justify;\"><strong>Centar palijativna njega \u2013 HOSPIS<\/strong><\/p>\n<p>JZU UKC Tuzla je jedina zdravstvena ustanova u regionu, i druga na Balkanu, koja ima razvijen Centar za palijativnu njegu \u2013 HOSPIS, u okviru koga su Odjeljenje za le\u017ee\u0107e pacijente, Dnevna bolnica i Dje\u010diji hospis. Rekonstrukcija je po\u010dela 2003. godine, u saradnji sa Humanitarnom organizacijom Sisters of the cross and patient iz Leeds-a, Ujedinjeno Kraljevstvo, sa kojom i danas postoji izvanredna saradnja. Palijativna njega-Hospis za le\u017ee\u0107e pacijente otvoren je 2004.godine, Dnevna bolnica 2005. godine, u adaptiranom i po visokim standardima organizovanom dijelu objekta Klinike za plu\u0107ne bolesti u Slavinovi\u0107ima. Dnevni hospis je ure\u0111en po evropskim standardima, \u0161to podrazumijeva dnevni boravak, prostorije za masa\u017eu, salon za uljep\u0161avanje, prostorije za umjetnost, slikarstvo, doma\u0107u radinost, te sve druge sadr\u017eaje koje pacijentima boravak ovdje, \u010dine ugodnijim. U maju 2009. godine, tako\u0111e u saradnji sa Sisters of the cross and patient i partnerima u oblasti edukacije kadrova iz St.Gemma's Hospice, Leeds realizovan je projekat izgradnje Dje\u010dijeg hospisa.Dje\u010diji hospis namjenjen je djeci oboljeloj od razli\u010ditih vrsta karcinoma, neuromi\u0161i\u010dnih bolesti kao i osoba s drugim hroni\u010dnim bolestima koje \u0107e trebati hospitalizaciju i palijativnu njegu. Kapaciteta je 6 kreveta, a ima jo\u0161 i 2 igraonice, prostoriju za multisenzornu, fizikalnu i hidroterapiju, dnevni boravak, prostor za boravak roditelja, zimsku ba\u0161tu i ure\u0111eno parkovsko okru\u017eenje. Osim, lije\u010denja Hospis ima ulogu i u psiholo\u0161koj potpori pacijenata i njegove porodice. Palijativna njega se primjenjuje kada su iscrpljene klasi\u010dne metode lije\u010denja ili kada su znaci \u0161irenja maligne bolesti dostigli stepen koji bolesnik te\u0161ko podnosi. Do danas je hospitalizirano vi\u0161e od 2300 pacijenata u terminalnom stadiju bolesti, koji zahtjevaju holisti\u010dki pristup uz adekvatnu njegu i medicinski nadzor. U dje\u010dijem hospisu hospitalizirano je, od otvorenja, 35 te\u0161ko oboljele djece.<\/p>\n<p style=\"text-align: justify;\"><strong>Ugradnja kohlearnih implantata<\/strong><\/p>\n<p>Klinika za ORL, cerviko i maksilo-facijalnu hirurgiju Univerzitetskog klini\u010dkog centra Tuzla mjesto je u kojoj se od 2001. godine obavljaju kohlearne implantacije. Rije\u010d je o ugradnji umjetne pu\u017enice u gluhih osoba radi pobolj\u0161anja sluha. Ovaj slo\u017eeni operativni zahvat, prvi puta u Bosni i Hercegovini, obavio je prof.dr Boris Pegan iz Klinike za ORL i Cervikofacijalnu hirurgiju KB \u201cSestre milosrdnice\u201c iz Zagreba u saradnji sa hirur\u0161kom ekipom Klinike za ORL, cerviko i maksilo-facijalnu hirurgiju UKC Tuzla. Dalja implementacija projekta ugradnje kohlearnih imlantata nastavljena je u saradnji sa Prof.dr Milanom Profantom iz Slova\u010dke, kao supervizorom. Postupak ugradnje kohlearnih implantata obuhvata tri segmenta \u2013 dijagnostiku i pripremu pacijenta za ugradnju umjetne pu\u017enice, operativni zahvat i rehabilitaciju koja je vrlo slo\u017eena i zahtjevna, i danas se obavlja samostalno na tuzlasnkoj Klinici za ORL, cerviko i maksilofacijalnu hirurgiju.<\/p>\n<p style=\"text-align: justify;\"><strong>Gastroenterolo\u0161ka dijagnostika i lije\u010denje<\/strong><\/p>\n<p>Kolonoskopija sa scope quide-om je dijagnosti\u010dka procedura koja omogu\u0107ava da se napravi kolonoskopski pregled, tj. da se uradi vizualizacija sluznice debelog crijeva, uz ulazak i u zavr\u0161ni dio tankog crijeva i prikaza polo\u017eaja aparata u crijevu pacijenta. Aparat za kolonoskopiju poma\u017ee ljekaru da odredi ta\u010dnu poziciju aparata u trbu\u0161noj duplji abdomena, odnosno, u debelom crijevu pacijenta i da \u0161to lak\u0161e i br\u017ee zavr\u0161i proceduru. Endokapsula- dijagnosti\u010dka endoskopska procedura kojaomogu\u0107ava snimanje patologije tankog crijeva potpuno bezbolno i sa visokom precizno\u0161\u0107u dijagnosticiranja i najmanjih promjena na tankom crijevu. Koristi se u specifi\u010dnim situacijama potrebe za pregledom i dijagnostikom bolesti tankog crijeva. Plasiranje intragastri\u010dnog balona kao endoskopski modalitet u lije\u010denju patolo\u0161ke gojaznosti. Balon se ugra\u0111uje endoskopskom metodom na na\u010din da se ispuhan ubacuje u \u017eeludac, poslije \u010dega se puni fiziolo\u0161kom otopinom obojenom metilenskim plavilom. Balon se puni u zavisnosti od tjelesne te\u017eine pacijenta. Nakon \u0161est mjeseci balon se vadi iz \u017eeludca. Metoda nije prihvatljiva kod osoba kod kojih je prekomjerna debljina posljedica genetskih ili hormonskih problema.<\/p>\n<p style=\"text-align: justify;\"><strong>Laboratorijski program obuhvata oko 1000 vrsta pretraga<\/strong><\/p>\n<p>Stavljenjem akcenta na razvoj dijagnostike, osiguran je princip br\u017ee uspostave dijagnoze, lije\u010denja i kra\u0107eg zadr\u017eavanja pacijenta u bolnici. Za razvoj savremene medicine neophodno je postojanje odgovaraju\u0107e laboratorijske dijagnostike sa ciljem postavljanja dijagnoze i pra\u0107enja terapije ili toka bolesti. Laboratorijski program obuhvata oko 1000 vrsta pretraga iz razli\u010ditih uzoraka koje se izvode savremenim procedurama i uz upotrebu visokosofisticirane tehnologije. Poliklinika za laboratorijsku dijagnostiku pru\u017ea usluge za sve zdravstvene ustanove kantona, a visoko diferenecirane usluge se pru\u017eaju i za zdravstvene ustanove iz drugih dijelova Bosne i Hercegovine. Godi\u0161nje se pru\u017ei preko 1.200 000 usluga. Laboratorij za proto\u010dnu citometriju opremljen je \u201eBeckman Coulter\u201c proto\u010dnim citometrom, aparatom za detekciju i mjerenje fizi\u010dkih i molekularnih karakteristika razli\u010ditih \u0107elija u te\u010dnom medijumu. \u0106elije se izdvajaju iz uzorka krvi i aspirata ko\u0161tane sr\u017ei. Za analize se koristi vi\u0161e od 40 pojedina\u010dnih i u panele grupisanih antitijela. Pru\u017eaju se usluge imunofenotipizacije leukocita periferne krvi u razli\u010ditim bolestima i stanjima i imunofenotipizacija leukemija i limfoma.<\/p>\n<p style=\"text-align: justify;\"><strong>Laboratorij za izradu DNA profila<\/strong><\/p>\n<p>Molekularna medicinska dijagnostika predstavlja budu\u0107nost laboratorijske dijagnostike uop\u0161te. Zahvaljuju\u0107i dobroj dugogodi\u0161njoj saradnji sa profesorom Robertom Friisom iz Odjeljenja za klini\u010dka istra\u017eivanja Medicinskog fakulteta Univerziteta u Bernu u \u0160vajcarskoj, jo\u0161 1996. godine zapo\u010deta je edukacija kadrova. U okviru projekta ICMP-a na identifikaciji \u017ertava rata, uposlenici JZU UKC Tuzla obavili su preko 55.000 DNK analiza periferne krvi srodnika nestalih osoba. Uglavnom se obavlja dijagnostika iz oblasti HLA tipizacije, kako za potrebe transplantacije, tako za potrebe internisti\u010dih grana medicine, molekularna dijagnostika Duchenne-ove bolesti, dokazivanje o\u010dinstva, a planirano je uvo\u0111enje analiza klonalnih rearan\u017emana gena za te\u0161ke lance imunoglobulina i T \u010delijskih receptora, kao i druge pretrage.<\/p>\n<p style=\"text-align: justify;\"><strong>Laboratorij za otkrivanje uro\u0111enih metaboli\u010dkih bolesti<\/strong><\/p>\n<p>Uspje\u0161no djeluje od 1999.godine, a od 2005. godine ovla\u0161eteni je laboratorij za neonatalni skrining za podru\u010dje Federacije BiH. Skrining novoro\u0111en\u010dadi na fenilketonuriju i kongenitalnu hipotireozu kao sredstvo borbe protiv mentalne retardacije, postalo jedan od kriterijuma optimalne preventivne zdravstvene za\u0161tite.<br \/>\n<strong>Rekonstruktivni zahvati dojke sa ugradnjom implantata<\/strong><\/p>\n<p>Na Klinici za plasti\u010dnu i rekonstruktivnu hirurgiju rade se rekonstruktivni zahvati dojke sa ugradnjom implantata kod pacijentica nakon dijagostikovanja maligne bolesti i ura\u0111ene mastektomije, \u010dime je pacijenticama omogu\u0107en daljnji kvalitetan \u017eivot i pshi\u010dka stabilnost To je trend prisutan i u vode\u0107im svjetskim zdravstvenim centrima. Rade se PREVENTIVNA subkutana mastektomija sa rekonstrukcijom, PRIMARNA rekonstrukcija sa implantatom i SEKUNDARNA rekonstrukcija sa implantatom. Naime, analiziraju\u0107i reakcije pacijentica kod kojih je dijagnostikovan rak dojke, do\u0161lo se do spoznaje da bolesnice te\u017ee prihvataju \u010dinjenicu da \u0107e ostati bez dojke ( mastektomija tj. odstranjenje \u017eljezdanog i masnog tkiva dojke sa evakuacijom odre\u0111enih nivoa limfnih \u010dvorova pazuha predstavlja osnovu lije\u010denja), nego samu spoznaju da imaju malignu bolest.<\/p>\n<p style=\"text-align: justify;\"><strong>Savremeni hirur\u0161ki pristupi bolestima prednjeg i zadnjeg segmenta oka<\/strong><\/p>\n<p>Zastupljeni savremeni hirur\u0161ki pristupi bolestima prednjeg i zadnjeg segmenta oka i u svakodnevnom radu se primjenjuje metoda fakoemulsifikacija katarakte sa implantacijom savitljive intraokularne le\u0107e. Operativni tim Klinike za o\u010dne bolesti, 15.12. 2010. godine, je uz superviziju dr. Miroslava Kne\u017eevi\u0107a, oftalmologa iz KC Srbije izveo operativni zahvat, u okviru kojeg je pacijentu ugra\u0111en silikonski implantat, pomo\u0107u kojeg je izvr\u0161ena rekonstrukcija suznog sustava. U pitanju je implantat pomo\u0107u kojeg se stvara nova, direktna veza izme\u0111u suzne vre\u0107ice i nosa i na taj na\u010din premo\u0161\u0107uje kanal koji je povezan sa nosem, \u0161to je naj\u010de\u0161\u0107e mjesto blokade. Implantat ostaje u nosnom kanalu dva do tri mjeseca, koliko je potrebno da rana zaraste. Oftalmolo\u0161ki tim Klinike za o\u010dne bolesti UKC Tuzla izvr\u0161io je operativni zahvat implantacije refraktivne zonsko progresivne multifokalne intraokularne le\u0107e. Rije\u010d je o le\u0107i sa vi\u0161e fokala koja pacijentu omogu\u0107ava da vidi na razli\u010ditim distancama, a bez zahtjeva za dodatnim korekcijama. Prema saznanjima, ovakvi zahvati se ne primjenjuje u drugim centrima na prostoru Bosne i Hercegovine.<\/p>\n<p style=\"text-align: justify;\"><strong>Kardiovaskularna hirurgija<\/strong><\/p>\n<p>Na Klinici za kardiovaskularne bolesti JZU UKC Tuzla uspje\u0161no se obavljaju intervencije intraoperativne radiofrekventne ablacije atrijalne fibrilacije uz zamijenjenu aortne valvule. Operativni zahvati ove vrste rade se u saradnji sa stru\u010dnjacima iz Klini\u010dkog centra Ljubljana, sa kojim je potpisan jo\u0161. 2008. godine Ugovor o saradnji s ciljem edukacije tuzlanskog tima i razmjene iskustava kroz zajedni\u010dki rad.<\/p>\n<p style=\"text-align: justify;\"><strong>\u00a0<\/strong><\/p>\n<p style=\"text-align: justify;\"><strong>Primjena metode Laparoskopska nefrektomija u urologiji<\/strong><\/p>\n<p>Rije\u010d je o metodu odstranjivanju bubrega kroz tri otvora na trbuhu. Prednost ove metode je \u0161to nema rezova, a postoperativni oporavak pacijenta je znatno kra\u0107i nego kod klasi\u010dne hirur\u0161ke metode odstranjivanja bubrega. Izvedenim zahvatima laparoskopske nefrektomije zvani\u010dno je zapo\u010det program laparoskopske urologije u UKC Tuzla.<\/p>\n<p style=\"text-align: justify;\"><strong>Zna\u010dajan iskorak u tretmanu pacijenata na peritenealnoj dijalizi<\/strong><\/p>\n<p>Klinika za interne bolesti ulaga\u017ee stalne napore u uvo\u0111enju novih pristupa i metoda, uz edukaciju kadrova prisutna su stalna nastojanja da se obezbijede vrhunske usluge za pacijente. Primjenom nove metode implantacije peritonelanog katetera tzv. traskutano uvo\u0111enje katetera u trbu\u0161nu \u0161upljinu napravljen je zna\u010dajan iskorak u tretmanu pacijenata na peritenealnoj dijalizi. Prvi puta uz timski pristup na Odjeljenju za nefrologiju i dijalizu Klinike za interne bolesti JZU UKC Tuzla pod vodstvom dr. Mirze Ati\u0107a, mr. med.sci. i Doc.dr. Denijala Tulumovi\u0107a, primjenjena je nova metoda kod implantacije peritonealnog katetera kojom je obezbije\u0111en veliki benefit za pacijente.<\/p>\n<p style=\"text-align: justify;\"><strong>Primjena postupka trombolize<\/strong><br \/>\nTerapija ishemijskog mo\u017edanog udara postupkom trombolize, u Univerzitetskom klini\u010dkom centru Tuzla, prvi puta je, 16.04.2008.godine, primjenjena na podru\u010dju Federacije Bosne i Hercegovine. Uspjeh primjene ove metode potvrda je da timski rad i saradnja muldisciplinarnog tima daju rezultate. Primjena postupka trombolize predstavlja vrlo zna\u010dajan korak u lije\u010denju pacijenata sa ishemijskim mo\u017edanim udarom. Tromboliza, odnosno terapijski postupak \u201eotapanja\u201c ugru\u0161ka koji je uzrok ve\u0107ine ishemi\u010dkih mo\u017edanih udara je jedini mogu\u0107i uzro\u010dni na\u010din lije\u010denja akutnog mo\u017edanog udara. Primjenom tromboliti\u010dke terapije zna\u010dajno se smanjuje smrtnost te posljedice mo\u017edanog udara. Cilj tromboliti\u010dke terapije je uspostava krvotoka i reperfuzija ishemije mozga \u0161to je br\u017ee mogu\u0107e nakon okluzije krvne \u017eile. Kod skoro tre\u0107ine pacijenata hitnom primjenom ove terapije unutar tzv. \u201evremenskog prozora\u201c od tri sata od nastanka simptoma mo\u017edanog udara dolazi do zna\u010dajne redukcije mortaliteta i onesposobljenosti. Zbog vremenskog ograni\u010denja od 3 sata u razvijenim zemljama tromboliti\u010dka terapija se primjeni kod oko 10% pacijenata sa mo\u017edanim udarom. Dobra organizacija, multidisciplinarni pristup i pravovremena reakcija izuzetno su va\u017eni za primjenu trombolize u lije\u010denju ishemijskog mo\u017edanoh udara. Da bi se \u0161to vi\u0161e pacijenata zbrinulo na odgovaraj\u0107i na\u010din potrebna je dobra organizacija tima zdravstvenih radnika, ali u isto vrijeme i dobra prosvije\u0107enost populacije. Nakon prvih simptoma treba \u0161to prije do\u0107i do Univerzitetskog klini\u010dkog centra i u tom segmentu veoma je va\u017ena koordinacija ljekara i medicinskih radnika u ambulantama Primarne zdravstvene za\u0161tite i Slu\u017ebama hitne medicinske pomo\u0107i.<\/p>\n<p style=\"text-align: justify;\"><strong>Barijatrijska hirurgija na Klinici za hirurgiju<\/strong><\/p>\n<p>Obavljenim vrlo slo\u017eenim i zahtjevnim operativnim zahvatom pod nazivom biliopankreati\u010dna diverzija \u201cSKOPINARIO\u201d 25.02.2011. godine napravljen je jo\u0161 jedan iskorak u pro\u0161irenju palete zdravstvenih usluga koje pru\u017ea UKC Tuzla. Ovaj operativni zahvat u oblasti barijatrijske hirurgije a koji se primjenjuje kod pacijenata koji su ekstremno gojazni i kod kojih nije lije\u010denje mogu\u0107e obaviti konzervativnim pristupom, ura\u0111en je prvi puta u Bosni i Hercegovini.<br \/>\n<strong>\u00a0<\/strong><\/p>\n<p style=\"text-align: justify;\"><strong>Nove tehnike na radiologiji<\/strong><\/p>\n<p>PTA stent arterija donjih ekstremiteta na Odjelu interventne radiologije JZU UKC Tuzla radi se od juna 2004. godine, kada je ura\u0111ena i prva u BiH. Ova procedura je alternativa klasi\u010dnoj hirur\u0161koj operaciji koja se radi prilikom su\u017eenja ili zapu\u0161enja (stenoza i okluzija) arterija. Rije\u010d je o mnogo komfornijoj terapijskoj proceduri kod koje se perkutano naj\u010de\u0161\u0107e transfemoralno dilatira (\u0161iri) su\u017eeno ili zapu\u0161eno segmentno mjesto u arteriji a zatim implantira stent na mjestu dilatacije u cilju spre\u010davanja mogu\u0107e restenoze dilatiranog dijela arterije. Procedura ukoliko se uspije\u0161no uradi omogu\u0107ava pacijentu otpu\u0161tanje iz zdravstvene ustanove ve\u0107 u roku 24 sata bez posebnih ograni\u010denja, bez dugog postoperativnog oporavka od nekoliko dana, bez hirur\u0161kih rezova, previjanja i drugih detalja koji karakteristi\u0161u klasi\u010dnu hirur\u0161ku operaciju. Ukoliko se desi ponovno su\u017eenje lumena arterijskog krvnog suda na mjestu implantacije PTA stent sistema to mjesto se ponovno mo\u017ee dilatirati i u\u010diniti prohonim opet bez hirur\u0161ke intervencije.<\/p>\n<p style=\"text-align: justify;\">CT angio krvnih sudova sa 3D rekonstrukcijom na Odjelu interventne radiologije po\u010dinje se raditi nakon nabavke CT aparata SOMATOM Emotion 6 koji u svom sofveru posjeduje angio mod. Radi se o neinvanzivnoj dijegnosti\u010dkoj proceduri kojom se utvr\u0111uje stanje uglavnom arterijskih krvnih sudova iniciranjem kontrastnog sredstva intravenski. Ovo je jedna komforna procedura za pacijente starije dobi, kod onih kojih su ugro\u017eene osnovne vitalne funkcije kao neka specifi\u010dna patolo\u0161ka stanja. U JZU UKC Tuzla ova metoda se radi i pacijentima prilikom transplantacije bubrega kao i kod utvr\u0111ivanja mo\u017edane smrti prilikom transplantacije organa.<\/p>\n<p style=\"text-align: justify;\"><strong>Embolizacija aneurizme cerebralnih arterija \u2013 Coil sistem<\/strong><br \/>\nNa Odjelu interventne radiologije 10.maja 2006.godine prvi puta je primjenjena je procedura embolizacije aneurizme cerebralnih arterija \u2013 Coil sistem. Radi se o proceduri koja predstavlja alternativu neurohirur\u0161koj operaciji kojom se rja\u0161ava problem aneurizme neke od cerebralnih arterija sa u\u010dinjenom kraniotomijom i dugim postoperativnim tokom i rehabilitacijom pacijenta. Implantacija Coil sistema je za pacijenta komfornija procedura kojom se u sam lumen aneurizme cerebralne arterije implantira Coil sistem (obi\u010dno nekoliko Coil sistema) a nakon uspije\u0161no u\u010dinjene procedura pacijent posle 24 sata otpu\u0161ta iz zdravstvene ustanove izlije\u010den. Radi se o proceduri koja zahtijeva multidisciplinarni pristup u smislu saradnje radiolo\u0161kog, neurohirur\u0161kog i anesteziolo\u0161kog tima.<\/p>\n<p style=\"text-align: justify;\"><strong>Primjeni metode Misgav-Ladach pri carskom rezu<\/strong><\/p>\n<p>Od 2000. godine na Klinici za ginekologiju i aku\u0161erstvo uveden je novi operativni pristup carskom rezu. Rije\u010d je o primjeni metode \u201eMizgav Ladach\u201c koja u odnosu na klasi\u010dni pristup ima niz prednosti. Prije svega, radi se o mnogo manjoj hirur\u0161koj traumi kojoj je izlo\u017eena pacijentica, kao i maksimalnog izbjegavanja o\u0161trog otvaranja tkivnih struktura, \u010dime je u zna\u010dajnoj mjeri reducirano povrije\u0111ivanje krvnih sudova i nerava. Osim toga zahvat traje kratko ( 7-8 minuta), oporavak je br\u017ei i sa manje mogu\u0107nosti za komplikacije.<br \/>\n<strong>Najvi\u0161i standardi u brizi za mentalno zdravlje<\/strong><\/p>\n<p>Adaptacijom objekta biv\u0161e kasrne \u201eMirsad Fidahi\u0107\u201c u Solini Klinika za psihijatriju dobila je nove mogu\u0107noti za razvoj i unaprije\u0111enje usluga u oblasti mentalnog zdravlja. Adaptacija je ura\u0111ena po visokim standardima koje zahtijeva ova struka, \u010dime su stvoreni dobri uslovi za funkcionisanje i rad. Prostor pru\u017ea visok standard od preko 25 m2 korisne povr\u0161ine po jednom pacijentu, smiruju\u0107e okru\u017eenje, urbani ambijent u pozadini, ti\u0161inu i \u010disti zrak. On je inspirativan i perspektivan za nastavak razvoja Klinike za psihijatriju i dostizanje najvi\u0161ih standarda u brizi za mentalno zdravlje. Organizaciono Kliniku \u010dini \u0161est Odjeljenja sa ukupno 70 kreveta i Dnevna bolnica sa 28 mjesta.<\/p>\n","protected":false},"excerpt":{"rendered":"<p>Univerzitetski klini\u010dki centar Tuzla u predhodnim godinama do\u017eivio je razvoj i uvo\u0111enje niza novih metoda i postupaka u razli\u010ditim oblastima. Primjenjuju se savremene i visokosofisticirane dijagnosti\u010dke procedure, uvode nove operatvne metode, prate dostignu\u0107a u medicini na razli\u010ditim nivoima, vr\u0161i kontinuirana edukacija kadra i odvija kvalitetna nau\u010dno-istra\u017eiva\u010dka aktivnost. Prepoznatljiv je po dobroj organizaciji, efikasnosti, efektivnosti i&hellip;<\/p>\n","protected":false},"author":1,"featured_media":16294,"parent":0,"menu_order":0,"comment_status":"closed","ping_status":"closed","template":"","meta":{"footnotes":""},"class_list":["post-2132","page","type-page","status-publish","has-post-thumbnail","hentry","description-off"],"_links":{"self":[{"href":"https:\/\/www.ukctuzla.ba\/ukctuzla\/index.php?rest_route=\/wp\/v2\/pages\/2132","targetHints":{"allow":["GET"]}}],"collection":[{"href":"https:\/\/www.ukctuzla.ba\/ukctuzla\/index.php?rest_route=\/wp\/v2\/pages"}],"about":[{"href":"https:\/\/www.ukctuzla.ba\/ukctuzla\/index.php?rest_route=\/wp\/v2\/types\/page"}],"author":[{"embeddable":true,"href":"https:\/\/www.ukctuzla.ba\/ukctuzla\/index.php?rest_route=\/wp\/v2\/users\/1"}],"replies":[{"embeddable":true,"href":"https:\/\/www.ukctuzla.ba\/ukctuzla\/index.php?rest_route=%2Fwp%2Fv2%2Fcomments&post=2132"}],"version-history":[{"count":1,"href":"https:\/\/www.ukctuzla.ba\/ukctuzla\/index.php?rest_route=\/wp\/v2\/pages\/2132\/revisions"}],"predecessor-version":[{"id":2133,"href":"https:\/\/www.ukctuzla.ba\/ukctuzla\/index.php?rest_route=\/wp\/v2\/pages\/2132\/revisions\/2133"}],"wp:featuredmedia":[{"embeddable":true,"href":"https:\/\/www.ukctuzla.ba\/ukctuzla\/index.php?rest_route=\/wp\/v2\/media\/16294"}],"wp:attachment":[{"href":"https:\/\/www.ukctuzla.ba\/ukctuzla\/index.php?rest_route=%2Fwp%2Fv2%2Fmedia&parent=2132"}],"curies":[{"name":"wp","href":"https:\/\/api.w.org\/{rel}","templated":true}]}}