{"id":2144,"date":"2016-04-28T12:51:34","date_gmt":"2016-04-28T11:51:34","guid":{"rendered":"http:\/\/www.ukctuzla.ba\/ukctuzla\/?page_id=2144"},"modified":"2016-04-28T12:51:34","modified_gmt":"2016-04-28T11:51:34","slug":"development-of-health","status":"publish","type":"page","link":"https:\/\/www.ukctuzla.ba\/ukctuzla\/?page_id=2144&lang=en","title":{"rendered":"DEVELOPMENT OF HEALTH"},"content":{"rendered":"<div class=\"iteminfo\"><\/div>\n<p><a href=\"https:\/\/www.ukctuzla.ba\/ukctuzla\/wp-content\/uploads\/2016\/03\/download-5.jpg\" rel=\"attachment wp-att-2137\"><img loading=\"lazy\" decoding=\"async\" class=\"alignnone size-full wp-image-2137\" src=\"https:\/\/www.ukctuzla.ba\/ukctuzla\/wp-content\/uploads\/2016\/03\/download-5.jpg\" alt=\"download (5)\" width=\"160\" height=\"160\" srcset=\"https:\/\/www.ukctuzla.ba\/ukctuzla\/wp-content\/uploads\/2016\/03\/download-5.jpg 160w, https:\/\/www.ukctuzla.ba\/ukctuzla\/wp-content\/uploads\/2016\/03\/download-5-150x150.jpg 150w\" sizes=\"auto, (max-width: 160px) 100vw, 160px\" \/><\/a><\/p>\n<p><em>Hastahana<\/em><\/p>\n<p style=\"text-align: justify;\">Potreba za lije\u010denjem bolesti stara je koliko i samo \u010dovje\u010danstvo.Poznato je da su Rimljani za lije\u010denje raznih bolesti koristili produkte ljekovitih izvora kojih je na podru\u010dju Tuzle bilo dosta,najpoznatije su slane kupke.\u00a0O naj\u010de\u0161\u0107im bolestima i raznim na\u010dinima lije\u010denja u srednjem vijeku,najvi\u0161e govore tzv. \u00a8ljekaru\u0161e \u00a8,zbirke recepata u kojima su uz nabrojane bolesti i simptome stojali lijekovi i na\u010dini lije\u010denja.<\/p>\n<p style=\"text-align: justify;\">Nakon okupacije na\u0161ih krajeva od strane Turske,unijete su i izvjesne novine u lije\u010denju mnogih oboljenja.Svoju primjenu do\u017eivjele su metode iz arapske medicine, i to posebno u ranarstvu.<\/p>\n<p style=\"text-align: justify;\">Sve do polovine 19.vijeka,u Tuzli i njenoj okolini postoje tek tragovi o povremenom radu ljekara,jer se tek pedesetih godina pro\u0161log vijeka po\u010dinje intenzivnije razvijati ova profesija u tuzlanskom kraju.<br \/>\n<strong>1873.godine <\/strong>iz Carigrada sa studija medicine u Tuzlu dolazi <strong>dr Mehmed Sami \u0160erbi\u0107,prvi ljekar i pokreta\u010d akcije za\u00a0<\/strong><strong>gradnju prve bolnice (Hastahane) u Tuzli.<\/strong><br \/>\nTako je u jesen 1874.godine otvorena prva Hastahana koja je ujedno predstavljala za\u010detak organizovane zdravstvene slu\u017ebe u tuzlanskoj regiji.Bolnica je imala 4 sobe sa 10 bolni\u010dkih postelja,ordinaciju i prijemnu ambulantu,zatim bolesni\u010du kuhinju,sobu za osoblje i molitvu.<\/p>\n<p><a href=\"https:\/\/www.ukctuzla.ba\/ukctuzla\/wp-content\/uploads\/2016\/03\/download-1.jpg\" rel=\"attachment wp-att-2139\"><img loading=\"lazy\" decoding=\"async\" class=\"alignnone size-full wp-image-2139\" src=\"https:\/\/www.ukctuzla.ba\/ukctuzla\/wp-content\/uploads\/2016\/03\/download-1.jpg\" alt=\"download (1)\" width=\"80\" height=\"105\" \/><\/a><\/p>\n<p style=\"text-align: justify;\"><em>dr Mehmed Sami \u0160erbi\u0107\u00a0\u00a0\u00a0 \u00a0 \u00a0 \u00a0 \u00a0 \u00a0 \u00a0 \u00a0 \u00a0 \u00a0 \u00a0 \u00a0 \u00a0 \u00a0 \u00a0 \u00a0 \u00a0 \u00a0 \u00a0 \u00a0 \u00a0 \u00a0 \u00a0 \u00a0 \u00a0 \u00a0 \u00a0 \u00a0 \u00a0 \u00a0 \u00a0 \u00a0 \u00a0 \u00a0 \u00a0 \u00a0 \u00a0 \u00a0 \u00a0 \u00a0 \u00a0 \u00a0 \u00a0 \u00a0 \u00a0 \u00a0 \u00a0 \u00a0 \u00a0 \u00a0 \u00a0 \u00a0 \u00a0 \u00a0 \u00a0 \u00a0 \u00a0 \u00a0 \u00a0 \u00a0 \u00a0 \u00a0 \u00a0 \u00a0 \u00a0 \u00a0 \u00a0 \u00a0 \u00a0 \u00a0 \u00a0 \u00a0 \u00a0 \u00a0 \u00a0 \u00a0 \u00a0 \u00a0 \u00a0 \u00a0 <\/em><br \/>\n<strong>1886.godine<\/strong> u Tuzli je otvorena <strong>Op\u0161tinska bolnica u Koj\u0161inu<\/strong> u kojoj su u to vrijeme radili austrijski ljekari i apotekari.U okviru ove bolnice prvi puta u istoriji uvodi se zdravstvena slu\u017eba za za\u0161titu \u017eena.S obzirom da su \u017eene nerado pristajale na preglede kod ljekara mu\u0161kog pola,iskazala se potreba za \u017eenama ove struke.<\/p>\n<p style=\"text-align: justify;\">Prva \u017eena ljekar,ginekolog u Bosni i Hercegovini,koja je radila u Slu\u017ebi za zdravstvenu za\u0161titu \u017eena u Tuzli bila je poljakinja <strong>Theodora Krajewska.<\/strong><\/p>\n<p><a href=\"https:\/\/www.ukctuzla.ba\/ukctuzla\/wp-content\/uploads\/2016\/03\/download-2.jpg\" rel=\"attachment wp-att-2140\"><img loading=\"lazy\" decoding=\"async\" class=\"alignnone wp-image-2140\" src=\"https:\/\/www.ukctuzla.ba\/ukctuzla\/wp-content\/uploads\/2016\/03\/download-2.jpg\" alt=\"download (2)\" width=\"77\" height=\"105\" \/><\/a><\/p>\n<p>Istovremeno s pu\u0161tanjem u rad Rudnika uglja i Solane u Kreki izgra\u0111eno je stambeno naselje za rudare i solare ukazala se i potreba za zdravstvenim zbrinjavanjem rudara i \u010dlanova njihovih porodica.Tako je u sklopu naselja 1891.godine pu\u0161tena je u rad Rudarska bolnica u Kreki.<\/p>\n<p>Dolaskom <strong>dr Riste Jeremi\u0107a 1904.godine<\/strong> u Op\u0161tinsku bolnicu u Tuzli ,tuzlansko zdravstvo dobija prvog specijalistu hirurgije.<\/p>\n<p><a href=\"https:\/\/www.ukctuzla.ba\/ukctuzla\/wp-content\/uploads\/2016\/03\/images-1-1.jpg\" rel=\"attachment wp-att-2141\"><img loading=\"lazy\" decoding=\"async\" class=\"alignnone size-full wp-image-2141\" src=\"https:\/\/www.ukctuzla.ba\/ukctuzla\/wp-content\/uploads\/2016\/03\/images-1-1.jpg\" alt=\"images (1)\" width=\"80\" height=\"108\" \/><\/a><em>\u00a0dr Risto Jeremi\u0107<\/em><\/p>\n<p style=\"text-align: justify;\">Zbog u to vrijeme u\u010destalih epidemija kolere i drugih zaraznih bolesti u ovaj kraj dolaze i prvi epidemiolozi.\u00a01919.godine formira se Op\u0161ta dr\u017eavna bolnica i to je vrijeme razvoja zdravstva i pove\u0107anja broja ljekara,farmaceuta i drugog medicnskog osoblja.\u00a0Dom narodnog zdravlja u Tuzli formiran je 1923.godine ,kao i okru\u017ena bakteriolo\u0161ko-epidemiolo\u0161ka stanica.\u00a0Prema podacima iz 1940.godine u zdravstvu je u Tuzli radilo 25 ljekara i 8 apotekara.\u00a0Ratne 1944.godine u Tuzli postojala je i Vojna bolnica kapaciteta 480 postelja uz koju je djelovao i ranjeni\u010dki centar.\u00a0Nakon drugog svijetskog rata tuzlansko zdravstvo bilo je znatno osiroma\u0161eno.Pove\u0107an broj stanovnika i razvoj \u010ditave regije uslovili su i potrebu za ve\u0107im brojem zdravstvenih radnika.Zbog potrebe za kadrom 1947.godine otvorena je Srednja medicinska \u0161kola.\u00a0Razvoj zdravstva pratio je razvoj privrede i slijedio \u017eivotne tokove.Ova oblast se osavremenjava,otvaraju se novi kapaciteti.\u00a01964.godine otvara se nova bolnica na Gradini u \u010dijem okrilju rade Hiru\u0161ko,Ortopedsko,traumatolo\u0161ko,oftalmolo\u0161ko,ginekolo\u0161ko-aku\u0161ersko odjeljenje te kabineti za otorinolaringologiju,radiologiju i transfuziologiju,centralni labaratorij,slu\u017eba za patologiju i prate\u0107e tehni\u010dke slu\u017ebe.1975.otvara se dje\u010dija bolnica,1979.Nova zgrada zaraznog\u00a0 i najzad 1983.godine moderna i savremena Interna klinika.\u00a0Nekako u isto vrijeme sa razvojem bolni\u010dkih kapaciteta na Gradini i Dom zdravlja useljava u novi objekat na Slatini.Pored velikog kapaciteta ovaj objekat opremljan je i za to vrijeme savremenom opremom i aparatima, \u0161to je opet omogu\u0107ilo razvoj i osavremenjavanje slu\u017ebi koje su djelovale u okviru Doma zdravlja.\u00a0Ubrzan razvoj i izgradnja bolni\u010dkih kapaciteta tra\u017eila je i ve\u0107i broj ljekara raznih specijalnosti,dakle stru\u010dnog kadra.Zbog toga je 1976.godine otvoren Medicinski fakultet.\u00a0Otvaranjem Medicinskog fakulteta bolni\u010dki kapaciteti i odjeljenja na Gradini prerasli su u Klinike.\u00a0Pro\u0161av\u0161i nekoliko faza u organizovanju danas Univerzitetski klini\u010dki centar smje\u0161ten je na \u010detiri lokacije u gradu.Najve\u0107i dio na Gradini,zatim u Slavinovi\u0107ima,Solini i Kreki.<\/p>\n","protected":false},"excerpt":{"rendered":"<p>Hastahana Potreba za lije\u010denjem bolesti stara je koliko i samo \u010dovje\u010danstvo.Poznato je da su Rimljani za lije\u010denje raznih bolesti koristili produkte ljekovitih izvora kojih je na podru\u010dju Tuzle bilo dosta,najpoznatije su slane kupke.\u00a0O naj\u010de\u0161\u0107im bolestima i raznim na\u010dinima lije\u010denja u srednjem vijeku,najvi\u0161e govore tzv. \u00a8ljekaru\u0161e \u00a8,zbirke recepata u kojima su uz nabrojane bolesti i simptome&hellip;<\/p>\n","protected":false},"author":1,"featured_media":16294,"parent":0,"menu_order":0,"comment_status":"closed","ping_status":"closed","template":"","meta":{"footnotes":""},"class_list":["post-2144","page","type-page","status-publish","has-post-thumbnail","hentry","description-off"],"_links":{"self":[{"href":"https:\/\/www.ukctuzla.ba\/ukctuzla\/index.php?rest_route=\/wp\/v2\/pages\/2144","targetHints":{"allow":["GET"]}}],"collection":[{"href":"https:\/\/www.ukctuzla.ba\/ukctuzla\/index.php?rest_route=\/wp\/v2\/pages"}],"about":[{"href":"https:\/\/www.ukctuzla.ba\/ukctuzla\/index.php?rest_route=\/wp\/v2\/types\/page"}],"author":[{"embeddable":true,"href":"https:\/\/www.ukctuzla.ba\/ukctuzla\/index.php?rest_route=\/wp\/v2\/users\/1"}],"replies":[{"embeddable":true,"href":"https:\/\/www.ukctuzla.ba\/ukctuzla\/index.php?rest_route=%2Fwp%2Fv2%2Fcomments&post=2144"}],"version-history":[{"count":1,"href":"https:\/\/www.ukctuzla.ba\/ukctuzla\/index.php?rest_route=\/wp\/v2\/pages\/2144\/revisions"}],"predecessor-version":[{"id":2145,"href":"https:\/\/www.ukctuzla.ba\/ukctuzla\/index.php?rest_route=\/wp\/v2\/pages\/2144\/revisions\/2145"}],"wp:featuredmedia":[{"embeddable":true,"href":"https:\/\/www.ukctuzla.ba\/ukctuzla\/index.php?rest_route=\/wp\/v2\/media\/16294"}],"wp:attachment":[{"href":"https:\/\/www.ukctuzla.ba\/ukctuzla\/index.php?rest_route=%2Fwp%2Fv2%2Fmedia&parent=2144"}],"curies":[{"name":"wp","href":"https:\/\/api.w.org\/{rel}","templated":true}]}}