{"id":2157,"date":"2016-04-28T13:18:35","date_gmt":"2016-04-28T12:18:35","guid":{"rendered":"http:\/\/www.ukctuzla.ba\/ukctuzla\/?page_id=2157"},"modified":"2016-04-28T13:18:35","modified_gmt":"2016-04-28T12:18:35","slug":"discharge-from-hospital","status":"publish","type":"page","link":"https:\/\/www.ukctuzla.ba\/ukctuzla\/?page_id=2157&lang=en","title":{"rendered":"DISCHARGE FROM HOSPITAL"},"content":{"rendered":"<p>O datumu i vremenu otpusta \u0107e Vas obavijestiti sobni ljekar.<br \/>\nObavijest \u0107ete dobiti blagovremeno, tako da o tome mo\u017eete obavijestiti svoju pratnju.<br \/>\nOtpu\u0161tanje se obi\u010dno obavlja u prijepodnevnim satima.<\/p>\n<p>Upute za dalje lije\u010denje nalaze se u Va\u0161em otpusnom pismu. Podrobnije informacije \u0107ete dobiti od osoblja prije otpusta.<br \/>\nZa neka stanja i oboljenja bi\u0107e Vam date pisane upute.<\/p>\n<p>Pri napu\u0161tanju bolnice na prijamnom \u0161alteru \u0107ete podmiriti eventualne tro\u0161kove (participacija, tro\u0161kovi lije\u010denja za neosigurana lica i sl.).<br \/>\nNa prijemnom \u0161alteru \u0107e Vam biti uru\u010deno otpusno pismo za Vas i Va\u0161eg ljekara porodi\u010dne medicine, kao i Va\u0161a dokumenta.<br \/>\nUkoliko imate problema kod odlaska obratite se odjeljenskoj sestri. Pomo\u0107 \u0107e Vam pru\u017eiti i Zavod za psiholo\u0161ku i socijalnu za\u0161titu organizovan pri bolnici.<\/p>\n","protected":false},"excerpt":{"rendered":"<p>O datumu i vremenu otpusta \u0107e Vas obavijestiti sobni ljekar. Obavijest \u0107ete dobiti blagovremeno, tako da o tome mo\u017eete obavijestiti svoju pratnju. Otpu\u0161tanje se obi\u010dno obavlja u prijepodnevnim satima. Upute za dalje lije\u010denje nalaze se u Va\u0161em otpusnom pismu. Podrobnije informacije \u0107ete dobiti od osoblja prije otpusta. Za neka stanja i oboljenja bi\u0107e Vam date&hellip;<\/p>\n","protected":false},"author":1,"featured_media":16294,"parent":0,"menu_order":0,"comment_status":"closed","ping_status":"closed","template":"","meta":{"footnotes":""},"class_list":["post-2157","page","type-page","status-publish","has-post-thumbnail","hentry","description-off"],"_links":{"self":[{"href":"https:\/\/www.ukctuzla.ba\/ukctuzla\/index.php?rest_route=\/wp\/v2\/pages\/2157","targetHints":{"allow":["GET"]}}],"collection":[{"href":"https:\/\/www.ukctuzla.ba\/ukctuzla\/index.php?rest_route=\/wp\/v2\/pages"}],"about":[{"href":"https:\/\/www.ukctuzla.ba\/ukctuzla\/index.php?rest_route=\/wp\/v2\/types\/page"}],"author":[{"embeddable":true,"href":"https:\/\/www.ukctuzla.ba\/ukctuzla\/index.php?rest_route=\/wp\/v2\/users\/1"}],"replies":[{"embeddable":true,"href":"https:\/\/www.ukctuzla.ba\/ukctuzla\/index.php?rest_route=%2Fwp%2Fv2%2Fcomments&post=2157"}],"version-history":[{"count":1,"href":"https:\/\/www.ukctuzla.ba\/ukctuzla\/index.php?rest_route=\/wp\/v2\/pages\/2157\/revisions"}],"predecessor-version":[{"id":2158,"href":"https:\/\/www.ukctuzla.ba\/ukctuzla\/index.php?rest_route=\/wp\/v2\/pages\/2157\/revisions\/2158"}],"wp:featuredmedia":[{"embeddable":true,"href":"https:\/\/www.ukctuzla.ba\/ukctuzla\/index.php?rest_route=\/wp\/v2\/media\/16294"}],"wp:attachment":[{"href":"https:\/\/www.ukctuzla.ba\/ukctuzla\/index.php?rest_route=%2Fwp%2Fv2%2Fmedia&parent=2157"}],"curies":[{"name":"wp","href":"https:\/\/api.w.org\/{rel}","templated":true}]}}