{"id":249,"date":"2016-02-10T12:18:34","date_gmt":"2016-02-10T12:18:34","guid":{"rendered":"http:\/\/10.0.0.65\/ukctuzla3\/?page_id=249"},"modified":"2025-12-16T10:50:50","modified_gmt":"2025-12-16T09:50:50","slug":"organization","status":"publish","type":"page","link":"https:\/\/www.ukctuzla.ba\/ukctuzla\/?page_id=249&lang=en","title":{"rendered":"ORGANIZATION"},"content":{"rendered":"<div class=\"wpb-content-wrapper\"><p>[vc_row][vc_column][vc_column_text css=&#8221;&#8221;]<a href=\"https:\/\/www.ukctuzla.ba\/ukctuzla\/?page_id=2291&amp;lang=en\" target=\"_blank\" rel=\"noopener\"><span style=\"color: #ff0000;\"><strong>DIRECTOR'S OFFICE<\/strong><\/span>\u00a0\u00a0<\/a>(Podaci a\u017eurirani 28.11. 2014. god.)<strong><br \/>\n<\/strong><\/p>\n<p><span style=\"color: #ff0000;\"><strong>KLINIKE<\/strong><\/span><\/p>\n<ul>\n<li title=\"\" data-original-title=\"\"><a href=\"https:\/\/www.ukctuzla.ba\/ukctuzla\/?page_id=397\" target=\"_blank\" rel=\"noopener\">Clinic for Internal Medicine<\/a><a href=\"https:\/\/www.ukctuzla.ba\/ukctuzla\/organizacija?layout=edit&amp;id=2782\"><strong><br \/>\n<\/strong><\/a><\/li>\n<\/ul>\n<ul>\n<li title=\"\" data-original-title=\"\"><a href=\"https:\/\/www.ukctuzla.ba\/ukctuzla\/?page_id=406\" target=\"_blank\" rel=\"noopener\">Clinic for Surgery<\/a> <a href=\"https:\/\/www.ukctuzla.ba\/ukctuzla\/organizacija?layout=edit&amp;id=2782\"><strong><br \/>\n<\/strong><\/a><\/li>\n<\/ul>\n<ul>\n<li title=\"\" data-original-title=\"\"><a href=\"https:\/\/www.ukctuzla.ba\/ukctuzla\/?page_id=409\" target=\"_blank\" rel=\"noopener\">Clinic for Cardiovascular Diseases<\/a><\/li>\n<\/ul>\n<ul>\n<li title=\"\" data-original-title=\"\"><a href=\"https:\/\/www.ukctuzla.ba\/ukctuzla\/?page_id=415\" target=\"_blank\" rel=\"noopener\">Clinic for Orthopedy and Trauma<\/a><\/li>\n<li title=\"\" data-original-title=\"\"><a href=\"https:\/\/www.ukctuzla.ba\/ukctuzla\/?page_id=417\" target=\"_blank\" rel=\"noopener\">Clinic for Neurosurgery<\/a><a href=\"https:\/\/www.ukctuzla.ba\/ukctuzla\/organizacija?layout=edit&amp;id=2782\"><strong><br \/>\n<\/strong><\/a><\/li>\n<li title=\"\" data-original-title=\"\"><a href=\"https:\/\/www.ukctuzla.ba\/ukctuzla\/?page_id=426\" target=\"_blank\" rel=\"noopener\">Clinic for Ear, Throat, Nose<\/a><\/li>\n<li title=\"\" data-original-title=\"\"><a href=\"https:\/\/www.ukctuzla.ba\/ukctuzla\/?page_id=429\" target=\"_blank\" rel=\"noopener\">Clinic for Plastic and Maxillofacial Surgery<\/a><a href=\"http:\/\/10.0.0.65\/ukctuzla3\/?page_id=429\" target=\"_blank\" rel=\"noopener\">\u00a0<\/a><\/li>\n<li title=\"\" data-original-title=\"\"><a href=\"https:\/\/www.ukctuzla.ba\/ukctuzla\/?page_id=437\" target=\"_blank\" rel=\"noopener\">Clinic for Eye Diseases<\/a><\/li>\n<li title=\"\" data-original-title=\"\"><a href=\"https:\/\/www.ukctuzla.ba\/ukctuzla\/?page_id=440\" target=\"_blank\" rel=\"noopener\">Clinic for Gynecology and Obstetricion<\/a><\/li>\n<li title=\"\" data-original-title=\"\"><a href=\"https:\/\/www.ukctuzla.ba\/ukctuzla\/?page_id=442\" target=\"_blank\" rel=\"noopener\">Clinic for Anaesthsia and Resuscitation<\/a><a href=\"https:\/\/www.ukctuzla.ba\/ukctuzla\/organizacija?layout=edit&amp;id=2782\"><strong><br \/>\n<\/strong><\/a><\/li>\n<li title=\"\" data-original-title=\"\"><a href=\"https:\/\/www.ukctuzla.ba\/ukctuzla\/?page_id=448\" target=\"_blank\" rel=\"noopener\">Clinic for Pediatric Diseases<\/a><\/li>\n<li title=\"\" data-original-title=\"\"><a href=\"https:\/\/www.ukctuzla.ba\/ukctuzla\/?page_id=442\" target=\"_blank\" rel=\"noopener\">Clinic for Infectious Diseases<\/a><\/li>\n<li title=\"\" data-original-title=\"\"><a href=\"https:\/\/www.ukctuzla.ba\/ukctuzla\/?page_id=470\" target=\"_blank\" rel=\"noopener\">Clinic for Neurology<\/a><\/li>\n<li title=\"\" data-original-title=\"\"><a href=\"https:\/\/www.ukctuzla.ba\/ukctuzla\/?page_id=474\" target=\"_blank\" rel=\"noopener\">Clinic for Psychiatry\u00a0<\/a><\/li>\n<li title=\"\" data-original-title=\"\"><a href=\"https:\/\/www.ukctuzla.ba\/ukctuzla\/?page_id=479\" target=\"_blank\" rel=\"noopener\">Clinic for Pulmonary Diseases<\/a><\/li>\n<li title=\"\" data-original-title=\"\"><a href=\"https:\/\/www.ukctuzla.ba\/ukctuzla\/?page_id=13179&amp;lang=en\" target=\"_blank\" rel=\"noopener\">Clinic for Skin Diseass<\/a><a href=\"https:\/\/www.ukctuzla.ba\/ukctuzla\/organizacija?layout=edit&amp;id=2013\"><br \/>\n<\/a><\/li>\n<li title=\"\" data-original-title=\"\"><a href=\"https:\/\/www.ukctuzla.ba\/ukctuzla\/?page_id=489\" target=\"_blank\" rel=\"noopener\">Clinic for Physical Medicine and Rehabilitation<\/a><\/li>\n<li title=\"\" data-original-title=\"\"><a href=\"https:\/\/www.ukctuzla.ba\/ukctuzla\/?page_id=494\" target=\"_blank\" rel=\"noopener\">Clinic for Oncology, Hematology and Radiotherapy<\/a><\/li>\n<li title=\"\" data-original-title=\"\"><a href=\"https:\/\/www.ukctuzla.ba\/ukctuzla\/?page_id=13330&amp;lang=en\">Clinic for Radiology and Nuclear Medicine<\/a><\/li>\n<li title=\"\" data-original-title=\"\"><a href=\"https:\/\/www.ukctuzla.ba\/ukctuzla\/?page_id=13357&amp;lang=en\">Clinic for Hematology and Hematopoietic Stem Cell Transplantation<\/a><\/li>\n<li title=\"\" data-original-title=\"\"><a href=\"https:\/\/www.ukctuzla.ba\/ukctuzla\/?page_id=13363&amp;lang=en\">Clinic for Urology<\/a><\/li>\n<li title=\"\" data-original-title=\"\"><a href=\"https:\/\/www.ukctuzla.ba\/ukctuzla\/?page_id=13378&amp;lang=en\">Clinic for Thoracic Surgery<\/a><\/li>\n<\/ul>\n<p><span style=\"color: #ff0000;\"><strong>POLYCLINICS<\/strong><\/span><\/p>\n<ul>\n<li title=\"\" data-original-title=\"\"><a href=\"https:\/\/www.ukctuzla.ba\/ukctuzla\/?page_id=502\" target=\"_blank\" rel=\"noopener\">Poliklinika za laboratorijsku dijagnostiku <\/a>(Podaci a\u017eurirani 14.11.2013.god.)<\/li>\n<li title=\"\" data-original-title=\"\"><a href=\"https:\/\/www.ukctuzla.ba\/ukctuzla\/?page_id=504\" target=\"_blank\" rel=\"noopener\">Polyclinic for Transfusion Medicine<\/a><\/li>\n<\/ul>\n<p><span style=\"color: #ff0000;\"><strong>ZAVODI<\/strong><\/span><\/p>\n<ul>\n<li title=\"\" data-original-title=\"\"><a href=\"https:\/\/www.ukctuzla.ba\/ukctuzla\/?page_id=506\" target=\"_blank\" rel=\"noopener\">Zavod za klini\u010dku farmakologiju <\/a><a href=\"https:\/\/www.ukctuzla.ba\/ukctuzla\/component\/content\/article?id=51\">(<\/a>Podaci a\u017eurirani 12.1 2015.god.)<\/li>\n<\/ul>\n<ul>\n<li title=\"\" data-original-title=\"\"><a href=\"https:\/\/www.ukctuzla.ba\/ukctuzla\/?page_id=508\" target=\"_blank\" rel=\"noopener\">Zavod za psiholo\u0161ku i socijalnu za\u0161titu <\/a>(Podaci a\u017eurirani 8.1. 2015. god.)<a href=\"https:\/\/www.ukctuzla.ba\/ukctuzla\/organizacija?layout=edit&amp;id=2782\"><strong><br \/>\n<\/strong><\/a><\/li>\n<\/ul>\n<p><span style=\"color: #ff0000;\"><strong>CENTRI<\/strong><\/span><\/p>\n<ul>\n<li title=\"\" data-original-title=\"\">Urgentni centar<\/li>\n<li title=\"\" data-original-title=\"\"><a href=\"https:\/\/www.ukctuzla.ba\/ukctuzla\/?page_id=510\" target=\"_blank\" rel=\"noopener\">Centar za palijativnu njegu<\/a>\u00a0(Podaci a\u017eurirani 20. 1. 2015.god)<\/li>\n<\/ul>\n<p><span style=\"color: #ff0000;\"><a style=\"color: #ff0000;\" href=\"https:\/\/www.ukctuzla.ba\/ukctuzla\/?page_id=512\" target=\"_blank\" rel=\"noopener\"><strong>BOLNI\u010cKA APOTEKA<\/strong><\/a> <\/span>(Podaci a\u017eurirani, 5.1.2015.god.)<\/p>\n<p><strong><a href=\"https:\/\/www.ukctuzla.ba\/ukctuzla\/?page_id=516\" target=\"_blank\" rel=\"noopener\"><span style=\"color: #ff0000;\">SEKTORI<\/span> <\/a><br \/>\n<\/strong><\/p>\n<ul>\n<li title=\"\" data-original-title=\"\"><a href=\"https:\/\/www.ukctuzla.ba\/ukctuzla\/?page_id=501\" target=\"_blank\" rel=\"noopener\">Sektor za ekonomsko-finansijske poslove <\/a><a href=\"https:\/\/www.ukctuzla.ba\/ukctuzla\/component\/content\/article?id=51\">(<\/a>Podaci a\u017eurirani, 2013.god.)<\/li>\n<li title=\"\" data-original-title=\"\"><a href=\"https:\/\/www.ukctuzla.ba\/ukctuzla\/?page_id=518\" target=\"_blank\" rel=\"noopener\">Sektor za pravne poslove i ljudske resurse <\/a><a href=\"https:\/\/www.ukctuzla.ba\/ukctuzla\/component\/content\/article?id=51\">(<\/a>Podaci a\u017eurirani 13.2. 2015.god.)<\/li>\n<li title=\"\" data-original-title=\"\"><a href=\"https:\/\/www.ukctuzla.ba\/ukctuzla\/?page_id=521\" target=\"_blank\" rel=\"noopener\">Sektor za poslove organizacije i pobolj\u0161anja kvaliteta <\/a><a href=\"https:\/\/www.ukctuzla.ba\/ukctuzla\/component\/content\/article?id=51\">(<\/a>Podaci a\u017eurirani 4.2. 2015.god.)<\/li>\n<li title=\"\" data-original-title=\"\"><a href=\"https:\/\/www.ukctuzla.ba\/ukctuzla\/?page_id=523\" target=\"_blank\" rel=\"noopener\">Sektor za higijensko-epidemiolo\u0161ki nadzor<\/a><\/li>\n<li title=\"\" data-original-title=\"\"><a href=\"https:\/\/www.ukctuzla.ba\/ukctuzla\/?page_id=525\" target=\"_blank\" rel=\"noopener\">Sektor za tehni\u010dke poslove<\/a><\/li>\n<li title=\"\" data-original-title=\"\"><a href=\"https:\/\/www.ukctuzla.ba\/ukctuzla\/?page_id=527\" target=\"_blank\" rel=\"noopener\">Sektor za informacione tehnologije <\/a><a href=\"https:\/\/www.ukctuzla.ba\/ukctuzla\/component\/content\/article?id=51\">(<\/a>Podaci a\u017eurirani Februar, 2013.god.)<\/li>\n<li title=\"\" data-original-title=\"\"><a href=\"https:\/\/www.ukctuzla.ba\/ukctuzla\/?page_id=530\" target=\"_blank\" rel=\"noopener\">Sektor za nau\u010dno-istra\u017eiva\u010dki rad i stru\u010dno usavr\u0161avanje\u00a0<\/a><a href=\"https:\/\/www.ukctuzla.ba\/ukctuzla\/component\/content\/article?id=51\">(<\/a>Podaci a\u017eurirani Februar, 2013.god.)<\/li>\n<\/ul>\n<p><span style=\"color: #ff0000;\"><a style=\"color: #ff0000;\" href=\"https:\/\/www.ukctuzla.ba\/ukctuzla\/?page_id=516\" target=\"_blank\" rel=\"noopener\"><strong>SLU\u017dBE<\/strong><\/a><\/span><\/p>\n<ul>\n<li title=\"\" data-original-title=\"\"><a href=\"https:\/\/www.ukctuzla.ba\/ukctuzla\/?page_id=532\" target=\"_blank\" rel=\"noopener\">Slu\u017eba za internu reviziju <\/a><a href=\"https:\/\/www.ukctuzla.ba\/ukctuzla\/component\/content\/article?id=51\">(<\/a>Podaci a\u017eurirani Februar, 2013.god.)<\/li>\n<li title=\"\" data-original-title=\"\"><a href=\"https:\/\/www.ukctuzla.ba\/ukctuzla\/?page_id=539\" target=\"_blank\" rel=\"noopener\">Slu\u017eba za kancelarijsko i arhivsko poslovanje <\/a><a href=\"https:\/\/www.ukctuzla.ba\/ukctuzla\/component\/content\/article?id=51\">(<\/a>Podaci a\u017eurirani 30.1. 2017.god.)<\/li>\n<li title=\"\" data-original-title=\"\"><a href=\"https:\/\/www.ukctuzla.ba\/ukctuzla\/?page_id=541\" target=\"_blank\" rel=\"noopener\">Unutarnja slu\u017eba za\u0161tite <\/a>(Podaci a\u017eurirani Februar, 2013.god.)<\/li>\n<li title=\"\" data-original-title=\"\"><a href=\"https:\/\/www.ukctuzla.ba\/ukctuzla\/?page_id=4505&amp;lang=bs\" target=\"_blank\" rel=\"noopener\">Slu\u017eba za medicinsku fiziku i za\u017etitu od zra\u010denja <\/a>(Podaci a\u017eurirani 6.6 2017.god.)<\/li>\n<\/ul>\n<p><span style=\"color: #ff0000;\"><strong>SESTRINSTVO<\/strong><\/span><\/p>\n<p><a href=\"https:\/\/www.ukctuzla.ba\/ukctuzla\/wp-content\/uploads\/2016\/01\/PlanEdukacije2016.pdf\" target=\"_blank\" rel=\"noopener\">Plan stru\u010dnih sastanaka medicinskih sestara-tehni\u010dara JZU UKC Tuzla za 2015 godinu<\/a><\/p>\n<p><span style=\"color: #ff0000;\"><a style=\"color: #ff0000;\" href=\"https:\/\/www.ukctuzla.ba\/ukctuzla\/?page_id=543\" target=\"_blank\" rel=\"noopener\"><strong>ETI\u010cKI KOMITET<\/strong><\/a><\/span>[\/vc_column_text][\/vc_column][\/vc_row]<\/p>\n<\/div>","protected":false},"excerpt":{"rendered":"<p>[vc_row][vc_column][vc_column_text css=&#8221;&#8221;]DIRECTOR'S OFFICE\u00a0\u00a0(Podaci a\u017eurirani 28.11. 2014. god.) KLINIKE Clinic for Internal Medicine Clinic for Surgery Clinic for Cardiovascular Diseases Clinic for Orthopedy and Trauma Clinic for Neurosurgery Clinic for Ear, Throat, Nose Clinic for Plastic and Maxillofacial Surgery\u00a0 Clinic for Eye Diseases Clinic for Gynecology and Obstetricion Clinic for Anaesthsia and Resuscitation Clinic for Pediatric&hellip;<\/p>\n","protected":false},"author":1,"featured_media":16294,"parent":0,"menu_order":0,"comment_status":"closed","ping_status":"closed","template":"","meta":{"footnotes":""},"class_list":["post-249","page","type-page","status-publish","has-post-thumbnail","hentry","description-off"],"_links":{"self":[{"href":"https:\/\/www.ukctuzla.ba\/ukctuzla\/index.php?rest_route=\/wp\/v2\/pages\/249","targetHints":{"allow":["GET"]}}],"collection":[{"href":"https:\/\/www.ukctuzla.ba\/ukctuzla\/index.php?rest_route=\/wp\/v2\/pages"}],"about":[{"href":"https:\/\/www.ukctuzla.ba\/ukctuzla\/index.php?rest_route=\/wp\/v2\/types\/page"}],"author":[{"embeddable":true,"href":"https:\/\/www.ukctuzla.ba\/ukctuzla\/index.php?rest_route=\/wp\/v2\/users\/1"}],"replies":[{"embeddable":true,"href":"https:\/\/www.ukctuzla.ba\/ukctuzla\/index.php?rest_route=%2Fwp%2Fv2%2Fcomments&post=249"}],"version-history":[{"count":40,"href":"https:\/\/www.ukctuzla.ba\/ukctuzla\/index.php?rest_route=\/wp\/v2\/pages\/249\/revisions"}],"predecessor-version":[{"id":20232,"href":"https:\/\/www.ukctuzla.ba\/ukctuzla\/index.php?rest_route=\/wp\/v2\/pages\/249\/revisions\/20232"}],"wp:featuredmedia":[{"embeddable":true,"href":"https:\/\/www.ukctuzla.ba\/ukctuzla\/index.php?rest_route=\/wp\/v2\/media\/16294"}],"wp:attachment":[{"href":"https:\/\/www.ukctuzla.ba\/ukctuzla\/index.php?rest_route=%2Fwp%2Fv2%2Fmedia&parent=249"}],"curies":[{"name":"wp","href":"https:\/\/api.w.org\/{rel}","templated":true}]}}