{"id":257,"date":"2016-02-10T12:24:56","date_gmt":"2016-02-10T12:24:56","guid":{"rendered":"http:\/\/10.0.0.65\/ukctuzla3\/?page_id=257"},"modified":"2016-05-10T14:21:49","modified_gmt":"2016-05-10T13:21:49","slug":"announcments","status":"publish","type":"page","link":"https:\/\/www.ukctuzla.ba\/ukctuzla\/?page_id=257&lang=en","title":{"rendered":"PROFESSIONAL MEETINGS"},"content":{"rendered":"<p><strong>PLAN STRU\u010cNIH SASTANAKA MEDICINSKIH SESTARA-TEHNI\u010cARA JZU UNIVERZITETSKOG KLINI\u010cKOG CENTRA\u00a0 TUZLA\u00a0 ZA 2016. GODINU<\/strong><br \/>\n(Stru\u010dni sastanci se odr\u017eavaju svakog prvog petka u mjesecu sa po\u010detkom u 14 sati u\u00a0\u00a0\u00a0 amfiteatru Klinike za interne bolesti JZU UKC Tuzla)<\/p>\n<p><a href=\"http:\/\/https:\/\/www.ukctuzla.ba\/ukctuzla\/wp-content\/uploads\/2016\/02\/PlanEdukacije2016.pdf\" target=\"_blank\">Klikni na link za pregled<\/a><\/p>\n<p>&nbsp;<\/p>\n<h3><strong>1. Kongres o debljini Bosne i Hercegovine sa me\u0111unarodnim u\u010de\u0161\u0107em<\/strong><\/h3>\n<p><strong>\u00a013 -14 novembar \/ studeni 2015<br \/>\nHotel Tuzla, Tuzla<\/strong><\/p>\n<p><strong>\u00a0<\/strong><\/p>\n<p>Cijenjene kolegice i kolege, dragi prijatelji<br \/>\nzadovoljstvo nam je da Vas mo\u017eemo pozvati da uzmete u\u010de\u0161\u0107e u radu Prvog kongresa o debljini u Bosni i Hercegovini sa me\u0111unarodnim u\u010de\u0161\u0107em.<br \/>\nNovoformirano Udru\u017eenje \u201cDru\u0161tvo za debljinu\u201d u Bosni i Hercegovini \u017eeli da kroz multidisciplinarni pristup kroz razli\u010dite sesije epidemiolozi, endokrinolozi, gastroenterolozi, obiteljski lije\u010dnici, psihijatri, pedijatri, anesteziolozi, nutricionisti, hirurzi i drugi donesu kroz interaktivan pristup smjernice za lije\u010denje debljine u Bosni i Hercegovini.<br \/>\nKroz posebnu sesiju sestre i medicinski tehni\u010dari \u0107e dati osvrt na specifi\u010dnosti rada sa pretilim pacijentima. U\u010de\u0161\u0107e na kongresu su potvrdili nejeminetniji stru\u010dnjaci i medicinski djelatnici iz razli\u010ditih oblasti koji se u svakodnevnoj praksi susre\u0107u sa pretilim pacijentima kako iz na\u0161e zemlje tako i iz inostranstva. Ako preklopimo na\u0161a znanja ona \u0107e biti ve\u0107a i konzistentnija a to \u0107e u kona\u010dnici dovesti do boljih rezultata u lije\u010denju gojaznosti.<br \/>\n\u0160iroko ra\u0161irenih ruku i topla srca Vas o\u010dekujemo u Tuzli.<\/p>\n<p>docent dr. Pa\u0161i\u0107 Fuad Predsjednik organizacionog odbora<br \/>\npredsjednik Udru\u017eenja \u201cDru\u0161tvo za debljinu\u201d u Bosni i Hercegovini.<strong><br \/>\n<\/strong><\/p>\n<p><strong>\u00a0<\/strong><br \/>\n<strong><a href=\"http:\/\/debljinabih.ba\/index.html\" target=\"_blank\">Vi\u0161e informacija<\/a><\/strong><\/p>\n<p><strong>\u00a0<\/strong><\/p>\n<h4><strong>Internacionalni kongres studenata i mladih doktora (bio)medicine u Bosni i Hercegovini<br \/>\nTuzla, 30.10. \u2013 01.11.2015.<\/strong><\/h4>\n<h4><strong><\/p>\n<p><\/strong><\/h4>\n","protected":false},"excerpt":{"rendered":"<p>PLAN STRU\u010cNIH SASTANAKA MEDICINSKIH SESTARA-TEHNI\u010cARA JZU UNIVERZITETSKOG KLINI\u010cKOG CENTRA\u00a0 TUZLA\u00a0 ZA 2016. GODINU (Stru\u010dni sastanci se odr\u017eavaju svakog prvog petka u mjesecu sa po\u010detkom u 14 sati u\u00a0\u00a0\u00a0 amfiteatru Klinike za interne bolesti JZU UKC Tuzla) Klikni na link za pregled &nbsp; 1. Kongres o debljini Bosne i Hercegovine sa me\u0111unarodnim u\u010de\u0161\u0107em \u00a013 -14 novembar&hellip;<\/p>\n","protected":false},"author":1,"featured_media":16294,"parent":0,"menu_order":0,"comment_status":"closed","ping_status":"closed","template":"","meta":{"footnotes":""},"class_list":["post-257","page","type-page","status-publish","has-post-thumbnail","hentry","description-off"],"_links":{"self":[{"href":"https:\/\/www.ukctuzla.ba\/ukctuzla\/index.php?rest_route=\/wp\/v2\/pages\/257","targetHints":{"allow":["GET"]}}],"collection":[{"href":"https:\/\/www.ukctuzla.ba\/ukctuzla\/index.php?rest_route=\/wp\/v2\/pages"}],"about":[{"href":"https:\/\/www.ukctuzla.ba\/ukctuzla\/index.php?rest_route=\/wp\/v2\/types\/page"}],"author":[{"embeddable":true,"href":"https:\/\/www.ukctuzla.ba\/ukctuzla\/index.php?rest_route=\/wp\/v2\/users\/1"}],"replies":[{"embeddable":true,"href":"https:\/\/www.ukctuzla.ba\/ukctuzla\/index.php?rest_route=%2Fwp%2Fv2%2Fcomments&post=257"}],"version-history":[{"count":4,"href":"https:\/\/www.ukctuzla.ba\/ukctuzla\/index.php?rest_route=\/wp\/v2\/pages\/257\/revisions"}],"predecessor-version":[{"id":2406,"href":"https:\/\/www.ukctuzla.ba\/ukctuzla\/index.php?rest_route=\/wp\/v2\/pages\/257\/revisions\/2406"}],"wp:featuredmedia":[{"embeddable":true,"href":"https:\/\/www.ukctuzla.ba\/ukctuzla\/index.php?rest_route=\/wp\/v2\/media\/16294"}],"wp:attachment":[{"href":"https:\/\/www.ukctuzla.ba\/ukctuzla\/index.php?rest_route=%2Fwp%2Fv2%2Fmedia&parent=257"}],"curies":[{"name":"wp","href":"https:\/\/api.w.org\/{rel}","templated":true}]}}