{"id":282,"date":"2016-02-11T12:06:00","date_gmt":"2016-02-11T12:06:00","guid":{"rendered":"http:\/\/10.0.0.65\/ukctuzla3\/?page_id=282"},"modified":"2016-02-11T12:15:05","modified_gmt":"2016-02-11T12:15:05","slug":"prijem-u-bolnicu-i-lijecenje","status":"publish","type":"page","link":"https:\/\/www.ukctuzla.ba\/ukctuzla\/?page_id=282&lang=bs","title":{"rendered":"PRIJEM U BOLNICU I LIJE\u010cENJE"},"content":{"rendered":"<div align=\"justify\"><strong>Radno vrijeme<\/strong><\/div>\n<div align=\"justify\">Redovno radno vrijeme klinika i poliklinika radnim danom je od 8,00 do 16,00. Za hitna stanja organizirane su slu\u017ebe de\u017eurstva koje rade 24 sata. Specijalisti\u010dke ambulante rade od ponedeljka do petka od 8,00 do 13,30, odnosno do 16,00, o \u010demu \u0107ete biti informisani prilikom zakazivanja pregleda.<\/div>\n<div align=\"justify\"><strong><br \/>\nDolazak u bolnicu<br \/>\n<\/strong>Po dolasku u bolnicu predajte dokumentaciju u prijemnoj ambulanti u koju ste upu\u0107eni. Ako Va\u0161e stanje ne zahtijeva hitan prijem, prijem u bolnicu bi\u0107e zakazan za odre\u0111eni dan. Za pojedine preglede i dijagnosti\u010dke pretrage, tako\u0111e \u0107e Vam biti odre\u0111en termin.<br \/>\nTermini za odre\u0111ene preglede mogu se dogovoriti telefonom. Svi kontakti navedeni su telefonskom imeniku u oviru Vodi\u010da<\/div>\n<div align=\"justify\"><strong>Jednakost u pristupu i pru\u017eanju usluga<br \/>\n<\/strong>Svim pacijentima zagarantovan je jednak pristup i pru\u017eanje zdravstvenih usluga bez obzira na naciju, spol, rasu, jezik, vjeroispovijest, onesposobljenost, godine i druge razli\u010ditosti.<br \/>\n<strong><br \/>\nDokumenti koji su potrebni za obavljanje pregleda, dijagnosti\u010dkih pretraga i bolni\u010dko lije\u010denje<br \/>\n<\/strong><\/p>\n<ul>\n<li>Uputnica ljekara iz primarne za\u0161tite ili druge bolnice (ne starija od 30 dana)<\/li>\n<li>Ovjerena zdravstvena knji\u017eica<\/li>\n<li>Li\u010dna karta ili drugi identifikacijski dokument sa slikom (paso\u0161, voza\u010dka dozvola)<\/li>\n<li>Zdravstvena dokumentacija o prethodnom lije\u010denju (otpusnice, rtg snimci, nalaz UZ i sl.).<\/li>\n<\/ul>\n<\/div>\n<div align=\"justify\">\n<div align=\"justify\"><\/div>\n<p>Detaljna uputstva o potrebnoj dokumentaciji, bilo da ste osiguranik sa podru\u010dja Tuzlanskog kantona ili drugog kantona \/ entiteta \/ distrikta mogu se dobiti u prijemnim ambulantama.<br \/>\nInformacije mo\u017eete dobiti i na brojeve telefona. Svi kontakti navedeni su telefonskom imeniku u oviru Vodi\u010da<\/p>\n<\/div>\n<div align=\"justify\"><strong><br \/>\nU slu\u010daju hitnog dolaska u bolnicu po\u017eeljni su<br \/>\n<\/strong><\/p>\n<ul>\n<li>Sva postoje\u0107a medicinska dokumentacija<\/li>\n<li>Lijekovi koje trenutno uzimate<\/li>\n<li>Novac za podmirenje tro\u0161kova<\/li>\n<\/ul>\n<p><strong>Osoba u pratnji uvijek je dobrodo\u0161la!<br \/>\n<\/strong>Ako je rije\u010d o hitnom prijemu pacijent u pratnji \u0107e se ostaviti rok za dostavu potrebne dokumentacije. Za pacijente, koji su osiguranici drugog kantona entiteta \/ distrikta, u slu\u010daju hitnog prijema na bolni\u010dko lije\u010denje postoji propisana procedura po kojoj se obavje\u0161tava nadle\u017eni zavod zdravstvenog osiguranja koji dostavlja Odluku o saglasnosti za lije\u010denje Sektoru za ekonomsko-finansijske poslove JZU UKC Tuzla.<\/p>\n<p><strong>Prilikom prijema u bolnicu na prvom pregledu potrebno je upozoriti ljekara na<br \/>\n<\/strong><\/p>\n<ul>\n<li>Lijekove koje ve\u0107 uzimate (dobijene na recept, one u slobodnoj prodaji, homeopatske pripravke, pa \u010dak i vitamine)<\/li>\n<li>Alergijske reakcije koje kod Vas izaziva lijek (npr. penicilin), hrana i sl.<\/li>\n<li>Radi \u0161to uspje\u0161nijeg lije\u010denja vrlo je va\u017eno iskreno odgovarati na ljekarova pitanja, neovisno o tome koliko Vam se neki podaci \u010dinili neva\u017enima ili Vam je neugodno o njima govoriti. Va\u0161a pomo\u0107 ljekaru ujednoje i pomo\u0107 Vama samima.<\/li>\n<\/ul>\n<\/div>\n<div align=\"justify\">\n<div><strong>Tro\u0161kovi lije\u010denja<br \/>\n<\/strong>Li\u010dno u\u010de\u0161\u0107e u tro\u0161kovima lije\u010denja (participacija) zavisi od toga kod kojeg ste kantonalnog zavoda zdravstvenog osiguranja osigurani, odnosno da li ste osiguranik drugog entiteta ili distrikta. Sve potrebne informacije o pla\u0107anju dobi\u0107ete od osoblja na prijemu.<br \/>\nUkoliko se prije dolaska u bolnicu \u017eelite informisati o tro\u0161kovima lije\u010denja informacije mo\u017eete dobiti od glavne sestre klinike ili putem telefona.<\/div>\n<div><strong><strong>Ukoliko niste osigurani ili ne posjedujete odgovaraju\u0107u dokumentaciju sami snosite tro\u0161kove lije\u010denja.<\/strong><\/strong>&nbsp;<\/p>\n<\/div>\n<\/div>\n<div><strong>Informacije<br \/>\n<\/strong>Za vrijeme boravka u bolnici radi pregleda ili lije\u010denja sve potrebne informacije mo\u017eete dobiti na informacionom desku, koji se nalazi na ulazu u svaku bolni\u010dku zgradu.<\/div>\n","protected":false},"excerpt":{"rendered":"<p>Radno vrijeme Redovno radno vrijeme klinika i poliklinika radnim danom je od 8,00 do 16,00. Za hitna stanja organizirane su slu\u017ebe de\u017eurstva koje rade 24 sata. Specijalisti\u010dke ambulante rade od ponedeljka do petka od 8,00 do 13,30, odnosno do 16,00, o \u010demu \u0107ete biti informisani prilikom zakazivanja pregleda. Dolazak u bolnicu Po dolasku u bolnicu&hellip;<\/p>\n","protected":false},"author":1,"featured_media":16294,"parent":0,"menu_order":0,"comment_status":"closed","ping_status":"closed","template":"","meta":{"footnotes":""},"class_list":["post-282","page","type-page","status-publish","has-post-thumbnail","hentry","description-off"],"_links":{"self":[{"href":"https:\/\/www.ukctuzla.ba\/ukctuzla\/index.php?rest_route=\/wp\/v2\/pages\/282","targetHints":{"allow":["GET"]}}],"collection":[{"href":"https:\/\/www.ukctuzla.ba\/ukctuzla\/index.php?rest_route=\/wp\/v2\/pages"}],"about":[{"href":"https:\/\/www.ukctuzla.ba\/ukctuzla\/index.php?rest_route=\/wp\/v2\/types\/page"}],"author":[{"embeddable":true,"href":"https:\/\/www.ukctuzla.ba\/ukctuzla\/index.php?rest_route=\/wp\/v2\/users\/1"}],"replies":[{"embeddable":true,"href":"https:\/\/www.ukctuzla.ba\/ukctuzla\/index.php?rest_route=%2Fwp%2Fv2%2Fcomments&post=282"}],"version-history":[{"count":2,"href":"https:\/\/www.ukctuzla.ba\/ukctuzla\/index.php?rest_route=\/wp\/v2\/pages\/282\/revisions"}],"predecessor-version":[{"id":297,"href":"https:\/\/www.ukctuzla.ba\/ukctuzla\/index.php?rest_route=\/wp\/v2\/pages\/282\/revisions\/297"}],"wp:featuredmedia":[{"embeddable":true,"href":"https:\/\/www.ukctuzla.ba\/ukctuzla\/index.php?rest_route=\/wp\/v2\/media\/16294"}],"wp:attachment":[{"href":"https:\/\/www.ukctuzla.ba\/ukctuzla\/index.php?rest_route=%2Fwp%2Fv2%2Fmedia&parent=282"}],"curies":[{"name":"wp","href":"https:\/\/api.w.org\/{rel}","templated":true}]}}