{"id":284,"date":"2016-02-11T12:07:33","date_gmt":"2016-02-11T12:07:33","guid":{"rendered":"http:\/\/10.0.0.65\/ukctuzla3\/?page_id=284"},"modified":"2016-02-11T12:07:33","modified_gmt":"2016-02-11T12:07:33","slug":"bolnicko-lijecenje-visednevni-boravak-u-bolnici-hospitalizacija","status":"publish","type":"page","link":"https:\/\/www.ukctuzla.ba\/ukctuzla\/?page_id=284&lang=bs","title":{"rendered":"BOLNI\u010cKO LIJE\u010cENJE (VI\u0160EDNEVNI BORAVAK U BOLNICI-HOSPITALIZACIJA)"},"content":{"rendered":"<p><strong>\u0160ta pacijent nosi sa sobom<\/strong><br \/>\nPri\u00a0 dolasku na lije\u010denje u bolnicu ponesite sa sobom<\/p>\n<ul>\n<li>Sredstva za li\u010dnu higijenu (sapun, \u010detkica i pasta za zube, \u010da\u0161a, pe\u0161kir, brija\u010d, ogledalo, li\u010dna kozmetika, papirni ubrusi),<\/li>\n<li>Papu\u010de<\/li>\n<li>Pid\u017eamu\/spava\u010dicu<\/li>\n<li>Rublje<\/li>\n<li>\u010carape<\/li>\n<li>Ogrta\u010d<\/li>\n<li>Sve lijekove koje trenutno uzimate i to u originalnom pakovanju (uklju\u010duju\u0107i vitamine, tablete za spavanje, kapi za o\u010di ili nos, te sli\u010dne lijekove koji se ne izdaju na recept)<\/li>\n<li>Sve \u0161to \u0107e Vam \u017eivot u bolnici u\u010diniti ugodnijim (knjigu, novine, elektronske igrice, radio, CD player sa slu\u0161alicama, itd.)<\/li>\n<li>Novac za telefon, novine&#8230;<\/li>\n<\/ul>\n<p><strong>Napominjemo da&#8230;<\/strong><br \/>\n<strong>Iako mobilni telefon olak\u0161ava komunikaciju s bli\u017enjima dok ste razdvojeni, potrebno je biti obziran prema drugim bolesnicima u sobi i na odjeljenju. Molimo da ga dr\u017eite na vibracijskoj dojavi poziva kada ste u zgradi. Pitajte odjeljensku sestru smeta li mobilni telefon drugim ure\u0111ajima koji se nalaze u bolesni\u010dkoj sobi ili u blizini!<\/strong><\/p>\n<p><strong>Pri prijemu<\/strong><br \/>\nPo dolasku bit \u0107e Vam dodijeljeni krevet i ormari\u0107. Na nekim odjeljenjima nije dopu\u0161teno da nosite Va\u0161u pid\u017eamu\/spava\u0107icu, o \u010demu \u0107ete biti obavije\u0161teni.<br \/>\nPri prijemu Va\u0161a odje\u0107a i obu\u0107a \u0107e biti popisana i spremljena u posebnu garderobu ili u plakar u Va\u0161oj bolesni\u010dkoj sobi. Za odje\u0107u i obu\u0107u spremljenu u garderobu dobi\u0107ete potvrdu. Potvrdu sa\u010duvajte do otpusta iz bolnice, da bi Vam na osnovu potvrde mogli vratiti stvari. Preporu\u010dujemo da odje\u0107u i obu\u0107u date svojoj pratnji.<br \/>\nOdje\u0107u i obu\u0107u pacijenata koji nisu pri svijesti pohranjujemo u bolni\u010dku garderobu ili predajemo \u010dlanovima porodice.<br \/>\nNije\u00a0\u00a0 preporu\u010dljivo\u00a0\u00a0 nositi\u00a0\u00a0 velike\u00a0\u00a0 koli\u010dine novca\u00a0 ,\u00a0\u00a0 dragocjenosti,\u00a0\u00a0 prijenosni kompjuter ili televizor, jer za njihov nestanak bolnica ne odgovara!<br \/>\nVrijednije predmete bolesnika koji nisu pri svijesti pohranjujemo u bolni\u010dki sef ili predajemo \u010dlanovima porodice.<\/p>\n<p><strong>Lijekovi<\/strong><br \/>\nPrilikom lije\u010denja u bolnici uzimajte lijekove koje Vam je propisao odgovorni ljekar. Obavijestite ga o lijekovima koje redovno uzimate po preporuci Va\u0161eg porodi\u010dnog ljekara i dogovorite se s njim da li \u0107ete ih i dalje uzimati.<\/p>\n<p><strong>Prijem u porodili\u0161te<\/strong><br \/>\nPored navedene dokumentacije za prijem potrebno je imati<\/p>\n<ul>\n<li>Trudni\u010dku knji\u017eicu sa nalazom krvne grupe i Rh faktora i drugim nalazima i dokumentacijom o pra\u0107enju trudno\u0107e<\/li>\n<li>Pribor za li\u010dnu higijenu<\/li>\n<li>Higijenske ulo\u0161ke<\/li>\n<li>Manji\u00a0\u00a0\u00a0 paketi\u0107\u00a0\u00a0\u00a0 pampers\u00a0\u00a0\u00a0 pelena\u00a0\u00a0\u00a0 za\u00a0\u00a0\u00a0 Va\u0161e novoro\u0111en\u010de<\/li>\n<li>Lijekove koje trenutno uzimate.<\/li>\n<\/ul>\n<p><strong>Dogovorite se sa ljekarom i babicom na prijemu ukoliko \u017eelite da porodu prisustvuje Va\u0161 partner.<\/strong><\/p>\n<p><strong>Djeca u bolnici<\/strong><br \/>\nPri dolasku na lije\u010denje u bolnicu djeca trebaju ponijeti stvari kao i za odrasle, a pored toga i kartice za telefon i neke drage predmete (igra\u010dke, knjige, fotografije). Na predmete napi\u0161ite ime i prezime djeteta kako se ne bi izgubili. Da se Va\u0161e dijete ne bi osje\u0107alo usamljeno preporu\u010dujemo da ga posje\u0107ujete svaki dan po dogovoru sa osobljem.<br \/>\nAko za vrijeme posjete \u017eelite izvesti Va\u0161e dijete izvan odjeljenja du\u017eni ste se o tome dogovoriti sa ljekarom ili medicinskom sestrom.<\/p>\n<p><strong>Prijem starijih osoba<\/strong><br \/>\nPri dolasku u bolnicu starije osobe treba da ponesu i posudicu za zubnu protezu i pribor za njeno \u010di\u0161\u0107enje, \u0161tapove ili \u0161take koje koriste kao pomo\u0107 pri hodanju, slu\u0161ni aparat, nao\u010dare za \u010ditanje. Svi predmeti trebali bi biti ozna\u010deni imenom i prezimenom ili kratkom oznakom.<\/p>\n<p><strong>Bolni\u010dka pratnja<\/strong><br \/>\nNa svakom ulazu (informacioni desk) u kliniku do\u010dekat \u0107e Vas sestra -doma\u0107ica koja \u0107e Vam dati \u017eeljene informacije. Pomo\u0107no osoblje pomo\u0107i \u0107e Vam pri kretanju i snala\u017eenju izme\u0111u pojedinih zgrada i pomo\u0107i slabije pokretnim pacijentima da okon\u010daju dijagnosti\u010dke procedure.<\/p>\n<p><strong>Specijalisti\u010dki ljekarski tim i sestrinska njega<\/strong><br \/>\nO Vama\u00a0 \u0107e za vrijeme boravka\u00a0 u\u00a0 bolnici brinuti\u00a0 specijalisti\u010dki\u00a0\u00a0 ljekarski\u00a0 tim\u00a0\u00a0 klinike.<br \/>\nOdgovorni\u00a0\u00a0 ljekar\u00a0\u00a0 \u0107e odrediti na\u010din i postupak Va\u0161eg lije\u010denja. U slu\u010daju da Va\u0161a bolest zahtijeva saradnju\u00a0\u00a0 vi\u0161e\u00a0 specijalisti\u010dkih\u00a0\u00a0 grana,\u00a0\u00a0 bi\u0107e pozvani\u00a0\u00a0 ljekari\u00a0\u00a0 drugih\u00a0\u00a0 klinika\u00a0\u00a0 ili\u00a0\u00a0 sazvan konzilijarni\u00a0 tim\u00a0 koji\u00a0 \u0107e dati\u00a0 preporuke za daljnji tok lije\u010denja.<br \/>\nO Vama\u00a0 \u0107e\u00a0 brinuti i\u00a0 medicinske sestre-tehni\u010dari,\u00a0 koji su va\u017ena spona izme\u0111u pacijenta\u00a0 i ljekara i zadu\u017eeni za zdravstvenu njegu, medicinsku rehabilitaciju i davanje terapije.<\/p>\n<p><strong>Pozivanje de\u017eurnog osoblja<\/strong><br \/>\nU svakoj sobi, u blizini bolesni\u010dkog kreveta, nalazi se ure\u0111aj za zvu\u010dno pozivanje de\u017eurnog osoblja.<\/p>\n","protected":false},"excerpt":{"rendered":"<p>\u0160ta pacijent nosi sa sobom Pri\u00a0 dolasku na lije\u010denje u bolnicu ponesite sa sobom Sredstva za li\u010dnu higijenu (sapun, \u010detkica i pasta za zube, \u010da\u0161a, pe\u0161kir, brija\u010d, ogledalo, li\u010dna kozmetika, papirni ubrusi), Papu\u010de Pid\u017eamu\/spava\u010dicu Rublje \u010carape Ogrta\u010d Sve lijekove koje trenutno uzimate i to u originalnom pakovanju (uklju\u010duju\u0107i vitamine, tablete za spavanje, kapi za o\u010di&hellip;<\/p>\n","protected":false},"author":1,"featured_media":16294,"parent":0,"menu_order":0,"comment_status":"closed","ping_status":"closed","template":"","meta":{"footnotes":""},"class_list":["post-284","page","type-page","status-publish","has-post-thumbnail","hentry","description-off"],"_links":{"self":[{"href":"https:\/\/www.ukctuzla.ba\/ukctuzla\/index.php?rest_route=\/wp\/v2\/pages\/284","targetHints":{"allow":["GET"]}}],"collection":[{"href":"https:\/\/www.ukctuzla.ba\/ukctuzla\/index.php?rest_route=\/wp\/v2\/pages"}],"about":[{"href":"https:\/\/www.ukctuzla.ba\/ukctuzla\/index.php?rest_route=\/wp\/v2\/types\/page"}],"author":[{"embeddable":true,"href":"https:\/\/www.ukctuzla.ba\/ukctuzla\/index.php?rest_route=\/wp\/v2\/users\/1"}],"replies":[{"embeddable":true,"href":"https:\/\/www.ukctuzla.ba\/ukctuzla\/index.php?rest_route=%2Fwp%2Fv2%2Fcomments&post=284"}],"version-history":[{"count":1,"href":"https:\/\/www.ukctuzla.ba\/ukctuzla\/index.php?rest_route=\/wp\/v2\/pages\/284\/revisions"}],"predecessor-version":[{"id":286,"href":"https:\/\/www.ukctuzla.ba\/ukctuzla\/index.php?rest_route=\/wp\/v2\/pages\/284\/revisions\/286"}],"wp:featuredmedia":[{"embeddable":true,"href":"https:\/\/www.ukctuzla.ba\/ukctuzla\/index.php?rest_route=\/wp\/v2\/media\/16294"}],"wp:attachment":[{"href":"https:\/\/www.ukctuzla.ba\/ukctuzla\/index.php?rest_route=%2Fwp%2Fv2%2Fmedia&parent=284"}],"curies":[{"name":"wp","href":"https:\/\/api.w.org\/{rel}","templated":true}]}}