{"id":287,"date":"2016-02-11T12:08:21","date_gmt":"2016-02-11T12:08:21","guid":{"rendered":"http:\/\/10.0.0.65\/ukctuzla3\/?page_id=287"},"modified":"2016-02-11T12:15:59","modified_gmt":"2016-02-11T12:15:59","slug":"pristanak-odbijanje-dijagnosticke-ili-terapijske-procedure","status":"publish","type":"page","link":"https:\/\/www.ukctuzla.ba\/ukctuzla\/?page_id=287&lang=bs","title":{"rendered":"PRISTANAK \/ ODBIJANJE DIJAGNOSTI\u010cKE ILI TERAPIJSKE PROCEDURE"},"content":{"rendered":"<p><strong>Pristanak na vrstu lije\u010denja<\/strong><br \/>\nZa operativni zahvat i drugu invazivnu proceduru potreban je Va\u0161 pristanak u pisanoj formi.<br \/>\nObrazac pristanka sadr\u017ei korisne efekte procedure koja \u0107e se provoditi, kao i potencijalne rizike.<br \/>\nPa\u017eljivo pro\u010ditajte obrazac prije potpisivanja i za sve nejasno\u0107e obratite se odgovornom\u00a0 ljekaru.<\/p>\n<p><strong>Odbijanje dijagnosti\u010dke procedure ili drugog tretmana<\/strong><br \/>\nVa\u0161e pravo u toku lije\u010denja je da odbijete predlo\u017eenu dijagnosti\u010dku proceduru ili drugi tretman. O mogu\u0107im alternativama se konsultujte sa odgovornim\u00a0 ljekarom.<br \/>\nUkoliko je Va\u0161a kona\u010dna odluka odbijanje tretmana, od Vas \u0107e biti tra\u017eeno da potpi\u0161ete odgovaraju\u0107u izjavu. U odre\u0111enim situacijama Va\u0161e odbijanje dijagnosti\u010dke procedure ili drugog tretmana mo\u017ee dovesti do otpusta iz bolnice.<\/p>\n<p><strong>Nastava sa u\u010denicima i studentima<\/strong><br \/>\nU bolnici se obavlja prakti\u010dna nastava za studente i u\u010denike. Molimo da svojim sudjelovanjem date doprinos uspje\u0161nom obavljanju nastave, ali napominjemo da imate pravo odbiti prisutnost studenata ili u\u010denika tokom pregleda ili druge procedure.<\/p>\n<p><strong>Pristanak na istra\u017eivanje<\/strong><br \/>\nIstra\u017eiva\u010dki rad zauzima zna\u010dajno mjesto u djelatnosti Ustanove. Ukoliko se predla\u017ee Va\u0161a uklju\u010denost o tome \u0107ete biti detaljno informisani i od Vas \u0107e se zatra\u017eiti pismeni pristanak.<br \/>\nOd Vas \u0107e se zatra\u017eiti pismeni pristanak i ukoliko se podaci iz Va\u0161e medicinske dokumentacije koriste za provjeru klini\u010dkog kvaliteta ili istra\u017eiva\u010dki rad na na\u010din da se iz objavljenih podataka mo\u017eete identificirati.<\/p>\n","protected":false},"excerpt":{"rendered":"<p>Pristanak na vrstu lije\u010denja Za operativni zahvat i drugu invazivnu proceduru potreban je Va\u0161 pristanak u pisanoj formi. Obrazac pristanka sadr\u017ei korisne efekte procedure koja \u0107e se provoditi, kao i potencijalne rizike. Pa\u017eljivo pro\u010ditajte obrazac prije potpisivanja i za sve nejasno\u0107e obratite se odgovornom\u00a0 ljekaru. Odbijanje dijagnosti\u010dke procedure ili drugog tretmana Va\u0161e pravo u toku&hellip;<\/p>\n","protected":false},"author":1,"featured_media":16294,"parent":0,"menu_order":0,"comment_status":"closed","ping_status":"closed","template":"","meta":{"footnotes":""},"class_list":["post-287","page","type-page","status-publish","has-post-thumbnail","hentry","description-off"],"_links":{"self":[{"href":"https:\/\/www.ukctuzla.ba\/ukctuzla\/index.php?rest_route=\/wp\/v2\/pages\/287","targetHints":{"allow":["GET"]}}],"collection":[{"href":"https:\/\/www.ukctuzla.ba\/ukctuzla\/index.php?rest_route=\/wp\/v2\/pages"}],"about":[{"href":"https:\/\/www.ukctuzla.ba\/ukctuzla\/index.php?rest_route=\/wp\/v2\/types\/page"}],"author":[{"embeddable":true,"href":"https:\/\/www.ukctuzla.ba\/ukctuzla\/index.php?rest_route=\/wp\/v2\/users\/1"}],"replies":[{"embeddable":true,"href":"https:\/\/www.ukctuzla.ba\/ukctuzla\/index.php?rest_route=%2Fwp%2Fv2%2Fcomments&post=287"}],"version-history":[{"count":2,"href":"https:\/\/www.ukctuzla.ba\/ukctuzla\/index.php?rest_route=\/wp\/v2\/pages\/287\/revisions"}],"predecessor-version":[{"id":299,"href":"https:\/\/www.ukctuzla.ba\/ukctuzla\/index.php?rest_route=\/wp\/v2\/pages\/287\/revisions\/299"}],"wp:featuredmedia":[{"embeddable":true,"href":"https:\/\/www.ukctuzla.ba\/ukctuzla\/index.php?rest_route=\/wp\/v2\/media\/16294"}],"wp:attachment":[{"href":"https:\/\/www.ukctuzla.ba\/ukctuzla\/index.php?rest_route=%2Fwp%2Fv2%2Fmedia&parent=287"}],"curies":[{"name":"wp","href":"https:\/\/api.w.org\/{rel}","templated":true}]}}