{"id":293,"date":"2016-02-11T12:11:01","date_gmt":"2016-02-11T12:11:01","guid":{"rendered":"http:\/\/10.0.0.65\/ukctuzla3\/?page_id=293"},"modified":"2017-09-07T13:53:02","modified_gmt":"2017-09-07T12:53:02","slug":"korisne-informacije","status":"publish","type":"page","link":"https:\/\/www.ukctuzla.ba\/ukctuzla\/?page_id=293&lang=bs","title":{"rendered":"KORISNE INFORMACIJE"},"content":{"rendered":"<p><strong>Pristup medicinskoj dokumentaciji<br \/>\n<\/strong><\/p>\n<div align=\"justify\">U toku i nakon lije\u010denja mo\u017eete ostvariti pristup Va\u0161oj medicinskoj dokumentaciji ili zatra\u017eiti kopiju iste. O na\u010dinu kako da to ostvarite mo\u017eete se informisati kod odgovorne sestre odjeljenja.<\/div>\n<div align=\"justify\"><strong><br \/>\nReligijske potrebe<br \/>\n<\/strong>Bolnica ima prostorije za obavljanje vjerskih obreda i to na dva lokaliteta. Prostorije se na lokalitetu Gradina nalaze u izdvojenom objektu, koji se nalazi u parku, preko puta objekata u kojima su smje\u0161teni Poliklinika za laboratorijsku dijagnostiku i Uprava bolnice. Na lokalitetu Slavinovi\u0107i, prostorije za vjerske obrede se nalaze u Centru palijativne njege. Imamo i odgovaraju\u0107u saradnju sa vjerskim slu\u017ebenicima, koje na Va\u0161 zahtjev pozivamo.<\/div>\n<div align=\"justify\"><strong>Smje\u0161taj osoba u pratnji<\/strong><\/div>\n<div align=\"justify\">\n<p>Prisustvo \u010dlanova u\u017ee porodice i njihova potpora \u010desto olak\u0161avaju boravak u bolnici, ali u na\u0161oj Ustanovi ne postoji mogu\u0107nost smje\u0161taja pratnje. Za smje\u0161taj majke pratilje informacije \u0107ete dobiti od odjeljenske sestre.<\/p>\n<\/div>\n<p><strong>Prigovori, pohvale, prijedlozi<br \/>\n<\/strong>Va\u0161e prigovori, pohvale i prijedloge osoblje je uvijek spremno saslu\u0161ati i preduzeti potrebne mjere. Ako ih \u017eelite izraziti u pismenom obliku na raspolaganju su Vam sandu\u010di\u0107i, postavljeni za te namjene na svim odjeljenjima. Od odgovorne sestre odjeljenja mo\u017eete tra\u017eiti i da Vam se obezbjedi da se Va\u0161a izjava uzme na zapisnik.<\/p>\n<p>&nbsp;<\/p>\n<p>Telefoni:<\/p>\n<p>&nbsp;<\/p>\n<p>Klinika za interne bolesti 035\/303-302<br \/>\nKlinika za hirurgiju 035\/303-228<br \/>\nKlinika za ortopediju i traumatologiju 035\/303-241<br \/>\nKlinika za bolesti uha, grla i nosa 035\/303-208<br \/>\nKlinika za o\u010dne bolesti 035\/303-255<br \/>\nKlinika za anesteziologiju i reanimatologiju 035\/303-237<br \/>\nKlinika za kardiovaskularnu hirurgiju 035\/303-167<br \/>\nKlinika za invazivnu kardiologiju 035\/303-202<br \/>\nKlinika za neurohirurgiju 035\/303-248<br \/>\nKlinika za plasti\u010dnu i maksilofacijalnu hirurgiju 035\/303-247<br \/>\nKlinika za ginekologiju i aku\u0161erstvo 035\/303-406<br \/>\nKlinika za dje\u010dije bolesti 035\/303-708<br \/>\nKlinika za neurologiju 035\/303-130<br \/>\nKlinika za plu\u0107ne bolesti 035\/306-646<br \/>\nKlinika za fizikalnu medicinu i rehabilitaciju 035\/303-630<br \/>\nKlinika za zarazne bolesti 035\/303-321<br \/>\nKlinika za psihijatriju 035\/267-111<br \/>\nKlinika za ko\u017ene bolesti 035\/303-120<br \/>\nKlinika za onkologiju i radioterapiju 035\/303-63 i 035\/303-483<br \/>\nKlinika za hematologiju i transplantaciju mati\u010dnih \u0107elija hematopoeze 035\/303-107<br \/>\nKlinika za radiologiju i nuklearnu medicinu 035\/303-528<br \/>\nCentar palijativne njege\u00a0 035\/306-661<br \/>\nPoliklinika za laboratorijsku dijagnostiku 035\/303-534<br \/>\nPoliklinika za transfuziologiju 035\/303-548<\/p>\n","protected":false},"excerpt":{"rendered":"<p>Pristup medicinskoj dokumentaciji U toku i nakon lije\u010denja mo\u017eete ostvariti pristup Va\u0161oj medicinskoj dokumentaciji ili zatra\u017eiti kopiju iste. O na\u010dinu kako da to ostvarite mo\u017eete se informisati kod odgovorne sestre odjeljenja. Religijske potrebe Bolnica ima prostorije za obavljanje vjerskih obreda i to na dva lokaliteta. Prostorije se na lokalitetu Gradina nalaze u izdvojenom objektu, koji&hellip;<\/p>\n","protected":false},"author":1,"featured_media":16294,"parent":0,"menu_order":0,"comment_status":"closed","ping_status":"closed","template":"","meta":{"footnotes":""},"class_list":["post-293","page","type-page","status-publish","has-post-thumbnail","hentry","description-off"],"_links":{"self":[{"href":"https:\/\/www.ukctuzla.ba\/ukctuzla\/index.php?rest_route=\/wp\/v2\/pages\/293","targetHints":{"allow":["GET"]}}],"collection":[{"href":"https:\/\/www.ukctuzla.ba\/ukctuzla\/index.php?rest_route=\/wp\/v2\/pages"}],"about":[{"href":"https:\/\/www.ukctuzla.ba\/ukctuzla\/index.php?rest_route=\/wp\/v2\/types\/page"}],"author":[{"embeddable":true,"href":"https:\/\/www.ukctuzla.ba\/ukctuzla\/index.php?rest_route=\/wp\/v2\/users\/1"}],"replies":[{"embeddable":true,"href":"https:\/\/www.ukctuzla.ba\/ukctuzla\/index.php?rest_route=%2Fwp%2Fv2%2Fcomments&post=293"}],"version-history":[{"count":4,"href":"https:\/\/www.ukctuzla.ba\/ukctuzla\/index.php?rest_route=\/wp\/v2\/pages\/293\/revisions"}],"predecessor-version":[{"id":4792,"href":"https:\/\/www.ukctuzla.ba\/ukctuzla\/index.php?rest_route=\/wp\/v2\/pages\/293\/revisions\/4792"}],"wp:featuredmedia":[{"embeddable":true,"href":"https:\/\/www.ukctuzla.ba\/ukctuzla\/index.php?rest_route=\/wp\/v2\/media\/16294"}],"wp:attachment":[{"href":"https:\/\/www.ukctuzla.ba\/ukctuzla\/index.php?rest_route=%2Fwp%2Fv2%2Fmedia&parent=293"}],"curies":[{"name":"wp","href":"https:\/\/api.w.org\/{rel}","templated":true}]}}