{"id":387,"date":"2016-02-12T09:20:59","date_gmt":"2016-02-12T09:20:59","guid":{"rendered":"http:\/\/10.0.0.65\/ukctuzla3\/?page_id=387"},"modified":"2026-05-06T14:47:48","modified_gmt":"2026-05-06T13:47:48","slug":"ured-direktora","status":"publish","type":"page","link":"https:\/\/www.ukctuzla.ba\/ukctuzla\/?page_id=387&lang=bs","title":{"rendered":"URED DIREKTORA"},"content":{"rendered":"<ul>\n<li style=\"text-align: justify;\"><span style=\"font-size: 12pt;\">Ured Direktora Ustanove \u010dine Direktor,<\/span><\/li>\n<li style=\"text-align: justify;\"><span style=\"font-size: 12pt;\">Pomo\u0107nik direktora za medicinske poslove,<\/span><\/li>\n<li style=\"text-align: justify;\"><span style=\"font-size: 12pt;\">Pomo\u0107nik direktora \u00a0za nastavu i nau\u010dnoistra\u017eiva\u010dki rad,\u00a0<\/span><\/li>\n<li style=\"text-align: justify;\"><span style=\"font-size: 12pt;\">Pomo\u0107nik \u00a0direktora za\u00a0 sestrinstvo<\/span><\/li>\n<li style=\"text-align: justify;\"><span style=\"font-size: 12pt;\">Pomo\u0107nik direktora za\u00a0 ekonomsko-finansijske poslove\u00a0<\/span><\/li>\n<\/ul>\n<table style=\"height: 1601px;\" width=\"796\">\n<tbody>\n<tr style=\"font-style: inherit; font-weight: inherit;\">\n<td style=\"font-style: inherit; font-weight: inherit;\"><\/td>\n<td style=\"font-style: inherit; font-weight: inherit;\"><img loading=\"lazy\" decoding=\"async\" class=\"alignnone  wp-image-21475\" src=\"https:\/\/www.ukctuzla.ba\/ukctuzla\/wp-content\/uploads\/2026\/05\/prof-Sekib-Umihanic-mala-197x300.jpg\" alt=\"\" width=\"154\" height=\"235\" srcset=\"https:\/\/www.ukctuzla.ba\/ukctuzla\/wp-content\/uploads\/2026\/05\/prof-Sekib-Umihanic-mala-197x300.jpg 197w, https:\/\/www.ukctuzla.ba\/ukctuzla\/wp-content\/uploads\/2026\/05\/prof-Sekib-Umihanic-mala-674x1024.jpg 674w, https:\/\/www.ukctuzla.ba\/ukctuzla\/wp-content\/uploads\/2026\/05\/prof-Sekib-Umihanic-mala-768x1167.jpg 768w, https:\/\/www.ukctuzla.ba\/ukctuzla\/wp-content\/uploads\/2026\/05\/prof-Sekib-Umihanic-mala-1011x1536.jpg 1011w, https:\/\/www.ukctuzla.ba\/ukctuzla\/wp-content\/uploads\/2026\/05\/prof-Sekib-Umihanic-mala.jpg 1053w\" sizes=\"auto, (max-width: 154px) 100vw, 154px\" \/><\/p>\n<p style=\"font-style: inherit; font-weight: inherit;\"><span style=\"font-style: inherit; font-weight: inherit; font-size: 12pt;\"><strong>Prof.dr.med.sc. \u0160ekib Umihani\u0107, v.d. Direktora Javne zdravstvene ustanove Univerzitetski klini\u010dki centar Tuzla\u00a0<\/strong>(Biografija \/ <a href=\"https:\/\/www.ukctuzla.ba\/ukctuzla\/wp-content\/uploads\/2026\/05\/CV_Sekib_Umihanic-ENG-februar-2026-2.pdf\" target=\"_blank\" rel=\"noopener\">Biography<\/a>)<\/span><\/p>\n<p>&nbsp;<\/td>\n<\/tr>\n<tr style=\"font-style: inherit; font-weight: inherit;\">\n<td style=\"font-style: inherit; font-weight: inherit;\"><\/td>\n<td style=\"font-style: inherit; font-weight: inherit;\"><a href=\"https:\/\/www.ukctuzla.ba\/ukctuzla\/wp-content\/uploads\/2016\/02\/Igor-Hudic.jpg\"><img loading=\"lazy\" decoding=\"async\" class=\"alignnone wp-image-12761\" src=\"https:\/\/www.ukctuzla.ba\/ukctuzla\/wp-content\/uploads\/2016\/02\/Igor-Hudic-253x300.jpg\" alt=\"\" width=\"149\" height=\"177\" srcset=\"https:\/\/www.ukctuzla.ba\/ukctuzla\/wp-content\/uploads\/2016\/02\/Igor-Hudic-253x300.jpg 253w, https:\/\/www.ukctuzla.ba\/ukctuzla\/wp-content\/uploads\/2016\/02\/Igor-Hudic.jpg 649w\" sizes=\"auto, (max-width: 149px) 100vw, 149px\" \/><\/a><\/p>\n<p><span style=\"font-style: inherit; font-weight: inherit; font-size: 12pt;\"><strong>Prof.dr.med.sc. Igor Hudi\u0107, Pomo\u0107nik direktora za medicinske poslove Javne zdravstvene ustanove Univerzitetski klini\u010dki centar Tuzla<\/strong><\/span><\/td>\n<\/tr>\n<tr style=\"font-style: inherit; font-weight: inherit;\">\n<td style=\"font-style: inherit; font-weight: inherit;\"><span style=\"font-style: inherit; font-weight: inherit;\">\u00a0<\/span><\/td>\n<td style=\"font-style: inherit; font-weight: inherit;\"><a href=\"https:\/\/www.ukctuzla.ba\/ukctuzla\/wp-content\/uploads\/2016\/02\/Alibegovic.jpg\"><img loading=\"lazy\" decoding=\"async\" class=\"alignnone wp-image-9080\" src=\"https:\/\/www.ukctuzla.ba\/ukctuzla\/wp-content\/uploads\/2016\/02\/Alibegovic-237x300.jpg\" alt=\"\" width=\"124\" height=\"157\" \/><\/a><\/p>\n<p><span style=\"font-style: inherit; font-weight: inherit; font-size: 12pt;\"><strong>Prof.dr.med.sc. Ervin Alibegovi\u0107, Pomo\u0107nik direktora\u00a0 za nastavu<\/strong><\/span><\/p>\n<p><span style=\"font-style: inherit; font-weight: inherit; font-size: 12pt;\"><strong> i nau\u010dno-istra\u017eiva\u010dki rad<\/strong><\/span><\/td>\n<\/tr>\n<tr style=\"font-style: inherit; font-weight: inherit;\">\n<td style=\"font-style: inherit; font-weight: inherit;\"><span style=\"font-style: inherit; font-weight: inherit;\">\u00a0<\/span><\/td>\n<td style=\"font-style: inherit; font-weight: inherit;\"><a href=\"https:\/\/www.ukctuzla.ba\/ukctuzla\/wp-content\/uploads\/2016\/02\/Sefik-Husic.jpg\"><img loading=\"lazy\" decoding=\"async\" class=\"alignnone wp-image-9079\" src=\"https:\/\/www.ukctuzla.ba\/ukctuzla\/wp-content\/uploads\/2016\/02\/Sefik-Husic-245x300.jpg\" alt=\"\" width=\"114\" height=\"140\" \/><\/a><\/p>\n<p><span style=\"font-style: inherit; font-weight: inherit; font-size: 12pt;\"><strong>\u0160efik Husi\u0107, magistar sestrinstva, Pomo\u0107nik direktora za sestrinstvo<\/strong><\/span><\/p>\n<p><span style=\"font-style: inherit; font-weight: inherit;\"><span style=\"font-size: 12pt;\">\u00a0<\/span><\/span><\/td>\n<\/tr>\n<tr style=\"font-style: inherit; font-weight: inherit;\">\n<td style=\"font-style: inherit; font-weight: inherit;\"><\/td>\n<td style=\"font-style: inherit; font-weight: inherit;\">&nbsp;<\/p>\n<p>&nbsp;<\/p>\n<p>&nbsp;<\/p>\n<p><a href=\"https:\/\/www.ukctuzla.ba\/ukctuzla\/wp-content\/uploads\/2016\/02\/Emir-Kikanovic.jpg\"><img loading=\"lazy\" decoding=\"async\" class=\"alignnone wp-image-12762\" src=\"https:\/\/www.ukctuzla.ba\/ukctuzla\/wp-content\/uploads\/2016\/02\/Emir-Kikanovic-256x300.jpg\" alt=\"\" width=\"98\" height=\"114\" srcset=\"https:\/\/www.ukctuzla.ba\/ukctuzla\/wp-content\/uploads\/2016\/02\/Emir-Kikanovic-256x300.jpg 256w, https:\/\/www.ukctuzla.ba\/ukctuzla\/wp-content\/uploads\/2016\/02\/Emir-Kikanovic.jpg 500w\" sizes=\"auto, (max-width: 98px) 100vw, 98px\" \/><\/a><\/p>\n<p><span style=\"font-size: 12pt;\"><strong><span style=\"font-style: inherit; font-weight: inherit;\">Emir Kikanovi\u0107, dipl. ecc, v.d. Pomo\u0107nika direktora za ekonomsko-finansijske poslove<\/span><\/strong><\/span><\/td>\n<\/tr>\n<\/tbody>\n<\/table>\n<p>&nbsp;<\/p>\n<p>&nbsp;<\/p>\n","protected":false},"excerpt":{"rendered":"<p>Ured Direktora Ustanove \u010dine Direktor, Pomo\u0107nik direktora za medicinske poslove, Pomo\u0107nik direktora \u00a0za nastavu i nau\u010dnoistra\u017eiva\u010dki rad,\u00a0 Pomo\u0107nik \u00a0direktora za\u00a0 sestrinstvo Pomo\u0107nik direktora za\u00a0 ekonomsko-finansijske poslove\u00a0 Prof.dr.med.sc. \u0160ekib Umihani\u0107, v.d. Direktora Javne zdravstvene ustanove Univerzitetski klini\u010dki centar Tuzla\u00a0(Biografija \/ Biography) &nbsp; Prof.dr.med.sc. Igor Hudi\u0107, Pomo\u0107nik direktora za medicinske poslove Javne zdravstvene ustanove Univerzitetski klini\u010dki centar&hellip;<\/p>\n","protected":false},"author":1,"featured_media":16294,"parent":0,"menu_order":0,"comment_status":"closed","ping_status":"closed","template":"","meta":{"footnotes":""},"class_list":["post-387","page","type-page","status-publish","has-post-thumbnail","hentry","description-off"],"_links":{"self":[{"href":"https:\/\/www.ukctuzla.ba\/ukctuzla\/index.php?rest_route=\/wp\/v2\/pages\/387","targetHints":{"allow":["GET"]}}],"collection":[{"href":"https:\/\/www.ukctuzla.ba\/ukctuzla\/index.php?rest_route=\/wp\/v2\/pages"}],"about":[{"href":"https:\/\/www.ukctuzla.ba\/ukctuzla\/index.php?rest_route=\/wp\/v2\/types\/page"}],"author":[{"embeddable":true,"href":"https:\/\/www.ukctuzla.ba\/ukctuzla\/index.php?rest_route=\/wp\/v2\/users\/1"}],"replies":[{"embeddable":true,"href":"https:\/\/www.ukctuzla.ba\/ukctuzla\/index.php?rest_route=%2Fwp%2Fv2%2Fcomments&post=387"}],"version-history":[{"count":75,"href":"https:\/\/www.ukctuzla.ba\/ukctuzla\/index.php?rest_route=\/wp\/v2\/pages\/387\/revisions"}],"predecessor-version":[{"id":21476,"href":"https:\/\/www.ukctuzla.ba\/ukctuzla\/index.php?rest_route=\/wp\/v2\/pages\/387\/revisions\/21476"}],"wp:featuredmedia":[{"embeddable":true,"href":"https:\/\/www.ukctuzla.ba\/ukctuzla\/index.php?rest_route=\/wp\/v2\/media\/16294"}],"wp:attachment":[{"href":"https:\/\/www.ukctuzla.ba\/ukctuzla\/index.php?rest_route=%2Fwp%2Fv2%2Fmedia&parent=387"}],"curies":[{"name":"wp","href":"https:\/\/api.w.org\/{rel}","templated":true}]}}