{"id":401,"date":"2021-07-13T09:43:17","date_gmt":"2021-07-13T08:43:17","guid":{"rendered":"http:\/\/10.0.0.65\/ukctuzla3\/?page_id=401"},"modified":"2026-03-19T13:16:56","modified_gmt":"2026-03-19T12:16:56","slug":"klinika-za-interne-bolesti-djelatnost","status":"publish","type":"page","link":"https:\/\/www.ukctuzla.ba\/ukctuzla\/?page_id=401&lang=bs","title":{"rendered":"KLINIKA ZA INTERNE BOLESTI-DJELATNOST"},"content":{"rendered":"<div class=\"wpb-content-wrapper\"><p>[vc_row][vc_column][vc_column_text css=&#8221;&#8221;]KLINIKA ZA INTERNE BOLESTI-DJELATNOST<\/p>\n<p><span style=\"color: #800000;\"><strong>TRANSPLANTACIJSKI INFORMATIVNI CENTAR<\/strong><\/span><\/p>\n<p style=\"text-align: justify;\">TIC ima za cilj i prezentaciju razvoja transpnatacijske medicine u JZU UKC Tuzla. Aktivno se radi na formiranju jedinstvene liste \u010dekanja i formiranju baze podataka za sve transplantirane pacijente. Uloga anga\u017eovanih u centru je i u koordinaciji saradnje i komunikaciji sa medicinskim centrima u regionu, kolegama i pacijentima. Transplantacijski informacioni centar koji radi od 1. oktobra 2008. godine oformljen je s ciljem stvaranja baze podataka, jezgra koje \u0107e sadr\u017eavati podatke iz oblasti transplatacijske medicine, uspostavljati kontakte i stvarati mre\u017eu centara u kojima se radi transplantacijska medicina. Svrha rada centra je objediniti podatke iz svih segmenata transplantacijske medicine i u\u010diniti ih dostupnim \u010dlanovima transplantacijskog tima, \u0161to uz edukaciju kadrova u centrima u kojima se radi transplantacijska medicina predstavlja okosnicu razvoja transplantacijske medicine. Centar je opremljen ra\u010dunarom sa mogu\u0107no\u0161\u0107u stalne konekcije kao i telefonskom linijom.<\/p>\n<p><span style=\"color: #800000;\"><strong>POLIKLINIKA<\/strong><\/span><br \/>\n\u010cine je dnevna bolnica, 6 ambulanti, 7 kabineta i 2 savjetovali\u0161ta<\/p>\n<p><strong>Odgovorna medicinska sestra:<\/strong> Mehaisa Hasanba\u0161i\u0107,dipl.med.sestra<\/p>\n<p>&nbsp;<\/p>\n<p><span style=\"color: #800000;\"><strong>DNEVNA BOLNICA<\/strong><\/span><\/p>\n<p style=\"text-align: justify;\">Dnevna bolnica na Klinici za interne bolesti primarno ima za cilj pru\u017eanje kompletne zdravstvene usluge u oblasti dijagnostike za sve gra\u0111ane, i kapaciteta je 6 kreveta. Formirana je s namjerom da se \u0161to ekonomi\u010dnije i br\u017ee obave dijagnosti\u010dke pretrage, bez dugog le\u017eanja na Klinikama JZU UKC Tuzla. U dnevnoj bolnici organizovan je prihvat i 24 satna opservacija pacijenata.<br \/>\nPacijenti u dnevnu bolnicu mogu do\u0107i sa uputnicom od ljekara porodi\u010dne medicine ili op\u0161te prakse, uputnicom ljekarske komisije, kao i pacijenti bez uputnice koji obavljene pretrage pla\u010daju po usvojenom cjenovniku usluga. Uspostavljanje Dnevne bolnice na Klinici za interne bolesti od vi\u0161estruke je koristi i za pacijente i u smislu u\u0161teda koje se ostvaruju zbog skra\u010denog vremena le\u017eanja pacijenata u bolnici. Ina\u010de, u razvijenim evropskim zemljama koncept dnevne bolnice je veoma razvijen upravo zbog vrlo racionalnog tro\u0161enja sredstava u oblasti zdravstva i smanjenja velikih tro\u0161kova koji nastaju vi\u0161ednevnim le\u017eanjem pacijenata na klinikama. U dnevnoj bolnici Klinike za interne bolesti JZU UKC Tuzla radi tim medicinskih stru\u010dnjaka. Svaki dan , u dnevnoj bolnici anga\u017eovano je 5 ljekara i medicnske sestre-tehni\u010dari. Princip rada zasnovan je na omogu\u0107avanju \u0161to br\u017ee dijagnostike i pretraga iz svih oblasti interne medicine za pacijente, koji u toku jednog dana obave niz specijalisti\u010dkih pregleda, ultrazvu\u010dnih pregleda i kontrola i sli\u010dno, uz konsultacije sa ljekarima r<br \/>\nazli\u010ditih specijalnosti i subspecijalnosti.<\/p>\n<p>&nbsp;<\/p>\n<p><span style=\"color: #800000;\"><strong>ODJELJENJE ZA INTENZIVNU TERAPIJU<\/strong><\/span><\/p>\n<p><strong>\u0160ef odjeljenja:<\/strong> Mr.med.sci.dr Edita Sijer\u010di\u0107, specijalista interne medicine, subspecijalista kardiolog<br \/>\n<strong>Odgovorna sestra odjeljenja:<\/strong> Jasmina \u0160ehanovi\u0107, diplomirana medicinska sestra\/tehni\u010dar<\/p>\n<p><strong>Ordiniraju\u0107i ljekari:<\/strong><br \/>\nDoc.dr.med.sci. Denis Mr\u0161i\u0107, specijalista interne medicine, subspecijalista kardiolog<br \/>\nDr med. Ammar Brki\u0107, specijalista interne medicine<br \/>\nDr med.sci. Emir Be\u0107irovi\u0107, specijalista interne medicine<br \/>\nDr.med. Mirza Mukinovi\u0107, specijalista op\u0107e interne medicine<\/p>\n<p>Dr. Amra Had\u017eovi\u0107 Aliba\u0161i\u0107, specijalista interne medicine<br \/>\nDr.med. Tarik Altumbabi\u0107, specijalizant urgentne medicine<br \/>\nDr Nadina Ali\u0107, doktor medicine<br \/>\nDr Nermin Husi\u0107, doktor medicine<\/p>\n<p><strong>Kontakt telefon: <\/strong>035\/303-305<\/p>\n<p style=\"text-align: justify;\">Intenzivna terapija i njega, Obezbje\u0111enje centralnih venskih pristupa s hemodinamskim monitoringom, te stalni, kontinuirani monitoring uz ultrazvu\u010dnu dijagnostiku i pra\u0107enje.<br \/>\nUltrazvuk abdomena i urotrakta, transtorakalna ehokardiografija, svi oblici prehrane (parenteralna, enteralna), mehani\u010dka ventilacijska podr\u0161ka, Pace \u2013 maker stimulacija, elektrokardioverzija, kardiopulmonalna reanimacija.<\/p>\n<p>Odjeljenje raspola\u017ee s 14 bolesni\u010dkih postelja.<\/p>\n<p>Odjeljenje se bavi racionalnom dijagnostikom i terapijom najte\u017eih oboljenja u internoj medicini, uklju\u010duju\u0107i prevashodno akutna, po \u017eivot ugro\u017eavaju\u0107a stanja, koja zahtijevaju intenzivan nadzor i terapiju i poja\u010danu medicinsku njegu.<\/p>\n<p style=\"text-align: justify;\">Racionalna intenzivna dijagnostika i terapija uklju\u010duju: intenzivni nadzor i njegu bolesnika, sve oblike prehrane (parenteralna, enteralna), mehani\u010dku ventilacijsku podr\u0161ku, pace maker stimulaciju, elektrokardioverziju, obezbje\u0111enje centralnih venskih pristupa s hemodinamskim monitoringom, te stalni, krevetni kontinuirani monitoring uz ultrazvu\u010dnu dijagnostiku i pra\u0107enje. Osoblje Odjeljenja aktivno je uklju\u010deno u sve oblike kontinuirane edukcije svih profila medicinskih radnika, te u konsultativno-specijalisti\u010dkoj slu\u017ebi i kardiolo\u0161koj dijagnostici.<\/p>\n<p>Prosje\u010dno, godi\u0161nje, u Odjeljenju intenzivne njege s koronarnom jedinicom se lije\u010di 1500-1800 bolesnika s prosje\u010dnim periodom lije\u010denja od 3,0-3,5 dana.<\/p>\n<p>&nbsp;<\/p>\n<p><span style=\"color: #800000;\"><strong>ODJELJENJE ZA GASTROENTEROLOGIJU<\/strong><\/span><\/p>\n<p><strong>\u0160ef odjeljenja<\/strong>: Prof. dr. med. sci. Predrag Jovanovi\u0107, specijalista interne medicine,gastroenterohepatolog<br \/>\n<strong>Odgovorna sestra odjeljenja:<\/strong> \u0160ejla Mi\u0107i\u0107, diplomirana medicnska sestra<\/p>\n<p><strong>Ordiniraju\u0107i ljekari:<\/strong><br \/>\nDoc.dr.med.sci. Mirela Ba\u0161i\u0107-Denjagi\u0107, specijalista interne medicine, gastroenterohepatolog<br \/>\nDr.med. Nata\u0161a Kri\u017ei\u0107, specijalista interne medicine, gastroenterohepatolog<br \/>\nDr.med. Majda Mehmedovi\u0107, specijalista interne medicine<br \/>\nDr.med.sci. Ismar Hasuki\u0107, specijalista interne medicine, gastroenterohepatolog<br \/>\nDr.med.sci. Emir Tulumovi\u0107, specijalista interne medicine<br \/>\nDr.med. Selma Hod\u017ei\u0107, specijalista interne medicine<br \/>\nDr.med. Amar Habibovi\u0107, specijalista gastroenterologije<br \/>\nDr.med. Belma Kalesi\u0107, specijalizant gastroenterologije<br \/>\nDr.med. Faris Odoba\u0161i\u0107, specijalista gastroenterolog<br \/>\nDr.med. Nedim Selimovi\u0107, specijalizant gastroenterologije<br \/>\nDr.med. Naid Dizdarevi\u0107, specijalizant gastroenterologije<\/p>\n<p>Dr Lejla Rami\u0107, doktor medicine<br \/>\nDr Minka Avdi\u0107, doktor medicine<br \/>\nDr Enisa Beganovi\u0107 &#8211; Mitri\u0107, doktor medicine<\/p>\n<p><strong>Kontakt telefon:<\/strong>035\/303-358<\/p>\n<p style=\"text-align: justify;\">Endoskopske rutinske i hitne procedure digestivnog traktaInterventne endoskopske procedure, Endoskopsku retrogradnu holangiopankreatografiju (ERCP), Endoskopska papilotomija, balon dilatacija, ekstrakcija kamenaca, implantacija endoproteza, Endoskopski ultrazvuk, Endoskopija video kapsulom, Interventni ultrazvuk sa drena\u017enim postupcima.<\/p>\n<p style=\"text-align: justify;\">Dijagnosti\u010dka laparoskopija, Biopsija pod kontrolom ultrazvuka, Priprema bolesnika za transplantaciju jetre (kadaveri\u010dna i sa \u017eivog davaoca), tretman bolesnika u posttransplantacionom periodu, Plasiranje intragastri\u010dnog balona kao endoskopski modalitet u lije\u010denju patolo\u0161ke gojaznosti.<\/p>\n<p style=\"text-align: justify;\">Vode\u0107e je u Bosni i Hercegovini za oblasti gastroenterologije, hepatologije, endoskopije, interventnog ultrazvuka i transplantacije jetre. U okviru rada obavlja se intenzivna nau\u010dno-istra\u017eiva\u010dka aktivnost, publikuju stru\u010dni radovi u vode\u0107im svjetskim \u010dasopisima, a u toku 2 godine implementiran je \u201ePilot projekat prevencije kolorektalnog karcinoma\u201c za Federaciju BiH.<br \/>\nOdjeljenje ima 39 bolesni\u010dkih kreveta sa jedinicom poluintenzivne njege, te sa jedinicom za interventni ultrazvuk. Odjeljenje za gastroenterologiju je u mogu\u0107nosti da pru\u017ei najmodernije dijagnosti\u010dke procedure iz oblasti gornje i donje gastrointestinalne endoskopije, te interventnog ultrazvuka.<\/p>\n<p style=\"text-align: justify;\">Iz \u0161irokog dijapazona procedura izdvajamo interventnu endoskopiju, endoskopsku retrogradnu holangiopankreatografiju (ERCP), endoskopski ultrazvuk, endoskopiju video kapsulom i interventni ultrazvuk sa drena\u017enim postupcima. Na Odjeljenju za gastroenterologiju vr\u0161i se priprema bolesnika za transplantaciju jetre ( jedini u BiH), uz posttransplantacioni menad\u017ement, \u0161to ga \u010dini referentnim centrom za ovu oblast u BiH.<br \/>\nPlasiranje intragastri\u010dnog balona kao endoskopski modalitet u lije\u010denju patolo\u0161ke gojaznosti jo\u0161 je jedna od metoda koja se u BiH izvodi jedino u na\u0161em centru. Potpomognut mo\u0107nom radiolo\u0161kom, laboratorijskom i imunolo\u0161kom dijagnostikom koju pru\u017ea JZU UKC Tuzla, Odjeljenje za gastroenterologiju je danas u stanju da uspje\u0161no dijagnosticira i tretira ve\u0107inu bolesti digestivnog trakta.<\/p>\n<p>&nbsp;<\/p>\n<p><span style=\"color: #800000;\"><strong>ODJELJENJE ZA KARDIOLOGIJU<\/strong><\/span><\/p>\n<p><strong>\u0160ef odjeljenja:<\/strong> Prof.dr.med.sc.Larisa Dizdarevi\u0107-Hudi\u0107, specijalista interne medicine<br \/>\n<strong>Odgovorni tehni\u010dar odjeljenja:<\/strong> Ermin Ba\u0107i\u0107, diplomirani medicinski tehni\u010dar<\/p>\n<p><strong>Ordiniraju\u0107i ljekari:<\/strong><\/p>\n<p>Prof.dr.med.sc.Lon\u010dar Daniela, specijalista interne medicine, subspecijalista kardiolog<br \/>\nDoc.dr.med.sc.Katarina Kova\u010devi\u0107, specijalista interne medicine<br \/>\nDoc.dr.med.sc.Mirsad Selimovi\u0107, specijalista interne medicine, subspecijalista kardiologije<br \/>\nDoc.dr.med.sci.Melika Avdagi\u0107, specijalista interne medicine, subspecijalista kardiologije<br \/>\nDr. med. Edin Ja\u0161arevi\u0107, specijalista interne medicine<\/p>\n<p>Dr.med. Irma Bijedi\u0107, specijalista interne medicine<br \/>\nprim.dr. med.sci. Mirsad \u0160ljivi\u0107,specijalista interne medicine<br \/>\nDr.med. Begajeta \u010cau\u0161evi\u0107, specijalizant<br \/>\nDr.med. Amra Ulji\u0107, specijalizant iz kardiologije<br \/>\nDr.med. Davor Toki\u0107, specijalizant<br \/>\nDr.med.Meliha Begi\u0107, specijalizant<br \/>\nDr.med.Ivana Me\u0161i\u0107, specijalizant<\/p>\n<p><strong>Kontakt telefon:<\/strong>035\/303-110<br \/>\nElektroakrdiografska dijagnostika (standardni EKG, uprosje\u010deni EKG, 24-satni EKG, EKG u optere\u0107enju),Vektorkardiogram, ultrazvuk srca, kateterizacija desnog i lijevog ventrikula, Transezofagusni UZ srca u pripremi sr\u010danih mana za operativni zahvat.<\/p>\n<p style=\"text-align: justify;\">Odjeljenje za kardiologiju raspola\u017ee sa 60 bolesni\u010dkih postelja. Bavi se neinvazivnom dijagnostikom i lije\u010denjem kardiolo\u0161kih oboljenja pomo\u0107u ergo testa, holtera i uz srca ,a od invazivnih metoda koristi transezofagusni UZ srca kojim se bolje vizueliziraju sr\u010dane strukture i nezaobilazna je metoda u pripremi sr\u010danih mana za operativni zahvat, kao i za postoperativnu evaluaciju istih. Na odjeljenju radi 7 specijalista interne medicine, dva profesora interne medicine, 3 magistra, od \u010dega je dvoje sa titulom evropskih kardiologa i jedno sa titulom felow. Svi specijalisti su aktivni \u010dlanovi Udru\u017eenja kardiologa BIH, kao i Udru\u017eenja kardiologa Evrope i Svijeta.<br \/>\nOdjeljenje je do sada u\u010destvovalo na brojnim istra\u017eiva\u010dkim projektima, \u010diji su rezultati prezentovani u referentnim \u010dasopisima. U saradnji sa Medicinskim fakultetom Univerziteta u Tuzli, 2003.godine, izdat je prvi u\u0111benik \u201dKardiologija\u201d.Odjeljenje za kardiologiju organizovalo je 2003 .godine<br \/>\nKongres kardiologa BiH sa me\u0111unarodnim u\u010de\u0161\u0107em, dva me\u0111unarodna Simpozija i dva Stru\u010dna sastanka kardiologa BiH. U svom edukativnom programu Odjeljenje za kardiologiju organizuje UZ \u0161kolu srca za specijaliste interne medicine BiH, kao i svoj kadar. Ovo je jedina \u0161kola UZ srca u BIH koja u kontinuitetu radi od 2002. godine.<\/p>\n<p>&nbsp;<\/p>\n<p><span style=\"color: #800000;\"><strong>ODJELJENJE ZA ENDOKRINOLOGIJU<\/strong><\/span><\/p>\n<p><strong>\u0160ef odjeljenja:<\/strong> Dr.med. Jusuf Hod\u017ei\u0107, specijalista interne medicine<br \/>\n<strong>Odgovorna sestra odjeljenja:<\/strong> Hid\u017eeta Turatovi\u0107, diplomirana medicinska sestra<\/p>\n<p><strong>Ordiniraju\u0107i ljekari:<\/strong><\/p>\n<p>Dr.med.sci. Salih Azabagi\u0107, specijalista interne medicine<br \/>\nDr.med.sci Jasmina Pa\u0161i\u0107, specijalista interne medicine, subspecijalista endokrinolog<br \/>\nMr.med.sci.dr. Enisa Ali\u0107, specijalista interne medicine, subspecijalista endokrinolog<br \/>\nDr.med. Jasmin Dori\u0107, specijalizant endokrinologije<br \/>\nDr.med. Alma Halilba\u0161i\u0107, specijalizant endokrinologije<br \/>\nDr.med. Nadina Avdi\u0107 Jahi\u0107, specijalizant op\u0161te interne medicine<br \/>\nDr Lejla Smaji\u0107, doktor medicine<br \/>\nDr Semir Had\u017ei\u0107,doktor medicine<br \/>\nDr Indina Zahirovi\u0107 \u2013 Sultani\u0107, doktor medicine<\/p>\n<p><strong>Kontakt telefon :<\/strong>035\/303-113<br \/>\nDijagnostika i lije\u010denje dijabetesa, Dijagnostika endokrinolo\u0161kih poreme\u0107aja i poreme\u0107aja metabolozma, Dinamski i endokrinolo\u0161ki testovi u cilju dijagnostike bolesti hipofize, do\u0161titnih \u017elijezda, nadbubrega, gonada.<\/p>\n<p>Rspola\u017ee sa 30 bolesni\u010dkih kreveta.<\/p>\n<p>Odjeljenje se bavi: dijagnostikom i lije\u010denjem dijabetesa, dijagnostikom endokrinolo\u0161kih poreme\u0107aja i poreme\u0107aja metabolozma, dijagnostikom bolesti hipofize, \u0161titne i do\u0161titnih \u017elijezda, nadbubrega, gonada ( osim bazalne hormonske dijagnostike izvode se i dinamski i endokrinolo\u0161ki testovi \u010dije je izvo\u0111enje i interpletacija je u skladu sa vodi\u010dima Evropskog endokrinolo\u0161kog udru\u017eenja).<br \/>\nNa Odjeljenju radi 6 specijalista interne medicine od toga 1 profesor, 2 doktora nauka , 3 magistra med.nauka 3subspecijalista endokrinologa.<\/p>\n<p>&nbsp;<\/p>\n<p><span style=\"color: #800000;\"><strong>ODJELJENJE ZA NEFROLOGIJU, HEMODIJALIZU I TRANSPLANTACIJU<\/strong><\/span><\/p>\n<p><strong>\u0160ef odjeljenja<\/strong> :Prof.dr.med.sci Mirna Ale\u010dkovi\u0107-Halilovi\u0107, specijalista interne medicine, subspecijalista nefrologije<br \/>\n<strong>\u0160ef odsjeka za nefrologiju:<\/strong> Dr. med. Amila Ja\u0161arevi\u0107, specijalista interne medicine<br \/>\n<strong>\u0160ef odsjeka za transplantaciju:<\/strong> Doc. dr.med.sci Maida Taletovi\u0107-Dugonji\u0107, specijalista interne medicine, subspecijalista nefrologije<br \/>\n<strong>\u0160ef odsjeka za hemodijalizu:<\/strong> Doc.dr.med.sci. Alma Halil\u010devi\u0107-Terzi\u0107, specijalista interne medicine, subspecijalista nefrologije<br \/>\n<strong>Odgovorna sestra odjeljenja:<\/strong> Merima Hujdur, diplomirana medicinska sestra<\/p>\n<p><strong>Ordiniraju\u0107i ljekari:<\/strong><br \/>\nMr.dr.med.sci Davor Trojak, specijalista interne medicine<br \/>\nDr.med.sci. Jasmina Pa\u0161i\u0107, specijalista interne medicine, subspecijalista endokrinolog i dijabetolog<br \/>\nDr. med. Adnan Altumbabi\u0107, specijalista interne medicine<br \/>\nDr.med. Minela Be\u0107irovi\u0107, specijalista interne medicine<\/p>\n<p>Dr. med. Naida Mori\u0107 specijalista interne medicine<br \/>\nDr.med. Mirha Pjani\u0107, specijalista nefrologije<br \/>\nDr.med. Denijal Mukinovi\u0107, specijalizant nefrologije<br \/>\nDr.med. Alma Klapi\u0107, specijalizant nefrologije<\/p>\n<p><strong>Kontakt telefon:<\/strong>035\/303-106<\/p>\n<p style=\"text-align: justify;\">Lije\u010denje svih oboljenja bubrega, Provo\u0111enje priprema i lije\u010denje nekom od dijaliti\u010dkih metoda, Priprema i obrada bolesnika i potencijalnih davaoca za transplantaciju bubrega (kadaveri\u010dna i sa \u017eivog davaoca) i provo\u0111enje posttransplantacijskog tretmana, Poslovi transplantacijskog informacionog centra, Ultrasonografska dijagnostika abdominalnih organa s posebnim osvrtom na organe urotrakta, Color Doppler bubre\u017enih atrija, Biopsija bubrega pod kontrolom ultrazvuka, Punkcija i evakuacija cista bubrega pod kontrolom ultrazvuka, Standardna niskoproto\u010dna i visokoproto\u010dna hemodijaliza, \u201eOnline\u201c hemodijafiltracija Intermitentna, spora dijaliza niske efikasnosti i kontinuirana dijaliza, Intermitentna, kontinuirana i cikli\u010dna peritonealna dijaliza, Hemoperfuzija, membranska terapeutska plazmafereza, Suha izolirana ultrafiltracija, Uvo\u0111enje privremenih i trajnih vaskularnih katetera.<\/p>\n<p>Odjeljenje raspola\u017ee sa 27 bolesni\u010dkih postelja.<br \/>\nNa Odjeljenju se lije\u010de oboljeli od bolesti bubrega, provodi se priprema i lije\u010denje nekom od dijaliti\u010dkih metoda, priprema i obrada bolesnika i potencijalnih davaoca za transplantaciju bubrega i provodi posttransplantacijski tretman.<\/p>\n<p style=\"text-align: justify;\">Dijalizni centar je osnovan je 1970. godine u sklopu Internog odjela tada\u0161njeg RMC \u201eDr Mustafa Mujbegovi\u0107\u201c u Tuzli kao tre\u0107i otvoreni dijalizni centar u tada\u0161njoj Jugoslaviji. Od tada radi u kontinuitetu i zbrinjava sve hroni\u010dne i akutne dijalizno-ovisne bubre\u017ene bolesnike.Rade se sve metode vantjelesne cirkulacije u cilju lije\u010denja akutnog i hroni\u010dnog bubre\u017enog zatajenja, akutnih egzogenih trovanja i ostalih te\u0161kih sistemskih oboljenja i multiorganskih zatajenja: standardna niskoproto\u010dna i visokoproto\u010dna hemodijaliza , \u201eonline\u201c hemodijafiltracija, intermitentna, spora dijaliza niske efikasnosti i kontinuirana dijaliza intermitentna, kontinuirana i cikli\u010dna peritonealna dijaliza, membranska terapeutska plazmafereza hemoperfuzija, suha izolirana ultrafiltracija, uvo\u0111enje privremenih i trajnih vaskularnih katetera i vo\u0111enje Liste \u010dekanja za bubre\u017enu transplanaciju.<br \/>\n<strong>U Odjeljenju se izvode i dijagnosti\u010dke i terapeutske procedure i to:<\/strong><\/p>\n<ul>\n<li>Ultrasonografska dijagnostika abdominalnih organa s posebnim osvrtom na organe urotrakta;<\/li>\n<li>Color Doppler bubre\u017enih atrija;<\/li>\n<li>Biopsija bubrega pod kontrolom ultrazvuka;<\/li>\n<li>Punkcija i evakuacija cista bubrega pod kontrolom ultrazvuka.<\/li>\n<\/ul>\n<p>Pod kontrolom ultrazvuka, uvode sve vrste centralnih venskih katetera, privremenih i trajnih, subklavijski, jugularni.<\/p>\n<p style=\"text-align: justify;\">Na Odjeljenju za nefrologiju i hemodijalizu radi 10 lijekara specijalista, 4 profesora i na Medicinskom fakultetu Univerziteta u Tuzli, 1 doktor medicinskih nauka , 4 magistra medicinskih nauka te 1 specijalista interne medicine.<br \/>\nNa Odjelu radi 37 educiranih medicinskih sestara, dva servisera dijalizne opreme i jedan administrativni radnik. Odjel za dijalizu redovno provodi kontinuiranu medicinsku edukaciju za sve zaposlene.<\/p>\n<p>&nbsp;<\/p>\n<p><span style=\"color: #800000;\"><strong>ODJELJENJE ZA REUMATOLOGIJU<\/strong><\/span><\/p>\n<p><strong>\u0160ef odjeljenja:<\/strong> Mr.med.sci.dr Mario Kri\u017ei\u0107, subspecijalista reumatologije<br \/>\n<strong>Odgovorna sestra odjeljenja:<\/strong> Ivana Joki\u0107, diplomirana medicinska sestra\/ tehni\u010dar<\/p>\n<p><strong>Ordiniraju\u0107i ljekari:<\/strong><br \/>\nMr.med.sci.dr Alma Hajdarovi\u0107 \u2013 \u0110onlagi\u0107, subspecijalista reumatologije<br \/>\nDr.med.sci. Maida Skoki\u0107, specijalista op\u0161te interne<\/p>\n<p>Dr.med. Alma \u0160erak Toki\u0107, specijalizant reumatologije<br \/>\nDr.med. Amra Tulumovi\u0107 \u2013 Me\u0161anovi\u0107, specijalizant reumatologije<br \/>\nDr.med. Melika Salihovi\u0107, specijalizant reumatologije<br \/>\nDr.med. D\u017eenana Jukan, specijalizant reumatologije<\/p>\n<p><strong>Kontakt telefon:<\/strong>035\/303-112<\/p>\n<p style=\"text-align: justify;\">Lije\u010denje inflamatornih i degenerativnih oboljenja mi\u0161i\u0107no \u2013 ko\u0161tanog sistema (reumatoidni artritis, psoriatski artritis, spondilartritisi, sistemski eritemski lupus i sistemska oboljenja vezivnog tkiva, te\u0161ki oblici osteoporoze), Ultrazvu\u010dna dijagnostika lokomotornog aparata, Punkcije zglobova pod kontrolom ultrazvuka, Intraartikularne, ekstraartikulame i kanalikularne infiltracije.<\/p>\n<p style=\"text-align: justify;\">Odjeljenje za reumatologiju kapaciteta je 24 bolesni\u010dke postelje.<\/p>\n<p style=\"text-align: justify;\">U Odjeljenju za reumatologiju lije\u010de se bolesnici sa inflmatornim i degenerativnim odoljenjima mi\u0161i\u0107nmo ko\u0161tanog sistema, a naj\u010de\u0161\u0107e hospitalizirani bolesnici su sa upalnim i sitemskim oboljenjima kao sto su reumatoidni artritis, psoriatski artritis, spondilartritisi, sistemski eritemski lupus i sistemska oboljenja vezivnog tkiva kao i bolesnici sa te\u0161kim oblicima osteoporoze.<br \/>\nTretiranje, pra\u0107enje i dijagnostika ovih bolesnika je pra\u0107ene vrhunskom klini\u010dkom dijagnostikom u smislu laboratorijske, imunolo\u0161ke, mikrobiolo\u0161ke, rengenolo\u0161ke dijagnostika kao i visoko stru\u010dnim kadrom. U Odjeljenju se obavlja ultrazvu\u010dna dijagnostika lokomotornog aparata, punkcije zglobova pod kontrolom ultrazvuka, intraartikularne, ekstraartikulame i kanalikulame infiltracije.<\/p>\n<p style=\"text-align: justify;\">U dnevnoj bolnici reumatolo\u0161kog odjeljenja bolesnici sa sistemskim bolestima vezivnog tkiva primaju pulsne doze ciklofosfamida, kao i cikli\u010dnu terapiju pamidronatom u lije\u010denju te\u0161ke osteoporoze sa prijete\u0107im frakturama.<br \/>\nSvakodnevno se vr\u0161i eukacija bolesnika o prihvatanju, pona\u0161anju i lije\u010denju postoje\u0107eg oboljenja, tako\u0111je se kontinuuirano obavlja fizikalna i krioterapija.<\/p>\n<p style=\"text-align: justify;\">U odjeljenju se educiraju: specijalizanti, ljekari na pripravni\u010dkom sta\u017eu, studenti Medicinskog fakulteta i Visoke zdravstvene \u0161kole, kao i u\u010denici Srednje Medicinske \u0161kole.<\/p>\n<p>[\/vc_column_text][\/vc_column][\/vc_row]<\/p>\n<\/div>","protected":false},"excerpt":{"rendered":"<p>[vc_row][vc_column][vc_column_text css=&#8221;&#8221;]KLINIKA ZA INTERNE BOLESTI-DJELATNOST TRANSPLANTACIJSKI INFORMATIVNI CENTAR TIC ima za cilj i prezentaciju razvoja transpnatacijske medicine u JZU UKC Tuzla. Aktivno se radi na formiranju jedinstvene liste \u010dekanja i formiranju baze podataka za sve transplantirane pacijente. Uloga anga\u017eovanih u centru je i u koordinaciji saradnje i komunikaciji sa medicinskim centrima u regionu, kolegama i&hellip;<\/p>\n","protected":false},"author":1,"featured_media":16294,"parent":0,"menu_order":0,"comment_status":"closed","ping_status":"closed","template":"","meta":{"footnotes":""},"class_list":["post-401","page","type-page","status-publish","has-post-thumbnail","hentry","description-off"],"_links":{"self":[{"href":"https:\/\/www.ukctuzla.ba\/ukctuzla\/index.php?rest_route=\/wp\/v2\/pages\/401","targetHints":{"allow":["GET"]}}],"collection":[{"href":"https:\/\/www.ukctuzla.ba\/ukctuzla\/index.php?rest_route=\/wp\/v2\/pages"}],"about":[{"href":"https:\/\/www.ukctuzla.ba\/ukctuzla\/index.php?rest_route=\/wp\/v2\/types\/page"}],"author":[{"embeddable":true,"href":"https:\/\/www.ukctuzla.ba\/ukctuzla\/index.php?rest_route=\/wp\/v2\/users\/1"}],"replies":[{"embeddable":true,"href":"https:\/\/www.ukctuzla.ba\/ukctuzla\/index.php?rest_route=%2Fwp%2Fv2%2Fcomments&post=401"}],"version-history":[{"count":45,"href":"https:\/\/www.ukctuzla.ba\/ukctuzla\/index.php?rest_route=\/wp\/v2\/pages\/401\/revisions"}],"predecessor-version":[{"id":20993,"href":"https:\/\/www.ukctuzla.ba\/ukctuzla\/index.php?rest_route=\/wp\/v2\/pages\/401\/revisions\/20993"}],"wp:featuredmedia":[{"embeddable":true,"href":"https:\/\/www.ukctuzla.ba\/ukctuzla\/index.php?rest_route=\/wp\/v2\/media\/16294"}],"wp:attachment":[{"href":"https:\/\/www.ukctuzla.ba\/ukctuzla\/index.php?rest_route=%2Fwp%2Fv2%2Fmedia&parent=401"}],"curies":[{"name":"wp","href":"https:\/\/api.w.org\/{rel}","templated":true}]}}