{"id":406,"date":"2022-12-05T09:49:32","date_gmt":"2022-12-05T08:49:32","guid":{"rendered":"http:\/\/10.0.0.65\/ukctuzla3\/?page_id=406"},"modified":"2026-01-21T13:12:04","modified_gmt":"2026-01-21T12:12:04","slug":"klinika-za-hirurgiju","status":"publish","type":"page","link":"https:\/\/www.ukctuzla.ba\/ukctuzla\/?page_id=406&lang=bs","title":{"rendered":"KLINIKA ZA HIRURGIJU"},"content":{"rendered":"<p><strong>v.d. Na\u010delnika:<\/strong> Prof.dr.med.sc. Zlatan Mehmedovi\u0107<br \/>\n<strong>Glavna sestra:<\/strong> Zemira \u0110ulovi\u0107, MA zdravstvene njege i menad\u017ementa<br \/>\n<strong>Med.sestra za poslove pobolj\u0161anja kvaliteta i edukaciju:<\/strong> Salmira Kova\u010devi\u0107, diplomirana medicinska sestra<br \/>\n<strong>Sekretar:<\/strong> Zlata Sejrani\u0107, tehni\u010dki sekretar<br \/>\n<strong>Kontakt:<\/strong><br \/>\ntel.: 00 387 35 30 31 25<br \/>\ne-mail: info@ukctuzla.ba<\/p>\n<p>&nbsp;<\/p>\n<p><strong>DJELATNOST KLINIKE<\/strong><\/p>\n<ul>\n<li>Dijagnosti\u010dka obrada bolesnika iz domena abdominalne hirurgije te sprovo\u0111enje medikamentoznog ili operativnog lije\u010denja i njega tih bolesnika<\/li>\n<li style=\"text-align: justify;\">Dijagnostika i prijem traumatiziranih bolesnika sa povredama abdomena i utvr\u0111ivanje potrebe za operativnim zahvatima i provo\u0111enje operativnih zahvata<\/li>\n<\/ul>\n<p>&nbsp;<\/p>\n<p><span style=\"color: #103e59;\"><strong>ORGANIZACIONA STRUKTURA I DJELATNOST KLINIKE:<\/strong><\/span><\/p>\n<p>&nbsp;<\/p>\n<p><span style=\"color: #103e59;\"><strong>PRIJEMNA AMBULANTA I SPECIJALISTI\u010cKO-KONSULTATIVNE AMBULANTE<\/strong><\/span><br \/>\n<strong>Odgovorna medicinska sestra\/tehni\u010dar:<\/strong> Amira Mumi\u0107, diplomirana medicinska sestra<\/p>\n<p><strong>Prijemna ambulanta, radi 24 h;<\/strong> br.tel: 035\/303-228<\/p>\n<p>&nbsp;<\/p>\n<p><strong><span style=\"color: #103e59;\">AMBULANTA BR. 6<\/span>; <\/strong>br.tel. 035\/303-229<br \/>\n<strong>Koloproktolo\u0161ka onkolo\u0161ka specijalisti\u010dka ambulanta<\/strong>, radi ponedeljkom i srijedom od 12-16h<br \/>\n<strong>Enterostomalna specijalisti\u010dka ambulanta<\/strong>, radi ponedeljkom i srijedom od 12-16h<br \/>\n<strong>Proktolo\u0161ka specijalisti\u010dka ambulanta<\/strong>, radi utorkom i petkom od 12-16h<br \/>\n<strong>Specijalisti\u010dka ambulanta za op\u0161tu onkolo\u0161ku hirurgiju<\/strong>, radi \u010detvrtkom od 12-16h<br \/>\n<strong>Hepatobiliopankreati\u010dna onkolo\u0161ka specijalisti\u010dka ambulanta<\/strong>, radi \u010detvrtkom od 12-16h<br \/>\n<strong>Kontrolni pregledi hirurga<\/strong> rade se svaki radni dan od 07:30 -11h<br \/>\n<strong>Kabinet za ultrazvuk abdomena<\/strong> radi svaki radni dan od 07:30 -11h<\/p>\n<p>&nbsp;<\/p>\n<p><strong><span style=\"color: #103e59;\">AMBULANTA BR. 5;<\/span> <\/strong>br.tel 035\/303-229<br \/>\n<strong>Specijalisti\u010dka ambulanta za abdominalnu hirurgiju,<\/strong> radi svaki radni dan od 07:30-11 h<br \/>\n<strong>Specijalisti\u010dka ambulanta za male intervencije<\/strong>, radi svaki radni dan od 12-16 h<\/p>\n<p>&nbsp;<\/p>\n<p><span style=\"color: #103e59;\"><strong>ODJELJENJA<\/strong><\/span><\/p>\n<ul>\n<li>Odjeljenje za op\u0161tu abdominalnu hirurgiju<\/li>\n<li>Odjeljenje za dnevnu hirurgiju<\/li>\n<li>Odjeljenje za hepatobiliopankreati\u010dnu hirurgiju<\/li>\n<li>Odjeljenje za kolorektalnu hirurgiju<\/li>\n<li>Odjeljenje za proktologiju<\/li>\n<\/ul>\n<p>&nbsp;<\/p>\n<p><span style=\"color: #103e59;\"><strong>KADROVI<\/strong><\/span><br \/>\nUkupan broj uposlenika&#8230;..101<br \/>\nLjekara specijalista&#8230;..15<br \/>\nLjekara na specijalizaciji&#8230;..17<br \/>\nDoktori medicine&#8230;..7<br \/>\nMedicinskih sestara sa visokom zdravstvenom \u0161kolom&#8230;..11<br \/>\nMedicinska sestra sa vi\u0161om medicinskom \u0161kolom&#8230;..1<br \/>\nMedicinskih sestara sa srednjom medicinskom \u0161kolom&#8230;..57<br \/>\nNemedicinskih radnika&#8230;&#8230;2<\/p>\n<p>&nbsp;<\/p>\n<p>&nbsp;<\/p>\n<p><span style=\"color: #103e59;\"><strong>DJELATNOSTI ORGANIZACIONIH JEDINICA<\/strong><\/span><\/p>\n<p><span style=\"color: #103e59;\"><strong>Odjeljenje za dnevnu hirurgiju<\/strong><\/span><br \/>\n<strong>\u0160ef odjeljenja:<\/strong> Doc.dr.med.sc. Amir Tursunovi\u0107, specijalista op\u0161te hirurgije, subspecijalista abdominalne hirurgije<br \/>\n<strong>Odgovorna sestra:<\/strong> Ilvana Nurkanovi\u0107, diplomirana medicinska sestra<br \/>\n<strong>Kontakt tel:<\/strong>035\/303 &#8211; 225<br \/>\nOperativni tretman pacijenta iz domena Op\u0161te i abdominalne hirurgije.<br \/>\nBoravak u bolnici je <strong>do 24 sata<\/strong>.<\/p>\n<p>Operativni zahvati se izvode u op\u0161toj , lokalnoj ili spinalnoj anesteziji.<br \/>\nOperativni zahvati koji se izvode u sklopu dnevne hirurgije:<\/p>\n<ul>\n<li>operativni zahvati promjena na dojkama<\/li>\n<li>operativni zahvati: preponskih, femoralnih i ventralnih hernija<\/li>\n<li>operativno odstranjenje benignih i malignih promjena na ko\u017ei, poglavini, grudnog ko\u0161a, abdomena<\/li>\n<\/ul>\n<p>Operativni zahvati se izvode klasi\u010dnim ili laparoskopskim pristupom.<\/p>\n<p>&nbsp;<\/p>\n<p>&nbsp;<\/p>\n<p style=\"text-align: justify;\"><span style=\"color: #103e59;\"><strong>Odjeljenje za op\u0161tu i abdominalnu hirurgiju<\/strong><\/span><br \/>\n<strong>\u0160ef Odjela op\u0161te abdominalne hirurgije:<\/strong> Prof.dr.med.sc. Zijah Rifatbegovi\u0107, specijalista op\u0161ti hirurg, subspecijalista abdominalni hirurg<br \/>\n<strong>Odgovorna sestra:<\/strong> Had\u017ei\u0107 Adela, diplomirana medicinska sestra<br \/>\n<strong>Kontakt tel:<\/strong> 035\/303-225<br \/>\nKonzervativno i operativno zbrinjavanje pacijenata iz domena op\u0161te i abdominalne hirurgije (bolesti i trauma).<br \/>\nOperativni zahvati koji se izvode u sklopu odjela op\u0161te i abdominalne hirurgije su:<\/p>\n<ul>\n<li>bolesti \u017eeluca benigne i maligne bolesti (resekcijski zahvati,totalna gastrektomija)<\/li>\n<li style=\"text-align: justify;\">bolesti \u017eu\u010dnog mjehura (upalne bolesti,kamenci,benigne promjene u \u017eu\u010dnom mjehuru-holecistektomije<\/li>\n<li>bolesti crvuljka (upalne bolesti,benigne i maligne bolesti)-appendectomio,appendectomio sa resekcijom cekuma ili uzlaznog kolona)<\/li>\n<li>bolesti tankih crijeva (inflamatorne,stenoze,benigni ili maligni tumori),-resekcije tankog crijeva<\/li>\n<li>preponske, femoralne, ventralne, postoperativne hernije<\/li>\n<li>operativno lije\u010denje pretilih bolesnika<\/li>\n<\/ul>\n<p>a) Gastric banding<br \/>\nb) Sliv resekcija \u017eeluca<br \/>\nc) Mini gastric bay pas<br \/>\nd) Bilio pancreati\u010dna diverzija Vi\u0161e u dodatku (pdf)<br \/>\nSvi operativni zahvati se izvode klasi\u010dnim ili laparoskopskim pristupom.<\/p>\n<p>&nbsp;<\/p>\n<p>&nbsp;<\/p>\n<p style=\"text-align: justify;\"><span style=\"color: #103e59;\"><strong>Odjeljenje za hepatobiliopankreati\u010dnu hirurgiju<\/strong><\/span><br \/>\n<strong>\u0160ef Odjeljenja:<\/strong> Prof dr.med.sc. Mirha Agi\u0107<br \/>\n<strong>Odgovorna sestra:<\/strong> Selma Mu\u0161anovi\u0107, diplomirana medicinska sestra<br \/>\n<strong>Kontakt tel:<\/strong> 035\/303-274<br \/>\nOperativno lije\u010denje pacijenata sa bolestima jetre, \u017eu\u010dnog mjehura, \u017eu\u010dnih puteva, gu\u0161tera\u010de, slezine i transplantacija jetre.<br \/>\nOperativni zahvati koji se izvode kod pacijenata su:<\/p>\n<ul>\n<li>resekcijski zahvati na jetri-segmentektomije, hepatektomije, metastazektomije<\/li>\n<li>maligne boleti \u017eu\u010dnjaka-pro\u0161irena holecistektomija<\/li>\n<li>resekcije \u017eu\u010dnih puteva sa uspostavljanjem anastomoze sa \u017eu\u010dnim putevima ili digestivnom cijevi<\/li>\n<li>resekcijski zahvati na gu\u0161tera\u010di (parcijalne resekcije ili totalna pankreatektomija)<\/li>\n<li>resekcija slezine<\/li>\n<li>tretman portne hipertenzije<\/li>\n<li>transplantacija jetre-kadaveri\u010dna<\/li>\n<\/ul>\n<p>&nbsp;<\/p>\n<p>&nbsp;<\/p>\n<p style=\"text-align: justify;\"><span style=\"color: #103e59;\"><strong>Odjeljenje za kolorektalnu hirurgiju<\/strong><\/span><br \/>\n<strong>\u0160ef Odjeljenja:<\/strong> Dr.med.sc. Enes idrizovi\u0107, spec.op\u0161te abdominalne hirurgije<br \/>\n<strong>Odgovorni tehni\u010dar:<\/strong> Feuki\u0107 Elvir, diplomirani medicinski tehni\u010dar<br \/>\n<strong>Kontakt tel:<\/strong>035 \/303 -218<br \/>\nOdjel kolorektalne hirurgije se bavi lije\u010denjem pacijenata sa benignim i malignim bolestima debelog crijeva (inflamatorne bolesti-ulcerozni kolitis,Kronova bolest,divertikuloza debelog crijeva, razni oblici stenoza na debelom crijevu,fistule na debelom crijevu,svi oblici ileusa,benigni i maligni tumori debelog crijeva).<br \/>\nOperativni zahvati koji se izvode na pacijentima koji le\u017ee na odjelu kolo-rektalne hirurgije:<br \/>\nParcijalne resekcije crijeva sa uspostavljanjem anastomoze ili izvo\u0111enjem kolostome:<\/p>\n<ul>\n<li>resekcija cekuma<\/li>\n<li>resekcija ulaznog kolona sa ili bez hepatalne fleksure<\/li>\n<li>resekcija transverzalnog kolona<\/li>\n<li>resekcija silaznog kolona sa ili bez lijenalne fleksure<\/li>\n<li>resekcija sigmoidnog kolona<\/li>\n<li>prednja resekcija rektuma<\/li>\n<li>niska resekcija rektuma<\/li>\n<li>ultra-niska resekcija rektuma<\/li>\n<li>subtotalna kolektomija<\/li>\n<li>totalna kolektomija<\/li>\n<li>proktokolektomija sa pravljenjem ilealnog pau\u010da<\/li>\n<li>amputacija rektuma-klasi\u010dni pristup<\/li>\n<li>ekstralevatorna amputacija rektuma<\/li>\n<li>kreiranje anastomoze kod ranije izvedenih kolostom<\/li>\n<\/ul>\n<p>Navedeni operativni zahvati se izvode klasi\u010dnim pristupom-otvorena hirurgija, ali i minimalno invazivno-laparoskopskim pristupom.<\/p>\n<p>&nbsp;<\/p>\n<p>&nbsp;<\/p>\n<p><span style=\"color: #103e59;\"><strong>Odjeljenje za proktologiju<\/strong><\/span><br \/>\n<strong>\u0160ef odjela:<\/strong> Prof.dr. med.sc.Samir Delibegovi\u0107, specijalista op\u0161te hirugije i subspecijalista abdominalne hirurgije<br \/>\n<strong>Odgovorni medicinar:<\/strong> Mirzet Hasanovi\u0107, diplomirani medicinski tehni\u010dar<br \/>\n<strong>Kontakt tel:<\/strong>035 \/303- 218<br \/>\nOperativni zahvati kod pacijenata na odjelu proktologije:<\/p>\n<ul>\n<li>operacija hemoroida<\/li>\n<li>operacija analne fisure<\/li>\n<li>operacija perianalne fistule<\/li>\n<li>rekonstrukcija analnih sfinktera<\/li>\n<li>pilonidalni sinus<\/li>\n<li>operacija benignih i malignih bolesti anusa i perianalne regije<\/li>\n<\/ul>\n<p>&nbsp;<\/p>\n<p>&nbsp;<\/p>\n<p><strong>Knjige i ud\u017ebenici \u010diji su autori uposlenici Klinike<\/strong><\/p>\n<ol>\n<li>Hirurgija pankreasa; Prof.dr.De\u0161o Me\u0161i\u0107 (autor)<\/li>\n<li>Principi laparoskopske hirurgije; Prof.dr. \u0160efik Hasuki\u0107 (autor)<\/li>\n<li>Osnovni principi anestezije i intenzivnog lije\u010denja;prof.dr.sc. Alisa Krd\u017eali\u0107 (autor); koautori:prof.dr.sc. Goran Krd\u017eali\u0107, prof.dr.sc. Zijah Rifatbegovi<\/li>\n<li>Nau\u010dna monografija; Pneumotoraks-klini\u010dki oblici i lije\u010denje;prof.dr.sc. Goran Krd\u017eali\u0107 (autor)<\/li>\n<li>Debljina klini\u010dki aspekti:Davor \u0160timac i suradnici, koautor iz BiH poglavlja Barijatrijska kirurgija prof.dr. Pa\u0161i\u0107 Fuad, knjiga je objavljena 2016 godine<\/li>\n<li>F. Pa\u0161i\u0107 , M.B.Be\u0161lin Zajedni\u010dko autorstvo Kirur\u0161ko lije\u010denje bolesti debljine knjiga katalogizirana u Hrvatskoj i Bosni I Hercegovini knjiga izdata 2017 godine<\/li>\n<li>F. Pa\u0161i\u0107 koautor poglavlja u knjizi Debljina Klini\u010dki pristup Davor \u0160timac i suradnici knjiga objavljena u Hrvatskoj 2017 godine<\/li>\n<li>F. Pa\u0161i\u0107, M.Be\u0161lin Zajedni\u010dko autorstvo Bariatric surgery yestrdey, today, toomorow&#8230;knjiga objavljena u Latviji LAMBERT Academic Publishing knjiga izdata 2018 godine<\/li>\n<li>F. Pa\u0161i\u0107 koautor poglavlja Debljina, barijatrijska hirurgija i kardiovaskularni system, Knjiga Kardiovaskularne bolesti i komorbiditeti J. \u010caluk, D. Lon\u010dar knjiga izdata 2018 godine<\/li>\n<li>F. Pa\u0161i\u0107 koautor poglavlje Oprema u barijatrijskoj hirurgiji knjiga Instrumentarij u hirur\u0161kim disiplinama Indira Mehmedagi\u0107 I saradnici knjiga izdata 2018 godine<\/li>\n<li>F. Pa\u0161i\u0107, jedan od tri glavna urednika, napisao 2 poglavlja Hirurgija \u017eeluca i Barijatrijska hirurgija u prvoj zajedni\u010dkoj knjizi profesora hirurgije sa 5 medicinskih fakulteta u BiH HIRURGIJA\/KIRURGIJA knjiga izdata 2020 godina<\/li>\n<li>F. Pa\u0161i\u0107 koautor poglavlja Kirur\u0161ki tretman komplikacija u digestivnoj endoskopiji u knjizi Prakti\u010dna digestivna endoskopija Salki\u0107 N. i saradnici knjiga izdata 2020 godine<\/li>\n<li>F. Pa\u0161i\u0107 koautor poglavlja Abdominalna bol, Knjiga MEDICINA BOLA Jasmina Smaji\u0107, Renata Ho\u0111i\u0107 knjiga izdata 2022 godine<br \/>\nSPONTANEOUS HEMORRHAGE IN SEVERE FORMS OF COVID 19 INFECTIONS, Fuad Pa\u0161i\u0107, New COVID-19 Variants [Working Title], Prof. Ozgur KARCIOGLU Submitted: 03 August 2023 Reviewed: 04 August 2023 Published: 29 September 2023<\/li>\n<li>F. Pa\u0161i\u0107 Jedan od koautora poglavlja u knjizi Hirurgiija kroz prikaze slu\u010dajeva Mirha Agi\u0107 I saradnici Printcom d.o.o.grafi\u010dki in\u017eeniering Tuzla 2025 godina<\/li>\n<li>Peritonitis. Samir Delibegovi\u0107 i saradnici. Sarajevo. Interliber. 2006. 214.<\/li>\n<li>Kako pisati medicinski znanstveni \u010dlanak. Samir Delibegovi\u0107. Sarajevo. Interliber. 2008. 88.<\/li>\n<li>Hirurgija pankreasa. Koautor: Samir Delibegovi\u0107. Neuroendokrini tumori. Tuzla. Printcom. 2008. 145-153.<\/li>\n<li>O\u0161ti principi zdravstvene njege u hirurgiji. Urednici: Semir Imamovi\u0107, Samir Delibegovi\u0107, Mirsad Hod\u017ei\u0107, D\u017eenita Ljuca (ur). PrintCom. 2012. 15-36.<\/li>\n<li>Appendicitis: Risk Factors, Management Strategies and Clinical Implications. New York. Koautori: Samir Delibegovic, Muhamed Katica, Anhel Koluh. Formation of adhesion after laparoscopic appendectomy. In: Marmo AS (ed). New York. Nova science publishers, inc. 2014.<\/li>\n<li>Horizons in Neuroscience Research. Koautori: Dizdarevic K, Delibegovic S. Science and Living Human Brain: Clinical Exploration and Manipulation of the Neural Networks and Structural Lesions. In: Volume 25. Chapter 1. 2016. New York. Nova science publishers, inc. 2016.<\/li>\n<li>Horizons in Neuroscience Research. Koautori: Delibegovic S, Dizdarevic K. The Potential Usage of Plastic Clip in Cerebrovascular Neurosurgery. In:. Volume 25. Chapter 1. 2016. New York. Nova science publishers, inc. 2016.<\/li>\n<li>How to write the medical scientific article. Delibegovic S. Sarajevo. Dobra Knjiga. 2017.<\/li>\n<li>Donor i multivisceralna explantacija organa. Autor: Prof.dr.med.sc. Zijah Rifatbegovi\u0107 i saradnici.<\/li>\n<\/ol>\n","protected":false},"excerpt":{"rendered":"<p>v.d. Na\u010delnika: Prof.dr.med.sc. Zlatan Mehmedovi\u0107 Glavna sestra: Zemira \u0110ulovi\u0107, MA zdravstvene njege i menad\u017ementa Med.sestra za poslove pobolj\u0161anja kvaliteta i edukaciju: Salmira Kova\u010devi\u0107, diplomirana medicinska sestra Sekretar: Zlata Sejrani\u0107, tehni\u010dki sekretar Kontakt: tel.: 00 387 35 30 31 25 e-mail: info@ukctuzla.ba &nbsp; DJELATNOST KLINIKE Dijagnosti\u010dka obrada bolesnika iz domena abdominalne hirurgije te sprovo\u0111enje medikamentoznog ili&hellip;<\/p>\n","protected":false},"author":1,"featured_media":16294,"parent":0,"menu_order":0,"comment_status":"closed","ping_status":"closed","template":"","meta":{"footnotes":""},"class_list":["post-406","page","type-page","status-publish","has-post-thumbnail","hentry","description-off"],"_links":{"self":[{"href":"https:\/\/www.ukctuzla.ba\/ukctuzla\/index.php?rest_route=\/wp\/v2\/pages\/406","targetHints":{"allow":["GET"]}}],"collection":[{"href":"https:\/\/www.ukctuzla.ba\/ukctuzla\/index.php?rest_route=\/wp\/v2\/pages"}],"about":[{"href":"https:\/\/www.ukctuzla.ba\/ukctuzla\/index.php?rest_route=\/wp\/v2\/types\/page"}],"author":[{"embeddable":true,"href":"https:\/\/www.ukctuzla.ba\/ukctuzla\/index.php?rest_route=\/wp\/v2\/users\/1"}],"replies":[{"embeddable":true,"href":"https:\/\/www.ukctuzla.ba\/ukctuzla\/index.php?rest_route=%2Fwp%2Fv2%2Fcomments&post=406"}],"version-history":[{"count":66,"href":"https:\/\/www.ukctuzla.ba\/ukctuzla\/index.php?rest_route=\/wp\/v2\/pages\/406\/revisions"}],"predecessor-version":[{"id":20469,"href":"https:\/\/www.ukctuzla.ba\/ukctuzla\/index.php?rest_route=\/wp\/v2\/pages\/406\/revisions\/20469"}],"wp:featuredmedia":[{"embeddable":true,"href":"https:\/\/www.ukctuzla.ba\/ukctuzla\/index.php?rest_route=\/wp\/v2\/media\/16294"}],"wp:attachment":[{"href":"https:\/\/www.ukctuzla.ba\/ukctuzla\/index.php?rest_route=%2Fwp%2Fv2%2Fmedia&parent=406"}],"curies":[{"name":"wp","href":"https:\/\/api.w.org\/{rel}","templated":true}]}}