{"id":409,"date":"2022-12-12T09:54:07","date_gmt":"2022-12-12T08:54:07","guid":{"rendered":"http:\/\/10.0.0.65\/ukctuzla3\/?page_id=409"},"modified":"2025-09-17T08:22:59","modified_gmt":"2025-09-17T07:22:59","slug":"klinika-za-kardiovaskularne-bolesti","status":"publish","type":"page","link":"https:\/\/www.ukctuzla.ba\/ukctuzla\/?page_id=409&lang=bs","title":{"rendered":"KLINIKA ZA KARDIOVASKULARNU HIRURGIJU"},"content":{"rendered":"<div class=\"wpb-content-wrapper\"><p>[vc_row][vc_column][vc_column_text css=&#8221;&#8221;]<strong>Na\u010delnik:<\/strong> Prof.dr.med.sci. Mustafa Tabakovi\u0107<br \/>\n<strong>Glavna medicinska sestra:<\/strong> Dipl med sestra Hatid\u017ea Hara\u010di\u0107<br \/>\n<strong>Medicinski tehni\u010dar za poslove pobolj\u0161anja kvaliteta i edukaciju:<\/strong> Anes Had\u017eiefendi\u0107, mr. sc. zdravstvenih nauka<br \/>\n<strong>Kontakt:<\/strong> +387 35 303 154<br \/>\n<strong>Tehni\u010dki sekretar Klinike:<\/strong> Amela Traki\u0107<br \/>\n<strong>Kontakt:<\/strong> +387 35 303 152<br \/>\ne-mail: info@ukctuzla.ba<\/p>\n<p>Kliniku \u010dine tri odjeljenja sa ukupno 29 kreveta, Poliklinika za kardiovaskularnu hirurgiju, dvije Operacione sale.<\/p>\n<p><strong>DJELATNOST KLINIKE<\/strong><\/p>\n<ul>\n<li>Visokodiferencirane terapijske usluge tercijarnog nivoa zdravstvene za\u0161tite bolesnika oboljelih od bolesti kardiovaskularnog sistema;<\/li>\n<li>Usluge iz nivoa sekundarne zdravstvene za\u0161tite bolesnika oboljelih od bolesti kardiovaskularnog sistema;<\/li>\n<li>Savremene terapijske procedure iz oblasti kardiohirurgije i vaskularne hirurgije;<\/li>\n<li>Nau\u010dno istra\u017eiva\u010dki rad, edukacija, organizacija stru\u010dnih i nau\u010dnih skupova;<\/li>\n<\/ul>\n<p>&nbsp;<\/p>\n<p><span style=\"color: #16395e;\"><strong>ORGANIZACIONA STRUKTURA<\/strong><\/span><br \/>\n<span style=\"color: #16395e;\"><strong>Odjeljenja<\/strong><\/span><\/p>\n<ul>\n<li>Odjeljenje za kardiohirurgiju<\/li>\n<li>Odjeljenje za vaskularnu hirurgiju<\/li>\n<li>Odjeljenje za intenzivnu terapiju i kardioanesteziju<\/li>\n<\/ul>\n<p>&nbsp;<\/p>\n<p><span style=\"color: #16395e;\"><strong>Poliklinika za kardiovaskularnu hirurgiju<\/strong><\/span><\/p>\n<ul>\n<li>Prijemna ambulanta<\/li>\n<li>Ambulanta za kardiovaskularnu hirurgiju<\/li>\n<li>Ambulanta za kardioanesteziju<\/li>\n<\/ul>\n<p>&nbsp;<\/p>\n<p><span style=\"color: #16395e;\"><strong>KADROVSKA STRUKTURA<\/strong><\/span><br \/>\nKlinika za kardiovaskularnu hirurgiju ima 72 uposlenika od toga:<br \/>\n<strong>21 doktora<\/strong><br \/>\n3 subspecijaliste kardiohirurgije i vaskularne hirurgije<br \/>\n1 specijalista kardiovaskularne hirurgije<br \/>\n2 specijalista kardiokirurgije<br \/>\n5 specijalista op\u0161te hirurgije<br \/>\n7 specijalista anestezije sa reanimatologijom<br \/>\n1 subspecijalista kardiologije<br \/>\n5 doktora na specijalizaciji<br \/>\n1 subspecijalizaciji iz kardiohirurgije<br \/>\nod \u010dega:<br \/>\n4 profesora<br \/>\n3 magistra nauka<br \/>\n5 primarijusa<br \/>\n<strong>49 medicinskih sestara\/tehni\u010dara<\/strong><br \/>\nod \u010dega:<br \/>\n1 magistar zdravstvenih nauka<br \/>\n1 magistar zdravstvene njege<br \/>\n18 medicinskih sestara\/tehni\u010dara sa VSS<br \/>\n1 medicinska sestra V\u0160S<br \/>\n28 medicinske sestre\/tehni\u010dara SSS<br \/>\n1 nemedicinski radnik (ekonom)<br \/>\n1 nemedicinski radnik (tehni\u010dki sekretar)<\/p>\n<p>&nbsp;<\/p>\n<p><span style=\"color: #16395e;\"><strong>Odjeljenje za kardiohirurgiju i Odjeljenje za vaskularnu hirurgiju<\/strong><\/span><br \/>\n<strong>Kontakt telefoni za Odjeljenja:<\/strong> +387 35 303 214, 303 149, 303 164, 303 147<\/p>\n<p><strong>\u0160ef Odjeljenja za kardiohirurgiju:<\/strong> Prof.prim.dr.med.sc.Harun Avdagi\u0107, specijalista op\u0107e hirurgije, subspecijalista kardiohirurgije i vaskularne hirurgije.<\/p>\n<p><strong>\u0160ef Odjeljenje za vaskularnu hirurgiju:<\/strong> Prof.prim. dr .med.sc. Dragan Pilji\u0107, specijalista op\u0107e hirurgije, subspecijalista kardiohirurgije i vaskularne hirurgije.<\/p>\n<p><strong>Ljekari:<\/strong> Prim.mr.sc.dr. Azur Azabagi\u0107, specijalista op\u0107e hirurgije, subspecijalista kardiohirurgije i vaskularne hirurgije; Dr Mediha Seleskovi\u0107, specijalista interne medicine, subspecijalista kardiologije; Dr Nail \u0160ehi\u0107, specijalista op\u0107e hirurgije, subspecijalizant kardiohirurgije; Dr Tarik Bakalovi\u0107, specijalista op\u0107e hirurgije; Dr Amar Skaki\u0107, specijalista kardiokirurgije; Dr Mirza Toki\u0107, specijalista kardiokirurgije; Dr Ajdin Umihani\u0107, doktor na specijalizaciji; Dr Ned\u017ead Ra\u0161idovi\u0107, doktor na specijalizaciji; Dr Nedim Halilba\u0161i\u0107, doktor na specijalizaciji; Dr Edina Kamberovi\u0107, doktor na specijalizaciji; Dr Admir Suljendi\u0107, doktor na specijalizaciji.<br \/>\n<strong>Odgovorna medicinska sestra Odjeljenja za kardiohirurgiju:<\/strong> Dipl med sestra Emira Prlja<br \/>\n<strong>Odgovorna medicinska sestra Odjeljenja za vaskularnu hirurgiju:<\/strong> Dipl med sestra Mejra Zoleti\u0107<\/p>\n<p>&nbsp;<\/p>\n<p><strong>Djelatnost Odjeljenja: Odjeljenje za kardiohirurgiju<\/strong><br \/>\nHirur\u0161ki tretman pacijentima sa oboljenjima srca i velikih krvnih sudova:<\/p>\n<ul>\n<li>CABG \u2013 ugradnja aortokoronarnog bypassa<\/li>\n<li>CABG sa operacijom karotidnih arterija<\/li>\n<li>Zamjena valvule<\/li>\n<li>Reparacija valvule<\/li>\n<li>Zamjena jedne i reparacija jedne valvule<\/li>\n<li>CABG sa zamjenom ili reparacijom valvule<\/li>\n<li>Disekcija\/aneurizma ascedentne aorte i luka aorte<\/li>\n<li>Bentall procedura<\/li>\n<li>Tumori srca<\/li>\n<li>Aneurizma ventrikla<\/li>\n<li>Zamjena ascedentne aorte i aortnog luka<\/li>\n<li>Hirur\u0161ko zatvaranje ASD-a ili VSD-a<\/li>\n<\/ul>\n<p>&nbsp;<\/p>\n<ul>\n<li><strong>Preoperativni i postoperativni tretman pacijenata sa oporavkom.<\/strong><\/li>\n<li><strong>Edukacija kadrova iz oblasti kardiohirurgije.<\/strong><\/li>\n<li><strong>Edukacija kadrova iz oblasti vaskularne hirurgije.<\/strong><\/li>\n<\/ul>\n<p>&nbsp;<\/p>\n<p><strong>Djelatnost Odjeljenja: Odjeljenje za vaskularnu hirurgiju<\/strong><br \/>\nKonzervativni tretman pacijenata oboljelih od bolesti vaskularnog sistema.<br \/>\nHirur\u0161ki tretman pacijenata sa oboljenjima\/povredama krvnih sudova:<\/p>\n<ul>\n<li>femoropoplitealni bypass\/rekonstrukcija<\/li>\n<li>aortobifemoralni bypass\/rekonstrukcija<\/li>\n<li>ilicofemoralni bypass\/rekonstrukcija<\/li>\n<li>femorodistalni bypass\/rekonstrukcija<\/li>\n<li>karotikosubkvalijalni bypass\/rekonstrukcija<\/li>\n<li>hirur\u0161ki tretman aneurizmi abdominalne aorte i drugih magistralnih artetija (osim intrakranijalnih)<\/li>\n<li>hirur\u0161ki tretman stenoze karotidnih arterija<\/li>\n<li>aneurizmektomije<\/li>\n<li>embolektomije<\/li>\n<li>endovaskularni tretman katoridnih arterija<\/li>\n<li>rekonstrukcije krvnih sudova nakon povrede<\/li>\n<li>ugradnja\/zatvaranje AV fistule<\/li>\n<li>hirur\u0161ki tretman varikoznih vena<\/li>\n<\/ul>\n<p>&nbsp;<\/p>\n<p><span style=\"color: #16395e;\"><strong>Odjeljenje za intenzivnu terapiju i kardioanesteziju<\/strong><\/span><br \/>\n<strong>Kontakt telefoni Odjeljenja:<\/strong> +387-35-303-353; 303-156; 303 -254; 303 -138<br \/>\n<strong>\u0160ef odjeljenja:<\/strong> Prof.prim.dr.med sci. Alisa Krd\u017eali\u0107, specijalista anestezije i reanimacije<\/p>\n<p><strong>Ljekari:<\/strong> Prim.dr. Mirsada Selimovi\u0107, specijalista anestezije i reanimacije; Dr Almir Kusturica, specijalista anestezije i reanimacije; Mr.med sci. dr Lejla Selimovi\u0107-\u010ceke, specijalista anestezije i reanimacije; Dr Maida Saraj\u010di\u0107, specijalista anestezije i reanimacije; Dr Adnan Behrem, specijalista anestezije i reanimacije; Dr Jasmina Selimovi\u0107, specijalista anestezije i reanimacije.<br \/>\n<strong>Odgovorna medicinska sestra tehni\u010dar Odjeljenja za intenzivnu terapiju i kardioanesteziju: <\/strong>Dipl medicinar zdravstvene njege Sandra Had\u017eibegi\u0107<\/p>\n<p><strong>Djelatnost Odjeljenja:<\/strong><\/p>\n<ul>\n<li>preoperativna anesteziolo\u0161ka evaluacija i priprema pacijenta za razli\u010dite vrste elektivnih i urgentnih kardiohirur\u0161kih i vaskularnih operativnih zahvata<\/li>\n<li>preoperativni tretman te\u0161kog kongestivnog sr\u010danog popu\u0161tanja<\/li>\n<li>anesteziolo\u0161ki tretman i zbrinjavanje urgentnih kardiovaskularnih stanja<\/li>\n<li>provo\u0111enje osnovnih i uznapredovalih mjera kardiopulmonalne reanimacije za vitalno ugro\u017eene pacijente<\/li>\n<li>anersteziolo\u0161ki tretman kardiohirur\u0161kih pacijenata sa i bez upotrebe kariopulmonalnog by-pass-a<\/li>\n<li>procedura neroeuraksijalne anestezije\/analgezije u kardiovaskularnoj hirurgiji<\/li>\n<li>perioperativne procedure vezane za izvo\u0111enje i pra\u0107enje dubokog hipotermnog cirkulatornog aresta (DHCA)<\/li>\n<li>perioperativni invazivni i neinvazivni monitoring pacijenta<\/li>\n<li>perioperativna i postoperativna invazivna hemodinamska dijagnostika i odgovaraju\u0107a terapija<\/li>\n<li>perioperativno i postoperativno kolektiranje i zbrinjavanje krvnih produkata (Cell savage)<\/li>\n<li>postoperativna intenzivna terapija i njega uz primjenu visokosofisticiranih terapijskih i dijagnosti\u010dkih procedura: kontinuirani invazivni i hemodinamski monitoring pacijenta; fiberopti\u010dka dijagnosti\u010dka i terapijska bronhoskopija, perkutana traheostomija, implantacija privremenog pace maker-a; plasiranje i pra\u0107enje intraaotralne balon kontrapulsiraju\u0107e pumpe (IABP); protekcija mo\u017edanog o\u0161te\u0107enja; izvo\u0111enje barbituratne kome; postoperativno transfuzijsko lije\u010denje<\/li>\n<\/ul>\n<p>&nbsp;<\/p>\n<p><span style=\"color: #16395e;\"><strong>Poliklinika za kardiovaskularnu hirugiju<\/strong><\/span><br \/>\n<strong>Kontakt telefoni Poliklinike:<\/strong> +387 35 303 153<br \/>\n<strong>Odgovorna medicinska sestra Poliklinike za kardiovaskularnu hirurgiju:<\/strong> Dipl med sestra Melika Mujaba\u0161i\u0107<br \/>\n<strong>Medicinske sestre:<\/strong> Dipl med sestra Sadeta Okanovi\u0107; Vi\u0161a medicinska sestra Adna Alji\u0107<br \/>\n<strong>Ljekar:<\/strong> po rasporedu<br \/>\n<strong>Radno vrijeme:<\/strong> hitni pacijenti: 24 sata 7 dana u sedmici<br \/>\n<strong>Elektivni pacijenti:<\/strong> prijemi 08-09 sati (pon-pet)<br \/>\n<strong>Ambulantni pregledi:<\/strong> 09-12 sati (pon-pet), petkom pregledi operisanih pacijenata i hitni pacijenti<\/p>\n<p><strong>Napomena: Pregledi se ne zakazuju<\/strong><\/p>\n<p><strong>Djelatnost ambulante:<\/strong><\/p>\n<ul>\n<li>prijemi elektivnih i urgentnih pacijenata<\/li>\n<li>prvi i kontrolni pregledi kardiovaskularnog hirurga<\/li>\n<li>previjanje \/ va\u0111enje konaca<\/li>\n<li>tretman i prijem urgentnih pacijenata<\/li>\n<li>pratnja urgentnih pacijenata radi daljih dijagnosti\u010dkih procedura<\/li>\n<\/ul>\n<p>&nbsp;<\/p>\n<p><strong>OPERACIONI BLOK<\/strong><br \/>\n<strong>Kontakt telefon:<\/strong> +387 35 303 212; 303 211<br \/>\n<strong>Odgovorna sestra &#8211; instrumentarka:<\/strong><br \/>\n<strong>Odgovorni medicinski tehni\u010dar &#8211; anesteti\u010dar:<\/strong> Dipl med tehni\u010dar D\u017eevdet D\u017eambi\u0107<br \/>\n<strong>Odgovorni medicinski tehni\u010dar &#8211; perfuzionista:<\/strong> Dipl med tehni\u010dar Almir Bundi\u0107<\/p>\n<p>&nbsp;<\/p>\n<p><strong>KNJIGE I UD\u017dBENICI U \u010cIJEM SU PISANJU U\u010cESTVOVALI UPOSLENICI KLINIKE<\/strong><\/p>\n<ul>\n<li>Osnovni principi anestezije i intenzivnog lije\u010denja. Alisa Krd\u017eali\u0107 i suradnici, OFF set, Tuzla, 2016. god<\/li>\n<li>Pneumotoraks, klini\u010dki oblici lije\u010denje. Goran Krd\u017eali\u0107 i suradnici, Ars grafika, Tuzla, 2011. god<\/li>\n<li>Case Report: Autologus arteriovenosus fistula creation for haemodialysis in small children, Dragan Pilji\u0107, Nail \u0160ehi\u0107, Dilista Pilji\u0107, Fahrudin \u0160abanovi\u0107, Mate Petri\u010devi\u0107 I Gordan Samoukovi\u0107.<\/li>\n<\/ul>\n<p>&nbsp;<\/p>\n<p>&nbsp;<\/p>\n<p>[\/vc_column_text][\/vc_column][\/vc_row]<\/p>\n<\/div>","protected":false},"excerpt":{"rendered":"<p>[vc_row][vc_column][vc_column_text css=&#8221;&#8221;]Na\u010delnik: Prof.dr.med.sci. Mustafa Tabakovi\u0107 Glavna medicinska sestra: Dipl med sestra Hatid\u017ea Hara\u010di\u0107 Medicinski tehni\u010dar za poslove pobolj\u0161anja kvaliteta i edukaciju: Anes Had\u017eiefendi\u0107, mr. sc. zdravstvenih nauka Kontakt: +387 35 303 154 Tehni\u010dki sekretar Klinike: Amela Traki\u0107 Kontakt: +387 35 303 152 e-mail: info@ukctuzla.ba Kliniku \u010dine tri odjeljenja sa ukupno 29 kreveta, Poliklinika za kardiovaskularnu&hellip;<\/p>\n","protected":false},"author":1,"featured_media":16294,"parent":0,"menu_order":0,"comment_status":"closed","ping_status":"closed","template":"","meta":{"footnotes":""},"class_list":["post-409","page","type-page","status-publish","has-post-thumbnail","hentry","description-off"],"_links":{"self":[{"href":"https:\/\/www.ukctuzla.ba\/ukctuzla\/index.php?rest_route=\/wp\/v2\/pages\/409","targetHints":{"allow":["GET"]}}],"collection":[{"href":"https:\/\/www.ukctuzla.ba\/ukctuzla\/index.php?rest_route=\/wp\/v2\/pages"}],"about":[{"href":"https:\/\/www.ukctuzla.ba\/ukctuzla\/index.php?rest_route=\/wp\/v2\/types\/page"}],"author":[{"embeddable":true,"href":"https:\/\/www.ukctuzla.ba\/ukctuzla\/index.php?rest_route=\/wp\/v2\/users\/1"}],"replies":[{"embeddable":true,"href":"https:\/\/www.ukctuzla.ba\/ukctuzla\/index.php?rest_route=%2Fwp%2Fv2%2Fcomments&post=409"}],"version-history":[{"count":24,"href":"https:\/\/www.ukctuzla.ba\/ukctuzla\/index.php?rest_route=\/wp\/v2\/pages\/409\/revisions"}],"predecessor-version":[{"id":19549,"href":"https:\/\/www.ukctuzla.ba\/ukctuzla\/index.php?rest_route=\/wp\/v2\/pages\/409\/revisions\/19549"}],"wp:featuredmedia":[{"embeddable":true,"href":"https:\/\/www.ukctuzla.ba\/ukctuzla\/index.php?rest_route=\/wp\/v2\/media\/16294"}],"wp:attachment":[{"href":"https:\/\/www.ukctuzla.ba\/ukctuzla\/index.php?rest_route=%2Fwp%2Fv2%2Fmedia&parent=409"}],"curies":[{"name":"wp","href":"https:\/\/api.w.org\/{rel}","templated":true}]}}