{"id":411,"date":"2016-02-12T09:55:43","date_gmt":"2016-02-12T09:55:43","guid":{"rendered":"http:\/\/10.0.0.65\/ukctuzla3\/?page_id=411"},"modified":"2016-02-12T09:55:43","modified_gmt":"2016-02-12T09:55:43","slug":"vise-o-klinika-za-kardiovaskularne-bolesti","status":"publish","type":"page","link":"https:\/\/www.ukctuzla.ba\/ukctuzla\/?page_id=411&lang=bs","title":{"rendered":"VI\u0160E O &#8230;KLINIKA ZA KARDIOVASKULARNE BOLESTI"},"content":{"rendered":"<p><strong>Odjeljenje interventne kardiologije<\/strong><br \/>\n<strong>\u0160ef Odjela:<\/strong> Prim dr Sa\u0161a Luki\u0107, internist, subspec. kardiolog<br \/>\n<strong>Ljekari:<\/strong> doc. dr. med. sc. Ramiz Hajri\u0107, internist, subspec. kardiolog; doc. dr. med. sc. Mugdim Bajri\u0107, internist, subspec. kardiolog; dr. Mediha Seleskovi\u0107, internist, subspec. kardiolog; mr sc dr Ivana Ivelji\u0107, specijalizant interne medicine; dr. Alan Jahi\u0107, specijalizant interne medicine<\/p>\n<p><strong>Odgovorna sestra Odjela<\/strong>: dipl. med. sestra Sandra Brki\u0107<\/p>\n<p>Kontakt telefon: 035\/303-244, 303-151<\/p>\n<p><strong>Djelatnost Odjela:<\/strong><br \/>\n<strong>-Invazivna kardiolo\u0161ka dijagnostika:<\/strong><\/p>\n<ul>\n<li>ljevostrana i desnostrana kateterizacija srca<\/li>\n<li>koronarografija<\/li>\n<li>angiografija<\/li>\n<\/ul>\n<p><strong>-Invazivno kardiolo\u0161ko lije\u010denje<\/strong><\/p>\n<ul>\n<li>Lije\u010denje bolesnika sa akutnim sr\u010danim udarom metodom hitne perkutane koronarne intervencije (primarna PCI) sa ugradnjom stenta (dostupnost tokom 24 sata). Na godi\u0161njem nivou se tretira preko 250 pacijenata sa STEMI primarnom PCI.<\/li>\n<li>perkutana koronarna intervencija (PCI) sa ugradnjom stenta ili balon dilatacijom<\/li>\n<li>perkutana intervencija na perifernim arterijama sa ugradnjom stenta ili balon dilatacijom<\/li>\n<li>ugradnja trajnih elektrostimulatora u bolesnika sa poreme\u0107ajem sr\u010danog ritma<\/li>\n<li>ugradnja kardioverter\/defibrilatora srca u bolesnika sa pove\u0107anim rizikom od iznenadne sr\u010dane smrti.<\/li>\n<\/ul>\n<p>&#8211;<strong>Neinvazivna kardiolo\u0161ka dijagnostika<\/strong><\/p>\n<ul>\n<li>klini\u010dki kardiolo\u0161ki pregled uz snimanje elektrokardiograma (EKG)<\/li>\n<li>ultrazvu\u010dni pregled srca , konvencionalni i dopler: transtorakalni, transezofagealni<\/li>\n<li>kontrola i programiranje elektrostimulatora srca (pacemakera) i implantiranih kardiovertera\/defibrilatora<\/li>\n<li>procjena bolesnika sa poreme\u0107ajem sr\u010danog ritma za lije\u010denje u inostranstvu u skladu sa Pravilnikom ZZOiR FBiH<\/li>\n<\/ul>\n<p><strong>-Kabinet za ehokardiografiju<\/strong><\/p>\n<ul>\n<li>ehokardiografska preoperativna i intraoperativna procjena bolesnika, kao i pra\u0107enje stanja bolesnika nakon operativnih zahvata na srcu<\/li>\n<li>farmakolo\u0161ki stres ehokardiografski test<\/li>\n<li>procjena podobnosti bolesnika za nehirur\u0161ko zatvaranje ASD, FOA, DAP<\/li>\n<li>procjena odraslih bolesnika sa uro\u0111enim sr\u010danim manama<\/li>\n<\/ul>\n<p><strong>&#8211; Edukacija kadrova iz oblasti ehokardiografije i invazivne kardiologije<\/strong><\/p>\n<p><strong>Odjeljenje kardiohirurgije\/vaskularne i interventne hirurgije<\/strong><br \/>\n<strong>\u0160ef Odjela:<\/strong> mr sc dr Mustafa Tabakovi\u0107, specijalista kardiovaskularne hirurgije<br \/>\n<strong>Ljekari:<\/strong> doc. dr. med. sc. Harun Avdagi\u0107, specijalista op\u0107e hirurgije ,subspecijalista kardiohirurgije i vaskularne hirurgije; dr. med. sc. Alen Kari\u0107, specijalista op\u0107e hirurgije, subspecijalista kardiohirurgije i vaskularne hirurgije; mr. sc. dr. Azur Azabagi\u0107, specijalista op\u0107e hirurgije, subspecijalista kardiohirurgije i vaskularne hirurgije; dr. med. sc. Dragan Pilji\u0107, specijalista op\u0107e hirurgije, subspecijalista kardiohirurgije i vaskularne hirurgije; mr sc dr. Alen Hajdarevi\u0107, specijalista kardiovaskularne hirurgije; dr Nail \u0160ehi\u0107, doktor medicine<\/p>\n<p><strong>Odgovorna sestra Odjela:<\/strong> dipl med. sestra Emira Prlja<br \/>\nKontakt telefon: 035\/303-214, 303-149, 303-138, 303-164<\/p>\n<p><strong>Djelatnost Odjela:<\/strong><\/p>\n<p><strong>-Konzervativni tretman pacijenata oboljelih od bolesti vaskularnog sistema<\/strong><br \/>\n<strong>&#8211; Hirur\u0161ki tretman pacijenata sa oboljenjima\/povredama\u00a0 krvnih sudova:\u00a0<\/strong><\/p>\n<ul>\n<li>femoropoplitealni bypass\/rekonstrukcija<\/li>\n<li>aortobifemoralni bypass\/rekonstrukcija<\/li>\n<li>ilicofemoralni bypass\/rekonstrukcija<\/li>\n<li>femorodistalni bypass\/rekonstrukcija<\/li>\n<li>karotikosubkvalijalni bypass\/rekonstrukcija<\/li>\n<li>hirur\u0161ki tretman aneurizmi abdominalne aorte i drugih magistralnih artetija (osim intrakranijalnih)<\/li>\n<li>hirur\u0161ki tretman stenoze karotidnih arterija<\/li>\n<li>aneurizmektomije<\/li>\n<li>embolektomije<\/li>\n<li>rekonstrukcije krvnih sudova nakon povrede<\/li>\n<li>ugradnja\/zatvaranje AV fistule<\/li>\n<li>hirur\u0161ki tretman varikoznih vena itd&#8230;<\/li>\n<\/ul>\n<p><strong>-Hirur\u0161ki tretman pacijentima sa oboljenjima srca i velikih krvnih sudova :<\/strong><\/p>\n<ul>\n<li>CABG \u2013 ugradnja aortokoronarnog bypassa<\/li>\n<li>CABG sa operacijom karotidnih arterija<\/li>\n<li>Zamjena valvule<\/li>\n<li>Reparacija valvule<\/li>\n<li>Zamjena jedne i reparacija jedne valvule<\/li>\n<li>CABG sa zamjenom ili reparacijom valvule<\/li>\n<li>Disekcija\/aneurizma ascedentne aorte i luka aorte<\/li>\n<li>Bentall procedura<\/li>\n<li>Tumori srca<\/li>\n<li>Aneurizma ventrikla<\/li>\n<li>Zamjena ascedentne aorte i aortnog luka<\/li>\n<li>Hirur\u0161ko zatvaranje ASD-a ili VSD-a<\/li>\n<\/ul>\n<p><strong>-Postoperativni tretman pacijenata sa urednim oporavkom ili sa postproceduralnim komplikacijama<\/strong><br \/>\n<strong>-Edukacija kadrova iz oblasti vaskularne i kardiohirurgije<\/strong><\/p>\n<p><strong>Odjeljenje intenzivne njege i kardioanestezije<\/strong><br \/>\n<strong>\u0160ef Odjela<\/strong>: prim. dr. Senija Jahi\u0107, specijalista anestezije i reanimacije<br \/>\n<strong>Ljekari:<\/strong> prim. dr. Mirsada Selimovi\u0107. specijalista anestezije i reanimacije ; prof. dr. med. sc. Alisa Krd\u017eali\u0107, specijalista anestezije i reanimacije; dr. Almir Kusturica, specijalista anestezije i reanimacije; mr sc dr. Lejla Selimovi\u0107-\u010ceke, specijalista anestezije i reanimacije; mr sc dr Jasmina Kov\u010di\u0107, specijalista anestezije i reanimacije<\/p>\n<p><strong>Odgovorna sestra Odjela:<\/strong> dipl. med. sestra Sanela Jahi\u0107<br \/>\nKontakt telefon: 035\/303-353, 303-161, 303-156<\/p>\n<p><strong>Djelatnost Odjela:<\/strong><\/p>\n<ul>\n<li>tretman urgentnih i hemodinamski nestabilnih pacijenata sa bolestima\/povredama kardiovaskularnog sistema<\/li>\n<li>periproceduralna stabilizacija i priprema pacijenata, te postproceduralni intenzivni tretman i monitoring<\/li>\n<li>hemodinamsko ispitivanje pacijenata<\/li>\n<li>priprema i pra\u0107enje pacijenata prije kardiohirur\u0161kih procedura, te procjena rizika<\/li>\n<li>vo\u0111enje pacijenata na mehani\u010dkoj ventilaciji<\/li>\n<li>plasiranje perkutanih traheostoma<\/li>\n<li>vo\u0111enje anestezije pri kardiohirur\u0161kim operacijama<\/li>\n<li>vo\u0111enje anestezije pri vaskularnim operacijama<\/li>\n<li>terapijska<\/li>\n<\/ul>\n<p><strong>Kardiovaskularna hirur\u0161ka ambulanta<\/strong><br \/>\n<strong>Sestre:<\/strong> dipl. med. sestra Melika Sio\u010di\u0107; medicinska sestra Devleta Aliba\u0161i\u0107<br \/>\nLjekar: po rasporedu<br \/>\nTelefon: 035\/303-153<br \/>\n<strong>Radno vrijeme:<\/strong> hitni pacijenti: 24 sata 7 u sedmici<br \/>\nelektivni pacijenti: prijemi 08-09 sati (pon-pet)<br \/>\npregledi 09-16 sati (pon-pet)<br \/>\n<strong>Napomena:<\/strong> Pregledi se zakazuju na telefon 035\/303\/153<\/p>\n<p><strong>Djelatnost ambulante:<\/strong> prijemi elektrivnih i urgentnih pacijenata<\/p>\n<ul>\n<li>prvi i kontrolni pregledi kardiovaskularnog hirurga<\/li>\n<li>previjanje\/va\u0111enje konaca<\/li>\n<li>tretman i prijem urgentnih pacijenata<\/li>\n<li>pratnja urgentnih pacijenata radi daljih\u00a0 dijagnosti\u010dkih procedura<\/li>\n<\/ul>\n<p><strong>Invazivno &#8211; kardiolo\u0161ka ambulanta<\/strong><br \/>\n<strong>Sestre:<\/strong> dipl. med. sestra Sadeta Okanovi\u0107<br \/>\nLjekar: po rasporedu<br \/>\nTelefon: 035\/303-166<br \/>\n<strong>Radno vrijeme:<\/strong> hitni pacijenti: 24 sata 7 dana u sedmici<br \/>\nelektivni pacijenti: prijemi 08-09 sati (pon-pet)<br \/>\npregledi 09-16 sati (pon-pet)<br \/>\nkontrole rada pacemakera: 9-11 sati, \u010detvrtkom<br \/>\nkontrolni pregledi: od 09 sati, petkom<br \/>\nUZ srca: od 10 sati, ponedeljkom<br \/>\n<strong>Napomena:<\/strong> Kontrola rada pacemakera se naru\u010duje telefonom (303-166), kontrole kardiologa nakon invazivno-kardiolo\u0161kih procedura se ne naru\u010duju (petkom), ehokardiografske procjene se naru\u010duju nakon pregleda dokumentacije od strane Konzilija klinike.<\/p>\n<p><strong>Djelatnost ambulante:<\/strong> prijemi elektivnih i urgentnih pacijenata<\/p>\n<ul>\n<li>prvi i kontrolni pregledi invazivnog kardiologa<\/li>\n<li>kontrole rada pacemakera ili AICD-a<\/li>\n<li>ehokardiografske procjene po odluci Konzilija<\/li>\n<li>procjene za invazivno-kardiolo\u0161ke procedure po odluci Konzilija<\/li>\n<\/ul>\n<p><strong>OPERACIONI BLOK-<\/strong> dvije operacione sale<br \/>\nTelefon: 035\/303-212<br \/>\nOdgovorna sestra instrumentarka: dipl. med. sestra Nermina D\u017eambi\u0107<br \/>\nOdgovorni medicinski tehni\u010dar\u00a0 anesteti\u010dar: dipl med the D\u017eevdet D\u017eambi\u0107<br \/>\nOdgovorni medicinski tehni\u010dar perfuzionist: dipl med. tehni\u010dar Almir Bundi\u0107<\/p>\n<p><strong>ANGIO SALA<\/strong><br \/>\nMedicinski tehni\u010dar za organizovanje poslova u kardio\/angio sali: med. tehni\u010dar Fuad Aliba\u0161i\u0107<br \/>\nTelefon: 035\/303-586<\/p>\n","protected":false},"excerpt":{"rendered":"<p>Odjeljenje interventne kardiologije \u0160ef Odjela: Prim dr Sa\u0161a Luki\u0107, internist, subspec. kardiolog Ljekari: doc. dr. med. sc. Ramiz Hajri\u0107, internist, subspec. kardiolog; doc. dr. med. sc. Mugdim Bajri\u0107, internist, subspec. kardiolog; dr. Mediha Seleskovi\u0107, internist, subspec. kardiolog; mr sc dr Ivana Ivelji\u0107, specijalizant interne medicine; dr. Alan Jahi\u0107, specijalizant interne medicine Odgovorna sestra Odjela: dipl.&hellip;<\/p>\n","protected":false},"author":1,"featured_media":16294,"parent":0,"menu_order":0,"comment_status":"closed","ping_status":"closed","template":"","meta":{"footnotes":""},"class_list":["post-411","page","type-page","status-publish","has-post-thumbnail","hentry","description-off"],"_links":{"self":[{"href":"https:\/\/www.ukctuzla.ba\/ukctuzla\/index.php?rest_route=\/wp\/v2\/pages\/411","targetHints":{"allow":["GET"]}}],"collection":[{"href":"https:\/\/www.ukctuzla.ba\/ukctuzla\/index.php?rest_route=\/wp\/v2\/pages"}],"about":[{"href":"https:\/\/www.ukctuzla.ba\/ukctuzla\/index.php?rest_route=\/wp\/v2\/types\/page"}],"author":[{"embeddable":true,"href":"https:\/\/www.ukctuzla.ba\/ukctuzla\/index.php?rest_route=\/wp\/v2\/users\/1"}],"replies":[{"embeddable":true,"href":"https:\/\/www.ukctuzla.ba\/ukctuzla\/index.php?rest_route=%2Fwp%2Fv2%2Fcomments&post=411"}],"version-history":[{"count":1,"href":"https:\/\/www.ukctuzla.ba\/ukctuzla\/index.php?rest_route=\/wp\/v2\/pages\/411\/revisions"}],"predecessor-version":[{"id":412,"href":"https:\/\/www.ukctuzla.ba\/ukctuzla\/index.php?rest_route=\/wp\/v2\/pages\/411\/revisions\/412"}],"wp:featuredmedia":[{"embeddable":true,"href":"https:\/\/www.ukctuzla.ba\/ukctuzla\/index.php?rest_route=\/wp\/v2\/media\/16294"}],"wp:attachment":[{"href":"https:\/\/www.ukctuzla.ba\/ukctuzla\/index.php?rest_route=%2Fwp%2Fv2%2Fmedia&parent=411"}],"curies":[{"name":"wp","href":"https:\/\/api.w.org\/{rel}","templated":true}]}}