{"id":415,"date":"2022-10-03T09:58:23","date_gmt":"2022-10-03T08:58:23","guid":{"rendered":"http:\/\/10.0.0.65\/ukctuzla3\/?page_id=415"},"modified":"2026-01-27T13:34:27","modified_gmt":"2026-01-27T12:34:27","slug":"klinika-za-ortopediju-i-traumatologiju","status":"publish","type":"page","link":"https:\/\/www.ukctuzla.ba\/ukctuzla\/?page_id=415&lang=bs","title":{"rendered":"KLINIKA ZA ORTOPEDIJU I TRAUMATOLOGIJU"},"content":{"rendered":"<p><strong>v.d. Na\u010delnika:<\/strong> Prim. doc. dr. med. sc. Alen Kameri\u0107<\/p>\n<p><strong>Glavni medicinska sestra:<\/strong> Dipl. medicinska sestra Halima Dumanji\u0107<br \/>\n<strong>Medicinska sestra na poslovima pobolj\u0161anja kvaliteta:<\/strong> Dipl. med. sestra Belkisa D\u017eaferi<br \/>\n<strong>Sekretar klinike:<\/strong> Merima Im\u0161irovi\u0107\u00a0 tel.: ++387 35 303 270<\/p>\n<p><strong>Kontakt:<\/strong><br \/>\ntel.: ++387 303 473; ++387 35 303 418; ++387 35 303 270; ++387 35 303 207; ++387 35 303 243.<\/p>\n<p>fax: ++387 35 30 32 70<\/p>\n<p>e-mail: info@ukctuzla.ba<\/p>\n<p>Kliniku \u010dini \u010detiri bloka sa ukuno 81 krevetom. Asepti\u010dni blok, septi\u010dni blok, operacioni blok i poliklinika. Asepti\u010dni blok sastoji se od pet odjeljenja: vertebrolo\u0161ko odjeljenje, odjeljenje za aloplastiku i sportsku\u00a0 traumu, ortopedsko traumatolo\u0161ko odjeljenje, odjeljenje dje\u010dje ortopedije i dnevna bolnica.<br \/>\nU klinici rade 98 zaposlenika:17 ljekara specijalista (od \u010dega 1 profesor,5 doktora nauka i 1 magistar medicine), 9 ljekara na specijalizaciji, 12 diplomiranih sestara, 2 V\u0160S , 55 medicinskih sestara\/tehni\u010dara SSS i 3 nemedicinska radnika.<\/p>\n<p><strong>DJELATNOST KLINIKE<\/strong><\/p>\n<ul>\n<li>Dijagnostika i lije\u010denje bolesti i povreda lokomotornog sistema\u00a0 operativnim i\/ili konzervativnim tretmanom:<\/li>\n<li>Lije\u010denje deformiteta ki\u010dme \/ scoliosa kod djece i odraslih\u00a0 ,tumori ki\u010dme, degenerativna oboljenja ki\u010dme , discus hernije, prelome ki\u010dme te ostala patolo\u0161ka stanja ki\u010dmenog stuba operativnim i konzervativnim metodama\/<\/li>\n<li>Zbrinjavanje svih vrsta\u00a0 povreda\u00a0 lokomotornog sistema po najsavremenijim operativnim i konzervativnim metodama (po principu AO osteosinteze)<\/li>\n<li>Aloplastika velikih zglobova kuka i koljena<\/li>\n<li>Endoskopska dijagnostika i endoskopski operativni zahvati (ligamentoplastika i meniscektomia,artroskopske procedure u ramenu)<\/li>\n<li>Lije\u010denje ortopedskih oboljenja kod djece (operativno i konzervativno zbrinjavanje deformacija stopala, kukova , ki\u010dmenog stuba i uro\u0111enih anomalija lokomotornog sistema kod djece)<\/li>\n<li>Lije\u010denje svih vrsta septi\u010dnih stanja (dijabeti\u010dno stopalo, oboljenja perifernih krvnih sudova, hroni\u010dne rane)<\/li>\n<li>Ultrazvu\u010dna dijagnostika lokomotornog sistema<\/li>\n<li>Po\u010detna rehabilitacija (fizikalni tretman).<\/li>\n<\/ul>\n<p>&nbsp;<\/p>\n<p><strong>ORGANIZACIONA STRUKTURA<\/strong><\/p>\n<p><span style=\"color: #800000;\"><strong>ORTOPEDSKOTRAUMATOLO\u0160KA POLIKLINIKA<\/strong><\/span><\/p>\n<p><strong>\u0160ef prijemne i kosultativno-specijalisti\u010dke ambulante: <\/strong>Dr Mahmut Leli\u0107<br \/>\nOdgovorna medicinska sestra: Dipl med sastra Mirsada Hasi\u0107<\/p>\n<p>&nbsp;<\/p>\n<p><span style=\"color: #800000;\"><strong>AMBULANTE<\/strong><\/span><\/p>\n<p>A-Prijemna ambulanta<\/p>\n<p>B-Ortopedsko traumatolo\u0161ke specijalisti\u010dke ambulante:<\/p>\n<ol>\n<li>ambulanta za aloplastiku velikih zglobova kuka i koljena<\/li>\n<li>ambulanta za sportsku traumu<\/li>\n<li>ambulanta vertebrolo\u0161ka<\/li>\n<li>ambulanta za septi\u010dna stanja<\/li>\n<li>traumatolo\u0161ka ambulanta<\/li>\n<\/ol>\n<p><span style=\"color: #800000;\"><strong>KABINETI<\/strong><\/span><\/p>\n<p><span style=\"color: #800000;\"><strong>Kabinet za UZ<\/strong><\/span><br \/>\nU kabinetu za ultrazvuk ordinira:<br \/>\nProf.dr.med.sc.Prim Svemir \u010custovi\u0107 specijalista ortoped- \u010detvrtkom<br \/>\nPrim. doc.dr.med.sc . Nedim Smaji\u0107 specijalista ortoped \u2013 utorkom<br \/>\nLeli\u0107 dr. Mahmut specijalista ortoped-petkom<br \/>\n<strong>ODJELJENJA<\/strong><\/p>\n<p><span style=\"color: #800000;\"><strong>Odjeljenje dje\u010dje ortopedije<\/strong><\/span><br \/>\n<strong>\u0160ef odjeljenja: <\/strong>Prim. doc. dr. med. sc. Nedim Smaji\u0107<br \/>\n<strong>Odgovorna sestra:<\/strong> Vi\u0161a med.sestra Tahira Deli\u0107<\/p>\n<p><span style=\"color: #800000;\"><strong>Ortopedsko-traumatolo\u0161ko odjeljenje<\/strong><\/span><br \/>\n<strong>\u0160ef Odjeljenja<\/strong>: Prof. dr. med. sc. prim Svemir \u010custovi\u0107<br \/>\n<strong>Odgovorna medicinska sestra:<\/strong> dipl.med.sestra Maida Alji\u0107<\/p>\n<p><span style=\"color: #800000;\"><strong>Odjeljenje za aloplastiku i sportsku traumu<\/strong><\/span><br \/>\n<strong>\u0160ef Odjeljenja:<\/strong> Dr. Adnan Ke\u0161etovi\u0107<br \/>\n<strong>Odgovorna medicinska sestra:<\/strong> dipl.med.sestra Samira Kari\u0107<\/p>\n<p><span style=\"color: #800000;\"><strong>Vertebrolo\u0161ko odjeljenje<\/strong><\/span><br \/>\n<strong>\u0160ef Odjeljenja:<\/strong> Mr. med. sc. dr. Mahir Ja\u0161arevi\u0107<br \/>\n<strong>Odgovorna medicinska sestra:<\/strong><\/p>\n<p><span style=\"color: #800000;\"><strong>Septi\u010dno odjeljenje<\/strong><\/span><br \/>\n<strong>\u0160ef Odjeljenja:<\/strong> Dr Mirza Avdi\u0107<br \/>\n<strong>Odgovorna medicinska sestra:<\/strong> Vi\u0161a med.sestra Azra Omera\u0161evi\u0107<\/p>\n<p><span style=\"color: #800000;\"><strong>Odjeljenje za dnevnu hirurgiju<\/strong><\/span><br \/>\n<strong>Odgovorna medicinska sestra:<\/strong> dipl.med.sestra Pa\u0161\u010danovi\u0107 Samira<\/p>\n<p><span style=\"color: #800000;\"><strong>OPERACIONI BLOK<\/strong><\/span><\/p>\n<p><strong>\u0160ef operacionog bloka<\/strong>: Doc dr med sci prim Asmir Hrusti\u0107<br \/>\n<strong>Odgovorna\u00a0 instrumentarka: <\/strong>dipl.med.sestra Ali\u010di\u0107 Sabiha<strong><br \/>\n<\/strong><\/p>\n<p>&nbsp;<\/p>\n<p>NOVE LAPAROSKOPSKE PROCEDURE U ORTOPEDSKOJ HIRURGIJI<br \/>\n1.Rupture rotatorne man\u0161ete<br \/>\n2. Kalcificiraju\u0107i tendinis<br \/>\n3. Smrznuto rame<br \/>\n4. Artroza ramena<br \/>\n5. Stra\u017enja luksacija ramena<\/p>\n<p><strong>U narednom periodu plan daljeg razvoja operativnih procedura na klinici za ortopediju i traumatologiju podrazumjeva uvo\u0111enje nove tehnike odnosno ugradnje totalne i parcijalne proteze ramena.<\/strong><br \/>\n<strong> \u00a0<\/strong><\/p>\n<p>&nbsp;<\/p>\n","protected":false},"excerpt":{"rendered":"<p>v.d. Na\u010delnika: Prim. doc. dr. med. sc. Alen Kameri\u0107 Glavni medicinska sestra: Dipl. medicinska sestra Halima Dumanji\u0107 Medicinska sestra na poslovima pobolj\u0161anja kvaliteta: Dipl. med. sestra Belkisa D\u017eaferi Sekretar klinike: Merima Im\u0161irovi\u0107\u00a0 tel.: ++387 35 303 270 Kontakt: tel.: ++387 303 473; ++387 35 303 418; ++387 35 303 270; ++387 35 303 207; ++387&hellip;<\/p>\n","protected":false},"author":1,"featured_media":16294,"parent":0,"menu_order":0,"comment_status":"closed","ping_status":"closed","template":"","meta":{"footnotes":""},"class_list":["post-415","page","type-page","status-publish","has-post-thumbnail","hentry","description-off"],"_links":{"self":[{"href":"https:\/\/www.ukctuzla.ba\/ukctuzla\/index.php?rest_route=\/wp\/v2\/pages\/415","targetHints":{"allow":["GET"]}}],"collection":[{"href":"https:\/\/www.ukctuzla.ba\/ukctuzla\/index.php?rest_route=\/wp\/v2\/pages"}],"about":[{"href":"https:\/\/www.ukctuzla.ba\/ukctuzla\/index.php?rest_route=\/wp\/v2\/types\/page"}],"author":[{"embeddable":true,"href":"https:\/\/www.ukctuzla.ba\/ukctuzla\/index.php?rest_route=\/wp\/v2\/users\/1"}],"replies":[{"embeddable":true,"href":"https:\/\/www.ukctuzla.ba\/ukctuzla\/index.php?rest_route=%2Fwp%2Fv2%2Fcomments&post=415"}],"version-history":[{"count":49,"href":"https:\/\/www.ukctuzla.ba\/ukctuzla\/index.php?rest_route=\/wp\/v2\/pages\/415\/revisions"}],"predecessor-version":[{"id":20529,"href":"https:\/\/www.ukctuzla.ba\/ukctuzla\/index.php?rest_route=\/wp\/v2\/pages\/415\/revisions\/20529"}],"wp:featuredmedia":[{"embeddable":true,"href":"https:\/\/www.ukctuzla.ba\/ukctuzla\/index.php?rest_route=\/wp\/v2\/media\/16294"}],"wp:attachment":[{"href":"https:\/\/www.ukctuzla.ba\/ukctuzla\/index.php?rest_route=%2Fwp%2Fv2%2Fmedia&parent=415"}],"curies":[{"name":"wp","href":"https:\/\/api.w.org\/{rel}","templated":true}]}}