{"id":417,"date":"2022-09-29T10:04:12","date_gmt":"2022-09-29T09:04:12","guid":{"rendered":"http:\/\/10.0.0.65\/ukctuzla3\/?page_id=417"},"modified":"2025-10-13T10:11:12","modified_gmt":"2025-10-13T09:11:12","slug":"klinika-za-neurohirurgiju","status":"publish","type":"page","link":"https:\/\/www.ukctuzla.ba\/ukctuzla\/?page_id=417&lang=bs","title":{"rendered":"KLINIKA ZA NEUROHIRURGIJU"},"content":{"rendered":"<p><strong>VD Na\u010delnik: <\/strong>Doc.dr med.sci. Mirza Moranjki\u0107 <a href=\"https:\/\/www.ukctuzla.ba\/ukctuzla\/wp-content\/uploads\/2016\/02\/BiografijadrMoranjkic.pdf\" target=\"_blank\" rel=\"noopener\"> (Biografija \/ Biography)<\/a><br \/>\n<strong>Glavna medicinska sestra:<\/strong> Amira Zuki\u0107, diplomirana medicinska sestra<br \/>\n<strong>Medicinska sestra -tehni\u010dar za poslove pobolj\u0161anja kvaliteta i edukaciju:<\/strong> Magistar sestrinstva Belkisa Murselovi\u0107, Dipl.med.sestra<br \/>\n<strong>Tehni\u010dki sekretar:<\/strong> Aldijana Hod\u017ei\u0107<br \/>\nTel.: +387 35 303 248; +387 35 303 249<br \/>\nFax.: +387 35 303 249<\/p>\n<p style=\"text-align: justify;\">Klinika za neurohirurgiju Univerzitetskog klini\u010dkog centra Tuzla jedna je od najve\u0107ih i vode\u0107ih neurohirur\u0161kih ustanova u Bosni i Hercegovini. Od svog osnivanja nastoji primjenjivati savremena dostignu\u0107a uz stru\u010dno i nau\u010dno promoviranje struke i obrazovanje novih kadrova iz oblasti neurohirurgije i studenata medicine, sa zadatkom pru\u017eanja kvalitetne zdravstvene za\u0161tite bolesnicima kojima je potrebno neurohirur\u0161ko lije\u010denje.<br \/>\nLije\u010denje nastoji sprovoditi uz kori\u0161tenje savremene dostupne tehnologije i najnovijih nau\u010dnih saznanja. Ljekari se dodatno usavr\u0161avaju tokom studijskih boravaka u vrhunskim svjetskim neurohirur\u0161kim ustanovama SAD-a, Njema\u010dke, Francuske i Hrvatske, kao i na predavanjima u\u010de\u0161\u0107em na doma\u0107im i medjunarodnim nau\u010dnim skupovima i kursevima.<br \/>\nKlinika je nastavna baza Medicinskog fakulteta Univerziteta u Tuzli u sklopu \u010dijeg rada se redovno obrazuju novi nara\u0161taji studenata medicine i visoke zdravstvene \u0161kole koji se podu\u010davaju temeljima neurohirurgije, jedne od najkompliciranijih oblasti medicine.<br \/>\nKlinika za neurohirurgiju raspola\u017ee sa 30 bolesni\u010dkih postelja. Neurohirur\u0161ki zahvati se obavljaju u dvije neurohirur\u0161ke sale i jednoj angio-sali. Nakon zahvata bolesnici kratkotrajno borave u Jedinici intenzivnog lije\u010denja pri Klinici za anesteziologiju i reanimatologiju.<br \/>\nPoseban dio Klinike je Poliklinika sa specijalisti\u010dkim ambulantama koja radi svakim radnim danom od 8 do 16 sati, ali je obrada bolesnika osigurana 24 sata dnevno. Specijalisti\u010dka neurohirur\u0161ka ordinacija omogu\u0107ava bolesnicima ambulantno neurohirur\u0161ko lije\u010denje uz redovnu preoperativnu obradu i postoperativne kontrole bolesnika.<br \/>\nSpecijalizirani neurohirur\u0161ki tim Klinike \u010dini 7 neurohirurga, 1 specijalizant neurohirurgije i dva ljekara sekundarca, koji se vrhunski kontinuirano educiraju za obavljanje najkompliciranijih neurohirur\u0161kih zahvata.<\/p>\n<p><strong>Podru\u010dja rada u Klinici za neurohirurgiju<\/strong><br \/>\nU Klinici se svakodnevno obradjuje veliki broj bolesnika kojima je potrebno neurohirur\u0161ko lije\u010denje.<br \/>\nNeuroonkologija obuhvata lije\u010denje svih vrsta tumorskih procesa u odraslih i u djece.<br \/>\nVaskularna neurohirurgija obuhvata operativne zahvate aneurizmi, arterio-venoznih malformacija (AVM) i ostalih vaskularnih patolo\u0161kih tvorbi mozga. Program pru\u017eanja usluga iz oblasti endovaskularne neurohirgije podrazumijeva\u00a0 koilovanje aneurizmi mozga, embolizaciju AVM-ova i tumora, stentiranje krvnih sudova mozga i vrata.<br \/>\nHirurgija baze lobanje obuhvata operativno zbrinjavanje patolo\u0161kih procesa smje\u0161tenih na bazi lobanje.<br \/>\nPedijatrijska neurohirurgija obuhvata zahvate u bolesnika sa hidrocefalusom, razvojnim anomalijama i poreme\u0107ajima u zatvaranju neuralne cijevi.<br \/>\nSpinalna neurohirurgija obuhvata hirur\u0161ko lije\u010denje patolo\u0161kih procesa u spinalnom kanalu i poreme\u0107aja strukture i funkcije dijelova kralje\u017enice.<br \/>\nStereotakti\u010dka neurohirurgija obuhvata uzimanje uzoraka radi patohistolo\u0161ke analize promjena u strukturi mo\u017edanih tkiva ciljanim pristupom uz pomo\u0107 stereotakti\u010dkog ure\u0111aja.<br \/>\nNeurohirurgija perifernog nervnog sistema obuhvata hirur\u0161ko rje\u0161avanje kompresivnih neuropatija i ozljeda perifernih nerava.<br \/>\nNeurohirurgija traume glave obuhvata hirur\u0161ko zbrinjavanje kraniocerebralnih ozljeda uz kontinuiran intrakranijalni monitoring.<br \/>\nU neurohirur\u0161kom lije\u010denju primjenjuju se savremeni mikrohirur\u0161ki zahvati na na\u010din koji je nau\u010dno provjeren i dokazan kao najprimjereniji.<\/p>\n<p><strong>Organizaciona struktura<\/strong><\/p>\n<ul>\n<li style=\"text-align: justify;\">Odjeljenje za neurohirurgiju kranijuma<\/li>\n<li style=\"text-align: justify;\">Odjeljenje za spinalnu neurohirurgiju<\/li>\n<li style=\"text-align: justify;\">Odjeljenje za dje\u010diju neurohirurgiju<\/li>\n<li style=\"text-align: justify;\">Odjeljenje za endovaskularnu neurohirurgiju<\/li>\n<\/ul>\n<p>&nbsp;<\/p>\n<p><strong>Ambulante<\/strong><\/p>\n<p><strong>Prijemna ambulanta radi<\/strong> 24 h.\u00a0Kontakt tel.: 387 35 303 288<\/p>\n<p><strong>Specijalisti\u010dka ambulanta radi<\/strong>\u00a0 07:30-16.\u00a0Kontakt tel.: 387 035 303 288<\/p>\n<p><strong>Naru\u010divanje pacijenata<\/strong> od 14-16<\/p>\n<p><strong>Rad u ambulanti:<\/strong><\/p>\n<p>Ponedjeljak<\/p>\n<p>od 09 h &#8211; Doc.dr.med.sci Ercegovi\u0107 Zlatko<\/p>\n<p>od 12 h &#8211; Dr.med.sci. Moranjki\u0107 Mirza<\/p>\n<p>Utorak<\/p>\n<p>od 09 h &#8211; Prof.dr.med.sci. Hod\u017ei\u0107 Mirsad<\/p>\n<p>od 10 h &#8211; Prim.dr.med. Jakupovi\u0107 Selma<\/p>\n<p>od 12 h &#8211; Mehmedovi\u0107 dr. Gordan spec.neurohirurgije<\/p>\n<p>Srijeda<\/p>\n<p>od 09 h &#8211; Doc.dr.med.sci D\u017eelil Korkut<\/p>\n<p>od 09 h &#8211; Prim.dr.med.sci Jakupovi\u0107 Selma<\/p>\n<p>od 12 h &#8211; Sejdinovi\u0107 dr. Amir spec.neurohirurgije<\/p>\n<p>\u010cetvrtak<\/p>\n<p>od 09 h &#8211; Doc.dr.med.sci D\u017eelil Korkut<\/p>\n<p>od 09 h &#8211; Prof.dr.med.sci Jakupovi\u0107 Selma<\/p>\n<p>Petak<\/p>\n<p>od 09 h &#8211; \u010ci\u010dku\u0161i\u0107 dr. Adnan spec.neurohirurgije<\/p>\n<p>od 12 h &#8211; Dr.med.sci Moranjki\u0107 Mirza<\/p>\n<p>&nbsp;<\/p>\n<p>&nbsp;<\/p>\n<p><strong>Uposlenici<\/strong><br \/>\nSpecijalisti neurohirurgije: 8<br \/>\nSpiecijalizant neurohirurgije: 3<br \/>\nDiplomirane medicinske sestre\/tehni\u010dari: 8<br \/>\nMedicinske sestre\/tehni\u010dari 10<br \/>\nEkonom klinike: 1<br \/>\nVoditelj medicinske dokumentacije: 1<\/p>\n<p>&nbsp;<\/p>\n<p><strong>Specijalisti<\/strong> <strong>(po abecednom redu)<\/strong><\/p>\n<p><a href=\"https:\/\/www.ukctuzla.ba\/ukctuzla\/wp-content\/uploads\/2016\/02\/BiografijadrMoranjkic.pdf\" target=\"_blank\" rel=\"noopener\">Doc.dr.med.sci. Mirza Moranjki\u0107 (VD Na\u010delnik) (Biografija \/ Biography)<\/a><br \/>\n<a href=\"https:\/\/www.ukctuzla.ba\/ukctuzla\/wp-content\/uploads\/2025\/04\/CV-Mirsad-Hodzic-Klinika-za-neurohirurgiju-UKC-Tuzla.pdf\" target=\"_blank\" rel=\"noopener\"> Prof.dr.med.sci. Mirsad Hod\u017ei\u0107 (\u0160ef odjeljenja za Endovaskularnu neurohirurgiju)(Biografija\/Biography)<\/a><br \/>\n<a href=\"https:\/\/www.ukctuzla.ba\/ukctuzla\/wp-content\/uploads\/2016\/02\/BiografijaZE.pdf\" target=\"_blank\" rel=\"noopener\">Doc.dr.med.sci. Zlatko Ercegovi\u0107 (\u0160ef Odjeljenja za spinalnu neurohirurgiju) (Biografija \/ Biography)<\/a><br \/>\n<a href=\"https:\/\/www.ukctuzla.ba\/ukctuzla\/wp-content\/uploads\/2016\/02\/BiografijaSJ.pdf\" target=\"_blank\" rel=\"noopener\">Prim.dr.med. Selma Jakupovi\u0107, mr.sci. (\u0160ef Odjeljenja za dje\u010diju neurohirurgiju) (Biografija \/ Biography)<\/a><br \/>\n<a href=\"https:\/\/www.ukctuzla.ba\/ukctuzla\/wp-content\/uploads\/2016\/02\/BiografijaDzK.pdf\" target=\"_blank\" rel=\"noopener\">Doc.dr.med.sci. D\u017eelil Korkut (\u0160ef Odjeljenja za neurohirurgiju kranijuma) (Biografija \/ Biography)<\/a><\/p>\n<p><a href=\"https:\/\/www.ukctuzla.ba\/ukctuzla\/wp-content\/uploads\/2016\/02\/BiografijaGM.pdf\" target=\"_blank\" rel=\"noopener\">Dr.med. Gordan Mehmedovi\u0107 (Biografija \/ Biography)<\/a><\/p>\n<p>Dr. Adnan \u010ci\u010dku\u0161i\u0107, specijalista neurohirurgije i<\/p>\n<p>Dr. Amir Sejdinovi\u0107, specijalista neurohirurgije<\/p>\n<p>&nbsp;<\/p>\n<p><strong>Doktori na specijalizaciji:<\/strong><\/p>\n<p>Dr. Adnan Dostovi\u0107<\/p>\n<p>Dr. Emir Softi\u0107<br \/>\nDr. Anes Ba\u0161i\u0107<\/p>\n<p>&nbsp;<\/p>\n<p><strong>Doktor sekundarac:<\/strong><br \/>\nDr.Elma Pepi\u0107 i<\/p>\n<p>Dr.Emir Sio\u010di\u0107<\/p>\n<p>&nbsp;<\/p>\n<p><strong>Odgovorne sestre:<\/strong><br \/>\nDipl.med.sestra: Svjetlana Trgov\u010devi\u0107-Beganovi\u0107 &#8211; Operaciona sala<br \/>\nDipl.med.sestra: Vesna Filipovi\u0107 &#8211; Odjeljenje za kranijalnu neurohirurgiju<br \/>\nDipl.med.sestra: Jolanda Mujagi\u0107 &#8211; Odjeljenje za spinalnu neurohirurgiju<br \/>\nDipl.med.sestra: Klaudia Babi\u0107 &#8211; Odjeljenje za dje\u010diju neurohirurgiju<br \/>\nDipl.med.sestra: Amira Mehdin &#8211; Specijalisti\u010dka ambulanta<br \/>\nEldina Mand\u017euki\u0107, medicinska sestra\/tehni\u010dar &#8211; Prijemna ambulanta<\/p>\n<p><strong>Medicinske sestre\/ tehni\u010dari:<\/strong><br \/>\n1. Jasenko Ba\u0161i\u0107<br \/>\n2. Nerminka Prohi\u0107<br \/>\n3. Dina Mustajba\u0161i\u0107<br \/>\n4. Sinanovi\u0107 Edita<br \/>\n5. Petrovi\u0107 \u0110uka<br \/>\n6. Mari\u0107 Marcela<br \/>\n7. \u010cani\u0107 Amila<br \/>\n8. Mujanovi\u0107 Alen<br \/>\n9. Amina Selimovi\u0107<br \/>\n10.Bijedi\u0107 Almir<\/p>\n<p>11. Melisa Salihovi\u0107<br \/>\n12. Armina Spahi\u0107<br \/>\n13. Semir Hibi\u0107 i<br \/>\n14.\u0160ahin Fo\u010dakovi\u0107.<\/p>\n<div id=\"divtagdefaultwrapper\" dir=\"ltr\" style=\"font-size: 12pt; font-family: Calibri,Helvetica,sans-serif; color: #000000;\">\n<p>&nbsp;<\/p>\n<\/div>\n<p><strong>Ekonom:<\/strong><br \/>\nAmira Fa\u0107i\u0107<\/p>\n<p><strong>\u00a0<\/strong><\/p>\n<p>&nbsp;<\/p>\n","protected":false},"excerpt":{"rendered":"<p>VD Na\u010delnik: Doc.dr med.sci. Mirza Moranjki\u0107 (Biografija \/ Biography) Glavna medicinska sestra: Amira Zuki\u0107, diplomirana medicinska sestra Medicinska sestra -tehni\u010dar za poslove pobolj\u0161anja kvaliteta i edukaciju: Magistar sestrinstva Belkisa Murselovi\u0107, Dipl.med.sestra Tehni\u010dki sekretar: Aldijana Hod\u017ei\u0107 Tel.: +387 35 303 248; +387 35 303 249 Fax.: +387 35 303 249 Klinika za neurohirurgiju Univerzitetskog klini\u010dkog centra&hellip;<\/p>\n","protected":false},"author":1,"featured_media":16294,"parent":0,"menu_order":0,"comment_status":"closed","ping_status":"closed","template":"","meta":{"footnotes":""},"class_list":["post-417","page","type-page","status-publish","has-post-thumbnail","hentry","description-off"],"_links":{"self":[{"href":"https:\/\/www.ukctuzla.ba\/ukctuzla\/index.php?rest_route=\/wp\/v2\/pages\/417","targetHints":{"allow":["GET"]}}],"collection":[{"href":"https:\/\/www.ukctuzla.ba\/ukctuzla\/index.php?rest_route=\/wp\/v2\/pages"}],"about":[{"href":"https:\/\/www.ukctuzla.ba\/ukctuzla\/index.php?rest_route=\/wp\/v2\/types\/page"}],"author":[{"embeddable":true,"href":"https:\/\/www.ukctuzla.ba\/ukctuzla\/index.php?rest_route=\/wp\/v2\/users\/1"}],"replies":[{"embeddable":true,"href":"https:\/\/www.ukctuzla.ba\/ukctuzla\/index.php?rest_route=%2Fwp%2Fv2%2Fcomments&post=417"}],"version-history":[{"count":44,"href":"https:\/\/www.ukctuzla.ba\/ukctuzla\/index.php?rest_route=\/wp\/v2\/pages\/417\/revisions"}],"predecessor-version":[{"id":19752,"href":"https:\/\/www.ukctuzla.ba\/ukctuzla\/index.php?rest_route=\/wp\/v2\/pages\/417\/revisions\/19752"}],"wp:featuredmedia":[{"embeddable":true,"href":"https:\/\/www.ukctuzla.ba\/ukctuzla\/index.php?rest_route=\/wp\/v2\/media\/16294"}],"wp:attachment":[{"href":"https:\/\/www.ukctuzla.ba\/ukctuzla\/index.php?rest_route=%2Fwp%2Fv2%2Fmedia&parent=417"}],"curies":[{"name":"wp","href":"https:\/\/api.w.org\/{rel}","templated":true}]}}