{"id":426,"date":"2021-02-17T10:05:43","date_gmt":"2021-02-17T09:05:43","guid":{"rendered":"http:\/\/10.0.0.65\/ukctuzla3\/?page_id=426"},"modified":"2026-02-12T14:22:47","modified_gmt":"2026-02-12T13:22:47","slug":"klinika-za-bolesti-uha-grla-i-nosa","status":"publish","type":"page","link":"https:\/\/www.ukctuzla.ba\/ukctuzla\/?page_id=426&lang=bs","title":{"rendered":"KLINIKA ZA BOLESTI UHA, GRLA I NOSA I HIRURGIJU GLAVE I VRATA"},"content":{"rendered":"<p><strong>V.D. Na\u010delnik:<\/strong> Dr. med. sci. Majda Muji\u0107, specijalista otorinolaringologije<br \/>\n<strong>Glavna medicinska sestra:<\/strong> Magistar sestrinstva Amela Suljendi\u0107, diplomirana medicinska sestra<br \/>\n<strong>Poslovi pobolj\u0161anja kvaliteta i edukacija:<\/strong> Amer Turki\u0107, dipl.med.tehni\u010dar<br \/>\n<strong>Sekretar:<\/strong> Sanela Biogradlija, tehni\u010dki sekretar<\/p>\n<p><strong>Kontakt:<\/strong><br \/>\ne-mail: info@ukctuzla.ba<br \/>\ntel.: +387 35 303 231; 387 35 303 208<br \/>\nfax.: +387 35 250 474<\/p>\n<p>&nbsp;<\/p>\n<p><strong>DJELATNOST KLINIKE:<\/strong><br \/>\nDijagnostika, operativno i medikamentozno lije\u010denje ve\u0107ine oboljenja uha, grla i nosa, lica, paranazalnih sinusa.<br \/>\nZbrinjavanje traume lica, vrata, nosa, uha i grla i paranazalnih sinusa.<br \/>\nRehabilitacija sluha i govora.<br \/>\nUgradnja kohelarnih i drugih slu\u0161nih implantata.<\/p>\n<p>&nbsp;<\/p>\n<p><strong>ORGANIZACIONA STRUKTURA<\/strong><\/p>\n<p>&nbsp;<\/p>\n<p><strong>ORL POLIKLINIKA<\/strong><br \/>\n<strong>Odgovorna sestra Poliklinike:<\/strong> D\u017eenana Srabovi\u0107, dipl.med.sestra<\/p>\n<p>&nbsp;<\/p>\n<p><strong>Ambulante:<\/strong><\/p>\n<ul>\n<li><strong>Prijemna ambulanta<\/strong><\/li>\n<\/ul>\n<p>Ponedeljak\/Utorak\/Srijeda\/\u010cetvrtak\/Petak 8h\u2013 15h<\/p>\n<ul>\n<li><strong>Op\u0161ta Otorinolaringolo\u0161ka ambulanta<\/strong><\/li>\n<\/ul>\n<p>Ponedeljak\/Utorak\/Srijeda\/\u010cetvrtak\/Petak 8h\u2013 15h<\/p>\n<ul>\n<li><strong>Onkolo\u0161ka ambulanta<\/strong><\/li>\n<\/ul>\n<p>Ponedeljak\/Utorak\/Srijeda\/\u010cetvrtak\/Petak 8h\u2013 15h<\/p>\n<ul>\n<li><strong>Otolo\u0161ka ambulanta<\/strong><\/li>\n<\/ul>\n<p>Ponedeljak\/Utorak\/Srijeda\/\u010cetvrtak\/Petak 8h\u2013 15h<\/p>\n<ul>\n<li><strong>Rinolo\u0161ka ambulanta<\/strong><\/li>\n<\/ul>\n<p>Ponedeljak\/Utorak\/Srijeda\/\u010cetvrtak\/Petak 8h\u2013 15h<\/p>\n<ul>\n<li><strong>Dije\u010dija ambulanta<\/strong><\/li>\n<\/ul>\n<p>Ponedeljak\/Utorak\/Srijeda\/\u010cetvrtak\/Petak 8h\u2013 15h<\/p>\n<ul>\n<li><strong>Audiolo\u0161ka ambulanta<\/strong><\/li>\n<\/ul>\n<p>Ponedeljak\/Utorak\/Srijeda\/\u010cetvrtak\/Petak 8h\u2013 15h<\/p>\n<ul>\n<li><strong>Ambulanta za poreme\u0107aj spavanja<\/strong><\/li>\n<\/ul>\n<p>Ponedeljak\/Utorak\/Srijeda\/\u010cetvrtak\/Petak 8h\u2013 15h<\/p>\n<p>&nbsp;<\/p>\n<p><strong>Kabineti:<\/strong><\/p>\n<ul>\n<li><strong>\u00a0Kabinet za videostroboskopiju<\/strong><\/li>\n<\/ul>\n<p>Radno vrijeme: Utorak\/\u010cetvrtak 13:30 SATI \u2013 15 SATI<\/p>\n<ul>\n<li><strong>Kabinet za ultrazvuk<\/strong><\/li>\n<\/ul>\n<p>Radno vrijeme: Utorak\/Srijeda\/\u010cetvrtak\/Petak 12 \u2013 13:30 SATI<\/p>\n<p>&nbsp;<\/p>\n<p><strong>Informacije se mogu dobiti od 15h na broj telefona: 035\/ 303-259<\/strong><\/p>\n<p>&nbsp;<\/p>\n<p>&nbsp;<\/p>\n<p><strong>ODJELJENJA:<\/strong><\/p>\n<ul>\n<li>Odjeljenje za otorinolaringologiju<\/li>\n<li>Odjeljenje za rinosinusologiju<\/li>\n<li>Odjeljenje za tumore glave i vrata<\/li>\n<li>Odjeljenje za dnevnu hirurgiju<\/li>\n<li>Fonijatrijsko odjeljenje<\/li>\n<li>Audiolo\u0161ko odjeljenje<\/li>\n<\/ul>\n<p>&nbsp;<\/p>\n<p><strong>OPERACIONI BLOK<\/strong><br \/>\nDvije operacione sale, 1 sala za endoskopske intervencije<br \/>\n<strong>\u0160ef Odjeljenja:<\/strong> Prim. dr. Samir Ke\u0161etovi\u0107, specijalista ORL<br \/>\n<strong>Odgovorna medicinska sestra:<\/strong> Sanela Saki\u0107, magistar sestrinstva<\/p>\n<p>&nbsp;<\/p>\n<p><strong>KADROVI<\/strong><br \/>\nUkupan broj uposlenika &#8211; 56<br \/>\nLjekara subspecijalista &#8211; 2<br \/>\nLjekara specijalista \u2013 11<br \/>\nLjekar na specijalizaciji \u2013 2<\/p>\n<p>Magistar sestrinstva &#8211; 4<br \/>\nMedicinskih sestara sa visokom zdravstvenom \u0161kolom \u2013 6<br \/>\nDiplomiranih fizioterapeuta &#8211; 2<br \/>\nMedicinskih sestara sa srednjom medicinskom \u0161kolom \u201323<br \/>\nNemedicinskih radnika \u2013 6 (3 Dr.sc.dipl.defektolog-logoped, 3 Dr.sc.dipl.defektolog-surdaudiolog), Sekretar \u20131, Ekonom \u20131.<\/p>\n<p>\u0160est ljekara je anga\u017eovano na Medicinskom fakultetu u nastavnom procesu: 2 redovna profesora, 2 vanredna profesora, 1 docent, 1 asistent, 1 diplomirana medicinska sestra anga\u017eovana kao stru\u010dnjak iz prakse na Medicinskom fakultetu-odsjek Zdravstvenih studija.<\/p>\n<p>&nbsp;<\/p>\n<p>&nbsp;<\/p>\n<p style=\"text-align: center;\"><a href=\"https:\/\/www.ukctuzla.ba\/ukctuzla\/?page_id=9784&amp;lang=bs\" target=\"_blank\" rel=\"noopener\">Vi\u0161e<\/a><\/p>\n<p>&nbsp;<\/p>\n<p>&nbsp;<\/p>\n","protected":false},"excerpt":{"rendered":"<p>V.D. Na\u010delnik: Dr. med. sci. Majda Muji\u0107, specijalista otorinolaringologije Glavna medicinska sestra: Magistar sestrinstva Amela Suljendi\u0107, diplomirana medicinska sestra Poslovi pobolj\u0161anja kvaliteta i edukacija: Amer Turki\u0107, dipl.med.tehni\u010dar Sekretar: Sanela Biogradlija, tehni\u010dki sekretar Kontakt: e-mail: info@ukctuzla.ba tel.: +387 35 303 231; 387 35 303 208 fax.: +387 35 250 474 &nbsp; DJELATNOST KLINIKE: Dijagnostika, operativno i&hellip;<\/p>\n","protected":false},"author":1,"featured_media":16294,"parent":0,"menu_order":0,"comment_status":"closed","ping_status":"closed","template":"","meta":{"footnotes":""},"class_list":["post-426","page","type-page","status-publish","has-post-thumbnail","hentry","description-off"],"_links":{"self":[{"href":"https:\/\/www.ukctuzla.ba\/ukctuzla\/index.php?rest_route=\/wp\/v2\/pages\/426","targetHints":{"allow":["GET"]}}],"collection":[{"href":"https:\/\/www.ukctuzla.ba\/ukctuzla\/index.php?rest_route=\/wp\/v2\/pages"}],"about":[{"href":"https:\/\/www.ukctuzla.ba\/ukctuzla\/index.php?rest_route=\/wp\/v2\/types\/page"}],"author":[{"embeddable":true,"href":"https:\/\/www.ukctuzla.ba\/ukctuzla\/index.php?rest_route=\/wp\/v2\/users\/1"}],"replies":[{"embeddable":true,"href":"https:\/\/www.ukctuzla.ba\/ukctuzla\/index.php?rest_route=%2Fwp%2Fv2%2Fcomments&post=426"}],"version-history":[{"count":46,"href":"https:\/\/www.ukctuzla.ba\/ukctuzla\/index.php?rest_route=\/wp\/v2\/pages\/426\/revisions"}],"predecessor-version":[{"id":20716,"href":"https:\/\/www.ukctuzla.ba\/ukctuzla\/index.php?rest_route=\/wp\/v2\/pages\/426\/revisions\/20716"}],"wp:featuredmedia":[{"embeddable":true,"href":"https:\/\/www.ukctuzla.ba\/ukctuzla\/index.php?rest_route=\/wp\/v2\/media\/16294"}],"wp:attachment":[{"href":"https:\/\/www.ukctuzla.ba\/ukctuzla\/index.php?rest_route=%2Fwp%2Fv2%2Fmedia&parent=426"}],"curies":[{"name":"wp","href":"https:\/\/api.w.org\/{rel}","templated":true}]}}