{"id":429,"date":"2022-12-08T08:13:32","date_gmt":"2022-12-08T07:13:32","guid":{"rendered":"http:\/\/10.0.0.65\/ukctuzla3\/?page_id=429"},"modified":"2026-04-20T14:36:19","modified_gmt":"2026-04-20T13:36:19","slug":"klinika-za-plasticnu-i-maksilofacijalnu-hirurgiju","status":"publish","type":"page","link":"https:\/\/www.ukctuzla.ba\/ukctuzla\/?page_id=429&lang=bs","title":{"rendered":"KLINIKA ZA PLASTI\u010cNU I MAKSILOFACIJALNU HIRURGIJU"},"content":{"rendered":"<p><strong>VD Na\u010delnik:<\/strong> Prof.dr.sci. Adi Rifatbegovi\u0107, prim.dr.med. ,specijalista plasti\u010dne, rekonstruktivne i estetske hirurgije<br \/>\n<strong>Glavna medicinska sestra:<\/strong> Elmana Alji\u0107, mr. zdr. njege i menad\u017ementa,<br \/>\nTel.: +387 35 303 464<br \/>\n<strong>Medicinska sestra-tehni\u010dar za poslove pobolj\u0161anja kvaliteta i edukaciju:<\/strong>Hedija Hod\u017ei\u0107 \u2013 Diplomirana medicinska sestra<\/p>\n<p><strong>Tehni\u010dki sekretar:<\/strong> Amra Klapi\u0107<\/p>\n<p>Tel.: +387 35 303 461<\/p>\n<p><span style=\"color: #800000;\"><strong>DJELATNOST KLINIKE<\/strong><\/span><br \/>\nObim djelatnosti Klinike za plasti\u010dnu i maksilofacijlanu hirurgija uklju\u010duje prevashodno hirur\u0161ke tretmane razli\u010ditih uro\u0111enih anomalija li\u010dnog dijela glave i \u0161aka, opkotina i opekotinskih komplikacija, traume kostiju i mekih tkiva li\u010dnog dijela glave i \u0161ake, dobro\u0107udnih i zlo\u0107udnih tumorskih tvorbi, te brojne rekonstruktivne zahvate u svrhu pobolj\u0161anja funkcije i\/ili unapre\u0111enja estetskog dojma aficiranih dijelova glave, trupa i ekstremiteta.<\/p>\n<p><strong>ORGANIZACIONA STRUKTURA:<\/strong><br \/>\n<span style=\"color: #800000;\"><strong>ODJELJENJA:<\/strong><\/span><\/p>\n<ul>\n<li>Odjeljenje za plasti\u010dnu, rekonstruktivnu i estetsku hirurgiju<\/li>\n<li>Odjeljenje za maksilofacijalnu hirurgiju<\/li>\n<li>Odjeljenje za dnevnu hirurgiju<\/li>\n<\/ul>\n<p><span style=\"color: #800000;\"><strong>POLIKLINIKA ZA PLASTI\u010cNU I MAKSILOFACIJALNU HIRURGIJU<\/strong><\/span><\/p>\n<ul>\n<li>Prijemna ambulanta Klinike za plasti\u010dnu i maksilofacijalnu hirurgiju<\/li>\n<li>Specijalisti\u010dka ambulanta za plasti\u010dnu, rekonstruktivnu i estetsku hirurgiju<\/li>\n<li>Specijalisti\u010dka ambulanta za maksilofacijalnu hirurgiju<\/li>\n<\/ul>\n<p><span style=\"color: #800000;\"><strong>OPERACIONI BLOK<\/strong><\/span><\/p>\n<ul>\n<li>1 operacijska sala u zajedni\u010dkom operativnom bloku<\/li>\n<li>1 operacijska sala u zasebnom operativnom bloku<\/li>\n<li>1 manja operacijska sala unutar zasebnog operacijskog bloka<\/li>\n<\/ul>\n<p><span style=\"color: #800000;\"><strong>UPOSLENICI<\/strong><\/span><\/p>\n<p><strong>Ljekari<\/strong><\/p>\n<ul>\n<li>specijalisti za plasti\u010dnu i rekonstruktivnu hirurgiju: 4<\/li>\n<li>specijalisti za maksilofacijalnu hirurgiju: 3<\/li>\n<li>ljekari na specijalizaciji: 6<\/li>\n<\/ul>\n<p><strong>Medicinski tehi\u010dari\/sestre:<\/strong><\/p>\n<ul>\n<li>sa visokom zdravstvenom \u0161kolom: 6<\/li>\n<li>sa srednjom medicinskom \u0161kolom: 22<\/li>\n<\/ul>\n<p><strong>Nemedicinski radnici:<\/strong> 2<\/p>\n<p>&nbsp;<\/p>\n<p><span style=\"color: #800000;\"><strong>ODJELJENJE ZA PLASTI\u010cNU, REKONSTRUKTIVNU I ESTETSKU\u00a0 HIRURGIJU<\/strong><\/span><br \/>\n<strong>\u0160ef odjeljenja:<\/strong><br \/>\n<strong>Odjeljenski doktori:<\/strong><\/p>\n<ul>\n<li>Dr. med. sci. Mirsad \u0160akambet, specijalista plasti\u010dne, rekonstruktivne i estetske hirurgije<\/li>\n<li>Dr Emir Tufek\u010di\u0107, specijalista plasti\u010dne, rekonstruktivne i estetske hirurgije<\/li>\n<li>Dr Muhammed Mhmutovi\u0107, specijalista plasti\u010dne, rekonstruktivne i estetske hirurgije<\/li>\n<\/ul>\n<p><strong>Djelatnost:<\/strong><\/p>\n<ul>\n<li>Dermatohirurgija (hirur\u0161ki tretman ko\u017enih promjena)<\/li>\n<li>Hirurgija \u0161ake (uro\u0111ene anomalije, trauma, ste\u010dena stanja)<\/li>\n<li>Hirurgija perifiernih nerava (trauma, kompresivne neuropatije,neuro-mi\u0161i\u0107ni transfer)<\/li>\n<li>Okuloplastika (hirurgija akcesornog aparata oka, estetske procedure)<\/li>\n<li>Hirur\u0161ki tretman vanjskog uha i nosa (tumori, rekonstrukcija, estetske procedure)<\/li>\n<li>Hirurgija dojke (onkohirurgija, reksontrukcija dojke, estetske procedure)<\/li>\n<li>Hirur\u0161ki tretman melanoma ko\u017ee uz biopsiju sentinel limfnog \u010dvora<\/li>\n<li>Rekonstruktivna hirurgija (mikrohirur\u0161ke procedure)<\/li>\n<li>Hirur\u0161ki tretman opekotina i opekotinskih sekvela<\/li>\n<\/ul>\n<p><strong>Odgovorna medicinska sestra:<\/strong> Sadija Smaji\u0107, dipl. med. sestra<br \/>\nI<strong>nfo tel.:<\/strong> +387 35 303 247<\/p>\n<p>&nbsp;<\/p>\n<p><span style=\"color: #800000;\"><strong>ODJELJENJE ZA MAKSILOFACIJALNU HIRURGIJU<\/strong><\/span><br \/>\n<strong>\u0160ef odjeljenja:<\/strong> dr. med. Nazim Imamovi\u0107, specijalista maksilofacijalne hirurgije<br \/>\n<strong>Odjeljenski doktori:<\/strong><\/p>\n<ul>\n<li>Doc.dr. med. sci. Merima Kasumovi\u0107, specijalista maksilofacijalne hirurgije;<\/li>\n<li>Dr. med. Musfaha Burgi\u0107, specijalista maksilofacijalne hirurgije;<\/li>\n<\/ul>\n<p><strong>Djelatnost:<\/strong><\/p>\n<ul>\n<li>Traumatologija (li\u010dni dio glave)<\/li>\n<li>Hirurgija uro\u0111enih i ste\u010denih anomalija\/malformacija li\u010dnog dijela glave (rascjepi nepca i usne, prognatizam)<\/li>\n<li>Onkohirurgija (tumori ko\u017ee, usne duplje, \u017elijezda slinovnica, paranazlanih sinusa)<\/li>\n<li>Estetske hirur\u0161ke procedure (nos, u\u0161ke, kapci)<\/li>\n<li>Oralna hirurgija (impaktirani zubi, uro\u0111eni\/ste\u010deni deformiteti jezika)<\/li>\n<li>Rekonstruktivna hirurgija<\/li>\n<\/ul>\n<p><strong>Odgovorna medicinska sestra:<\/strong><br \/>\n<strong>Info tel.:<\/strong> +387 35 303 247<\/p>\n<p>&nbsp;<\/p>\n<p><span style=\"color: #800000;\"><strong>ODJELJENJE ZA DNEVNU HIRURGIJU<\/strong><\/span><br \/>\n<strong>Odgovorni medicinski tehni\u010dar:<\/strong> Edin Hibi\u0107, dipl med. tehni\u010dar<br \/>\n<strong>Info tel:<\/strong> +387 35 303 469<\/p>\n<p>&nbsp;<\/p>\n<p><span style=\"color: #800000;\"><strong>POLIKLINIKA ZA PLASTI\u010cNU I MAKSILOFACIJALNU HIRURGIJU<\/strong><\/span><\/p>\n<p><strong>Odgovorna medicinska sestra:<\/strong>\u00a0 Majda \u0106urak,dipl. med. sestra<\/p>\n<ul>\n<li>Prijemna ambulanta<\/li>\n<li>Specijalisti\u010dka ambulanta za plasti\u010dnu, rekonstruktivnu i estetsku hirurgiju<\/li>\n<li>Specijalisti\u010dka ambulanta za maksilofacijlanu hirurgiju<br \/>\n<strong>Info tel.:<\/strong> +387 35 303 282<\/li>\n<\/ul>\n<p>&nbsp;<\/p>\n<p><strong>Ljekari na klinici:<\/strong><\/p>\n<ul>\n<li>Dr. med. Tara Begovi\u0107 \u0110ulabi\u0107 \u2013 specijalizant maksilofacijalne hirurgije<\/li>\n<li>Dr. med. Andrej Bingas \u2013 specijalizant plasti\u010dne, rekonstruktivne i estetske hirurgije<\/li>\n<li>Dr. med. Admir Zuli\u0107 \u2013 specijalizant maksilofacijalne hirurgije<\/li>\n<li>Dr. med. Nejra Had\u017eigrahi\u0107 &#8211; specijalizant plasti\u010dne, rekonstruktivne i estetske hirurgije<\/li>\n<li>Dr. Emir Osman\u010devi\u0107\u2013 specijalizant maksilofacijalne hirurgije<\/li>\n<li>Dr med. Amil Softi\u0107, specijalizant plasti\u010dne, rekonstruktivne i estetske hirurgije<\/li>\n<\/ul>\n<p>&nbsp;<\/p>\n<p><strong>Medicinske sestre\/tehni\u010dari (po abecednom redu):<\/strong><\/p>\n<ul>\n<li>Aida Beganovi\u0107<\/li>\n<li>Adnan Alji\u0107<\/li>\n<li>Alma Dori\u0107<\/li>\n<li>Amina \u017digi\u0107<\/li>\n<li>Arnela Salihovi\u0107 \u2013 Hod\u017ei\u0107 &#8211; instrumentarka<\/li>\n<li>Edin Hibi\u0107 (Odgovorni med. tehni\u010dar Odjeljenja za dnevnu hirurgiju)<\/li>\n<li>Edis Mand\u017euki\u0107-instrumentar<\/li>\n<li>Elma Selimovi\u0107<\/li>\n<li>Elma Ahmetovi\u0107 &#8211; instrumentarka<\/li>\n<li>Elmana Alji\u0107 (Glavna sestra Klinike)<\/li>\n<li>Emina \u0160ehovi\u0107<\/li>\n<li>Fahira Bajrami<\/li>\n<li>\u00a0Hedija Hod\u017ei\u0107<\/li>\n<li>Jasmina Ja\u0161arevi\u0107<\/li>\n<li>Maida Fati\u0107<\/li>\n<li>Majda \u0106urak (Odgovorna sestra Poliklinike za plasti\u010dnu i maksilofacijalnu hirurgiju)<\/li>\n<li>Mediha Bukvi\u0107-Odgovorna instrumentarka op.sale<\/li>\n<li>Mersiha Alji\u0107 &#8211; instrumentarka<\/li>\n<li>Mirza \u0160migalovi\u0107<\/li>\n<li>Mirza \u017dbani\u0107-instrumentar<\/li>\n<li>Nerman Balvanovi\u0107<\/li>\n<li>Sadija Smaji\u0107 (Odgovorna sestra Odjeljenja za plasti\u010dnu hirurgiju)<\/li>\n<li>Sadina Mulali\u0107 &#8211; instrumentarka<\/li>\n<li>Semir Ahmeta\u0161evi\u0107<\/li>\n<li>Sla\u0111ana Dadanovi\u0107<\/li>\n<li>\u0160emsa Vrtagi\u0107<\/li>\n<li>Vildana Suljanovi\u0107<\/li>\n<li>Zenan \u0160ehovi\u0107<\/li>\n<\/ul>\n<p>&nbsp;<\/p>\n<p><strong>Nemedicnski radnici:<\/strong><\/p>\n<ul>\n<li>Aida Ramadanovi\u0107 \u2013 ekonom<\/li>\n<\/ul>\n<p>&nbsp;<\/p>\n<p>&nbsp;<\/p>\n<p>&nbsp;<\/p>\n","protected":false},"excerpt":{"rendered":"<p>VD Na\u010delnik: Prof.dr.sci. Adi Rifatbegovi\u0107, prim.dr.med. ,specijalista plasti\u010dne, rekonstruktivne i estetske hirurgije Glavna medicinska sestra: Elmana Alji\u0107, mr. zdr. njege i menad\u017ementa, Tel.: +387 35 303 464 Medicinska sestra-tehni\u010dar za poslove pobolj\u0161anja kvaliteta i edukaciju:Hedija Hod\u017ei\u0107 \u2013 Diplomirana medicinska sestra Tehni\u010dki sekretar: Amra Klapi\u0107 Tel.: +387 35 303 461 DJELATNOST KLINIKE Obim djelatnosti Klinike za&hellip;<\/p>\n","protected":false},"author":1,"featured_media":16294,"parent":0,"menu_order":0,"comment_status":"closed","ping_status":"closed","template":"","meta":{"footnotes":""},"class_list":["post-429","page","type-page","status-publish","has-post-thumbnail","hentry","description-off"],"_links":{"self":[{"href":"https:\/\/www.ukctuzla.ba\/ukctuzla\/index.php?rest_route=\/wp\/v2\/pages\/429","targetHints":{"allow":["GET"]}}],"collection":[{"href":"https:\/\/www.ukctuzla.ba\/ukctuzla\/index.php?rest_route=\/wp\/v2\/pages"}],"about":[{"href":"https:\/\/www.ukctuzla.ba\/ukctuzla\/index.php?rest_route=\/wp\/v2\/types\/page"}],"author":[{"embeddable":true,"href":"https:\/\/www.ukctuzla.ba\/ukctuzla\/index.php?rest_route=\/wp\/v2\/users\/1"}],"replies":[{"embeddable":true,"href":"https:\/\/www.ukctuzla.ba\/ukctuzla\/index.php?rest_route=%2Fwp%2Fv2%2Fcomments&post=429"}],"version-history":[{"count":33,"href":"https:\/\/www.ukctuzla.ba\/ukctuzla\/index.php?rest_route=\/wp\/v2\/pages\/429\/revisions"}],"predecessor-version":[{"id":21272,"href":"https:\/\/www.ukctuzla.ba\/ukctuzla\/index.php?rest_route=\/wp\/v2\/pages\/429\/revisions\/21272"}],"wp:featuredmedia":[{"embeddable":true,"href":"https:\/\/www.ukctuzla.ba\/ukctuzla\/index.php?rest_route=\/wp\/v2\/media\/16294"}],"wp:attachment":[{"href":"https:\/\/www.ukctuzla.ba\/ukctuzla\/index.php?rest_route=%2Fwp%2Fv2%2Fmedia&parent=429"}],"curies":[{"name":"wp","href":"https:\/\/api.w.org\/{rel}","templated":true}]}}