{"id":437,"date":"2022-10-27T08:18:53","date_gmt":"2022-10-27T07:18:53","guid":{"rendered":"http:\/\/10.0.0.65\/ukctuzla3\/?page_id=437"},"modified":"2025-02-18T12:51:51","modified_gmt":"2025-02-18T11:51:51","slug":"klinika-za-ocne-bolesti","status":"publish","type":"page","link":"https:\/\/www.ukctuzla.ba\/ukctuzla\/?page_id=437&lang=bs","title":{"rendered":"KLINIKA ZA O\u010cNE BOLESTI"},"content":{"rendered":"<p><strong>v.d.Na\u010delnika:<\/strong> Doc.dr.med.sc Jasmin Zvorni\u010danin<br \/>\n<strong>Glavni medicinski tehni\u010dar:<\/strong> Edin Altumbabi\u0107, dipl.medicinski tehni\u010dar<br \/>\n<strong>Med.sestra za poslove pobolj\u0161anja kvaliteta i edukaciju:<\/strong> Sanela Hamzi\u0107, bachelor medicinskog sestrinstva<br \/>\n<strong>Sekretar:<\/strong> Halida Guti\u0107<br \/>\n<strong>Kontakti:<\/strong><br \/>\ne-mail: info@ukctuzla.ba<br \/>\ntel.: 00 387 35 303 204; 00 387 35 303 206;<\/p>\n<p><strong>DJELATNOST KLINIKE<\/strong><br \/>\nO\u010dna klinika je savremena klinika \u010dija je djelatnost usmjerena na obavljanje \u0161irokog dijapazona razli\u010ditih mikrohirur\u0161kih i laserskih zahvata oka i adneksa oka.<br \/>\nU Klinici se trenutno radi kompletna hirurgija le\u0107e savremenom metodom fakoemulzifikacije, transplantacija ro\u017enice, operativni zahvati glaukoma, te operacije na stra\u017enjem segmentu oka.<br \/>\nRade se i rekonstruktivni i plasti\u010dni operativni zahvati na kapcima i suznim putevima.<br \/>\nPored toga u Klinici postoji dje\u010dije odjeljenje koje se bavi specifi\u010dnostima dje\u010dije oftalmologije vezane za dijagnostiku i lije\u010denje slabovidnosti i strabizma.<br \/>\nRadi se dijagnostika i lije\u010denje oboljenja stra\u017enjeg segmenta oka, lije\u010denje oboljenja makule (DME, ARMD, CMO, CNV) i primjenjuje se intravitrealno antiVEGF terapija.<br \/>\nO\u010dna klinika je nastavna baza studentima u dodiplomskoj i postdiplomskoj nastavi medicinskog fakulteta, visoke zdravstvene \u0161kole i defektolo\u0161kog fakulteta.<\/p>\n<p>&nbsp;<\/p>\n<p><span style=\"color: #143e70;\"><strong>ORGANIZACIONA STRUKTURA<\/strong><\/span><\/p>\n<p><span style=\"color: #143e70;\"><strong>O\u010cNA POLIKLINIKA<\/strong><\/span><br \/>\n<strong>\u0160ef Poliknike:<\/strong> Doc.dr.med.sc Adisa Pilavd\u017ei\u0107<br \/>\n<strong>Odgovorna medicinska sestra:<\/strong> D\u017eenana Toki\u0107, VSS<\/p>\n<p>&nbsp;<\/p>\n<p><span style=\"color: #143e70;\"><strong>AMBULANTE:<\/strong><\/span><\/p>\n<ul>\n<li>Prijemna ambulanta<\/li>\n<li>Oftalmolo\u0161ka ambulanta I i II<\/li>\n<\/ul>\n<p><strong>Kontakt tel za naru\u010divanje: 035 303 213, 035 303 276 i 035 303 268, od 14-15 sati<\/strong><\/p>\n<p>&nbsp;<\/p>\n<p><span style=\"color: #143e70;\"><strong>KABINETI:<\/strong><\/span><\/p>\n<ul>\n<li>Kabinet za glaukom sa perimetrijom <strong>Kontakt tel:<\/strong> 035 303 268<\/li>\n<li>Kabinet za kontaktne le\u0107e Kontakt tel: 035 303 213<\/li>\n<li>Kabinet za UZ dijagnostiku, pahimetriju i keratorefraktometriju <strong>Kontakt tel:<\/strong> 035 303 261<\/li>\n<li>Kabinet za lasersku mikrohirurgiju<strong> Kontakt tel:<\/strong> 035 303 269<\/li>\n<li>Kabinet za lije\u010denje ambliopije i strabizma <strong>Kontakt tel:<\/strong> 035 303 230<\/li>\n<li>Kabinet za opti\u010dku koherentnu tomografiju (OCT) <strong>Kontakt tel:<\/strong> 035 303 278<\/li>\n<li>Kabinet za medikal retinu <strong>Kontakt tel:<\/strong> 035 303 277<\/li>\n<\/ul>\n<p>&nbsp;<\/p>\n<p><strong>KADROVI<\/strong><br \/>\nUkupan broj uposlenika -58<br \/>\nLjekari specijalisti -14<br \/>\nLjekari specijalizanti \u2013 2<br \/>\nDoktor medicine \u2013 1<br \/>\nMedicinskih sestara sa VSS &#8211; 14<br \/>\nMedicinske sestre sa SSS &#8211; 20<br \/>\nMedicinski saradnici defektolozi-tiflolozi VSS &#8211; 5<br \/>\nNemedicinskih uposlenika SSS &#8211; 2<\/p>\n<p>&nbsp;<\/p>\n<p><span style=\"color: #143e70;\"><strong>ODJELJENJA<\/strong><\/span><\/p>\n<p><span style=\"color: #143e70;\"><strong>Odjeljenje za operativno lije\u010denje prednjeg segmenta oka<\/strong><\/span><br \/>\n<strong>\u0160ef Odjeljenja:<\/strong><br \/>\n<strong>Odgovorna medicinska sestra:<\/strong> Dijana Fejzi\u0107, VSS<\/p>\n<p>&nbsp;<\/p>\n<p><span style=\"color: #143e70;\"><strong>Odjeljenje za operativno lije\u010denje stra\u017enjeg segmenta oka<\/strong><\/span><br \/>\n<strong>\u0160ef Odjeljenja:<\/strong> Prof.dr.med.sci Vahid Jusufovi\u0107, Primarijus<br \/>\n<strong>Odgovorni medicinski tehni\u010dar:<\/strong> Emir Mahmutovi\u0107, VSS<\/p>\n<p>&nbsp;<\/p>\n<p><span style=\"color: #143e70;\"><strong>Odjeljenje za dnevnu hirurgiju<\/strong><\/span><br \/>\n<strong>Odgovorna medicinska sestra:<\/strong> Meliha Gazibegovi\u0107, VSS<\/p>\n<p>&nbsp;<\/p>\n<p><span style=\"color: #143e70;\"><strong>Odjeljenje za upalna i degenerativna oboljenja oka<\/strong><\/span><br \/>\n<strong>\u0160ef odjeljenja:<\/strong><br \/>\n<strong>Odgovorna medicinska sestra:<\/strong> Narcisa \u0106ati\u0107, VSS<\/p>\n<p>&nbsp;<\/p>\n<p><span style=\"color: #143e70;\"><strong>Odjeljenje za dje\u010diju oftalmologiju<\/strong><\/span><br \/>\n<strong>\u0160ef odjeljenja:<\/strong> Prim.doc.dr. sc Meliha Halilba\u0161i\u0107, dr.med.<br \/>\n<strong>Odgovorna medicinska sestra:<\/strong> Amra Mehmedinovi\u0107, VSS<\/p>\n<p>&nbsp;<\/p>\n<p><span style=\"color: #143e70;\"><strong>OPERACIONI BLOK<\/strong><\/span><br \/>\n<strong>Odgovorna medicinska sestra\/tehni\u010dar:<\/strong> Senad Mand\u017euki\u0107<\/p>\n<p>&nbsp;<\/p>\n<p>&nbsp;<\/p>\n<p><span style=\"color: #143e70;\"><strong>DJELATNOSTI ORGANIZACIONIH JEDINICA<\/strong><\/span><\/p>\n<p style=\"text-align: justify;\"><span style=\"color: #143e70;\"><strong>O\u010cNA POLIKLINIKA<\/strong><\/span><br \/>\nO\u010dna poliklinika i pripadaju\u0107i kabineti obavljaju specijalisti\u010dko-konsultativne oftalmolo\u0161ke preglede uz prethodno zakazani termin kao i specijalisti\u010dke preglede za hitna stanja u toku radnog vremena i poslije 16h, vikendom i praznicima.<\/p>\n<ul>\n<li style=\"text-align: justify;\">Pregled biomikroskopom<\/li>\n<li style=\"text-align: justify;\">Direktna i indirektna oftalmoskopija<\/li>\n<li style=\"text-align: justify;\">Mjerenje o\u010dnog pritiska kontaktnim i bezkontaktnim tonometrom<\/li>\n<li style=\"text-align: justify;\">Odre\u0111ivanje nao\u010dara<\/li>\n<li style=\"text-align: justify;\">Automatska keratorefraktometrija<\/li>\n<li style=\"text-align: justify;\">Viskofrekventni ultrazvuk prednjeg segmenta oka (UBM)<\/li>\n<li style=\"text-align: justify;\">Ultrazvuk oka sa biometrijom mi\u0161i\u0107a oka i mjerenje aksijalne du\u017eine<\/li>\n<li style=\"text-align: justify;\">Pahimetrija (mjerenje debljine ro\u017enice)<\/li>\n<li style=\"text-align: justify;\">Oftalmolo\u0161ki pregled djece<\/li>\n<li style=\"text-align: justify;\">Obrada i lije\u010denje djece sa ambliopijom i strabizmom<\/li>\n<li style=\"text-align: justify;\">Egzoftalmometrija<\/li>\n<li style=\"text-align: justify;\">Obrada i obuka pacijenata za kontaktne le\u0107e<\/li>\n<li style=\"text-align: justify;\">Glaukomska obrada sa perimetrijom<\/li>\n<li style=\"text-align: justify;\">Neurooftalmolo\u0161ka obrada<\/li>\n<li style=\"text-align: justify;\">Obrada pacijenata za medikal retinu<\/li>\n<li style=\"text-align: justify;\">\u017duti mikropulsni laser (subliminalni)<\/li>\n<li style=\"text-align: justify;\">Nd-YAG laser<\/li>\n<li style=\"text-align: justify;\">OCT dijagnostika makularne regije i vidnog \u017eivca<\/li>\n<li style=\"text-align: justify;\">OCT prednjeg segmenta oka<\/li>\n<li style=\"text-align: justify;\">OCT angiografija sa angioanalitikom makularne regije i vidnog \u017eivca<\/li>\n<\/ul>\n<p>&nbsp;<\/p>\n<p style=\"text-align: justify;\"><span style=\"color: #143e70;\"><strong>ODJELJENJA<\/strong><\/span><br \/>\nRad na odjeljenjima na na\u0161oj Klinici podrazumjeva preglede i dijagnosti\u010dke procedure usmjerene ka brzom i pravovremenom uspostavljanju ta\u010dne dijagnoze. Nakon uspostavljanja dijagnoze, pristupa se (u zavisnosti od stanja pacijenta) medikametoznom ili hirur\u0161kom lije\u010denju oboljenja te pra\u0107enje razvoja bolesti.<br \/>\nKod hirur\u0161kog lije\u010denja o\u010dnih oboljenja, uposlenici su educirani za uspje\u0161no obavljanje zdravstvenih usluga koji se izvode na na\u0161oj Klinici, a u skladu sa najvi\u0161im Evropskim standardima.<br \/>\nTokom boravka pacijenta na na\u0161oj Klinici vr\u0161i se stalno pra\u0107enje uspje\u0161nosti dijagnosti\u010dkih, operativnih i terapijskih postupaka.<br \/>\nU sklopu odjeljenja za dnevnu hirurgiju obavljaju se hirur\u0161ke procedure sa zadr\u017eavanjem pacijenta u bolnici do 24h.<\/p>\n<p>&nbsp;<\/p>\n<p><span style=\"color: #143e70;\"><strong>OPERACIONI BLOK<\/strong><\/span><br \/>\nU operacionom bloku vr\u0161e se operativni zahvati:<\/p>\n<ul>\n<li>Ultrazvu\u010dna operacija katarakte (PHACO) kod djece i odraslih<\/li>\n<li>Konvencionalna operacija katarakte (ECCE)<\/li>\n<li>Vitreoretinalna hirurgija (operacije vitreusa i mre\u017enice)<\/li>\n<li>Intravitrealna aplikacija lijekova<\/li>\n<li>Transplantacija ro\u017enice<\/li>\n<li>Operacije strabizma kod djece i odraslih<\/li>\n<li>Antiglaukomski zahvati<\/li>\n<li>Operacija na o\u010dnim adneksima<\/li>\n<\/ul>\n<p>&nbsp;<\/p>\n<p><strong>Knjige i ud\u017ebenici u \u010dijem pisanju su u\u010destvovali uposlenici Klinike:<\/strong><\/p>\n<ol>\n<li>Oftalmologija, Sarajevo: TKP \u0160ahinpa\u0161i\u0107, 1998.<\/li>\n<li>Defektolo\u0161ki fakultet, 1993-1998, Tuzla: Univerzitet u Tuzli, 1998.<\/li>\n<li>Klini\u010dka upotreba viskoelasti\u010dnih supstanci u hirurgiji prednjeg segmenta oka. Tuzla: Medicinski fakultet Univerziteta u Tuzli, 2002.<\/li>\n<li>Za\u0161tita razvojnog doba, Tuzla\/Wuppertal: Bosanska rije\u010d\/Das Bosnische Worte, 2004.<\/li>\n<li>\u0160e\u0107erna bolest, Tuzla: Univerzitet u Tuzli, 2003.<\/li>\n<li>Infektologija i zdravstvena njega infektivnih bolesnika, Printcom, Tuzla 2010.<\/li>\n<li>Oftalmologija sa zdravstvenom njegom, Univerzitet u Tuzli, In Scan, Tuzla 2013.<\/li>\n<li>Urgentna ultrasonografija oka Tuzla 2013.<\/li>\n<li>Osnovni principi anestezije i intenzivnog lije\u010denja, Univerzitet u Tuzli, Off-set, Tuzla 2014.<\/li>\n<\/ol>\n<p>&nbsp;<\/p>\n<p>&nbsp;<\/p>\n<p>&nbsp;<\/p>\n","protected":false},"excerpt":{"rendered":"<p>v.d.Na\u010delnika: Doc.dr.med.sc Jasmin Zvorni\u010danin Glavni medicinski tehni\u010dar: Edin Altumbabi\u0107, dipl.medicinski tehni\u010dar Med.sestra za poslove pobolj\u0161anja kvaliteta i edukaciju: Sanela Hamzi\u0107, bachelor medicinskog sestrinstva Sekretar: Halida Guti\u0107 Kontakti: e-mail: info@ukctuzla.ba tel.: 00 387 35 303 204; 00 387 35 303 206; DJELATNOST KLINIKE O\u010dna klinika je savremena klinika \u010dija je djelatnost usmjerena na obavljanje \u0161irokog dijapazona&hellip;<\/p>\n","protected":false},"author":1,"featured_media":16294,"parent":0,"menu_order":0,"comment_status":"closed","ping_status":"closed","template":"","meta":{"footnotes":""},"class_list":["post-437","page","type-page","status-publish","has-post-thumbnail","hentry","description-off"],"_links":{"self":[{"href":"https:\/\/www.ukctuzla.ba\/ukctuzla\/index.php?rest_route=\/wp\/v2\/pages\/437","targetHints":{"allow":["GET"]}}],"collection":[{"href":"https:\/\/www.ukctuzla.ba\/ukctuzla\/index.php?rest_route=\/wp\/v2\/pages"}],"about":[{"href":"https:\/\/www.ukctuzla.ba\/ukctuzla\/index.php?rest_route=\/wp\/v2\/types\/page"}],"author":[{"embeddable":true,"href":"https:\/\/www.ukctuzla.ba\/ukctuzla\/index.php?rest_route=\/wp\/v2\/users\/1"}],"replies":[{"embeddable":true,"href":"https:\/\/www.ukctuzla.ba\/ukctuzla\/index.php?rest_route=%2Fwp%2Fv2%2Fcomments&post=437"}],"version-history":[{"count":27,"href":"https:\/\/www.ukctuzla.ba\/ukctuzla\/index.php?rest_route=\/wp\/v2\/pages\/437\/revisions"}],"predecessor-version":[{"id":17930,"href":"https:\/\/www.ukctuzla.ba\/ukctuzla\/index.php?rest_route=\/wp\/v2\/pages\/437\/revisions\/17930"}],"wp:featuredmedia":[{"embeddable":true,"href":"https:\/\/www.ukctuzla.ba\/ukctuzla\/index.php?rest_route=\/wp\/v2\/media\/16294"}],"wp:attachment":[{"href":"https:\/\/www.ukctuzla.ba\/ukctuzla\/index.php?rest_route=%2Fwp%2Fv2%2Fmedia&parent=437"}],"curies":[{"name":"wp","href":"https:\/\/api.w.org\/{rel}","templated":true}]}}