{"id":438,"date":"2023-01-26T10:44:19","date_gmt":"2023-01-26T09:44:19","guid":{"rendered":"http:\/\/10.0.0.65\/ukctuzla3\/?page_id=438"},"modified":"2026-04-01T13:55:38","modified_gmt":"2026-04-01T12:55:38","slug":"vise-o-klinika-za-anesteziologiju-i-reanimaciju","status":"publish","type":"page","link":"https:\/\/www.ukctuzla.ba\/ukctuzla\/?page_id=438&lang=bs","title":{"rendered":"VI\u0160E O&#8230;KLINIKA ZA ANESTEZIOLOGIJU I REANIMACIJU"},"content":{"rendered":"<p><span style=\"color: #254559;\"><strong>DJELATNOSTI ORGANIZACIONIH JEDINICA<\/strong><\/span><\/p>\n<p style=\"text-align: justify;\"><strong>ANESTEZIOLO\u0160KA POLIKLINIKA<\/strong><br \/>\nAnesteziolo\u0161ka poliklinika obuhvata specijalisti\u010dke anesteziolo\u0161ke ambulante i ambulantu za terapiju bola i predstavlja mjesto prvog kontakta pacijenta sa medicinskim osobljem Klinike.<br \/>\n<strong>Kontakt telefoni:<\/strong><br \/>\n035\/303-266<br \/>\n035\/303-163<br \/>\n<strong>Odgovorna medicinska sestra\/tehni\u010dar:<\/strong>Saniboj Pejzi\u0107, dipl. med. tehni\u010dar<\/p>\n<p><strong>Radno vrijeme:<\/strong><br \/>\nPonedjeljak \u2013 petak: 07:30 \u2013 16:00 sati<\/p>\n<p>Tokom pregleda u anesteziolo\u0161koj ambulanti, ljekar specijalista anesteziologije sa reanimatologijom detaljno procjenjuje zdravstveno stanje pacijenta i priprema ga za planirani operativni ili dijagnosti\u010dki zahvat.<\/p>\n<p>Pacijent se upoznaje sa:<\/p>\n<ul>\n<li>vrstama anestezije<\/li>\n<li>tokom i na\u010dinom izvo\u0111enja anestezije<\/li>\n<li>mogu\u0107im rizicima i ne\u017eeljenim efektima<\/li>\n<li>preporukama prije i nakon zahvata<\/li>\n<\/ul>\n<p>Saglasnost za anesteziju potpisuje punoljetan i poslovno sposoban pacijent, punomo\u0107nik (uz ovjerenu punomo\u0107), staratelj (za pacijente li\u0161ene poslovne sposobnosti, uz prilo\u017eeno rje\u0161enje o starateljstvu).<\/p>\n<p>&nbsp;<\/p>\n<p><strong>AMBULANTA ZA TERAPIJU BOLA<\/strong><br \/>\nAmbulanta za terapiju bola zapo\u010dela je sa radom <strong>17.03.2026. godine<\/strong> i djeluje u okviru Anesteziolo\u0161ke poliklinike.<\/p>\n<p><strong>Radno vrijeme:<\/strong><br \/>\nUtorak i \u010detvrtak: 11:00 \u2013 15:00 sati.<\/p>\n<p>Prvi pregled pacijenata obavlja se u prostorijama Anesteziolo\u0161ke poliklinike.<\/p>\n<p>U Ambulanti za terapiju bola provodi se sistematska procjena i lije\u010denje pacijenata sa hroni\u010dnim bolom, uz individualni pristup svakom pacijentu.<\/p>\n<p>Primjenjuju se:<\/p>\n<ul>\n<li>farmakolo\u0161ke metode lije\u010denja<\/li>\n<li>intervencijske procedure<\/li>\n<li>savremeni multimodalni pristupi terapiji bola<\/li>\n<\/ul>\n<p>Na osnovu pregleda, ljekar specijalista anesteziologije \u2013 algolog predla\u017ee individualni terapijski plan lije\u010denja. U slu\u010dajevima kada bol perzistira i ne mo\u017ee se adekvatno kontrolisati ambulantno, planira se izvo\u0111enje naprednih intervencijskih metoda lije\u010denja, uz prethodno informisanje i saglasnost pacijenta.<\/p>\n<p>&nbsp;<\/p>\n<p><span style=\"color: #254559;\"><strong>Odjeljenja<\/strong><\/span><\/p>\n<p><span style=\"color: #254559;\"><strong>Odjeljenje za anesteziju<\/strong><\/span><br \/>\n<strong>\u0160ef odjeljenja za anesteziju:<\/strong> Prim. dr. med. Sanja Ercegovi\u0107 specijalista anesteziologije sa reanimatologijom, subspecijalista klini\u010dke farmakologije<br \/>\n<strong>Odgovorni medicinski tehni\u010dar\/anesteti\u010dar:<\/strong> Edin Glavi\u0107 dipl.med.tehni\u010dar<br \/>\nKontakt telefon: 035\/303 \u2013 271, 035\/303 &#8211; 227<br \/>\n<strong>\u0160ef Odsjeka A:<\/strong> Prof.dr.med.sc.prim.Selma Sijer\u010di\u0107 specijalista anesteziologije sa reanimatologijom, subspecijalista intenzivne medicine<br \/>\nOdgovorna medicinska sestra tehni\u010dar\/anesteti\u010dar: Mejra Bundi\u0107 , dipl.med.sestra &#8211; tehni\u010dar<br \/>\nKontakt telefon: 035\/303 \u2013 624, 035\/303 &#8211; 423<br \/>\n<strong>\u0160ef Odsjeka B:<\/strong> Prim.dr.med. Amir Slipi\u010devi\u0107 specijalista anesteziologije sa reanimatologijom<br \/>\n<strong>Odgovorna medicinska sestra tehni\u010dar\/anesteti\u010dar:<\/strong> Indira Okanovi\u0107 dipl.med. sestra &#8211; tehni\u010dar<br \/>\nKontakt telefon: 035\/303 -222, 035\/303 \u2013 227,<br \/>\n<strong>\u0160ef Odsjeka C:<\/strong> Dr.med. Merana Rifatbegovi\u0107, specijalista anesteziologije sa reanimatologijom<br \/>\n<strong>Odgovorni medicinski tehni\u010dar\/anesteti\u010dar:<\/strong> Miralem Arnautovi\u0107 dipl.med. tehni\u010dar<br \/>\nKontakt telefon: 035\/303 &#8211; 271, 035\/303 &#8211; 227<\/p>\n<p style=\"text-align: justify;\"><strong>Djelatnosti Odjeljenja za anesteziju<\/strong><br \/>\nOdjeljenje za anesteziju pru\u017ea usluge op\u0161te i regionalne anestezije u 23 operacione sale koje pokrivaju sve hirur\u0161ke discipline, uklju\u010duju\u0107i dje\u010diju hirurgiju, neurohirurgiju, urologiju, torakalnu hirurgiju, abdominalnu hirurgiju, ortopedsko-traumatolo\u0161ku hirurgiju, plasti\u010dnu i rekonstruktivnu hirurgiju, ginekolo\u0161ko-aku\u0161erske, otorinolaringolo\u0161ke i oftalmolo\u0161ke operacije.<br \/>\nTako\u0111e, odjeljenje je odgovorno za nadzor vitalno ugro\u017eenih pacijenata tokom sprovo\u0111enja dijagnosti\u010dkih procedura kao \u0161to su CT, ultrazvuk (UZ), RTG, MRI, ERCP, bronhoskopija, gastroskopija i kolonoskopija.<br \/>\nSvaka od navedenih hirur\u0161kih grana zahtijeva specifi\u010dna znanja i vje\u0161tine, zbog \u010dega su anesteziolozi iz ovog odjeljenja posebno edukovani, kako na doma\u0107em, tako i na me\u0111unarodnom nivou. Pored toga, Odjeljenje za anesteziju obezbje\u0111uje anesteziju u svim dijagnosti\u010dkim procedurama, kao i pripremu pacijenata za ambulantne i dnevne operativne zahvate.<\/p>\n<p>&nbsp;<\/p>\n<p><span style=\"color: #254559;\"><strong>Odjeljenje za intenzivnu terapiju (Hirur\u0161ki blok)<\/strong><\/span><br \/>\n<strong>\u0160ef Odjeljenja intezivne terapije (Hirur\u0161ki blok):<\/strong> Mr.dr.med.sci.Lejla Mujki\u0107 specijalista anesteziologije sa reanimatologijom<br \/>\n<strong>Odgovorna medicinska sestra \u2013 tehni\u010dar:<\/strong> Zelka Simi\u0107 dipl.med.sestra-tehni\u010dar<br \/>\nKontakt telefon: 035\/303-271, 035\/303-232, 035\/303-273<br \/>\nOdjeljenje za intenzivnu terapiju (Hirur\u0161ki blok) pru\u017ea intenzivno lije\u010denje pacijentima u \u017eivotno ugro\u017eenim stanjima, kao i onima u postoperativnoj fazi nakon velikih i mutilantnih operativnih zahvata.<br \/>\nNa Odjeljenju se lije\u010de pacijenti sa:<\/p>\n<ul>\n<li>politraumama i traumatskim \u0161okom<\/li>\n<li>kraniocerebralnim povredama<\/li>\n<li>povredama ki\u010dme sa neurolo\u0161kim deficitom i\/ili spinalnim \u0161okom<\/li>\n<li>komplikacijama poput respiratorne insuficijencije (akutne i hroni\u010dne), akutnog respiratornog distres sindroma (ARDS), bubre\u017ene insuficijencije i tromboembolijskih doga\u0111aja<\/li>\n<li>metaboli\u010dkim i endokrinim poreme\u0107ajima<\/li>\n<li>nozokomijalnim infekcijama<\/li>\n<li>komplikacijama nakon ginekolo\u0161ko-aku\u0161erskih operacija<\/li>\n<li>stanjima koja zahtijevaju primjenu programa arteficijalne (mehani\u010dke) ventilacije<\/li>\n<\/ul>\n<p style=\"text-align: justify;\">Odjeljenje za intenzivnu terapiju (Hirur\u0161ki blok) ima dugogodi\u0161nje iskustvo i prepoznat kvalitet u lije\u010denju te\u0161kih infekcija i sepse kod hirur\u0161kih pacijenata. Posebno zna\u010dajnu ulogu ima u zbrinjavanju pacijenata nakon transplantacije bubrega i jetre, \u010dine\u0107i ga klju\u010dnim segmentom postoperativne njege u okviru transplantacijske medicine.<\/p>\n<p>&nbsp;<\/p>\n<p><span style=\"color: #254559;\"><strong>Odjeljenje za intenzivnu terapiju (Plava zgrada)<\/strong><\/span><br \/>\n<strong>\u0160ef odjeljenja:<\/strong> Prim. dr. Munevera Had\u017eime\u0161i\u0107, mr. med. sc., specijalista anesteziologije sa reanimatologijom<br \/>\n<strong>Odgovorna medicinska sestra:<\/strong> Sad\u017eida Deli\u0107, magistar zdravstvene njege i menad\u017ementa<br \/>\nKontakt telefon: 035\/303-157, 035\/303-158<br \/>\nU Odjeljenju za intenzivnu terapiju (Plava zgrada) zbrinjavaju se pacijenti koji zahtijevaju kompleksnu intenzivnu njegu, s posebnim fokusom na neurolo\u0161ka i neurohirur\u0161ka stanja.<\/p>\n<p>Lije\u010de se:<\/p>\n<ul>\n<li>pacijenti sa izolovanom kraniocerebralnom povredom<\/li>\n<li>neurohirur\u0161ki pacijenti koji zahtijevaju arteficijalnu ventilaciju te intenzivnu preoperativnu i postoperativnu njegu<\/li>\n<li>neurolo\u0161ki pacijenti sa mo\u017edanim udarom i razli\u010ditim neuromi\u0161i\u0107nim oboljenjima, koji su vitalno ugro\u017eeni i zahtijevaju mehani\u010dku ventilaciju<\/li>\n<li>pacijenti nakon ekstenzivnih zahvata iz oblasti plasti\u010dne, rekonstruktivne i maksilofacijalne hirurgije<\/li>\n<li>pacijenti sa te\u017eim opekotinama, kojima je potreban stalni monitoring, intenzivna terapija i podr\u0161ka vitalnim funkcijama<\/li>\n<\/ul>\n<p style=\"text-align: justify;\">Klinika za anesteziologiju i reanimatologiju pru\u017ea visokokvalitetno intenzivno lije\u010denje kroz dva odjeljenja za intenzivnu terapiju: Hirur\u0161ki blok i Plava zgrada, smje\u0161tena na razli\u010ditim lokacijama. Iako su odjeljenja na razli\u010ditim mjestima, oba koriste istu savremenu opremu i primjenjuju uskla\u0111ene procedure i klini\u010dke vodilje, zasnovane na dobroj medicinskoj praksi i medicini zasnovanoj na dokazima, koje su prilago\u0111ene etiologijama oboljenja kriti\u010dno oboljelih pacijenata.<\/p>\n<p>Terapijski pristup je individualizovan i temelji se na multidisciplinarnoj saradnji stru\u010dnjaka iz razli\u010ditih oblasti. Kontinuirano pra\u0107enje vitalnih parametara, kao i primjena savremenih metoda intenzivnog lije\u010denja, uklju\u010duju\u0107i arteficijalnu ventilaciju i analgeziju, omogu\u0107avaju visoki standard lije\u010denja i terapije.<\/p>\n<p>&nbsp;<\/p>\n<p><strong>KNJIGE I UD\u017dBENICI U \u010cIJEM SU PISANJU U\u010cESTVOVALI UPOSLENICI KLINIKE<\/strong><\/p>\n<ul>\n<li>Op\u0161ti principi zdravstvene njege.Imamovi\u0107 S. i sar. Print Com , Tuzla, 2012 g.<\/li>\n<li>Pneumotoraks, klini\u010dki oblici lije\u010denje. Goran Krd\u017eali\u0107 I sar.Ars grafika, Tuzla, 2011 g.<\/li>\n<li>Priru\u010dnik za primjenu antimikrobne terapije. Aldina Ahmetagi\u0107 I sar. 2010 g.<\/li>\n<li>Perinatologija. Bali\u0107 A. i saradnici..Print Com Tuzla 2007 g.<\/li>\n<li>Poro\u0111aj prirodnim putem. Fatu\u0161i\u0107 Z. i saradnici Infograf, Tuzla 2008 g.<\/li>\n<li>Anestezija u neurohirurgiji Selma Sijer\u010di\u0107 i saradnici, &#8221; OFF.SET&#8221; d.o.o. Tuzla<\/li>\n<li>Medicina bola. Jasmina Smaji\u0107, Renata Hod\u017ei\u0107. Printcom, Tuzla, 2022.<\/li>\n<\/ul>\n","protected":false},"excerpt":{"rendered":"<p>DJELATNOSTI ORGANIZACIONIH JEDINICA ANESTEZIOLO\u0160KA POLIKLINIKA Anesteziolo\u0161ka poliklinika obuhvata specijalisti\u010dke anesteziolo\u0161ke ambulante i ambulantu za terapiju bola i predstavlja mjesto prvog kontakta pacijenta sa medicinskim osobljem Klinike. Kontakt telefoni: 035\/303-266 035\/303-163 Odgovorna medicinska sestra\/tehni\u010dar:Saniboj Pejzi\u0107, dipl. med. tehni\u010dar Radno vrijeme: Ponedjeljak \u2013 petak: 07:30 \u2013 16:00 sati Tokom pregleda u anesteziolo\u0161koj ambulanti, ljekar specijalista anesteziologije sa&hellip;<\/p>\n","protected":false},"author":1,"featured_media":16294,"parent":0,"menu_order":0,"comment_status":"closed","ping_status":"closed","template":"","meta":{"footnotes":""},"class_list":["post-438","page","type-page","status-publish","has-post-thumbnail","hentry","description-off"],"_links":{"self":[{"href":"https:\/\/www.ukctuzla.ba\/ukctuzla\/index.php?rest_route=\/wp\/v2\/pages\/438","targetHints":{"allow":["GET"]}}],"collection":[{"href":"https:\/\/www.ukctuzla.ba\/ukctuzla\/index.php?rest_route=\/wp\/v2\/pages"}],"about":[{"href":"https:\/\/www.ukctuzla.ba\/ukctuzla\/index.php?rest_route=\/wp\/v2\/types\/page"}],"author":[{"embeddable":true,"href":"https:\/\/www.ukctuzla.ba\/ukctuzla\/index.php?rest_route=\/wp\/v2\/users\/1"}],"replies":[{"embeddable":true,"href":"https:\/\/www.ukctuzla.ba\/ukctuzla\/index.php?rest_route=%2Fwp%2Fv2%2Fcomments&post=438"}],"version-history":[{"count":19,"href":"https:\/\/www.ukctuzla.ba\/ukctuzla\/index.php?rest_route=\/wp\/v2\/pages\/438\/revisions"}],"predecessor-version":[{"id":21081,"href":"https:\/\/www.ukctuzla.ba\/ukctuzla\/index.php?rest_route=\/wp\/v2\/pages\/438\/revisions\/21081"}],"wp:featuredmedia":[{"embeddable":true,"href":"https:\/\/www.ukctuzla.ba\/ukctuzla\/index.php?rest_route=\/wp\/v2\/media\/16294"}],"wp:attachment":[{"href":"https:\/\/www.ukctuzla.ba\/ukctuzla\/index.php?rest_route=%2Fwp%2Fv2%2Fmedia&parent=438"}],"curies":[{"name":"wp","href":"https:\/\/api.w.org\/{rel}","templated":true}]}}