{"id":440,"date":"2016-09-13T10:42:25","date_gmt":"2016-09-13T09:42:25","guid":{"rendered":"http:\/\/10.0.0.65\/ukctuzla3\/?page_id=440"},"modified":"2025-03-20T10:39:51","modified_gmt":"2025-03-20T09:39:51","slug":"klinika-za-ginekologiju-i-akuserstvo","status":"publish","type":"page","link":"https:\/\/www.ukctuzla.ba\/ukctuzla\/?page_id=440&lang=bs","title":{"rendered":"KLINIKA ZA GINEKOLOGIJU I AKU\u0160ERSTVO"},"content":{"rendered":"<p><strong>v.d. Na\u010delnika:<\/strong> prim. dr. Adnan Babovi\u0107, mr. med. sci.<\/p>\n<p><strong>Glavna medicinska sestra:<\/strong>\u00a0 Edina Me\u0161anovi\u0107, diplomirana medicinska sestra<\/p>\n<p><strong>Tehni\u010dki sekretar<\/strong>:Ismeta Memi\u0161evi\u0107<\/p>\n<p><strong>Kontakt:<\/strong><br \/>\ne-mail:\u00a0\u00a0info@ukctuzla.ba: ismeta.memisevic@ukctuzla.ba<\/p>\n<p>adresa: Trnovac bb Tuzla<\/p>\n<p>tel:\u00a0 00 387 35 303 402<\/p>\n<p>fax: 00 387 35 303 421<\/p>\n<p>&nbsp;<\/p>\n<p style=\"text-align: justify;\">Prvi oblici zdravstvene za\u0161tite \u017eena u BiH po\u010deli su upravo u Tuzli 1893.godine sa dolaskom prve lije\u010dnice- ginekologa dr. Teodore Krajewske. Vlada u Be\u010du u okviru Austro-ugarske uprave u tom periodu je raspisala konkurs objavljen u \u0160vajcarskoj na koji se javila upravo dr. Krajewska, koja je bila asistent na Ginekolo\u0161ko-aku\u0161erskoj klinici u \u017denevi, a kasnije joj se pridru\u017eila i dr Jadwiga Olszewska. Stoga se i svake godine obilje\u017eava Dan Klinike 30. maja.<br \/>\nDanas, u sklopu Univerzitetskog klini\u010dkog centra Tuzla, Klinika za ginekologiju i aku\u0161erstvo zauzima posebno mjesto zahvaljuju\u0107i kontinuiranoj edukaciji medicinskog osoblja bilje\u017ee\u0107i stalne uspjehe i zavidne rezultate sa kojima se mo\u017eemo porediti sa bilo kojom klinikom u regiji pa i \u0161ire.<\/p>\n<p style=\"text-align: justify;\">Klinika za ginekologiju i aku\u0161erstvo Tuzla od 2004. godine nosi epitet, a od 2017.godine je akreditovana ustanova sa 100% ispunjenim uslovima ,,Baby frendly standarda\u201d i nosi naziv \u201eBaby frendly hospital\u201c- odnosno \u201cBolnica prijatelj beba\u201c. Klinika je zapo\u010dela i proces akreditacije prema standardima Agencije za akreditaciju i kvalitet u zdravstvu. Klinika planira u narednom periodu postati ,, Bolnica- prijatelj majki.<\/p>\n<p>&nbsp;<\/p>\n<p style=\"text-align: justify;\">Kliniku \u010dini 10 odjeljenja (Odjeljenje za dnevnu hirurgiju sa ginekolo\u0161ko-aku\u0161erskom poliklinikom i prijemnom ambulantom, Odjeljenje za visokorizi\u010dne trudno\u0107e, Odjeljenje za babinjare, Poro\u0111ajno odjeljenje, Odjeljenje za novoro\u0111en\u010dad, Odjeljenje za humanu reprodukciju, Odjeljenje konzervativne ginekologije, Odjeljenje operativne ginekologije, Odjeljenje ginekolo\u0161ke onkologije i Operacioni blok) sa ukupno 179 kreveta, devet ambulanti (Op\u0161ta ginekolo\u0161ka ambulanta, Onkolo\u0161ka ambulanta, Prijemna ambulanta, Ambulanta za patologiju grli\u0107a maternice, Ambulanta za citologiju, Ambulanta za humanu reprodukciju, Ambulanta za mikroinvazivnu hirurgiju, Ambulanta za visokorizi\u010dne trudno\u0107e, Ambulanta za neonatologiju), i dva kabineta (kabinet za ultrazvuk i kabinet za PAP test i kolposkopiju).<\/p>\n<p style=\"text-align: justify;\">Klinika zapo\u0161ljava ukupno 123 radnika: 21 ljekara specijalista ginekologije i aku\u0161erstva i 4 pedijatra-neonatologa ( Profesora dr med sci na Klinici ima 6, Subspecijalista ima 8, Doc dr med sci 2, Primarijusa 7, Magistara medicinskih nauka 5), 3 ljekara na specijalizaciji, 7 doktora medicine, 13 diplomiranih medicinskih sestara, 1 diplomirani menad\u017eer u zdravstvu, 69 medicinska sestra-aku\u0161erka SSS, 2 biologa, 1 tehni\u010dki sekretar, 1 ekonom.<\/p>\n<p>&nbsp;<\/p>\n<p><strong>ORGANIZACIONA STRUKTURA KLINIKE<\/strong><\/p>\n<p><strong>ODJELJENJA<\/strong><\/p>\n<ul>\n<li><a href=\"https:\/\/www.ukctuzla.ba\/ukctuzla\/?page_id=1148\" target=\"_blank\" rel=\"noopener\">Odjeljenje za dnevnu hirurgiju sa ginekolo\u0161ko-aku\u0161erskom poliklinikom i prijemnom ambulantom<\/a><\/li>\n<li><a href=\"https:\/\/www.ukctuzla.ba\/ukctuzla\/?page_id=1145\" target=\"_blank\" rel=\"noopener\">Odjeljenje operativne ginekologije<\/a><\/li>\n<li><a href=\"https:\/\/www.ukctuzla.ba\/ukctuzla\/?page_id=1152\" target=\"_blank\" rel=\"noopener\">Odjeljenje konzervativne ginekologije<\/a><\/li>\n<li><a href=\"https:\/\/www.ukctuzla.ba\/ukctuzla\/?page_id=1208\" target=\"_blank\" rel=\"noopener\">Odjeljenje ginekolo\u0161ke onkologije<\/a><\/li>\n<li><a href=\"https:\/\/www.ukctuzla.ba\/ukctuzla\/?page_id=8214&amp;lang=bs\" target=\"_blank\" rel=\"noopener\">Poro\u0111ajno odjeljenje<\/a><\/li>\n<li><a href=\"https:\/\/www.ukctuzla.ba\/ukctuzla\/?page_id=11682&amp;lang=bs\" target=\"_blank\" rel=\"noopener\">Odeljenje za babinjare<\/a><\/li>\n<li><a href=\"https:\/\/www.ukctuzla.ba\/ukctuzla\/?page_id=11684&amp;lang=bs\" target=\"_blank\" rel=\"noopener\">Odjeljenje za visokorizi\u010dne trudno\u0107e<\/a><\/li>\n<li><a href=\"https:\/\/www.ukctuzla.ba\/ukctuzla\/?page_id=11687&amp;lang=bs\">Odjeljenje za novoro\u0111en\u010dad<\/a><\/li>\n<li><a href=\"https:\/\/www.ukctuzla.ba\/ukctuzla\/?page_id=11690&amp;lang=bs\">Odjeljenje za humanu reprodukciju<\/a><\/li>\n<\/ul>\n<p><strong>\u00a0<\/strong><\/p>\n<p><strong>GINEKOLO\u0160KA POLIKLINIKA<\/strong><\/p>\n<ul>\n<li><a href=\"https:\/\/www.ukctuzla.ba\/ukctuzla\/?page_id=11564&amp;lang=bs\" target=\"_blank\" rel=\"noopener\">Kabineti i Ambulante<\/a><\/li>\n<\/ul>\n<p>&nbsp;<\/p>\n<p>Prije nego \u0161to posjetite na\u0161u kliniku, savjetujemo vam da pro\u010ditate prava i du\u017enosti pacijenta i neke informacije za pacijente koji nam dolaze na pregled ili intervenciju ili pacijente koji su hospitalizirani kod nas.<\/p>\n<p>Ako posjetite svoje najdra\u017ee, pro\u010ditajte upute i preporuke za posjetitelje.<\/p>\n<p>Ako ne mo\u017eete dobiti pregled zbog nepredvidivog i neizbje\u017enog doga\u0111aja, odmah nas obavijestite telefonom ili u roku od tri dana. ispri\u010davamo se i dajemo vam jo\u0161 jednu mogu\u0107nost, ina\u010de nepotrebno produ\u017eenog razdoblja \u010dekanja na drugi pregled.<\/p>\n","protected":false},"excerpt":{"rendered":"<p>v.d. Na\u010delnika: prim. dr. Adnan Babovi\u0107, mr. med. sci. Glavna medicinska sestra:\u00a0 Edina Me\u0161anovi\u0107, diplomirana medicinska sestra Tehni\u010dki sekretar:Ismeta Memi\u0161evi\u0107 Kontakt: e-mail:\u00a0\u00a0info@ukctuzla.ba: ismeta.memisevic@ukctuzla.ba adresa: Trnovac bb Tuzla tel:\u00a0 00 387 35 303 402 fax: 00 387 35 303 421 &nbsp; Prvi oblici zdravstvene za\u0161tite \u017eena u BiH po\u010deli su upravo u Tuzli 1893.godine sa dolaskom&hellip;<\/p>\n","protected":false},"author":1,"featured_media":16294,"parent":0,"menu_order":0,"comment_status":"closed","ping_status":"closed","template":"","meta":{"footnotes":""},"class_list":["post-440","page","type-page","status-publish","has-post-thumbnail","hentry","description-off"],"_links":{"self":[{"href":"https:\/\/www.ukctuzla.ba\/ukctuzla\/index.php?rest_route=\/wp\/v2\/pages\/440","targetHints":{"allow":["GET"]}}],"collection":[{"href":"https:\/\/www.ukctuzla.ba\/ukctuzla\/index.php?rest_route=\/wp\/v2\/pages"}],"about":[{"href":"https:\/\/www.ukctuzla.ba\/ukctuzla\/index.php?rest_route=\/wp\/v2\/types\/page"}],"author":[{"embeddable":true,"href":"https:\/\/www.ukctuzla.ba\/ukctuzla\/index.php?rest_route=\/wp\/v2\/users\/1"}],"replies":[{"embeddable":true,"href":"https:\/\/www.ukctuzla.ba\/ukctuzla\/index.php?rest_route=%2Fwp%2Fv2%2Fcomments&post=440"}],"version-history":[{"count":27,"href":"https:\/\/www.ukctuzla.ba\/ukctuzla\/index.php?rest_route=\/wp\/v2\/pages\/440\/revisions"}],"predecessor-version":[{"id":18176,"href":"https:\/\/www.ukctuzla.ba\/ukctuzla\/index.php?rest_route=\/wp\/v2\/pages\/440\/revisions\/18176"}],"wp:featuredmedia":[{"embeddable":true,"href":"https:\/\/www.ukctuzla.ba\/ukctuzla\/index.php?rest_route=\/wp\/v2\/media\/16294"}],"wp:attachment":[{"href":"https:\/\/www.ukctuzla.ba\/ukctuzla\/index.php?rest_route=%2Fwp%2Fv2%2Fmedia&parent=440"}],"curies":[{"name":"wp","href":"https:\/\/api.w.org\/{rel}","templated":true}]}}