{"id":447,"date":"2018-05-11T10:48:19","date_gmt":"2018-05-11T09:48:19","guid":{"rendered":"http:\/\/10.0.0.65\/ukctuzla3\/?page_id=447"},"modified":"2025-12-02T12:50:23","modified_gmt":"2025-12-02T11:50:23","slug":"djelatnost-klinike-za-djecije-bolesti","status":"publish","type":"page","link":"https:\/\/www.ukctuzla.ba\/ukctuzla\/?page_id=447&lang=bs","title":{"rendered":"DJELATNOST KLINIKE ZA DJE\u010cIJE BOLESTI"},"content":{"rendered":"<p><strong>DJELATNOSTI\u00a0 ORGANIZACIONIH\u00a0 JEDINICA<\/strong><\/p>\n<p><span style=\"color: #083045;\"><strong>POLIKLINIKA<\/strong><\/span><br \/>\nPolikliniku \u010dine: Dnevna bolnica, 14 ambulanti, 4 kabineta i 4 savjetovali\u0161ta.<br \/>\n<strong>Odgovorna medicinska sestra-tehni\u010dar Poliklinike:<\/strong> Zemina D\u017eihanovi\u0107, dipl.med.sestra<\/p>\n<p style=\"text-align: justify;\"><span style=\"color: #083045;\"><strong>Dnevna bolnica<\/strong><\/span><br \/>\nVelika pa\u017enja se poklanja psihosocijalnim aspektima boravka djece u bolnici, te je u septembru 2009.godine otvorena Dnevna bolnica kapaciteta 7 kreveta. Primarno ima za cilj pru\u017eanje kompletne zdravstvene usluge u oblasti dijagnostike i terapije za svu djecu. Formirana je s namjerom da se \u0161to ekonomi\u010dnije i br\u017ee obave dijagnosti\u010dke pretrage, bez dugog le\u017eanja. Pacijenti u dnevnu bolnicu mogu do\u0107i sa uputnicom od ljekara porodi\u010dne medicine ili op\u0161te prakse, kao i pacijenti bez uputnice koji obavljene pretrage pla\u0107aju po usvojenom cjenovniku usluga.<br \/>\nU Dnevnoj bolnici Klinike za dje\u010dije bolesti radi multidisciplinarni tim zdravstvenih profesionalaca. Princip rada zasnovan je na brzoj dijagnostici i lije\u010denju iz svih oblasti pedijatrije i u toku jednog dana mogu se izvr\u0161iti specijalisti\u010dki pregledi, ultrazvu\u010dni pregledi i kontrola uz konsultacije sa ljekarima razli\u010ditih specijalnosti i subspecijalnosti.<\/p>\n<p><span style=\"color: #083045;\"><strong>ODJELJENJA<\/strong><\/span><\/p>\n<p style=\"text-align: justify;\"><span style=\"color: #083045;\"><strong>Odjeljenje za intenzivnu terapiju<\/strong> <\/span><br \/>\n<strong>\u0160ef Odjeljenja:<\/strong> Doc.dr.med.sci. Had\u017ei\u0107 dr Devleta<br \/>\n<strong>Odgovorna medicinska sestra-tehni\u010dar Odjeljenja:<\/strong> Meliha \u0106ur\u0107i\u0107, doktor za nau\u010dno polje zdravstvene nauke<br \/>\nOdjeljenje za intenzivnu terapiju pru\u017ea visokodiferenciranu zdravstvenu za\u0161titu uz primjenu najsavremenijih dijagnosti\u010dkih i terapijskih procedura tercijarnog nivoa. Bavi se racionalnom dijagnostikom i terapijom najte\u017eih oboljenja u dje\u010dijoj dobi uklju\u010duju\u0107i prevashodno akutna, po \u017eivot ugro\u017eavaju\u0107a stanja koja zahtijevaju intenzivan nadzor, terapiju i poja\u010danu zdravstvenu njegu. U Odjeljenju za intenzivnu terapiju obezbije\u0111eni su:<\/p>\n<ul>\n<li style=\"text-align: justify;\">intenzivni nadzor i njega bolesnika,<\/li>\n<li style=\"text-align: justify;\">mehani\u010dka ventilacijska podr\u0161ka,<\/li>\n<li style=\"text-align: justify;\">plasiranje umbilikalnog katetera,<\/li>\n<li style=\"text-align: justify;\">endotrahealna primjena surfaktanta,<\/li>\n<li style=\"text-align: justify;\">eksangvinotransfuzija,<\/li>\n<li style=\"text-align: justify;\">elektrokardioverzija,<\/li>\n<li style=\"text-align: justify;\">obezbje\u0111enje centralnih venskih pristupa s hemodinamskim monitoringom,<\/li>\n<li style=\"text-align: justify;\">kontinuirani monitoring uz ultrazvu\u010dnu dijagnostiku i pra\u0107enje,<\/li>\n<li style=\"text-align: justify;\">svi oblici prehrane (parenteralna, enteralna),<\/li>\n<li style=\"text-align: justify;\">stalno prisustvo pedijatra u poro\u0111ajnoj sali,<\/li>\n<li style=\"text-align: justify;\">priprema pacijenta za operaciju i postoperativni tretman.<\/li>\n<\/ul>\n<p>&nbsp;<\/p>\n<p style=\"text-align: justify;\"><span style=\"color: #083045;\"><strong>Odjeljenje za neonatologiju<\/strong><\/span><br \/>\n<strong>\u0160ef odjeljenja:<\/strong> Prim.dr. Gordana Radoja<br \/>\n<strong>Odgovorna medicinska sestra-tehni\u010dar Odjeljenja:<\/strong> Amela \u010cikari\u0107, magistar menad\u017ementa u oblasti zdravstvene za\u0161tite<br \/>\nOdjeljenje za neonatologiju pru\u017ea dijagnosti\u010dke i terapijske usluge novoro\u0111en\u010dadi \u010dije klini\u010dko stanje zahtijeva bolni\u010dko lije\u010denje. Ranim intervencijama i timskim radom zna\u010dajno doprinosi smanjenju neonatalnog mortaliteta i trajnih o\u0161te\u0107enja. Svakom novoro\u0111en\u010detu sprovodi se prevencija hemoragi\u010dne bolesti, skrining sluha, metaboli\u010dki skrining na hipotireozu i fenilketonuriju, ultrazvu\u010dni skrining abdominalnih organa i centralnog nervnog sistema, a selektivno i skrining kukova i genetska obrada.<br \/>\nKod nedono\u0161\u010dadi niske gestacijske dobi u sezoni vr\u0161i se primjena monoklonskih antitijela (prevencija RSV infekcija), kao i primjena BCG i Hepatitis B vakcine za novoro\u0111en\u010dad koja nisu vakcinisana u drugim ustanovama. U saradnji sa dje\u010dijim kardiolozima vr\u0161i se rana detekcija uro\u0111enih sr\u010danih mana i transport u odgovaraju\u0107e ustanove radi operativnog zahvata. Odjeljenje ima blisku saradnju sa Odjeljenjem za novoro\u0111en\u010dad Klinike za ginekologiju i aku\u0161erstvo, te Odjeljenjem za intenzivnu terapiju Klinike za dje\u010dije bolesti.<br \/>\nUz dijagnostiku i lije\u010denje, Odjeljenje za neonatologiju vr\u0161i edukaciju majki.<\/p>\n<p>&nbsp;<\/p>\n<p style=\"text-align: justify;\"><span style=\"color: #083045;\"><strong>Odjeljenje za neurologiju<\/strong><\/span><br \/>\n<strong>\u0160ef odjeljenja:<\/strong> Mr.med.sci. Nevzeta Mustafi\u0107<br \/>\n<strong>Odgovorna medicinska sestra-tehni\u010dar Odjeljenja:<\/strong> Aj\u0161a Feuki\u0107, dipl.medicinar (sestra) zdravstvene njege<br \/>\nOdjeljenje za naurologiju pru\u017ea dijagnosti\u010dke i terapijske usluge pacijentima sa znacima akutne ili hroni\u010dne bolesti centralnog ili perifernog nervnog sistema. Dijagnosti\u010dka procedura elektroencefalografija se radi u budnom stanju, spavanju, serijski i nakon deprivacije spavanja. Kod refraktornih epilepsija primjenjuju se novi antiepileptici.<\/p>\n<p>&nbsp;<\/p>\n<p style=\"text-align: justify;\"><span style=\"color: #083045;\"><strong>Odjeljenje za gastroenterologiju i mlije\u010dna kuhinja<\/strong><\/span><br \/>\n<strong>\u0160ef odjeljenja:<\/strong> Prim.dr. Terzi\u0107 Selma<br \/>\n<strong>Odgovorna medicinska sestra-tehni\u010dar Odjeljenja:<\/strong> Zahida Im\u0161irovi\u0107, dipl.med.sestra zdravstvene njege<br \/>\nOdjeljenje za gastroenterologiju sa mlije\u010dnom kuhinjom pru\u017ea dijagnosti\u010dke i terapijske usluge pacijentima sa oboljenjima digestivnog trakta, sprovodi pripremu za transplantaciju jetre (kadaveri\u010dna i sa \u017eivog davaoca) i tretman u posttransplantacionom periodu. U sklopu dijagnosti\u010dke obrade dostupna je gastroezofagoduodenoskopija, koloileoskopija, rektoskopija, biopsija jetre i 24 satna ph-metrija. U Mlije\u010dnoj kuhinji se vr\u0161i priprema i distribucija mlije\u010dnih, dijetalnih i obroka po receptu za hospitalizirane pacijente.<\/p>\n<p>&nbsp;<\/p>\n<p style=\"text-align: justify;\"><span style=\"color: #083045;\"><strong>Odjeljenje za reumatologiju, alergologiju i imunologiju<\/strong><\/span><br \/>\n<strong>\u0160ef odjeljenja:<\/strong> Prof.dr.med.sci. Almira \u0106osi\u0107ki\u0107<br \/>\n<strong>Odgovorna medicinska sestra-tehni\u010dar Odjeljenja:<\/strong> Slavica Ivanov, magistar sestrinstva<br \/>\nReumatologija: Kompletna dijagnostika bolesti lokomotornog sistema i drugih autoimunih reumatskih bolesti. Kompletna terapija autoimunih bolesti prema najnovijim preporukama za lije\u010denje istih. U terapiji se apliciraju i preparati monoklonskih antitijela.<br \/>\nImunologija: Dijagnostika i lije\u010denje poreme\u0107aja imunolo\u0161kog sistema, primarnih i sekundarnih imunodeficijencija.<br \/>\nAlergologija: Dijagnostika i lije\u010denje alergijskih stanja u djece.<\/p>\n<p>&nbsp;<\/p>\n<p style=\"text-align: justify;\"><span style=\"color: #083045;\"><strong>Odjeljenje za pulmologiju i kardiologiju<\/strong><\/span><br \/>\n<strong>\u0160ef odjeljenja:<\/strong> Doc.dr.med.sc. Amela Pa\u0161i\u0107, pedijatar subspecijalista dje\u010dije pulmologije<br \/>\n<strong>Odgovorna medicinska sestra-tehni\u010dar Odjeljenja:<\/strong> Mirela Durakovi\u0107, vi\u0161a medicinska sestra<br \/>\nOdjeljenje za pulmologiju i kardiologiju pru\u017ea kompletne neinvazivne dijagnosti\u010dke i terapijske usluge djeci kod oboljenja respiratornog trakta i srca; usluge dijagnostike i lije\u010denja tuberkuloze, preoperativne pripreme i postoperatvnog pra\u0107enja pacijenata, te provo\u0111enje individualne i grupne edukacije djece oboljele od Asthme i njhovih roditelja.<\/p>\n<p>&nbsp;<\/p>\n<p style=\"text-align: justify;\"><span style=\"color: #083045;\"><strong>Odjeljenje za hematologiju i onkologiju<\/strong><\/span><br \/>\n<strong>\u0160ef odjeljenja: <\/strong><br \/>\n<strong>Odgovorna medicinska sestra-tehni\u010dar Odjeljenja:<\/strong><br \/>\nHematologija: pru\u017ea usluge dijagnostike i lije\u010denja bolesti eritrocita, leukocita, trombocita, hemostaze, limfadenopatija i slezene. U sklopu navedenih oboljenja sprovodi se: biohemijska, mikrobiolo\u0161ka, imunolo\u0161ka, radiolo\u0161ka i ultrazvu\u010dna obrada.<br \/>\nOnkologija: Dijagnostika malignih bolesti (analiza perifernog razmaza krvi, aspiraciona punkcija ko\u0161tane sr\u017ei, biopsija kosti u saradnji s internistima hematolozima, biopsija limfnog \u010dvora i tumora u saradnji s hirurzima). Odjeljenje pru\u017ea i usluge tretmana nakon transplantacije ko\u0161tane sr\u017ei i citostatske terapije i provodi tretman onkolo\u0161kih pacijenata u terminalnoj fazi bolesti.<\/p>\n<p>&nbsp;<\/p>\n<p><span style=\"color: #083045;\"><strong>Odjeljenje za nefrologiju<\/strong><\/span><br \/>\n<strong>\u0160ef odjeljenja:<\/strong> Prof.dr.med.sci.Evlijana Zuli\u0107<br \/>\n<strong>Odgovorna medicinska sestra-tehni\u010dar Odjeljenja:<\/strong> Memi\u0107 Ramiza, dipl.med.sestra<br \/>\nOdjeljenje za nefrologiju pru\u017ea usluge dijagnostike i lije\u010denja pacijentima sa akutnim i hroni\u010dnim bolestima bubrega i urinarnog trakta. U saradnji sa Klinikom za interne bolesti rade se procedure: biopsija bubrega, peritonealna dijaliza i hemodijaliza.<\/p>\n<p>&nbsp;<\/p>\n<p style=\"text-align: justify;\"><span style=\"color: #083045;\"><strong>Odjeljenje za endokrinologiju, bolesti metabolizma i genetiku<\/strong><\/span><br \/>\n<strong>\u0160ef odjeljenja:<\/strong> Prof.dr.med.sci. Alma Toromanovi\u0107<br \/>\n<strong>Odgovorna medicinska sestra-tehni\u010dar Odjeljenja:<\/strong> Aida \u010ca\u010dkovi\u0107, magistar sestrinstva med.sestra tehni\u010dar<br \/>\nOdjeljenje za endokrinologiju, bolesti metabolizma i genetiku obezbje\u0111uje ispitivanje, lije\u010denje i pra\u0107enje djece do navr\u0161enih 15 godina sa svim vrastama endokrinih oboljenja, poreme\u0107aja somatskog rasta i razvoja, uro\u0111enih bolesti metabolizma ugljenih hidrata, aminokiselina, organskih kiselina, urea ciklusa, poreme\u0107aja oksidacije masti; klini\u010dku dijagnostiku hromozomskih aberacija i genetskih sindroma; neonatalni skrining na fenilketonuriju, kongenitalnu hipotireozu i kongenitalnu adrenalnu hiperplaziju; zbrinjavanje djece sa akutnim trovanjima.<\/p>\n<p>&nbsp;<\/p>\n<p style=\"text-align: justify;\"><span style=\"color: #083045;\"><strong>Odjeljenje za dje\u010diju hirurgiju<\/strong><\/span><br \/>\n<strong>\u0160ef odjeljenja:<\/strong> Dr.med.sci.Amir Halilba\u0161i\u0107<br \/>\n<strong>Odgovorna medicinska sestra-tehni\u010dar Odjeljenja:<\/strong> Tatjana Praljak, magistar sestrinstva dipl.med.sestra<br \/>\nOdjeljenje za dje\u010diju hirurgiju pru\u017ea \u0161irok spektar usluga iz oblasti dje\u010dije hirurgije \u0161to uklju\u010duje hirur\u0161ke procedure u pedijatrijskoj urologiji (uro\u0111ene ili ste\u010dene bolesti bubrega, mokra\u0107nih kanala i spolovila), hirur\u0161ki tretman tumora, zatim hirur\u0161ki tretman opekotina i povreda. U novoro\u0111ena\u010dkoj hirurgiji, kao i u hirurgiji uro\u0111enih deformiteta grudnog ko\u0161a izvodimo hirur\u0161ke zahvate u svjetlu svjetskih spoznaja i znanja ste\u010denog na usavr\u0161avanjima u inostranstvu. Veliki broj pacijenata se hirur\u0161ki tretira i radi ste\u010denih bolesti trbu\u0161nih organa i grudnog ko\u0161a.<br \/>\nU sklopu Klinike za dje\u010dije bolesti nalazi se Laboratorij za otkrivanje uro\u0111enih metaboli\u010dkih bolesti i edukacijsko &#8211; rehabilitacijski kabinet.<\/p>\n<p>&nbsp;<\/p>\n<p><strong>Knjige i ud\u017ebenici u \u010dijem pisanju su u\u010destvovali uposlenici Klinike<\/strong><\/p>\n<ul>\n<li>Tahirovi\u0107 H., \u0160e\u0107erna bolest dje\u010dije i adolescentne dobi. Tuzla: Univerzitet u Tuzli; 2004.<\/li>\n<li>Tahirovi\u0107 H., Klini\u010dka toksikologija u pedijatriji. Tuzla: Univerzitet u Tuzli; 2002.<\/li>\n<li>Skoki\u0107 F., Postala sam majka. Tuzla: Printcom; 2003.<\/li>\n<li>Skoki\u0107 F., Priru\u010dnik iz neonatologije i perinatologije. Tuzla: Printcom; 2005.\u00b8<\/li>\n<li>Skoki\u0107 F. i saradnici, Zadravstvena njega u pedijatriji. Banja Luka, 2010. Ud\u017ebenik za studente Visoke\u00a0 zdravstvene \u0161kole\u00a0 na Apeiron Banja Luka.<\/li>\n<li>Mladina N., Va\u0161e dijete u prvoj godini zivota, HUG \u201eZemlja\u00a0 djece\u201c, Tuzla 2004.<\/li>\n<li>Mladina N., i saradnici, Za\u0161tita razvojnog doba, Bosanska rije\u010d, Tuzla, 2004.<\/li>\n<li>\u010coli\u0107-Had\u017ei\u0107 B., Juvenilni ankilozantni spondilitis. U: Ankilozantni spondilitis. Kapid\u017ei\u0107-Ba\u0161i\u0107 N i suradnici, \u201cOFF-SET\u201d \u0160tamparija, Tuzla, 2009; (163-179).<\/li>\n<li>\u0106osi\u0107ki\u0107 A., Bolesti respiratornog sistema i tuberkuloza. U: Zdravstvena njega u pedijatriji.\u00a0\u00a0 Skoki\u0107 F i saradnici, Medicinske bazi\u010dne nauke Banja Luka, 2010;\u00a0 (118-145).<\/li>\n<li>Hasanhod\u017ei\u0107 M., Down sindrom. Sarajevo: Udru\u017eenje \u201e\u017divot s Down syndromom\u201c; 2009.<\/li>\n<li>Begi\u0107 H., Digoxin. U: Klini\u010dka toksikologija u pedijatriji, Husref F. Tahirovi\u0107 i saradnici. Univerzitet u Tuzli, Medicinski fakultet. 2002;91-97.<\/li>\n<li>Begi\u0107 H., Mladina N., Dijete sa hroni\u010dnim oboljenjem srca. U: Za\u0161tita razvojnog doba, Mladina N. i suradnici, Tuzla: Bosanska rije\u010d; 2004;469-476.<\/li>\n<li>Begi\u0107 H., Prekordijalni\u00a0 bol u djece i adolescenata. U: Stabilna angina pectoris, Kulic M. i saradnici., Institut za nau\u010dnoistra\u017eiva\u010dki rad i razvoj KCUS, Sarajevo 2009; 263-273.<\/li>\n<li>Osman\u010devi\u0107 L. i saradnici, Celijakija bolest djece i odraslih, Tuzla 2009. \u2013 edukativna skripta<\/li>\n<li>Kalesi\u0107 \u2013 Mustafi\u0107 N., Mladina N., Konvulzije u dje\u010dijoj dobi i epilepsija U: Za\u0161tita razvojnog doba. Mladina N. i suradnici, Tuzla: Bosanska rije\u010d; 2004. str. 389-399.<\/li>\n<li>Softi\u0107 I.,Tahirovi\u0107 H., Ati\u0107 N., Otrovanja u novoro\u0111en\u010dadi U: Klini\u010dka toksikologija u pedijatriji. Ed: Tahirovi\u0107 H. i sar. Univerzitet u Tuzli, Medicinski fakultet 2002:395-417.<\/li>\n<li>Softi\u0107 I.,Upute za njegu novoro\u0111en\u010deta kod ku\u0107e, UKC Tuzla, 2000.<\/li>\n<li>Halilba\u0161i\u0107 A., Zdravstvena njega u pedijatriji, Autor Fahrija Skoki\u0107 i saradnici, Banja Luka, 2010.<\/li>\n<li>\u0160iljegovi\u0107 R., Menad\u017ement u sestrinstvu U: Infektologija i zdravstvena njega infektivnih bolesnika, Sead Ahmetagi\u0107 i saradnici, Tuzla, 2010. str. 335-343.<\/li>\n<li>Had\u017ei\u0107 Devleta, Hitna stanja u pedijatriji. Toj\u0161i\u0107i: C.P.A.,2016. &#8211; univerzitetski ud\u017ebenik<\/li>\n<\/ul>\n<p>&nbsp;<\/p>\n","protected":false},"excerpt":{"rendered":"<p>DJELATNOSTI\u00a0 ORGANIZACIONIH\u00a0 JEDINICA POLIKLINIKA Polikliniku \u010dine: Dnevna bolnica, 14 ambulanti, 4 kabineta i 4 savjetovali\u0161ta. Odgovorna medicinska sestra-tehni\u010dar Poliklinike: Zemina D\u017eihanovi\u0107, dipl.med.sestra Dnevna bolnica Velika pa\u017enja se poklanja psihosocijalnim aspektima boravka djece u bolnici, te je u septembru 2009.godine otvorena Dnevna bolnica kapaciteta 7 kreveta. Primarno ima za cilj pru\u017eanje kompletne zdravstvene usluge u oblasti&hellip;<\/p>\n","protected":false},"author":1,"featured_media":16294,"parent":0,"menu_order":0,"comment_status":"closed","ping_status":"closed","template":"","meta":{"footnotes":""},"class_list":["post-447","page","type-page","status-publish","has-post-thumbnail","hentry","description-off"],"_links":{"self":[{"href":"https:\/\/www.ukctuzla.ba\/ukctuzla\/index.php?rest_route=\/wp\/v2\/pages\/447","targetHints":{"allow":["GET"]}}],"collection":[{"href":"https:\/\/www.ukctuzla.ba\/ukctuzla\/index.php?rest_route=\/wp\/v2\/pages"}],"about":[{"href":"https:\/\/www.ukctuzla.ba\/ukctuzla\/index.php?rest_route=\/wp\/v2\/types\/page"}],"author":[{"embeddable":true,"href":"https:\/\/www.ukctuzla.ba\/ukctuzla\/index.php?rest_route=\/wp\/v2\/users\/1"}],"replies":[{"embeddable":true,"href":"https:\/\/www.ukctuzla.ba\/ukctuzla\/index.php?rest_route=%2Fwp%2Fv2%2Fcomments&post=447"}],"version-history":[{"count":19,"href":"https:\/\/www.ukctuzla.ba\/ukctuzla\/index.php?rest_route=\/wp\/v2\/pages\/447\/revisions"}],"predecessor-version":[{"id":20097,"href":"https:\/\/www.ukctuzla.ba\/ukctuzla\/index.php?rest_route=\/wp\/v2\/pages\/447\/revisions\/20097"}],"wp:featuredmedia":[{"embeddable":true,"href":"https:\/\/www.ukctuzla.ba\/ukctuzla\/index.php?rest_route=\/wp\/v2\/media\/16294"}],"wp:attachment":[{"href":"https:\/\/www.ukctuzla.ba\/ukctuzla\/index.php?rest_route=%2Fwp%2Fv2%2Fmedia&parent=447"}],"curies":[{"name":"wp","href":"https:\/\/api.w.org\/{rel}","templated":true}]}}