{"id":448,"date":"2021-01-13T08:48:53","date_gmt":"2021-01-13T07:48:53","guid":{"rendered":"http:\/\/10.0.0.65\/ukctuzla3\/?page_id=448"},"modified":"2025-12-02T12:48:30","modified_gmt":"2025-12-02T11:48:30","slug":"klinika-za-djecije-bolesti","status":"publish","type":"page","link":"https:\/\/www.ukctuzla.ba\/ukctuzla\/?page_id=448&lang=bs","title":{"rendered":"KLINIKA ZA DJE\u010cIJE BOLESTI"},"content":{"rendered":"<div style=\"text-align: justify;\">\n<p><strong>Na\u010delnik:<\/strong> Prof.dr.med.sc. Lejla Osmna\u010devi\u0107<br \/>\n<strong>Glavni medicinski tehni\u010dar:<\/strong> Slavica Ivanov mr. sestrinstva<br \/>\n<strong>Poslovi pobolj\u0161anja kvaliteta i edukacija:<\/strong> Indira \u0110apo, dipl.med.sestra<br \/>\n<strong>Sekretar:<\/strong> Said Smajlovi\u0107<br \/>\n<strong>Kontakt:<\/strong> 00387 35 303 702<br \/>\ne-mail: info@ukctuzla.ba<\/p>\n<p><strong>DJELATNOST KLINIKE:<\/strong><\/p>\n<p style=\"text-align: justify;\">Osnovna djelatnost je bolni\u010dko lije\u010denje pacijenata na nivou sekundarne i tercijarne zdravstvene za\u0161tite kroz dijagnostiku, tretman, operativno lije\u010denje i njegu pacijenata, kao i edukaciju kadrova. Svakodnevna djelatnost radnika u Klinici je rad na prevenciji oboljenja u dje\u010dijoj dobi kroz promociju dojenja, ishrane, promociju zdravih \u017eivotnih navika, savjetovali\u0161te za dijabetes, astma \u0161kolu i primjenu monoklonskih antitijela. U preventivnoj djelatnosti posebno mjesto zauzima Laboratorij za rano otkrivanje uro\u0111enih metaboli\u010dkih bolesti, kao dijagnosti\u010dki centar Federacije BiH.<br \/>\nKlinika za dje\u010dije bolesti je nastavna baza Medicinskog fakulteta, Edukacijsko-rehabilitacijskog fakulteta i Visoke zdravstvene \u0161kole Univerziteta u Tuzli, te nudi znanje i izvo\u0111enje prakti\u010dne nastave za studente Medicinskog fakulteta, Visoke zdravstvene \u0161kole i u\u010denike srednje Medicinske \u0161kole. Vr\u0161i se obuka pripravnika sa zavr\u0161enim Medicinskim fakultetom, Edukacijsko-rehabilitacijskim fakultetom, te Visokom zdravstvenom, vi\u0161om i srednjom medicinskom \u0161kolom, kao i specijalizacije iz odre\u0111enih medicinskih disciplina.<\/p>\n<p><span style=\"color: #0a3869;\"><strong>ORGANIZACIONA STRUKTURA:<\/strong><\/span><\/p>\n<p><strong>PEDIJATRIJSKA POLIKLINIKA SA DNEVNOM BOLNICOM<\/strong><\/p>\n<p>&nbsp;<\/p>\n<p><strong>AMBULANTE:<\/strong><\/p>\n<ul>\n<li>Prijemna ambulanta sa dnevnom bolnicom<\/li>\n<li>Ambulanta za dje\u010diju hirurgiju<\/li>\n<li>Ambulanta za endokrinologiju i bolesti metabolizma<\/li>\n<li>Ambulanta za gastroenterologiju<\/li>\n<li>Ambulanta za hematologiju<\/li>\n<li>Ambulanta za kardiologiju<\/li>\n<li>Ambulanta za medicinsku genetiku<\/li>\n<li>Ambulanta za nefrologiju<\/li>\n<li>Ambulanta za neonatologiju<\/li>\n<li>Ambulanta za neurologiju<\/li>\n<li>Ambulanta za onkologiju<\/li>\n<li>Ambulanta za pulmologiju<\/li>\n<li>Ambulanta za reumatologiju, imunologiju i alergologiju<\/li>\n<li>Ambulanta za rani rast i razvoj<\/li>\n<\/ul>\n<p><span style=\"color: #800000;\"><strong>BROJEVI TELEFONA ZA NARU\u010cIVANJE U AMBULANTAMA KLINIKE ZA DJE\u010cIJE BOLESTI<\/strong><\/span><br \/>\n<strong>NEFROLO\u0160KA AMBULANTA\u00a0<\/strong> <strong>035\/303-706 OD 14-14 i 30<\/strong><br \/>\n<strong>NEONATOLO\u0160KA AMBULANTA I UZ MOZGA\u00a0<\/strong> <strong>035\/303-706 OD 14 i 30-15<\/strong><br \/>\n<strong>UZ ABDOMENA\u00a0<\/strong> <strong>035\/303-706 OD 14 i 30-15<\/strong><br \/>\n<strong>ALERGOLO\u0160KA AMBULANTA\u00a0<\/strong> <strong>035\/303-706 OD 14 i 30-15<\/strong><br \/>\n<strong>ALERGENI\u00a0 035\/303-706 OD 14-14 i 30<\/strong><br \/>\n<strong>PULMOLO\u0160KA AMBULANTA\u00a0 035\/303-708 OD 13-13 i 30<\/strong><br \/>\n<strong>KARDIOLO\u0160KA AMBULANTA\u00a0 035\/303-708 OD 15-15 i 30<\/strong><br \/>\n<strong>ENDOKRINOLO\u0160KA AMBULANTA\u00a0 035\/303-709 OD 14-14 i 30h<\/strong><br \/>\n<strong>NEUROLO\u0160KA AMBULANTA\u00a0 035\/303-709 OD 14-14 i 30<\/strong><br \/>\n<strong>HEMATOLO\u0160KA I ONKOLO\u0160KA AMBULANTA 035\/303-709 OD 14 i 30-15h<\/strong><br \/>\n<strong>GASTROENTEROLO\u0160KA AMBULANTA\u00a0 035\/303-709 OD14 i 30-15<\/strong><br \/>\n<strong>HIRUR\u0160KA AMBULANTA\u00a0 035\/303-415 OD 12-13h<\/strong><br \/>\n<strong>AMBULANTA ZA GENETIKU\u00a0 035\/303-709 OD 14 i 30-15h<br \/>\n<\/strong><\/p>\n<p><strong>U slu\u010daju da niste u mogu\u0107nosti dobiti navedene lokale zbog preoptere\u0107enja centrale , molimo Vas da kontaktirate sekretara klinike na broj 035\/303-702<\/strong><\/p>\n<p><strong>SAVJETOVALI\u0160TA:<\/strong><\/p>\n<ul>\n<li>Savjetovali\u0161te za promociju dojenja<\/li>\n<li>Savjetovali\u0161te za dijabetes<\/li>\n<li>Savjetovali\u0161te za ishranu<\/li>\n<li>Savjetovali\u0161te za astmu<\/li>\n<\/ul>\n<p>&nbsp;<\/p>\n<p><strong>KABINETI:<\/strong><\/p>\n<ul>\n<li>Kabinet za UZ (UZ abdomena, urotrakta, srca, \u0161titnja\u010de, mozga)<\/li>\n<li>Kabinet za EEG<\/li>\n<li>Kabinet za endoskopiju<\/li>\n<li>Respiratorni kabinet<\/li>\n<\/ul>\n<p>&nbsp;<\/p>\n<p><strong>ODJELJENJA<\/strong><\/p>\n<ul>\n<li>Odjeljenje za intenzivnu terapiju i njegu<\/li>\n<li>Odjeljenje za poluintenzivnu njegu<\/li>\n<li>Odjeljenje za dje\u010diju hirurgiju<\/li>\n<li>Odjeljenje za endokrinologiju, bolesti metabolizma i genetiku<\/li>\n<li>Odjeljenje za gastroenterologiju i mlije\u010dna kuhinja<\/li>\n<li>Odjeljenje za hematologiju i onkologiju<\/li>\n<li>Odjeljenje za neonatologiju<\/li>\n<li>Odjeljenje za neurologiju<\/li>\n<li>Odjeljenje za nefrologiju<\/li>\n<li>Odjeljenje za reumatologiju, alergologiju i imunologiju<\/li>\n<li>Odjeljenje za pulmologiju i kardiologiju<\/li>\n<\/ul>\n<p><strong>OPERACIONI BLOK<\/strong><\/p>\n<p>&nbsp;<\/p>\n<p><strong>KADROVI<\/strong><\/p>\n<p>Klinika za dje\u010dije bolesti ima 123 radnika od \u010dega:<\/p>\n<ul>\n<li>20 ljekara subspecijalista<\/li>\n<li>2 ljekara specijalista<\/li>\n<li>9 ljekara na specijalizaciji<\/li>\n<li>3 doktora medicine<\/li>\n<li>21 medicinskih sestara-tehni\u010dara sa visokom zdravstvenom \u0161kolom<\/li>\n<li>2 medicinske sestare-tehni\u010dara sa vi\u0161om zdravstvenom \u0161kolom<\/li>\n<li>59 medicinskih sestara-tehni\u010dara sa srednjom medicinskom \u0161kolom<\/li>\n<li>3 saradnika iz oblasti zdravstva<\/li>\n<li>3 nemedicinski radnik<\/li>\n<\/ul>\n<\/div>\n<div style=\"text-align: justify;\"><\/div>\n<p>&nbsp;<\/p>\n<div style=\"text-align: center;\"><a href=\"https:\/\/www.ukctuzla.ba\/ukctuzla\/?page_id=447\" target=\"_blank\" rel=\"noopener\">Vi\u0161e<\/a><\/div>\n","protected":false},"excerpt":{"rendered":"<p>Na\u010delnik: Prof.dr.med.sc. Lejla Osmna\u010devi\u0107 Glavni medicinski tehni\u010dar: Slavica Ivanov mr. sestrinstva Poslovi pobolj\u0161anja kvaliteta i edukacija: Indira \u0110apo, dipl.med.sestra Sekretar: Said Smajlovi\u0107 Kontakt: 00387 35 303 702 e-mail: info@ukctuzla.ba DJELATNOST KLINIKE: Osnovna djelatnost je bolni\u010dko lije\u010denje pacijenata na nivou sekundarne i tercijarne zdravstvene za\u0161tite kroz dijagnostiku, tretman, operativno lije\u010denje i njegu pacijenata, kao i edukaciju&hellip;<\/p>\n","protected":false},"author":1,"featured_media":16294,"parent":0,"menu_order":0,"comment_status":"closed","ping_status":"closed","template":"","meta":{"footnotes":""},"class_list":["post-448","page","type-page","status-publish","has-post-thumbnail","hentry","description-off"],"_links":{"self":[{"href":"https:\/\/www.ukctuzla.ba\/ukctuzla\/index.php?rest_route=\/wp\/v2\/pages\/448","targetHints":{"allow":["GET"]}}],"collection":[{"href":"https:\/\/www.ukctuzla.ba\/ukctuzla\/index.php?rest_route=\/wp\/v2\/pages"}],"about":[{"href":"https:\/\/www.ukctuzla.ba\/ukctuzla\/index.php?rest_route=\/wp\/v2\/types\/page"}],"author":[{"embeddable":true,"href":"https:\/\/www.ukctuzla.ba\/ukctuzla\/index.php?rest_route=\/wp\/v2\/users\/1"}],"replies":[{"embeddable":true,"href":"https:\/\/www.ukctuzla.ba\/ukctuzla\/index.php?rest_route=%2Fwp%2Fv2%2Fcomments&post=448"}],"version-history":[{"count":43,"href":"https:\/\/www.ukctuzla.ba\/ukctuzla\/index.php?rest_route=\/wp\/v2\/pages\/448\/revisions"}],"predecessor-version":[{"id":20096,"href":"https:\/\/www.ukctuzla.ba\/ukctuzla\/index.php?rest_route=\/wp\/v2\/pages\/448\/revisions\/20096"}],"wp:featuredmedia":[{"embeddable":true,"href":"https:\/\/www.ukctuzla.ba\/ukctuzla\/index.php?rest_route=\/wp\/v2\/media\/16294"}],"wp:attachment":[{"href":"https:\/\/www.ukctuzla.ba\/ukctuzla\/index.php?rest_route=%2Fwp%2Fv2%2Fmedia&parent=448"}],"curies":[{"name":"wp","href":"https:\/\/api.w.org\/{rel}","templated":true}]}}