{"id":4505,"date":"2022-11-18T08:26:16","date_gmt":"2022-11-18T07:26:16","guid":{"rendered":"http:\/\/www.ukctuzla.ba\/ukctuzla\/?page_id=4505"},"modified":"2025-12-29T14:52:10","modified_gmt":"2025-12-29T13:52:10","slug":"sluzba-za-medicinsku-fiziku-i-zastitu-od-zracenja","status":"publish","type":"page","link":"https:\/\/www.ukctuzla.ba\/ukctuzla\/?page_id=4505&lang=bs","title":{"rendered":"SLU\u017dBA ZA MEDICINSKU FIZIKU I ZA\u0160TITU OD ZRA\u010cENJA"},"content":{"rendered":"<p><strong>VD \u0160efa Slu\u017ebe: <\/strong>Melika Damad\u017ei\u0107, magistar fizike<br \/>\nEkspert za za\u0161titu od zra\u010denja u medicinskoj djelatnosti<\/p>\n<p><strong>Kontakt:<\/strong><br \/>\ne-mail: info@ukctuzla.ba<br \/>\ntel.:00387 35 303 491, 303 492<\/p>\n<p style=\"text-align: justify;\">Slu\u017eba za medicinsku fiziku i za\u0161titu od zra\u010denja je osnovana s ciljem da se objedine poslovi vezani za medicinsku fiziku i za\u0161titu od joniziraju\u0107ih zra\u010denja u UKC-u,<br \/>\nS obzirom da pokriva sve medicinske djelatnosti (hirur\u0161ke, internisti\u010dke i dijagnosti\u010dke), konstituisana je kao zasebna organizaciona jedinica, a smje\u0161tena je na Odjeljenju za radioterapiju.<\/p>\n<p>Slu\u017eba je po\u010dela s radom 01.07.2013. godine, a trenutno je \u010dine 7 medicinskih fizi\u010dara, od kojih su tri magistra nauka, dva bachelora primijenjene fizike, jedan diplomirani fizi\u010dar, i jedan prof.fizike<\/p>\n<p>Opis poslova<\/p>\n<ul>\n<li style=\"text-align: justify;\">Slu\u017eba u\u010destvuje u izradi programa osiguranja kvaliteta za sve djelatnosti koje uklju\u010duju ure\u0111aje koji proizvode ili koriste joniziraju\u0107e zra\u010denje, te je odgovorna za provo\u0111enje dijela programa koji se odnosi na kontrolu kvaliteta za pomenute ure\u0111aje.<\/li>\n<li style=\"text-align: justify;\">Slu\u017eba u\u010destvuje u planiranju radioterapije (odgovorna je za izradu plana radioterapijskog tretmana), obavlja kalibraciju radioterapijskih ure\u0111aja, te prora\u010dunava doze za pacijente u di-jagnosti\u010dkoj i interventnoj radiologiji i nuklearnoj medicini.<\/li>\n<li>U\u010destvuje u pripremi Programa za za\u0161titu od zra\u010denja za Klini\u010dki centar \u0161to uklju\u010duje i izradu Priru\u010dnika za za\u0161titu od joniziraju\u0107ih zra\u010denja za UKC.<\/li>\n<li>Odgovorna je za za\u0161titu od joniziraju\u0107ih zra\u010denja i radijacionu sigurnost u UKC-u, uklju\u010duju\u0107i i edukaciju iz te oblasti.<\/li>\n<li>Uposlenici Slu\u017ebe su kao autori ili koautori objavili zna\u010dajan broj nau\u010dnoistra\u017eiva\u010dkih radova.<\/li>\n<\/ul>\n<p>&nbsp;<\/p>\n<p>&nbsp;<\/p>\n<p>&nbsp;<\/p>\n","protected":false},"excerpt":{"rendered":"<p>VD \u0160efa Slu\u017ebe: Melika Damad\u017ei\u0107, magistar fizike Ekspert za za\u0161titu od zra\u010denja u medicinskoj djelatnosti Kontakt: e-mail: info@ukctuzla.ba tel.:00387 35 303 491, 303 492 Slu\u017eba za medicinsku fiziku i za\u0161titu od zra\u010denja je osnovana s ciljem da se objedine poslovi vezani za medicinsku fiziku i za\u0161titu od joniziraju\u0107ih zra\u010denja u UKC-u, S obzirom da pokriva&hellip;<\/p>\n","protected":false},"author":2,"featured_media":16294,"parent":0,"menu_order":0,"comment_status":"closed","ping_status":"closed","template":"","meta":{"footnotes":""},"class_list":["post-4505","page","type-page","status-publish","has-post-thumbnail","hentry","description-off"],"_links":{"self":[{"href":"https:\/\/www.ukctuzla.ba\/ukctuzla\/index.php?rest_route=\/wp\/v2\/pages\/4505","targetHints":{"allow":["GET"]}}],"collection":[{"href":"https:\/\/www.ukctuzla.ba\/ukctuzla\/index.php?rest_route=\/wp\/v2\/pages"}],"about":[{"href":"https:\/\/www.ukctuzla.ba\/ukctuzla\/index.php?rest_route=\/wp\/v2\/types\/page"}],"author":[{"embeddable":true,"href":"https:\/\/www.ukctuzla.ba\/ukctuzla\/index.php?rest_route=\/wp\/v2\/users\/2"}],"replies":[{"embeddable":true,"href":"https:\/\/www.ukctuzla.ba\/ukctuzla\/index.php?rest_route=%2Fwp%2Fv2%2Fcomments&post=4505"}],"version-history":[{"count":12,"href":"https:\/\/www.ukctuzla.ba\/ukctuzla\/index.php?rest_route=\/wp\/v2\/pages\/4505\/revisions"}],"predecessor-version":[{"id":20343,"href":"https:\/\/www.ukctuzla.ba\/ukctuzla\/index.php?rest_route=\/wp\/v2\/pages\/4505\/revisions\/20343"}],"wp:featuredmedia":[{"embeddable":true,"href":"https:\/\/www.ukctuzla.ba\/ukctuzla\/index.php?rest_route=\/wp\/v2\/media\/16294"}],"wp:attachment":[{"href":"https:\/\/www.ukctuzla.ba\/ukctuzla\/index.php?rest_route=%2Fwp%2Fv2%2Fmedia&parent=4505"}],"curies":[{"name":"wp","href":"https:\/\/api.w.org\/{rel}","templated":true}]}}