{"id":461,"date":"2023-02-03T07:44:11","date_gmt":"2023-02-03T06:44:11","guid":{"rendered":"http:\/\/10.0.0.65\/ukctuzla3\/?page_id=461"},"modified":"2025-08-28T14:28:27","modified_gmt":"2025-08-28T13:28:27","slug":"klinika-za-zarazne-bolesti","status":"publish","type":"page","link":"https:\/\/www.ukctuzla.ba\/ukctuzla\/?page_id=461&lang=bs","title":{"rendered":"KLINIKA ZA ZARAZNE BOLESTI"},"content":{"rendered":"<p><strong>V.D. Na\u010delnik:<\/strong> Prof.dr.med.sc. Rahima Jahi\u0107, specijalista infektolog<br \/>\n<strong>Glavna medicinska sestra:<\/strong> Samira Dervi\u0161evi\u0107, bachelor sestrinstva<br \/>\n<strong>Poslovi pobolj\u0161anja kvaliteta i edukacija:<\/strong> MA zdravstvene njege i menad\u017ementa Raza Smaji\u0107<br \/>\n<strong>Sekretar:<\/strong> Refija Po\u017eegi\u0107, tehni\u010dki sekretar<br \/>\n<strong>Kontakt telefon:<\/strong>++387 35 303 141; ++387 35 303 170, ++387 35 303 338, ++387 35 303 326<br \/>\n<strong>e-mail:<\/strong> info@ukctuzla.ba<br \/>\n<strong>Prijemna ambulanta:<\/strong> ++387 35 303 321<br \/>\n<strong>Specijalisti\u010dka ambulanta:<\/strong> ++387 35 303 324<br \/>\n<strong>Kabinet za HIV\/AIDS i druga imunodeficijentna stanja sa savjetovali\u0161tem:<\/strong> ++387 35 303 324<br \/>\n<strong>Kabinet za hepatitise i prevenciju krvlju prenosivih infekcija:<\/strong> ++387 35 303 332<br \/>\n<strong>Dnevna bolnica:<\/strong> ++387 35 303 321<br \/>\n<strong>Odjeljenja:<\/strong> ++387 35 303 323, 303 334<br \/>\n<strong>Ljekari:<\/strong> ++387 35 303 327, 303 333<\/p>\n<p style=\"text-align: justify;\"><strong>DJELATNOST KLINIKE:<\/strong><br \/>\nOsnovna djelatnost Klinike je stru\u010dna, nau\u010dna i edukacijska iz oblasti zaraznih oboljenja.<br \/>\nU Klinici se obavlja pregled, prijem, dijagnostika i terapija zaraznih bolesti u okviru ambulantno poliklini\u010dkih, (uklju\u010duju\u0107i kabinetski i rad u savjetovali\u0161tima), hospitalnih, te konzilijarno \u2013 konsultativnih slu\u017ebi.<br \/>\nU okviru djelatnosti Klinike za zarazne bolesti vr\u0161i se dijagnostika i lije\u010denje pacijenata oboljelih od zaraznih oboljenja uklju\u010duju\u0107i:<\/p>\n<ul>\n<li style=\"text-align: justify;\">Tretman pacijenata sa infekcijama CNS-a<\/li>\n<li style=\"text-align: justify;\">Tretman pacijenata sa akutnim respiratornim infekcijama gornjeg disajnog sistema<\/li>\n<li style=\"text-align: justify;\">Tretman pacijenata sa HIV\/AIDS-om<\/li>\n<li style=\"text-align: justify;\">Tretman pacijenata oboljelih od virusnih hepatitisa<\/li>\n<li style=\"text-align: justify;\">Tretman pacijenata sa akutnim infekcijama urinarnog trakta<\/li>\n<li style=\"text-align: justify;\">Tretman pacijenata sa nejasnim febrilnim stanjem<\/li>\n<li style=\"text-align: justify;\">Tretman pacijenata oboljelih od akutnih crijevnih infekcija<\/li>\n<li style=\"text-align: justify;\">Tretman pacijenata oboljelih od osipnih groznica<\/li>\n<li style=\"text-align: justify;\">Tretman pacijenata oboljelih od zoonoza<\/li>\n<li style=\"text-align: justify;\">Tretman pacijenata sa ugrizom zmije<\/li>\n<li style=\"text-align: justify;\">Tretman pacijenata sa trovanjem gljivama<\/li>\n<li style=\"text-align: justify;\">Pregledi i savjeti trudnica koje su oboljele od zarazne bolesti<\/li>\n<li style=\"text-align: justify;\">Skrining na B, C hepatitis i AIDS<\/li>\n<li style=\"text-align: justify;\">Vakcinacija protiv hepatitisa B radnika Ustanove<\/li>\n<\/ul>\n<p>&nbsp;<\/p>\n<p><span style=\"color: #0c2b45;\"><strong>ORGANIZACIONA STRUKTURA<\/strong><\/span><br \/>\n<span style=\"color: #0c2b45;\"><strong>POLIKLINIKA ZA ZARAZNE BOLESTI<\/strong><\/span><\/p>\n<p><span style=\"color: #0c2b45;\"><strong>Prijemno-trija\u017ena ambulanta<\/strong><\/span><br \/>\n<strong>Odgovorna sestra: <\/strong>Sanela Kari\u0107, dipl. med. sestra zdravstvene njege<br \/>\nU Prijemno-trija\u017enoj ambulatni vr\u0161i se pregled, prijem i obrada pacijenata.<br \/>\nRadno vrijeme Prijemne ambulante je 24 sata.<br \/>\nRedovno radno vrijeme ljekara u Prijemno-trija\u017enoj ambulanti je od 08:00 do 14:00 sati<br \/>\nDe\u017eurstva: radnim danom od 14:00 do 08:00 sati.<br \/>\nRadno vrijeme vikendima i praznicima je u okviru de\u017eurstva 24 sata.<br \/>\nRad medicinskih sestra tehni\u010dara u kontinuiranom radu je raspore\u0111en u tri smjene.<\/p>\n<p><strong><span style=\"color: #0c2b45;\">Specijalisti\u010dka ambulanta<\/span><\/strong><br \/>\nU specijalisti\u010dkoj ambulanti obavljaju se prvi pregledi pacijenata upu\u0107enih iz primarne zdravstvene za\u0161tite ili drugih klinika, te kontrolni pregledi pacijenata.<br \/>\n<strong>Radno vrijeme:<\/strong><br \/>\nPrvi pregledi: ponedjeljak &#8211; petak od 09:00 do 13:00 sati<br \/>\nKontrolni pregledi prema rasporedu rada ljekara od 11:00 do 13:00 sati<\/p>\n<p>&nbsp;<\/p>\n<p><span style=\"color: #0c2b45;\"><strong>Kabineti:<\/strong><\/span><\/p>\n<p style=\"text-align: justify;\"><span style=\"color: #0c2b45;\"><strong>Kabinet za HIV\/AIDS i druga imunodeficijentna stanja sa savjetovali\u0161tem<\/strong><\/span><br \/>\nU Kabinetu za HIV\/AIDS vr\u0161e se pregledi pacijenata koji dolaze na kontrolne preglede i izuzimanje specifi\u010dne antiretroviralne terapije. U Savjetovali\u0161tu za DPST (dobrovoljno povjerljivo savjetovanje i testiranje) se vr\u0161i savjetovanje i testiranje klijenata brzim testovima. Pristup klijentu se sastoji od savjetovanja prije testiranja, testiranje i savjetovanja poslije testiranja. Savjetovali\u0161te radi po principu dobrovoljnosti, povjerljivosti i anonimnosti.<br \/>\nZa pregled, savjetovanje i testiranje nije potrebna uputnica iz primarne zdravstvene za\u0161tite.<br \/>\n<strong>Radno vrijeme Kabineta: od 08:00 do 14:00 sati (Rad sa klijentima od 10:00 do 13:00 sati).<\/strong><\/p>\n<p>&nbsp;<\/p>\n<p style=\"text-align: justify;\"><span style=\"color: #0c2b45;\"><strong>Kabinet za hepatitise i krvlju prenosive infekcije<\/strong><\/span><br \/>\nU Kabinetu se obavljaju:<\/p>\n<ul>\n<li style=\"text-align: justify;\">prvi pregledi<\/li>\n<li style=\"text-align: justify;\">redovni pregledi i specifi\u010dno lije\u010denje pacijenata sa hroni\u010dnim hepatitisom (B i C)<\/li>\n<li style=\"text-align: justify;\">kontrolni pregledi pacijenata s akutnim virusnim hepatitisima koji su lije\u010deni u Klinici za zarazne bolesti i kontrolni pregledi pacijenata upu\u0107enih iz primarne zdravstvene za\u0161tite i drugih klinika<\/li>\n<li style=\"text-align: justify;\">pregledi radnika Ustanove i preporuke nakon akcidentalnih doga\u0111aja i povreda o\u0161trim predmetom, te preporuke i provo\u0111enje vakcinacije radnika Ustanove protiv hepatitisa B<\/li>\n<li style=\"text-align: justify;\">Ljekari anga\u017eovani u kabinetu za hepatitise su stalni \u010dlanovi Konzilija za hroni\u010dne hepatitise.<\/li>\n<\/ul>\n<p><strong>Radno vrijeme Kabineta: od 08:00 do 14:00 sati (Rad sa pacijentima od 11:00 do 13:00 sati)<\/strong><\/p>\n<p>&nbsp;<\/p>\n<p style=\"text-align: justify;\"><span style=\"color: #0c2b45;\"><strong>DNEVNA BOLNICA<\/strong><\/span><br \/>\nU Dnevnoj bolnici vr\u0161i se opservacija pacijenta tokom 24 sata. Pacijenti se u Dnevnu bolnicu upu\u0107uju iz Prijemne ambulante Klinike za zarazne bolesti, a nakon pregleda i procjene ljekara infektologa. Tokom opservacije primjenjuju se sve potrebne terapijsko-dijagnosti\u010dke mjere i postupci, vr\u0161i se kontinuirani nadzor i provo\u0111enje zdravstvene njege, te provode potrebni konsultativni pregledi. Nakon zavr\u0161ene opservacije ljekar infektolog ili u saradnji sa drugim ljekarima konsultantima donosi odluku o daljem nastavku lije\u010denja (prijem na bolni\u010dko lije\u010denje, upu\u0107ivanje na ku\u0107no lije\u010denje uz date preporuke, upu\u0107ivanje u drugu kliniku na dalji tretman). Uspostavljanje Dnevne bolnice na Klinici za zarazne bolesti, ima brojne prednosti kako za korisnike usluga tako i za zdravstvenu ustanovu zbog same organizacije rada, skra\u0107enog vremena boravka u bolnici, te racionalizacije svih potrebnih resursa i tro\u0161kova. Ukoliko se nakon opservacije u Dnevnoj bolnici donese odluka o prijemu pacijenta na bolni\u010dko lije\u010denje u Klinici za zarazne bolesti, pacijent\/\u010dlanovi porodice obezbje\u0111uju dodatnu uputnicu od nadle\u017enog ljekara iz primarne zdravstvene za\u0161tite. Ukoliko se pacijent nakon opservacije upu\u0107uje u drugu kliniku na dalji tretman izdaje mu se interna uputnica iz Prijemne ambulante Klinike za zarazne bolesti.<\/p>\n<p>&nbsp;<\/p>\n<p style=\"text-align: justify;\"><span style=\"color: #0c2b45;\"><strong>ODJELJENJA<\/strong><\/span><br \/>\n<span style=\"color: #0c2b45;\"><strong>ODJELJENJE ZA POLUINTENZIVNU NJEGU<\/strong><\/span><br \/>\n<strong>\u0160ef odjeljenja:<\/strong>Prim.dr. Lejla Delali\u0107, specijalista infektolog<br \/>\n<strong>Odgovorna medicinska sestra-tehni\u010dar:<\/strong> Azrin \u017digi\u0107, dipl.medicinar zdravstvene njege<br \/>\nOdjeljenje raspola\u017ee s 10 bolesni\u010dkih postelja. Odjeljenje se bavi dijagnostikom i terapijom pacijenata oboljelih od zaraznih bolesti sa te\u0161kim op\u0161tim stanjem (komatozna stanja, sepsa, ugriz zmije, trovanje gljivama, dehidracije te\u017eeg stepena, pacijenti sa respiratornim i drugim infekcijama koji zahtjevaju primjenu terapije kisikom, primjenu terapije preko CVK-a, ishranu preko nazogastri\u010dne sonde i drugi pacijenti sa te\u0161kim stanjem izazvanim infektivnim agensima i komplikacijama).<br \/>\nRad na Odjeljenju podrazumijeva: kontinuirani nadzor tokom 24 sata, primjenu terapijsko-dijagnosti\u010dkih mjera i postupaka, zdravstvenu njegu i druge mjere i postupke prema individualnim potrebama i stanju pacijenata. Na odjeljenju je anga\u017eovan Tim u sastavu: ljekar infektolog, medicinska sestra-tehni\u010dar sa VSS, medicinska sestra-tehni\u010dar SSS, te ostali potrebni stalni i povremeni radnici. Osoblje anga\u017eovano za rad na odjeljenju je aktivno uklju\u010deno u sve vidove edukacija, kao i saradnju sa raznim doma\u0107im i me\u0111unarodnim stru\u010dnjacima iz oblasti infektologije, mikrobiologije, epidemiologije i drugih srodnih disciplina, te se implementiraju najnoviji dijagnosti\u010dko-terapijski postupci u skladu sa svjetskim smjernicama i preporukama.<\/p>\n<p>&nbsp;<\/p>\n<p style=\"text-align: justify;\"><span style=\"color: #0c2b45;\"><strong>ODJELJENJE ZA INFEKCIJE CENTRALNOG NERVNOG SISTEMA (CNS)<\/strong><\/span><br \/>\n<strong>\u0160ef odjeljenja:<\/strong> Doc.dr.med.sc. Humera Porobi\u0107 Jahi\u0107, specijalista infektolog<br \/>\n<strong>Odgovorna medicinska sestra:<\/strong> Marija Mandi\u0107, dipl.med.sestra zdravstvene njege<br \/>\nOdjeljenje raspola\u017ee s 10 bolesni\u010dkih postelja. Odjeljenje se bavi dijagnostikom i terapijom infekcija CNS-a (meningitis, encefalitis, mijelitis i druge infekcije CNS-a). Rad na Odjeljenju podrazumijeva: kontinuirani nadzor tokom 24 sata, primjenu terapijsko-dijagnosti\u010dkih mjera i postupaka, zdravstvenu njegu i druge mjere i postupke prema individualnim potrebama i stanju pacijenata.<br \/>\nNa odjeljenju je anga\u017eovan Tim u sastavu: ljekar infektolog, medicinska sestra-tehni\u010dar sa VSS, medicinska sestra-tehni\u010dar SSS, te ostali potrebni stalni i povremeni radnici.<br \/>\nOsoblje anga\u017eovano za rad na odjeljenju je aktivno uklju\u010deno u sve vidove edukacija, kao i saradnju sa raznim doma\u0107im i me\u0111unarodnim stru\u010dnjacima iz oblasti infektologije, mikrobiologije, epidemiologije i drugih srodnih disciplina, te se implementiraju najnoviji dijagnosti\u010dko-terapijski postupci u skladu sa svjetskim smjernicama i preporukama.<\/p>\n<p>&nbsp;<\/p>\n<p style=\"text-align: justify;\"><span style=\"color: #0c2b45;\"><strong>ODJELJENJE ZA AIDS, RESPIRATORNE I KARANTINSKE BOLESTI<\/strong><\/span><br \/>\n<strong>\u0160ef odjeljenja:<\/strong><br \/>\n<strong>Odgovorna sestra:<\/strong> Mirnesa Hod\u017ei\u0107, bachelor sestrinstva<br \/>\nOdjeljenje za AIDS, respiratorne i karantinske bolesti specijalizirano je za dijagnostiku i lije\u010denje respiratornih infekcija (COVID-19, Influenza, angina i druge virusne bolesti respiratornog sistema), te dijagnostiku i lije\u010denje HIV\/AIDS-a, lije\u010denje oportunisti\u010dkih infekcija i drugih komplikacija. Odjeljenje raspola\u017ee s 10 bolesni\u010dkih postelja, a rad na Odjeljenju podrazumijeva: kontinuirani nadzor tokom 24 sata, primjenu terapijsko-dijagnosti\u010dkih mjera i postupaka, zdravstvenu njegu i druge mjere i postupke prema individualnim potrebama i stanju pacijenata.<br \/>\nNa odjeljenju je anga\u017eovan Tim u sastavu: ljekar infektolog, medicinska sestra-tehni\u010dar sa VSS, medicinska sestra-tehni\u010dar SSS, te ostali potrebni stalni i povremeni radnici. Osoblje anga\u017eovano za rad na odjeljenju je aktivno uklju\u010deno u sve vidove edukacija, kao i saradnju sa raznim doma\u0107im i me\u0111unarodnim stru\u010dnjacima iz oblasti infektologije, mikrobiologije, epidemiologije i drugih srodnih disciplina, te se implementiraju najnoviji dijagnosti\u010dko-terapijski postupci u skladu sa svjetskim smjernicama i preporukama.<\/p>\n<p>&nbsp;<\/p>\n<p style=\"text-align: justify;\"><span style=\"color: #0c2b45;\"><strong>ODJELJENJE ZA HEPATITISE<\/strong><\/span><br \/>\n<strong>\u0160ef odjeljenja:<\/strong> Doc.dr.med.sci. Jasminka Petrovi\u0107, specijalista infektolog<br \/>\n<strong>Odgovorna sestra:<\/strong> D\u017eenita Hasanovi\u0107, bachelor sestrinstva<br \/>\nNa Odjeljenju za hepatitise se vr\u0161i dijagnostika i lije\u010denje virusnih hepatitisa i drugih lezija jetre uzrokovanih infektivnim agensima.<br \/>\nOdjeljenje raspola\u017ee s 10 bolesni\u010dkih postelja, a rad na Odjeljenju podrazumijeva: kontinuirani nadzor tokom 24 sata, primjenu terapijsko-dijagnosti\u010dkih mjera i postupaka, zdravstvenu njegu i druge mjere i postupke prema individualnim potrebama i stanju pacijenata.<br \/>\nNa odjeljenju je anga\u017eovan Tim u sastavu: ljekar infektolog, medicinska sestra-tehni\u010dar sa VSS, medicinska sestra-tehni\u010dar SSS, te ostali potrebni stalni i povremeni radnici. Osoblje anga\u017eovano za rad na odjeljenju je aktivno uklju\u010deno u sve vidove edukacija, kao i saradnju sa raznim doma\u0107im i me\u0111unarodnim stru\u010dnjacima iz oblasti infektologije, mikrobiologije, epidemiologije i drugih srodnih disciplina, te se implementiraju najnoviji dijagnosti\u010dko-terapijski postupci u skladu sa svjetskim smjernicama i preporukama.<\/p>\n<p>&nbsp;<\/p>\n<p style=\"text-align: justify;\"><span style=\"color: #0c2b45;\"><strong>ODJELJENJE ZA GASTROINTESTINALNE INFEKCIJE I OSIPNE GROZNICE<\/strong><\/span><br \/>\n<strong>\u0160ef odjeljenja: <\/strong>Dr Azra Guti\u0107 Hod\u017ei\u0107, specijalista infektolog<br \/>\n<strong>Odgovorna medicinska sestra:<\/strong> Halida Trumi\u0107, dipl.med.sestra zdravstvene njege<br \/>\nNa Odjeljenju se vr\u0161i dijagnostika i lije\u010denje pacijenata sa infekcijama gastrointestinalnog sistema (vanbolni\u010dke i bolni\u010dke) izazvane razli\u010ditim infektivnim agensima, alimentarne intoksikacije, trovanje gljivama, Clostridium difficile i dr., te dijagnostika i lije\u010denje pacijenata s osipnim zaraznim bolestima (morbili, varicella, skarlatina i druge osipne zarazne bolesti).<br \/>\nOdjeljenje raspola\u017ee s 10 bolesni\u010dkih postelja, a rad na Odjeljenju podrazumijeva: kontinuirani nadzor tokom 24 sata, primjenu terapijsko-dijagnosti\u010dkih mjera i postupaka, zdravstvenu njegu i druge mjere i postupke prema individualnim potrebama i stanju pacijenata.<br \/>\nNa odjeljenju je anga\u017eovan Tim u sastavu: ljekar infektolog, medicinska sestra-tehni\u010dar sa VSS, medicinska sestra-tehni\u010dar SSS, te ostali potrebni stalni i povremeni radnici. Osoblje anga\u017eovano za rad na odjeljenju je aktivno uklju\u010deno u sve vidove edukacija, kao i saradnju sa raznim doma\u0107im i me\u0111unarodnim stru\u010dnjacima iz oblasti infektologije, mikrobiologije, epidemiologije i drugih srodnih disciplina, te se implementiraju najnoviji dijagnosti\u010dko-terapijski postupci u skladu sa svjetskim smjernicama i preporukama.<\/p>\n<p>&nbsp;<\/p>\n<p style=\"text-align: justify;\"><span style=\"color: #0c2b45;\"><strong>ODJELJENJE ZA URINARNE INFEKCIJE, ZOONOZE I NEJASNA FEBRILNA STANJA<\/strong><\/span><br \/>\n<strong>\u0160ef odjeljenja:<\/strong> Prof.dr.med.sc. Dilista Pilji\u0107, specijalista infektolog<br \/>\n<strong>Odgovorna medicinska sestra:<\/strong> Mersiha Glavi\u0107, dipl.med.sestra<br \/>\nNa Odjeljenju za urinarne infekcije, zoonoze i nejasna febrilna stanja obavlja se dijagnostika i lije\u010denje pacijenata sa urogenitalnim i spolno prenosivim bolestima, zoonozama (bruceloza, leptospiroza, borelioza, Hantan virusne infekcije i dr.zoonoze), te nejasnim febrilnim stanjima.<br \/>\nNejasno febrilno stanje podrazumjeva vi\u0161ekratno ponavljanje povi\u0161ene tjelesne temperature iznad 38,3\u00b0C u toku tri nedjelje, \u010dije porijeklo je ostalo nerazja\u0161njeno nakon tri posjete ljekaru primarne slu\u017ebe, odnosno sedam dana bolni\u010dkog lije\u010denja uz sprovo\u0111enje uobi\u010dajenih dijagnosti\u010dkih postupaka. Odjeljenje raspola\u017ee s 10 bolesni\u010dkih postelja, a rad na Odjeljenju podrazumijeva: kontinuirani nadzor tokom 24 sata, primjenu terapijsko-dijagnosti\u010dkih mjera i postupaka, zdravstvenu njegu i druge mjere i postupke prema individualnim potrebama i stanju pacijenata.<br \/>\nNa odjeljenju je anga\u017eovan Tim u sastavu: ljekar infektolog, medicinska sestra-tehni\u010dar sa VSS, medicinska sestra-tehni\u010dar SSS, te ostali potrebni stalni i povremeni radnici. Osoblje anga\u017eovano za rad na odjeljenju je aktivno uklju\u010deno u sve vidove edukacija, kao i saradnju sa raznim doma\u0107im i me\u0111unarodnim stru\u010dnjacima iz oblasti infektologije, mikrobiologije, epidemiologije i drugih srodnih disciplina, te se implementiraju najnoviji dijagnosti\u010dko-terapijski postupci u skladu sa svjetskim smjernicama i preporukama.<\/p>\n<p>&nbsp;<\/p>\n<p>Klinika za zarazne bolesti je nastavna baza Medicinskog fakulteta, Visoke zdravstvene \u0161kole Univerziteta u Tuzli. U okviru nastavne baze vr\u0161i se edukacija i izvo\u0111enje prakti\u010dne nastave za studente Medicinskog fakulteta, Zdravstvenih studija i u\u010denike srednje Medicinske \u0161kole. U Klinici se vr\u0161i i obuka pripravnika sa zavr\u0161enim Medicinskim fakultetom, fakultetom Zdravstvenih studija i Srednjom medicinskom \u0161kolom, te obuka u okviru specijalisti\u010dkog sta\u017ea prema Planu i programu za specijalizacije\/subspecijalizacije ministarstva zdravstva FBiH.<br \/>\n\u0160est ljekara je anga\u017eovano na Medicinskom fakultetu u nastavnom procesu: 2 redovna profesora, 2 docenta, 1 asistent.<\/p>\n<p>&nbsp;<\/p>\n<p><span style=\"color: #0c2b45;\"><strong>KADROVSKA STRUKTURA<\/strong><\/span><br \/>\nU Klinici je anga\u017eovano ukupno 56 radnika<\/p>\n<ul>\n<li>Ljekari specijalisti infektologije: 10<\/li>\n<li>Ljekari na specijalizaciji: 7<\/li>\n<li>Ljekari sekundarci: 2<\/li>\n<li>Diplomirana medicinska sestra-tehni\u010dar (VSS): 10<\/li>\n<li>Medicinska sestra-tehni\u010dar (SSS): 23<\/li>\n<li>Tehni\u010dki sekretar: 1<\/li>\n<li>Ekonom Klinike: 1<\/li>\n<li>Pratioc bolesnika: 2<\/li>\n<\/ul>\n<p>&nbsp;<\/p>\n<p><strong>Knjige i ud\u017ebenici u \u010dijem pisanju su u\u010destvovali uposlenici Klinike<\/strong><br \/>\n1. Klini\u010dka toksikologija u pedijatriji, Tuzla: Medicinski fakultet Univerziteta u Tuzli, 2002.<br \/>\n2. Mikobakterije (Klini\u010dki zna\u010daj i dijagnosti\u010dke metode) Tuzla: Univerzitet u Tuzli, 2003.<br \/>\n3. \u0160e\u0107erna bolest, Tuzla: Narodna i univerzitetska biblioteka \u201dDervi\u0161 Su\u0161i\u0107\u201d, 2003.<br \/>\n4. Za\u0161tita razvojnog doba, Tuzla \/Wuppertal:Bosanska rije\u010d\/ Das Bosniche Wort e.K, 2004.<br \/>\n5. Infektologija i zdravstvena njega infektivnih bolesnika, Tuzla: PrintCom, 2010.<br \/>\n6. Priru\u010dnik za primjenu antimikrobnih lijekova, Tuzla: Univerzitetski klini\u010dki centar Tuzla, Harfo-graf; 2010.<br \/>\n7. Infektologija, Sarajevo-Tuzla: Medicinski fakultet Univerziteta u Sarajevu, Asocijacija infektologa u Bosni i Hercegovini, 2011.<br \/>\n8. Neurologija, Tuzla: Infograf, 2012.<br \/>\n9. Te\u0161ke infekcije i njihova antimikrobna terapija, Tuzla, Off-Set, 2013.<br \/>\n10. Infektologija, Tuzla, PrintCom, 2016.<br \/>\n11. Propedeutika infektolo\u0161kog pregleda, Tuzla, Off-Set, 2017.<br \/>\n12.Zoonoze u regiji Sjeveroisto\u010dne Bosne, Tuzla, Off-Set, 2024.<\/p>\n<p>&nbsp;<\/p>\n<p>&nbsp;<\/p>\n<p>&nbsp;<\/p>\n<p>&nbsp;<\/p>\n<p>&nbsp;<\/p>\n<p>&nbsp;<\/p>\n<p>&nbsp;<\/p>\n<p>&nbsp;<\/p>\n<p>&nbsp;<\/p>\n","protected":false},"excerpt":{"rendered":"<p>V.D. Na\u010delnik: Prof.dr.med.sc. Rahima Jahi\u0107, specijalista infektolog Glavna medicinska sestra: Samira Dervi\u0161evi\u0107, bachelor sestrinstva Poslovi pobolj\u0161anja kvaliteta i edukacija: MA zdravstvene njege i menad\u017ementa Raza Smaji\u0107 Sekretar: Refija Po\u017eegi\u0107, tehni\u010dki sekretar Kontakt telefon:++387 35 303 141; ++387 35 303 170, ++387 35 303 338, ++387 35 303 326 e-mail: info@ukctuzla.ba Prijemna ambulanta: ++387 35 303&hellip;<\/p>\n","protected":false},"author":1,"featured_media":16294,"parent":0,"menu_order":0,"comment_status":"closed","ping_status":"closed","template":"","meta":{"footnotes":""},"class_list":["post-461","page","type-page","status-publish","has-post-thumbnail","hentry","description-off"],"_links":{"self":[{"href":"https:\/\/www.ukctuzla.ba\/ukctuzla\/index.php?rest_route=\/wp\/v2\/pages\/461","targetHints":{"allow":["GET"]}}],"collection":[{"href":"https:\/\/www.ukctuzla.ba\/ukctuzla\/index.php?rest_route=\/wp\/v2\/pages"}],"about":[{"href":"https:\/\/www.ukctuzla.ba\/ukctuzla\/index.php?rest_route=\/wp\/v2\/types\/page"}],"author":[{"embeddable":true,"href":"https:\/\/www.ukctuzla.ba\/ukctuzla\/index.php?rest_route=\/wp\/v2\/users\/1"}],"replies":[{"embeddable":true,"href":"https:\/\/www.ukctuzla.ba\/ukctuzla\/index.php?rest_route=%2Fwp%2Fv2%2Fcomments&post=461"}],"version-history":[{"count":29,"href":"https:\/\/www.ukctuzla.ba\/ukctuzla\/index.php?rest_route=\/wp\/v2\/pages\/461\/revisions"}],"predecessor-version":[{"id":19299,"href":"https:\/\/www.ukctuzla.ba\/ukctuzla\/index.php?rest_route=\/wp\/v2\/pages\/461\/revisions\/19299"}],"wp:featuredmedia":[{"embeddable":true,"href":"https:\/\/www.ukctuzla.ba\/ukctuzla\/index.php?rest_route=\/wp\/v2\/media\/16294"}],"wp:attachment":[{"href":"https:\/\/www.ukctuzla.ba\/ukctuzla\/index.php?rest_route=%2Fwp%2Fv2%2Fmedia&parent=461"}],"curies":[{"name":"wp","href":"https:\/\/api.w.org\/{rel}","templated":true}]}}