{"id":469,"date":"2022-12-12T07:57:10","date_gmt":"2022-12-12T06:57:10","guid":{"rendered":"http:\/\/10.0.0.65\/ukctuzla3\/?page_id=469"},"modified":"2025-10-09T13:32:51","modified_gmt":"2025-10-09T12:32:51","slug":"vise-o-klinika-za-psihijatriju","status":"publish","type":"page","link":"https:\/\/www.ukctuzla.ba\/ukctuzla\/?page_id=469&lang=bs","title":{"rendered":"VI\u0160E O . . .KLINIKA ZA PSIHIJATRIJU"},"content":{"rendered":"<p><strong>ODJELJENJA<\/strong><\/p>\n<p><strong>ODJELJENJE ZA AKUTNA STANJA I POLUINTENZIVNU NJEGU<\/strong><br \/>\n<strong>\u0160ef odjeljenja:.<\/strong> Prof.dr.med.sci. Elvir Be\u0107irovi\u0107<br \/>\n<strong>Ljekari na odjeljenju:<\/strong> Dr. Nera \u017digi\u0107, specijalista<br \/>\n<strong>Odgovorna medicinska sestra\/tehni\u010dar:<\/strong> Nevres D\u017eeki\u0107, diplomirani medicinar zdravstvene njege<\/p>\n<ul>\n<li>Dijagnostika i lije\u010denje bolesnika sa akutnim psihijatrijskim poreme\u0107ajima;<\/li>\n<li>Dijagnostika i lije\u010denje bolesnika sa hroni\u010dnim psihijatrijskim poreme\u0107ajima u fazama pogor\u0161anja;<\/li>\n<li>Dijagnostika i lije\u010denje pridru\u017eenih somatskih poreme\u0107aja i komplikacija;<\/li>\n<li>Savremena psihofarmakoterapija;<\/li>\n<li>Pra\u0107enje nivoa psihofarmaka u krvnoj plazmi;<\/li>\n<li>Pra\u0107enje, prevencija i lije\u010denje nuspojava terapije psihofarmacima;<\/li>\n<li>Indikacije za EST terapiju i provo\u0111enje iste;<\/li>\n<li>Sociotrapijska zajednica;<\/li>\n<li>Psihoedukacija;<\/li>\n<\/ul>\n<p>&nbsp;<\/p>\n<p><strong>ODJELJENJE ZA KLINI\u010cKU PSIHIJATRIJU<\/strong><br \/>\n<strong>\u0160ef odjeljenja:<\/strong> Prim.dr. Vedrana Marinkovi\u0107<br \/>\n<strong>Ljekari na odjeljenju:<\/strong> Mr.med.sc.dr. Jasmin Hamidovi\u0107<br \/>\n<strong>Odgovorna medicinska sestra\/tehni\u010dar:<\/strong> Husein Bjeljinac, diplomirani medicinski tehni\u010dar\/sestra<\/p>\n<ul>\n<li>Integrativna klini\u010dka psihijatrijska dijagnostika prema multiaksijalnom i operacionalnom modelu i diferencijalno dijagnosti\u010dka razmatranja;<\/li>\n<li>Psiholo\u0161ka procjena, analiza strukture li\u010dnosti i premorbidne li\u010dnosti;<\/li>\n<li>Integracija klini\u010dkih psihijatrijskih, laboratorijskih, neuroimage-ing i svih drugih konsultativnih nalaza; Liaison psihijatrijska analiza;<\/li>\n<li style=\"text-align: justify;\">Evaluacija terapijskih protokola, fleksibilno, pacijentu usmjereno farmakoterapijsko lije\u010denje prema aktuelnim terapijskim algoritmima; Indikacije za pro\u0161ireni tretman \u2013 grupnu analizu, EST, EMDR;<\/li>\n<li>Sistemska porodi\u010dna terapija; Integracija socijalnih faktora od zna\u010daja za aktuelno stanje;<\/li>\n<li>Procjena aktuelne generalne, psihosocijalne i profesionalne funkcionalnosti;<\/li>\n<li>Socioterapijska zajednica;<\/li>\n<li>Psihoedukacija pacijenata i \u010dlanova porodice;<\/li>\n<\/ul>\n<p>&nbsp;<\/p>\n<p>&nbsp;<\/p>\n<p><strong>ODJELJENJE ZA SOCIJALNU PSIHIJATRIJU<\/strong><br \/>\n<strong>\u0160ef odjeljenja:<\/strong> Prim.dr.med.sci. Nerminka Aljuki\u0107<br \/>\n<strong>Ljekari na odjeljenju:<\/strong> Mr.med.sc.dr. Miralem Me\u0161anovi\u0107<br \/>\n<strong>Odgovorna medicinska sestra:<\/strong> Hajrudin Halilovi\u0107, vi\u0161a medicinska sestra-tehni\u010dar<\/p>\n<ul>\n<li>Psihijatrijski intervju sa pacijentima njihovim roditeljima\/starateljima, supru\u017enicima i njihovom djecom\/adolescentima ili odraslima;<\/li>\n<li>Procjena psihi\u010dkog statusa kod psihi\u010dkih poreme\u0107aja koji se javljaju u odraslom periodu i davanje terapijskih i dijagnosti\u010dkih preporuka;<\/li>\n<li style=\"text-align: justify;\">Psihijatrijska procjena ranih simptoma i znakova poreme\u0107aja iz spektra organski izazvanih psihi\u010dkih poreme\u0107aja, poreme\u0107aja izazvanih ovisno\u0161\u0107u, poreme\u0107aja psihoti\u010dnog spektra, poreme\u0107aja afektivnog spektra, neurotskog spektra, spektra vezanog za stres, ratnu i poslijeratnu traumu, somatiziraju\u0107ih i psihosomatskih poreme\u0107aja kao i disocijativnih poreme\u0107aja;<\/li>\n<li>Savjet \u010dlanovima porodice; Edukacija i na\u010din postupanja sa psihijatrijskim bolesnicima;<\/li>\n<li>Porodi\u010dna psihoterapija i partnerska psihoterapija;<\/li>\n<li style=\"text-align: justify;\">Psihijatrijski pregled, dijagnostika i tretman odraslih sa poreme\u0107ajima koji su nastali kao posljedica reakcije na stres i poreme\u0107ajima prilago\u0111avanja, uklju\u010duju\u0107i i tretman bilateralnom desenzitizacijom (EMDR) od strane educiranih terapeuta, koja je po standardima Svjetske zdravstvene organizacije (WHO) uvr\u0161tena u preporuke za tretman navedenih poreme\u0107aja;<\/li>\n<li>Terapijske zajednice tokom hospitalizacije na Klinici za psihijatriju;<\/li>\n<li>Grupna psihoterapija ratnih veterana i njihovih supruga pod vodstvom grupnih analiti\u010dara;<\/li>\n<\/ul>\n<p>&nbsp;<\/p>\n<p><strong>ODJELJENJE ZA TRAUMATSKE STRESNE POREME\u0106AJE<\/strong><br \/>\n<strong>\u0160ef odjeljenja:<\/strong> Prof.dr.med.sci. Rusmir Softi\u0107<br \/>\n<strong>Ljekari na odjeljenju:<\/strong> Dr. Emir Prlja\u010da, specijalista<br \/>\n<strong>Odgovorna medicinska sestra:<\/strong> Nurveta Ke\u0161etovi\u0107, diplomirana medicinska sestra<\/p>\n<ul>\n<li>Postupci vezani za dijagnostiku i terapiju hospitaliziranih i ambulantnih pacijenata;<\/li>\n<li>Psihoedukacija i socioterapija za hospitalizirane i ambulantne pacijente;<\/li>\n<li>Individualni i grupni psihoterapijski tretman pacijenata;<\/li>\n<li>Grupna analiza i grupna psihoterapija;<\/li>\n<li>EMDR;<\/li>\n<li>Supervizija;<\/li>\n<\/ul>\n<p>&nbsp;<\/p>\n<p><strong>ODJELJENJE ZA NEUROTSKE POREME\u0106AJE I PSIHOSOMATIKU<\/strong><br \/>\n<strong>\u0160ef odjeljenja:<\/strong> Prim.dr. Olica Marinkovi\u0107-\u0160u\u0161i\u0107,<br \/>\n<strong>Ljekari na odjeljenju:<\/strong><br \/>\n<strong>Odgovorna medicinska sestra:<\/strong><\/p>\n<ul>\n<li style=\"text-align: justify;\">Psihijatrijski intervju sa pacijentima i \u010dlanovima njihove porodice;<br \/>\nProcjena psihi\u010dkog, somatskog i socijalnog statusa hospitalizovanih pacijenata kroz dijagnosti\u010dke postupke radi daljih farmakoterapijskih, psihoterapijskih i socijotrapijskih intervencija u cilju adekvatnog lije\u010denja i postizanja ve\u0107eg stepena oporavka pri otpustu;<\/li>\n<li>Psihoedukacija hospitalizovanih i ambulantnih pacijenata i njihovih porodica;<\/li>\n<li>Terapijske zajednice tokom hospitalizacije;<\/li>\n<li>Redovni sastanci Tima profesionalaca koji u\u010destvuju u procesu lije\u010denja hospitalizovanih pacijenata;<\/li>\n<li>Saradnja sa Centrima za mentalno zdravlje i Centrima za socijalni rad pri planiranju i sprovo\u0111enju kompleksnih otpusta hospitalizovanih pacijenata;<\/li>\n<li>Sistematsko porodi\u010dno savjetovanje i psihoterapija;<\/li>\n<li>Supervizija;<\/li>\n<\/ul>\n<p>&nbsp;<\/p>\n<p><strong>ODJELJENJE ZA DJE\u010cIJU I ADOLESCENTNU PSIHIJATRIJU \u2013 odjeljenje u proceduri prostornog i organizacionog projekta<\/strong><\/p>\n<p><strong>\u0160ef odjeljenja:<\/strong> Prof. dr. med. sci. Nermina Kravi\u0107<br \/>\n<strong>Ljekar na odjeljenju: <\/strong><br \/>\n<strong>Odgovorna medicinska sestra:<\/strong> Dejan Kova\u010devi\u0107, magistar zdravstvene njege i menad\u017ementa<\/p>\n<ul>\n<li style=\"text-align: justify;\">Dijagnostika, lije\u010denje i rehabilitacija parcijalno i cjelodnevno hospitaliziranih pacijenata iz indikacionog podru\u010dja afektivnih, anksioznih, sa stresom povezanih, somatoformnih poreme\u0107aja, poreme\u0107aja li\u010dnosti i pona\u0161anja djece i adolescenata, uz mogu\u0107nost stacionarnog zadr\u017eavanja roditelja male djece, pregledi i procjena djece sa posebnim potrebama i smetnjama u razvoju, dijagnostika neurorazvojnih poreme\u0107aja;<\/li>\n<li>Tretman pacijenata otpu\u0161tenih sa hospitalnog tretmana sa ciljem stabilizacije stanja i kompletnije resocijalizacije i reintegracije;<\/li>\n<li>Psihijatrijsko-psiholo\u0161ka dijagnostika, psihofarmakoterapija, psihoterapija, socioterapija i psihosocijalna rehabilitacija djece i adolescenata sa potrebama iz domena mentalnog zdravlja uz boravak oboljelog u postoje\u0107em porodi\u010dnom i socijalnom miljeu;<\/li>\n<li style=\"text-align: justify;\">Integrativni i multidisciplinarni pristup, koji podrazumijeva psihofarmakoterapiju, psihoterapiju, art terapiju, biblioterapiju, psihoedukaciju, radno-okupacionu terapiju, grupnu rekonstruktivnu terapiju, socioterapiju i rekreativnu terapiju;<\/li>\n<li>Individulani i grupni psihoterapijski tretman s djecom, adolescentima i njihovim roditeljima;<\/li>\n<\/ul>\n<p>&nbsp;<\/p>\n<p>&nbsp;<\/p>\n<p><strong>DNEVNA BOLNICA<\/strong><br \/>\n<strong>\u0160ef odjeljenja:<\/strong> Dr. Amra Deli\u0107, mr.sc.med.<br \/>\n<strong>Ljekar na odjeljenju:<\/strong> Dr. Anel Brigi\u0107, specijalista<br \/>\n<strong>Odgovorna medicinska sestra:<\/strong> Edina Saletovi\u0107, diplomirani medicinski tehni\u010dar\/sestra<\/p>\n<ul>\n<li style=\"text-align: justify;\">Dijagnostika, lije\u010denje i rehabilitacija parcijalno, poludnevno hospitaliziranih pacijenata iz indikacionog podru\u010dja afektivnih, anksioznih, uz stres vezanih, somatoformnih poreme\u0107aja, poreme\u0107aja li\u010dnosti, organski uvjetovanih mentalnih poreme\u0107aja i psihoti\u010dnih poreme\u0107aja u remisiji;<\/li>\n<li>Tretman hospitalno lije\u010denih pacijenata nakon demisije, a s ciljem stabilizacije stanja, resocijalizacije i reintegracije;<\/li>\n<li>Intenzivna psihijatrijsko-psiholo\u0161ka dijagnostika, psihofarmakoterapija, psihoterapija, socioterapija i psihosocijalna rehabilitacija uz boravak oboljelog u postoje\u0107em porodi\u010dnom i socijalnom miljeu;<\/li>\n<li style=\"text-align: justify;\">Integrativni i multidisciplinarni pristup, koji uklju\u010duje psihofarmakoterapiju, psihoterapiju, art terapiju, psihoedukaciju, radno-okupacionu terapiju, grupno rekonstruktivni tretman, socioterapiju i rekreativnu terapiju;<\/li>\n<li>Individulani i grupni rad sa pacijentima;<\/li>\n<\/ul>\n<p>&nbsp;<\/p>\n<p>&nbsp;<\/p>\n<p><strong>KABINETI<\/strong><\/p>\n<p><strong>Kabinet za dje\u010diju i adolescentnu psihijatriju<\/strong><\/p>\n<ul>\n<li>Psihijatrijski interviju sa roditeljima\/starateljima i djecom\/adolescentima;<\/li>\n<li style=\"text-align: justify;\">Procjena psihi\u010dkog statusa kod psihi\u010dkih poreme\u0107aja koji se javljaju u djetinjstvu i adolescenciji (poreme\u0107aji pona\u0161anja i emocija, ADHD, razvojni poreme\u0107aji, mentalna retardacija, poreme\u0107aji sa tikom, no\u0107no mokrenje, poreme\u0107aj ishrane, rani znaci psihoze i drugo);<\/li>\n<li>Davanje terapijskih i dijagnosti\u010dkih preporuka;<\/li>\n<li>Psihijatrijska procjena ranih simptoma i znakova poreme\u0107aja iz autisti\u010dnog spektra;<\/li>\n<li>Savjet roditeljima, medikamentozni tretman djece i adolescenta sa pervazivnim razvojnim poreme\u0107ajem;<\/li>\n<li>Tretman specijalnog edukatora po ABA (Applied Behaviour Analysis- Primjenjena anliza pona\u0161anja) metodi za djecu sa poreme\u0107ajima iz autisti\u010dnog spektra;<\/li>\n<li style=\"text-align: justify;\">Diagnostika i tretman djece i adolescenata sa poreme\u0107ajima koji su nastali kao posljedica reakcije na stres i poreme\u0107ajima prilago\u0111evanja, uklju\u010duju\u0107i i tretman bilateralnom desenzitizacijom (EMDR) od strane educiranih terapeuta;<\/li>\n<li>Grupna psihoterapija djece i adolescenata pod vodstvom grupnih psihoanaliti\u010dara.<\/li>\n<\/ul>\n<p>&nbsp;<\/p>\n<p><strong>Kabinet za prevenciju ovisnosti o drogama<\/strong><\/p>\n<ul>\n<li>Psihijatrijski intervju sa pacijentom i pratiocem;<\/li>\n<li>Laboratorijska dijagnostika, psiholo\u0161ka procjena-nalaz, socijalna anamneza;<\/li>\n<li>Ukoliko postoji indikacija EEG (elektroencefalografija) nalaz i CT nalaz mozga;<\/li>\n<li>Konzilijarni pregled pacijenta sa svim navedenim nalazima i procjena modela tretmana lije\u010denja;<\/li>\n<li>Upu\u0107ivanje na Kliniku za infektivne bolesti hepatitis C pozitivnih pacijenata ;<\/li>\n<li>Propisivanje Rp za ordiniranu supstitucionu terapiju (Buprenorfin\/naloxon) Suboxone;<\/li>\n<li>Titriranje doze lijeka u trajanju 3-5 dana;<\/li>\n<li>Monitoring uspostavljene apstinencije kontrolnim pregledima i testiranjem urina na metabolite droga;<\/li>\n<li style=\"text-align: justify;\">Indivudualni psihoterapijski tretman pacijenta-ovisnika, grupni psihoterapijski tretman ovisnika te grupni psihoterapijski tretman \u010dlana porodice (roditelja, supru\u017enika ili nekog drugog koji je partner u lije\u010denju);<\/li>\n<li>Evaluacija i pra\u0107enje uspje\u0161nosti lije\u010denja- tromjese\u010dna i \u0161estomjese\u010dna;<\/li>\n<li>Lije\u010denje komorbidnih psihijatrijskih oboljenja.<\/li>\n<\/ul>\n<p>&nbsp;<\/p>\n<p style=\"text-align: justify;\"><strong>Kabinet za prevenciju ovisnosti o alkoholu<\/strong><\/p>\n<ul>\n<li style=\"text-align: justify;\">Psihijatrijski intervju sa pacijentom, razgovor sa pratnjom;<\/li>\n<li style=\"text-align: justify;\">Sa\u010dinjavanje terapijskog ugovora i uvo\u0111enja u po\u010detnu apstinenciju;<\/li>\n<li style=\"text-align: justify;\">Laboratorijska dijagnostika, procjena stanja, socijalna anamneza;<\/li>\n<li style=\"text-align: justify;\">Planiranje drugih vidova dijagnosti\u010dkih pretraga, ako za to postoje potrebe;<\/li>\n<li>Analiza ura\u0111enih dijagnosti\u010dkih pretraga, planiranje daljeg rada sa pacijentom i porodicom, te planiranje konsultativno specijalisti\u010dkih pregleda u svrhu uvida u cjelokupno zdravstveno stanje pacijenta;<\/li>\n<li style=\"text-align: justify;\">Individualni psihoterapijski tretman pojedinca i rad sa \u010dlanovima porodice;<\/li>\n<li style=\"text-align: justify;\">Uvo\u0111enje pacijenta u rad Kluba lije\u010denih alkoholi\u010dara;<\/li>\n<li style=\"text-align: justify;\">Evaluacija terapijskog uspjeha\/neuspjeha pacijenata i \u010dlanova porodice;<\/li>\n<li style=\"text-align: justify;\">Lije\u010denje komorbidnih oboljenja te pra\u0107enje radne anga\u017eovanosti ovisnika o alkoholu.<\/li>\n<\/ul>\n<p>&nbsp;<\/p>\n<p><strong>Kabinet za psihogerijatriju<\/strong><\/p>\n<ul>\n<li>Dijagnosticiranje psihijatrijskih poreme\u0107aja starije \u017eivotne dobi;<\/li>\n<li>Preporuka za dodatne dijagnosti\u010dke pretrage;<\/li>\n<li>Psihofarmakoterapija;<\/li>\n<li>Kontrolni pregledi, pra\u0107enje, evaluacija;<\/li>\n<li>Edukacija \u010dlanova porodice.<\/li>\n<\/ul>\n<p>&nbsp;<\/p>\n<p><strong>Kabinet za klini\u010dku psihologiju i psihometriju<\/strong><\/p>\n<ul>\n<li>Klini\u010dki intervju sa prigodnom opservacijom;<\/li>\n<li>Klini\u010dka procjena intelektualnih sposobnosti za djecu i odrasle;<\/li>\n<li>Procjena strukture li\u010dnosti \u2013 eksploracija li\u010dnosti; primjena inventara li\u010dnosti sa interpretacijom rezultata; primjena projektivnih i poluprojektivnih tehnika i interpretacija rezultata u procjeni strukture li\u010dnosti;<\/li>\n<li>Neuropsiholo\u0161ka procjena: intervju u neuropsiholo\u0161koj procjeni; procjena mentalnog propadanja i o\u0161te\u0107enja; procjena psihomotornog razvoja djece;<\/li>\n<li>Psiholo\u0161ko savjetovanje (individualno i porodi\u010dno);<\/li>\n<li>Davanje psiholo\u0161ke analize, nalaza i mi\u0161ljenja uz preporuku;<\/li>\n<li>Forenzi\u010dko-psiholo\u0161ka ekspertiza.<\/li>\n<\/ul>\n<p>&nbsp;<\/p>\n<p>&nbsp;<\/p>\n<p><strong>AMBULANTE<\/strong><\/p>\n<p style=\"text-align: justify;\"><strong>Prijemna ambulanta<\/strong><br \/>\nU Prijemnoj ambulanti vr\u0161e sepregledi i trija\u017ea hitno upu\u0107enih pacijenata, hitni i zakazani prijemi pacijenata sa indikacijma za hospitalizaciju, inicijalna obrada i opservacija pacijenata.<br \/>\nPacijenti i pru\u017eene usluge se uredno protokoliraju. Pri prijemu na hospitalni tretman ispunjava se uputnica prijemne ambulante, otvara historija bolesti, temperaturno-terapijski list i sestrinska dokumentacija, vr\u0161i sanitarna obrada, a potom i upu\u0107ivanje pacijenta na odgovaraju\u0107e odjeljenje.<\/p>\n<p style=\"text-align: justify;\"><strong>Specijalisti\u010dko-konsultativna ambulanta<\/strong><br \/>\nU ovoj ambulanti obavljaju se pregledi pacijenata upu\u0107enih na specijalisti\u010dki pregled (prvi i kontrolni) i\/ili konzilijarni pregled, u predhodno dogovorenom terminu. Pacijent je du\u017ean donijeti uputnicu za specijalisti\u010dki ili konzilijarni pregled, kao i raniju medicinsku dokumentaciju. Specijalisti\u010dko-konsultativni pregledi na drugim klinikama (hitni i rutinski) obavljaju se u skladu sa va\u017ee\u0107om procedurom za konsultativne preglede i po dobijenom pozivu za iste.<\/p>\n<p>&nbsp;<\/p>\n<p>&nbsp;<\/p>\n<p style=\"text-align: justify;\"><strong>STRU\u010cNI PROFIL LJEKARA I ZDRAVSTVENIH SARADNIKA<\/strong><br \/>\n<strong>Ljekari<\/strong><br \/>\n<strong>Prim.dr.med.sc. Nerminka Aljuki\u0107<\/strong>, specijalista neuropsihijatar, subspecijalista psihiterapije, subspecijalista klini\u010dke psihijatrije, V.D. Na\u010delnika Klinike, asistent na Medicinskom fakultetu Univerziteta u Tuzli<\/p>\n<p><strong>Prof. dr. med. sci. Nermina Kravi\u0107<\/strong>, specijalista neuropsihijatar, grupni analiti\u010dar, \u0161ef Odjeljenja za dje\u010diju i adolescentnun psihijatriju, subspecijalista dje\u010dije i adolescentne psihijatrije i psihoterapije, vanredni profesor na Medicinskom fakultetu Univerziteta uTuzli<\/p>\n<p style=\"text-align: justify;\"><strong>Prof. dr. med. sci. Rusmir Softi\u0107<\/strong>, specijalista neuropsihijatar, subspecijalista psihoterapije, \u0161ef Odjeljenja za traumatske i stresne poreme\u0107aje, vanredni profesor na Medicinskom fakultetu Univerziteta uTuzli<\/p>\n<p><strong>Prof.dr.med.sci. Elvir Be\u0107irovi\u0107<\/strong>, specijalista neuropsihijatar, subspecijalista psihoterapije, grupni analiti\u010dar, EMDR prakti\u010dar, NLP prakti\u010dar, hipnoterapeut, master persuazije i socijalnog uticaja, \u0161ef Odjeljenja za akutna stanja i poluintenzivnu njegu, vanredni profesor na Medicinskom fakultetu Univerziteta u Tuzli<\/p>\n<p><strong>Prim.dr. Vedrana Marinkovi\u0107<\/strong>, specijalista neuropsihijatar, subspecijalista klini\u010dke psihijatrije , subspecijalista psihoterapije, \u0161ef Odjeljenja za klini\u010dku psihijatriju.<\/p>\n<p><strong>Prim.dr. Olica Marinkovi\u0107 \u0160u\u0161i\u0107<\/strong>, specijalista neuropsihijatar, subspecijalista psihoterapije, \u0161ef Odjeljenja za neurotske poreme\u0107aje i psihosomatiku.<\/p>\n<p><strong>Dr. Amra Deli\u0107, mr.sc.med<\/strong>., specijalista neuropsihijatar, subspecijalista psihoterapije, grupni psihoterapeut<\/p>\n<p><strong>Mr. med. sc. dr. Jasmin Hamidovi\u0107<\/strong>, specijalista neuropsihjatar, subspecijalista za bolesti ovisnosti<\/p>\n<p><strong>Mr. med. sc. dr. Miralem Me\u0161anovi\u0107<\/strong>, specijalista neuropsihijatar, subspecijalista za bolesti ovisnosti<br \/>\n<strong>Dr. Nera \u017digi\u0107<\/strong>, specijalista psihijatar<\/p>\n<p><strong>Dr. Emir Prlja\u010da<\/strong>, specijalista psihijatar<\/p>\n<p><strong>Dr. Anel Brigi\u0107<\/strong>, specijalista psihijatar<\/p>\n<p><strong>Dr. Almerisa Tufek\u010di\u0107<\/strong>, specijalizant<br \/>\n<strong>Dr. Nihad Nuki\u0107<\/strong>, specijalizant<br \/>\n<strong>Dr. Nejra Be\u0107arevi\u0107<\/strong>, specijalizant<br \/>\n<strong>Dr. Ahmed Pajevi\u0107<\/strong>, specijalizant<br \/>\n<strong>Dr. Edina Bandovi\u0107-Sulji\u0107<\/strong>, specijalizant<br \/>\n<strong>Dr. Aida Jusufovi\u0107<\/strong>, specijalizant<\/p>\n<p>&nbsp;<\/p>\n<p><strong>Zdravstveni saradnici<\/strong><br \/>\n<strong>Mitra Mirkovi\u0107 Hajdukov,<\/strong> doktor psiholo\u0161kih nauka-klini\u010dki psiholog<br \/>\n<strong>D\u017eenita Hrvi\u0107<\/strong>, dipl.pedagog psiholog,- klini\u010dki psiholog<br \/>\n<strong>Sandra Zori\u0107<\/strong>, dipl. defektolog-oligofrenolog, ge\u0161talt psihoterapeut- terapeut<br \/>\n<strong>Maja Brki\u0107<\/strong>, dipl defektolog-oligofrenolog, doktor dru\u0161tvenih nauka iz podru\u010dja socijalne pedagodije, grupni analiti\u010dar, ABA terapeut- terapeut<br \/>\n<strong>Branislav Miljanovi\u0107<\/strong>, dipl socijalni pedagog- terapeut<\/p>\n<p>&nbsp;<\/p>\n<p>&nbsp;<\/p>\n<p>&nbsp;<\/p>\n","protected":false},"excerpt":{"rendered":"<p>ODJELJENJA ODJELJENJE ZA AKUTNA STANJA I POLUINTENZIVNU NJEGU \u0160ef odjeljenja:. Prof.dr.med.sci. Elvir Be\u0107irovi\u0107 Ljekari na odjeljenju: Dr. Nera \u017digi\u0107, specijalista Odgovorna medicinska sestra\/tehni\u010dar: Nevres D\u017eeki\u0107, diplomirani medicinar zdravstvene njege Dijagnostika i lije\u010denje bolesnika sa akutnim psihijatrijskim poreme\u0107ajima; Dijagnostika i lije\u010denje bolesnika sa hroni\u010dnim psihijatrijskim poreme\u0107ajima u fazama pogor\u0161anja; Dijagnostika i lije\u010denje pridru\u017eenih somatskih poreme\u0107aja i&hellip;<\/p>\n","protected":false},"author":1,"featured_media":16294,"parent":0,"menu_order":0,"comment_status":"closed","ping_status":"closed","template":"","meta":{"footnotes":""},"class_list":["post-469","page","type-page","status-publish","has-post-thumbnail","hentry","description-off"],"_links":{"self":[{"href":"https:\/\/www.ukctuzla.ba\/ukctuzla\/index.php?rest_route=\/wp\/v2\/pages\/469","targetHints":{"allow":["GET"]}}],"collection":[{"href":"https:\/\/www.ukctuzla.ba\/ukctuzla\/index.php?rest_route=\/wp\/v2\/pages"}],"about":[{"href":"https:\/\/www.ukctuzla.ba\/ukctuzla\/index.php?rest_route=\/wp\/v2\/types\/page"}],"author":[{"embeddable":true,"href":"https:\/\/www.ukctuzla.ba\/ukctuzla\/index.php?rest_route=\/wp\/v2\/users\/1"}],"replies":[{"embeddable":true,"href":"https:\/\/www.ukctuzla.ba\/ukctuzla\/index.php?rest_route=%2Fwp%2Fv2%2Fcomments&post=469"}],"version-history":[{"count":22,"href":"https:\/\/www.ukctuzla.ba\/ukctuzla\/index.php?rest_route=\/wp\/v2\/pages\/469\/revisions"}],"predecessor-version":[{"id":19737,"href":"https:\/\/www.ukctuzla.ba\/ukctuzla\/index.php?rest_route=\/wp\/v2\/pages\/469\/revisions\/19737"}],"wp:featuredmedia":[{"embeddable":true,"href":"https:\/\/www.ukctuzla.ba\/ukctuzla\/index.php?rest_route=\/wp\/v2\/media\/16294"}],"wp:attachment":[{"href":"https:\/\/www.ukctuzla.ba\/ukctuzla\/index.php?rest_route=%2Fwp%2Fv2%2Fmedia&parent=469"}],"curies":[{"name":"wp","href":"https:\/\/api.w.org\/{rel}","templated":true}]}}