{"id":470,"date":"2021-06-21T09:53:51","date_gmt":"2021-06-21T08:53:51","guid":{"rendered":"http:\/\/10.0.0.65\/ukctuzla3\/?page_id=470"},"modified":"2026-04-15T14:05:32","modified_gmt":"2026-04-15T13:05:32","slug":"470-2","status":"publish","type":"page","link":"https:\/\/www.ukctuzla.ba\/ukctuzla\/?page_id=470&lang=bs","title":{"rendered":"KLINIKA ZA NEUROLOGIJU"},"content":{"rendered":"<p><strong>V.D. Na\u010delnik:<\/strong> Prof.dr.med.sc. Zikrija Dostovi\u0107<br \/>\n<strong>Glavni medicinski tehni\u010dar:<\/strong> Nermin Me\u0161i\u0107, MA zdravstvene njege i menad\u017ementa<br \/>\n<strong>Medicinska sestra na poslovima pobolj\u0161anja kvaliteta i edukaciju:<\/strong> Alma Vuleta, diplomirani medicinski tehni\u010dar (sestra) zdravstvene njege<br \/>\nKontakt: tel: 00 387 35 303 128<br \/>\ne-mail: info@ukctuzla.ba<br \/>\nKliniku za neurologiju \u010dine: 5 odjeljenja sa ukupno 50 kreveta<\/p>\n<p>&nbsp;<\/p>\n<p><span style=\"color: #3e6fa3;\"><strong>DJELATNOST KLINIKE<\/strong><\/span><\/p>\n<ul>\n<li>Dijagnostika i lije\u010denje bolesnika oboljelih od neuromi\u0161i\u0107nih bolesti<\/li>\n<li>Dijagnostika i lije\u010denje multiple skleroze i drugih demijeliniziraju\u0107ih oboljenja<\/li>\n<li>Dijagnostika i lije\u010denje mo\u017edanog udara (uklju\u010duju\u0107i primjenu tromboliti\u010dke terapije)<\/li>\n<li>Dijagnostika i lije\u010denje pacijenata sa epilepsijom i drugim krizama svijesti<\/li>\n<li>Dijagnostika i lije\u010denje pacijenata sa poreme\u0107ajem pokreta<\/li>\n<li>Primjena dijagnosti\u010dkih i terapijskih postupaka kod pacijenata sa glavoboljom i drugim neurolo\u0161kim bolnim sindromima<\/li>\n<li>Pregled, opservacija i tretman u dnevnoj bolnici<\/li>\n<\/ul>\n<p>&nbsp;<\/p>\n<p><strong><span style=\"color: #3e6fa3;\">KADROVSKA STRUKTURA<\/span><\/strong><br \/>\nKlinika za neurologiju je nastavna baza za Medicinski fakultet (uklju\u010duju\u0107i i Odsjek zdravstvenih studija), Edukacijsko-rehabilitacijski fakultet Univerziteta u Tuzli i Srednjih medicinskih \u0161kola iz TK.<br \/>\nAnga\u017eovano je 7 ljekara u nastavnom procesu:<\/p>\n<ul>\n<li>Prof.dr.med.sc. D\u017eevdet Smajlovi\u0107, redovni profesor,<\/li>\n<li>Prof.dr.med.sc. Omer \u0106.Ibrahimagi\u0107, redovni profesor,<\/li>\n<li>Prof.dr.med.sc. Zikrija Dostovi\u0107, vanredni profesor<\/li>\n<li>Prof.dr.med.sc. Renata Hod\u017ei\u0107, vanredni profesor<\/li>\n<li>Doc.dr.med.sc.prim. Larisa Kova\u010devi\u0107<\/li>\n<li>Doc.dr.med.sc.prim. Denisa Salihovi\u0107<\/li>\n<li>Doc.dr.med.sc. Zejneba Pa\u0161i\u0107<\/li>\n<\/ul>\n<p><strong>U Klinici radi 67 zaposlenika<\/strong><br \/>\nLjekari specijalisti: 15<br \/>\nLjekari na specijalizaciji: 1<br \/>\nLjekari sekundarci: 1<br \/>\nDiplomirane medicinske sestre\/tehni\u010dari: 11<br \/>\nMedicinske sestre\/tehni\u010dari: 34<br \/>\nLogopedi: 2<br \/>\nTehni\u010dki Sekratar Klinike: 1<br \/>\nPratioci bolesnika: 2<\/p>\n<p><strong>Logopedski tim<\/strong><br \/>\nEnsala Brki\u0107, mr.sci., dipl.defektolog-logoped<br \/>\nAdisa Suba\u0161i\u0107, dipl. Defektolog-logoped<\/p>\n<p><strong>Tim za ranu rehabilitaciju<\/strong><br \/>\nEna Top\u010di\u0107, specijalista fizijatar<br \/>\nEdina Glu\u0161ac, fizioterapeut<br \/>\nKemal Glu\u0161ac, fizioterapeut<br \/>\n\u010clanovi Tima za ranu rehabilitaciju su uposlenici Klinike za fizikalnu medicinu i rehabilitaciju.<\/p>\n<p>&nbsp;<\/p>\n<p><span style=\"color: #3e6fa3;\"><strong>ORGANIZACIONA STRUKTURA<\/strong><\/span><\/p>\n<ul>\n<li>Odjeljenje Neurolo\u0161ka poliklinika sa dnevnom bolnicom<\/li>\n<li>Odjeljenje za cerebrovaskularne bolesti<\/li>\n<li>Odjeljenje \u2013 Jedinica za lije\u010denje mo\u017edanog udara<\/li>\n<li>Odjeljenje za op\u0161tu neurologiju<\/li>\n<li>Odjeljenje za klini\u010dku neurofiziologiju<\/li>\n<\/ul>\n<p>&nbsp;<\/p>\n<p><span style=\"color: #3e6fa3;\"><strong>Odjeljenje Neurolo\u0161ka poliklinika sa dnevnom bolnicom<\/strong><\/span><br \/>\n<strong>\u0160ef odjeljenja:<\/strong> Prof.dr.med.sc. Omer \u0106. Ibrahimagi\u0107<br \/>\n<strong>Odovorni medicinski tehni\u010dar\/sestra:<\/strong> Mirjana Juki\u0107, diplomirana medicinska sestra<\/p>\n<p>&nbsp;<\/p>\n<p><span style=\"color: #3e6fa3;\"><strong>Ambulante<\/strong><\/span><\/p>\n<ol>\n<li>Prijemna ambulanta<\/li>\n<li>Specijalisti\u010dke ambulante:\n<ul>\n<li>Ambulanta za cerebrovaskularne bolesti<\/li>\n<li>Ambulanta za poreme\u0107aje pokreta<\/li>\n<li>Ambulanta za neuromi\u0161i\u0107ne bolesti<\/li>\n<li>Ambulanta za epilepsije<\/li>\n<li>Ambulanta za multiplu sklerozu<\/li>\n<li>Ambulanta za glavobolje<\/li>\n<li>Defektolo\u0161ko-logopedska ambulanta<\/li>\n<\/ul>\n<\/li>\n<\/ol>\n<p>Prijemna ambulanta ima 24-satno radno vrijeme, dok je rad u specijalisti\u010dkim ambulantama svaki radni dan od 07,30-16,00 h<br \/>\n<strong>Dodatne informacije i zakazivanje pregleda<\/strong> u specijalisti\u010dkoj ambulanti se vr\u0161i svaki radni dan od 08,00-9,30 h i od 14,00-15,30h na tel. 035\/ 303-345<\/p>\n<p>&nbsp;<\/p>\n<p><span style=\"color: #3e6fa3;\"><strong>Dnevna bolnica<\/strong><\/span><br \/>\nU dnevnu bolnicu se primaju pacijenti kojima je neophodna kratkotrajna primjena terapije u bolni\u010dkim uslovima.<\/p>\n<p><span style=\"color: #3e6fa3;\"><strong>Kabineti<\/strong><\/span><\/p>\n<ul>\n<li>Kabinet za EEG (elektroencefalografija)<\/li>\n<li>Kabinet za EP (evocirani potencijali)<\/li>\n<li>Kabinet za EMNG (elektromioneurografija)<\/li>\n<li>Kabinet za Dopler sonografiju<\/li>\n<li>Kabinet za video EEG monitoring<\/li>\n<li>Kabinet za UZ perifernih nerava<\/li>\n<\/ul>\n<p><strong>Informacije se mogu dobiti radnim danom na brojeve telefona:<\/strong><br \/>\n1. EEG 035\/ 303-348<br \/>\n2. EMNG 035\/ 303-325<br \/>\n3. EP 035\/ 303-354<br \/>\n4. Dopler sonografija 035\/303-128<br \/>\n5. UZ perifernih nerava 035\/303-128<\/p>\n<p>&nbsp;<\/p>\n<p style=\"text-align: justify;\"><span style=\"color: #3e6fa3;\"><strong>Odjeljenje za cerebrovaskularne bolesti<\/strong><\/span><br \/>\n<strong>\u0160ef odjeljenja:<\/strong> Prof.dr.med.sc. D\u017eevdet Smajlovi\u0107<br \/>\n<strong>Odgovorni medicinski tehni\u010dar:<\/strong> Had\u017ei\u0107 Adisa, dipl.med.sestra<br \/>\n<strong>Ljekari na odjeljenju:<\/strong> Doc.dr.med.sc.prim. Denisa Salihovi\u0107, dr Alena Burgi\u0107 Gibi\u0107, dr Red\u017ei\u0107 Lejla<br \/>\nOdjeljenje za cerebrovaskularne bolesti je predvi\u0111eno za lije\u010denje vitalno ugro\u017eenih bolesnika i opremljeno je u skladu s najsavremenijim medicinsko-tehni\u010dkim standardima. Na ukupno 15 kreveta lije\u010de se bolesnici sa urgentnim neurolo\u0161kim bolestima: akutni mo\u017edani udar; kome poznate i nepoznate etiologije; epilepti\u010dni statusi i serijski epilepti\u010dni napadi; neuromi\u0161i\u0107na krizna stanja (mijastenija gravis, akutni poliradikuloneuritis, akutni miozitis); ostala urgentna stanja u neurologiji koja zahtjevaju intenzivnu medicinsku njegu.<br \/>\n<strong>Za dodatne informacije se mo\u017eete obratiti na telefone 035\/ 303-130 ; 035\/ 303-471 ; 035\/ 303-132<\/strong><\/p>\n<p>&nbsp;<\/p>\n<p style=\"text-align: justify;\"><span style=\"color: #3e6fa3;\"><strong>Odjeljenje \u2013 Jedinica za lije\u010denje mo\u017edanog udara<\/strong><\/span><br \/>\n<strong>\u0160ef Odjeljenja:<\/strong> Doc.dr.med.sc. Zejneba Pa\u0161i\u0107<br \/>\n<strong>Odgovorni medicinski tehni\u010dar:<\/strong> Husejnovi\u0107 Amel, dipl.med.tehni\u010dar<br \/>\n<strong>Ljekari na odjeljenju:<\/strong> dr Mirna Saletovi\u0107 Selimba\u0161i\u0107, dr Nermina Klopi\u0107<br \/>\nJedinica za lije\u010denje mo\u017edanog udara (JLMU) koja je formirana 2007. godine i inicirala je prvu upotrebu tromboliti\u010dke terapije na teritoriji FBiH 2008. godine. JLMU raspola\u017ee sa 8 kreveta i centralnim sistemom kontrole vitalnih funkcija. Svaki krevet ima pristup monitoru za pra\u0107enje vitalnih funkcija, sistem za doziranu aplikaciju intravenske terapije i mogu\u0107nost kori\u0161tenja kiseonika i negativnog pritiska.<br \/>\n<strong>Za dodatne informacije se mo\u017eete obratiti na telefon 035\/ 303-130; 035\/ 303-132<\/strong><\/p>\n<p>&nbsp;<\/p>\n<p style=\"text-align: justify;\"><span style=\"color: #3e6fa3;\"><strong>Odjeljenje op\u0161te neurologije<\/strong><\/span><br \/>\n<strong>\u0160ef Odjeljenja:<\/strong> Doc.dr.med.sc.prim. Larisa Kova\u010devi\u0107<br \/>\n<strong>Odgovorni medicinski tehni\u010dar:<\/strong> Almira Kulani\u0107, dipl.med. sestra<br \/>\n<strong>Ljekari na odjeljenju:<\/strong> Prim.dr. Iljazovi\u0107 Amra, Prim.dr. Lejla Zoni\u0107, mr.med.sc., Dr Avdi\u0107 Leila.<br \/>\nDjelokrug rada na Odjeljenju op\u0161te neurologije: primjena dijagnosti\u010dkih i terapijskih postupaka kod pacijenata sa epilepsijom i drugim krizama svijesti; primjena dijagnosti\u010dkih i terapijskih postupaka kod pacijenata sa poreme\u0107ajem pokreta; primjena dijagnosti\u010dkih i terapijskih postupaka kod pacijenata sa cerebrovaskularnim bolestima sa umjerenim neurolo\u0161kim deficitom, te te\u017eim deficitom u subakutnoj fazi; primjena dijagnosti\u010dkih i terapijskih postupaka kod pacijenata sa glavoboljom i drugim neurolo\u0161kim bolnim sindromima; standardni EEG; Video i EEG monitoring; Intraoperativni EEG monitoring (tokom karotidne endarterektomije).<br \/>\n<strong>Za dodatne informacije se mo\u017eete obratiti na telefon: 035\/ 303-346 ; 035\/303-349 ; 035\/303-472 ; 035\/ 303-253<\/strong><\/p>\n<p>&nbsp;<\/p>\n<p style=\"text-align: justify;\"><span style=\"color: #3e6fa3;\"><strong>Odjeljenje za klini\u010dku neurofiziologiju<\/strong><\/span><br \/>\n<strong>\u0160ef odjeljenja:<\/strong> Prof.dr.med.sc. Renata Hod\u017ei\u0107<br \/>\n<strong>Odgovorni medicinski tehni\u010dar:<\/strong> Goran Koji\u0107, diplomirani medicinski tehni\u010dar zdravstvene njege<br \/>\n<strong>Ljekari na odjeljenju:<\/strong> dr Nerimana Suljkanovi\u0107<br \/>\nDjelokrug rada Odjeljenja za klini\u010dku neurofiziologiju: dijagnostika i lije\u010denje neuromi\u0161i\u0107nih bolesti; dijagnostika i lije\u010denje demijeliniziraju\u0107ih bolesti; dijagnostika i lije\u010denje rijetkih neurolo\u0161kih bolesti; dijagnostika nedefinisanih\/komplikovanih neurolo\u0161kih poreme\u0107aja; terapija fokalnih distonija Botulin toksinom; klini\u010dka elektromioneurografija; evocirani potencijali.<br \/>\nZa dodatne informacije se mo\u017eete obratiti na brojeve telefona: 035\/ 303 346 ; 035\/ 303 349<\/p>\n<p>&nbsp;<\/p>\n<p><strong><a href=\"https:\/\/www.ukctuzla.ba\/ukctuzla\/wp-content\/uploads\/2016\/02\/NeurologijaKnjige.pdf\" target=\"_blank\" rel=\"noopener\"><span style=\"vertical-align: inherit;\"><span style=\"vertical-align: inherit;\">Knjige \/ poglavlja u knjigama (pdf)<\/span><\/span><\/a><\/strong><\/p>\n","protected":false},"excerpt":{"rendered":"<p>V.D. Na\u010delnik: Prof.dr.med.sc. Zikrija Dostovi\u0107 Glavni medicinski tehni\u010dar: Nermin Me\u0161i\u0107, MA zdravstvene njege i menad\u017ementa Medicinska sestra na poslovima pobolj\u0161anja kvaliteta i edukaciju: Alma Vuleta, diplomirani medicinski tehni\u010dar (sestra) zdravstvene njege Kontakt: tel: 00 387 35 303 128 e-mail: info@ukctuzla.ba Kliniku za neurologiju \u010dine: 5 odjeljenja sa ukupno 50 kreveta &nbsp; DJELATNOST KLINIKE Dijagnostika i&hellip;<\/p>\n","protected":false},"author":1,"featured_media":16294,"parent":0,"menu_order":0,"comment_status":"closed","ping_status":"closed","template":"","meta":{"footnotes":""},"class_list":["post-470","page","type-page","status-publish","has-post-thumbnail","hentry","description-off"],"_links":{"self":[{"href":"https:\/\/www.ukctuzla.ba\/ukctuzla\/index.php?rest_route=\/wp\/v2\/pages\/470","targetHints":{"allow":["GET"]}}],"collection":[{"href":"https:\/\/www.ukctuzla.ba\/ukctuzla\/index.php?rest_route=\/wp\/v2\/pages"}],"about":[{"href":"https:\/\/www.ukctuzla.ba\/ukctuzla\/index.php?rest_route=\/wp\/v2\/types\/page"}],"author":[{"embeddable":true,"href":"https:\/\/www.ukctuzla.ba\/ukctuzla\/index.php?rest_route=\/wp\/v2\/users\/1"}],"replies":[{"embeddable":true,"href":"https:\/\/www.ukctuzla.ba\/ukctuzla\/index.php?rest_route=%2Fwp%2Fv2%2Fcomments&post=470"}],"version-history":[{"count":48,"href":"https:\/\/www.ukctuzla.ba\/ukctuzla\/index.php?rest_route=\/wp\/v2\/pages\/470\/revisions"}],"predecessor-version":[{"id":21204,"href":"https:\/\/www.ukctuzla.ba\/ukctuzla\/index.php?rest_route=\/wp\/v2\/pages\/470\/revisions\/21204"}],"wp:featuredmedia":[{"embeddable":true,"href":"https:\/\/www.ukctuzla.ba\/ukctuzla\/index.php?rest_route=\/wp\/v2\/media\/16294"}],"wp:attachment":[{"href":"https:\/\/www.ukctuzla.ba\/ukctuzla\/index.php?rest_route=%2Fwp%2Fv2%2Fmedia&parent=470"}],"curies":[{"name":"wp","href":"https:\/\/api.w.org\/{rel}","templated":true}]}}