{"id":474,"date":"2022-12-12T08:57:28","date_gmt":"2022-12-12T07:57:28","guid":{"rendered":"http:\/\/10.0.0.65\/ukctuzla3\/?page_id=474"},"modified":"2025-10-09T13:06:28","modified_gmt":"2025-10-09T12:06:28","slug":"klinika-za-psihijatriju","status":"publish","type":"page","link":"https:\/\/www.ukctuzla.ba\/ukctuzla\/?page_id=474&lang=bs","title":{"rendered":"KLINIKA ZA PSIHIJATRIJU"},"content":{"rendered":"<p><strong>V.d. Na\u010delnika:<\/strong> Prim.dr.med.sc. Nerminka dr. Aljuki\u0107<br \/>\n<strong>Glavna medicinska sestra<\/strong> Emina Hujdur, diplomirani medicinski tehni\u010dar\/sestra<br \/>\n<strong>Medicinska sestra za poslove pobolj\u0161anja kvaliteta i edukaciju:<\/strong> Mladenka Ivani\u0107, diplomirani medicinski tehni\u010dar\/sestra<br \/>\n<strong>Tehni\u010dki sekretar:<\/strong> Emir Faji\u0107<\/p>\n<p><strong>Kontakt:<\/strong><br \/>\ne-mail: info@ukctuzla.ba<br \/>\nadresa: Rate Dugonji\u0107a bb<br \/>\ntel.: 00 387 35 267 111<br \/>\nfax.: 00387 35 268 011<\/p>\n<p><a href=\"https:\/\/www.ukctuzla.ba\/ukctuzla\/wp-content\/uploads\/2018\/01\/UKC_renders_Photo-213.4.2018G.jpg\"><img loading=\"lazy\" decoding=\"async\" class=\"alignnone size-medium wp-image-5898\" src=\"https:\/\/www.ukctuzla.ba\/ukctuzla\/wp-content\/uploads\/2018\/01\/UKC_renders_Photo-213.4.2018G-300x158.jpg\" alt=\"\" width=\"300\" height=\"158\" srcset=\"https:\/\/www.ukctuzla.ba\/ukctuzla\/wp-content\/uploads\/2018\/01\/UKC_renders_Photo-213.4.2018G-300x158.jpg 300w, https:\/\/www.ukctuzla.ba\/ukctuzla\/wp-content\/uploads\/2018\/01\/UKC_renders_Photo-213.4.2018G-768x403.jpg 768w, https:\/\/www.ukctuzla.ba\/ukctuzla\/wp-content\/uploads\/2018\/01\/UKC_renders_Photo-213.4.2018G.jpg 1000w\" sizes=\"auto, (max-width: 300px) 100vw, 300px\" \/><\/a><\/p>\n<p><span style=\"color: #800000;\">&#8220;Projekat u toku- rekonstrukcija Odjeljenja dje\u010dije i adolescentne psihijatrije&#8221;\u00a0 <a href=\"https:\/\/www.ukctuzla.ba\/ukctuzla\/?page_id=5900&amp;lang=bs\">Vi\u0161e<\/a><\/span><\/p>\n<p>&nbsp;<\/p>\n<p style=\"text-align: justify;\">Kliniku za psihijatriju \u010dini \u0161est odjeljenja sa ukupno 70 kreveta, dnevna bolnica sa 28 stolica, dvije ambulante i 14 kabineta sa 71 uposlenika: 12 ljekara specijalista (od \u010dega 9 subspecijalista), 6 ljekara na specijalizaciji, 9 diplomiranih medicinskih sestara, 1 vi\u0161i medicinski tehni\u010dar i 34 srednja medicinska sestra\/tehni\u010dar, 2 klini\u010dka psihologa, 3 terapeuta, 1 tehni\u010dki sekretar, 1 ekonom i 2 pratioca bolesnika.<\/p>\n<p>&nbsp;<\/p>\n<p><strong>DJELATNOST KLINIKE<\/strong><\/p>\n<ul>\n<li>Visokodiferencirane usluge tercijarnog nivoa zdravstvene za\u0161tite za osobe sa psihi\u010dkim poreme\u0107ajima i poreme\u0107ajima pona\u0161anja svih dobnih uzrasta;<\/li>\n<li>Usluge sekundarnog nivoa zdravstvene za\u0161tite za psihijatrijskie pacijenate svih dobnih uzrasta;<\/li>\n<li>Najsavremeniji dijagnosti\u010dki i terapijski postupci u lije\u010denju psihijatrijskih poreme\u0107aja;<\/li>\n<li>Biolo\u0161ka terapija: psihofarmakoterapija, elektrostimulativna terapija;<\/li>\n<li>Psihoterapija: grupna analiza, porodi\u010dna sistemska psihoterapija, kognitivno-bihejvioralna terapija (KBT), EMDR (Desenzitizacija i reprocesiranje pokretima o\u010diju), ge\u0161talt psihoterapija, ABA terapija (Primjenjena analiza pona\u0161anja);<\/li>\n<li>Socioterapija: grupna terapija, terapijska zajednica, okupaciona terapija, art terapija, klub lije\u010denih alkoholi\u010dara, klub ovisnika o kocki;<\/li>\n<li>Nau\u010dno istra\u017eiva\u010dki rad, edukacija, organizacija stru\u010dnih i nau\u010dnih skupova;<\/li>\n<li>Nastavna baza za Medicinski fakultet Univerziteta u Tuzli;<\/li>\n<\/ul>\n<p>&nbsp;<\/p>\n<p><strong>ORGANIZACIONA STRUKTURA<\/strong><\/p>\n<p><strong>Odjeljenja<\/strong><\/p>\n<ul>\n<li>Odjeljenje za akutna stanja i poluintenzivnu njegu<\/li>\n<li>Odjeljenje za klini\u010dku psihijatriju<\/li>\n<li>Odjeljenje za socijalnu psihijatriju<\/li>\n<li>Odjeljenje za traumatske stresne poreme\u0107aje<\/li>\n<li>Odjeljenje za neurotske poreme\u0107aje i psihosomatiku<\/li>\n<li>Odjeljenje za dje\u010diju i adolescentnu psihijatriju<\/li>\n<\/ul>\n<p>&nbsp;<\/p>\n<p><strong>DNEVNA BOLNICA<\/strong><\/p>\n<p>&nbsp;<\/p>\n<p><strong>Kabineti<\/strong><\/p>\n<ul>\n<li>Kabinet za elektroencefalografiju i evocirane potencijale<\/li>\n<li>Kabinet za elektrostimulativnu terapiju<\/li>\n<li>Kabinet za katamnesti\u010dko pra\u0107enje psihoti\u010dnih poreme\u0107aja<\/li>\n<li>Kabinet za psihijatrijsku genetiku<\/li>\n<li>Kabinet za katamnesti\u010dko pra\u0107enje afektivnih poreme\u0107aja<\/li>\n<li>Kabinet za dje\u010diju psihijatriju<\/li>\n<li>Kabinet za prevenciju ovisnosti o drogama<\/li>\n<li>Kabinet za prevenciju ovisnosti o alkoholu<\/li>\n<li>Kabinet za sistematsku desenzitizaciju i spiritualnu terapiju<\/li>\n<li>Kabinet za psihijatrijsku epidemiologiju<\/li>\n<li>Kabinet za psihogerijatriju<\/li>\n<li>Kabinet za klini\u010dku psihologiju i psihometriju<\/li>\n<li>Kabinet za liaison psihijatriju<\/li>\n<li>Kabinet za unapre\u0111enje mentalnog zdravlja mladih<\/li>\n<\/ul>\n<p>&nbsp;<\/p>\n<p><strong>Ambulante<\/strong><\/p>\n<ul>\n<li>Prijemna ambulanta<\/li>\n<li>Specijalisti\u010dka ambulanta<\/li>\n<\/ul>\n<p>&nbsp;<\/p>\n<p>&nbsp;<\/p>\n<p style=\"font-style: inherit; font-weight: inherit; text-align: center;\"><a style=\"font-style: inherit; font-weight: inherit;\" href=\"https:\/\/www.ukctuzla.ba\/ukctuzla\/?page_id=469\" target=\"_blank\" rel=\"noopener\">VI\u0160E O &#8230;<\/a><\/p>\n","protected":false},"excerpt":{"rendered":"<p>V.d. Na\u010delnika: Prim.dr.med.sc. Nerminka dr. Aljuki\u0107 Glavna medicinska sestra Emina Hujdur, diplomirani medicinski tehni\u010dar\/sestra Medicinska sestra za poslove pobolj\u0161anja kvaliteta i edukaciju: Mladenka Ivani\u0107, diplomirani medicinski tehni\u010dar\/sestra Tehni\u010dki sekretar: Emir Faji\u0107 Kontakt: e-mail: info@ukctuzla.ba adresa: Rate Dugonji\u0107a bb tel.: 00 387 35 267 111 fax.: 00387 35 268 011 &#8220;Projekat u toku- rekonstrukcija Odjeljenja dje\u010dije&hellip;<\/p>\n","protected":false},"author":1,"featured_media":16294,"parent":0,"menu_order":0,"comment_status":"closed","ping_status":"closed","template":"","meta":{"footnotes":""},"class_list":["post-474","page","type-page","status-publish","has-post-thumbnail","hentry","description-off"],"_links":{"self":[{"href":"https:\/\/www.ukctuzla.ba\/ukctuzla\/index.php?rest_route=\/wp\/v2\/pages\/474","targetHints":{"allow":["GET"]}}],"collection":[{"href":"https:\/\/www.ukctuzla.ba\/ukctuzla\/index.php?rest_route=\/wp\/v2\/pages"}],"about":[{"href":"https:\/\/www.ukctuzla.ba\/ukctuzla\/index.php?rest_route=\/wp\/v2\/types\/page"}],"author":[{"embeddable":true,"href":"https:\/\/www.ukctuzla.ba\/ukctuzla\/index.php?rest_route=\/wp\/v2\/users\/1"}],"replies":[{"embeddable":true,"href":"https:\/\/www.ukctuzla.ba\/ukctuzla\/index.php?rest_route=%2Fwp%2Fv2%2Fcomments&post=474"}],"version-history":[{"count":21,"href":"https:\/\/www.ukctuzla.ba\/ukctuzla\/index.php?rest_route=\/wp\/v2\/pages\/474\/revisions"}],"predecessor-version":[{"id":19734,"href":"https:\/\/www.ukctuzla.ba\/ukctuzla\/index.php?rest_route=\/wp\/v2\/pages\/474\/revisions\/19734"}],"wp:featuredmedia":[{"embeddable":true,"href":"https:\/\/www.ukctuzla.ba\/ukctuzla\/index.php?rest_route=\/wp\/v2\/media\/16294"}],"wp:attachment":[{"href":"https:\/\/www.ukctuzla.ba\/ukctuzla\/index.php?rest_route=%2Fwp%2Fv2%2Fmedia&parent=474"}],"curies":[{"name":"wp","href":"https:\/\/api.w.org\/{rel}","templated":true}]}}