{"id":479,"date":"2020-09-07T06:59:43","date_gmt":"2020-09-07T05:59:43","guid":{"rendered":"http:\/\/10.0.0.65\/ukctuzla3\/?page_id=479"},"modified":"2025-09-24T12:23:24","modified_gmt":"2025-09-24T11:23:24","slug":"klinika-za-plucne-bolesti","status":"publish","type":"page","link":"https:\/\/www.ukctuzla.ba\/ukctuzla\/?page_id=479&lang=bs","title":{"rendered":"KLINIKA ZA PLU\u0106NE BOLESTI"},"content":{"rendered":"<p><strong>Na\u010delnik Klinike za plu\u0107ne bolesti:<\/strong> Prim.dr Nada Remeti\u0107 (punomo\u0107 br.02-07\/2-2933\/24)<br \/>\n<strong>Glavni tehni\u010dar:<\/strong> Jasmin Halilovi\u0107, dipl.med.tehni\u010dar, 00387 35 293 488; 00387 35 306 656;<br \/>\n<strong>Medicinska sestra za poslove pobolj\u0161anja kvaliteta i edukacije :<\/strong> Amra Fi\u0161ekovi\u0107, dipl.med.sestra, 00387 35 306 646<br \/>\n<strong>Sekretar Klinike:<\/strong> Izeta Kahri\u0107, tehni\u010dki sekretar, 00387 35 306 656<br \/>\n<strong>Kontakt: e-mail:<\/strong> info@ukctuzla.ba<\/p>\n<p style=\"text-align: justify;\">Klinika za plu\u0107ne bolesti je smje\u0161tena na lokalitetu naselja Slavinovi\u0107i, na 3000 kvadratnih metara najsavremenijeg bolni\u010dkog prostora uklju\u010duju\u0107i i multimedijalni amfiteatar sa 80 mjesta.<\/p>\n<p>&nbsp;<\/p>\n<p><strong>ORGANIZACIONA STRUKTURA<\/strong><br \/>\n<strong>ODJELJENJA:<\/strong><\/p>\n<ul>\n<li>Odjeljenje za pulmoalergologiju<\/li>\n<li>Odjeljenje za nespecifi\u010dne plu\u0107ne bolesti<\/li>\n<li>Odjeljenje za maligne bolesti<\/li>\n<li>Odjeljenje za tuberkulozu<\/li>\n<li>Odjeljenje za poluintenzivnu njegu<\/li>\n<\/ul>\n<p>&nbsp;<\/p>\n<p><strong>POLIKLINIKA<\/strong><br \/>\n<strong>Odgovorni medicinski tehni\u010dar:<\/strong> Mirza \u0106ori\u0107, magistar zdravstvene njege i menad\u017ementa<br \/>\n035 306-647; 035 306-661<\/p>\n<p>&nbsp;<\/p>\n<p><strong>AMBULANTE:<\/strong><\/p>\n<ul>\n<li>Prijemna ambulanta<\/li>\n<li>Specijalisti\u010dka ambulanta<\/li>\n<\/ul>\n<p><strong>SAVJETOVALI\u0160TA:<\/strong><\/p>\n<ul>\n<li>Savjetovali\u0161te za hroni\u010dne i nespecifi\u010dne plu\u0107ne bolesti<\/li>\n<li>Savjetovali\u0161te za alergijske bolesti plu\u0107a<\/li>\n<li>Savjetovali\u0161te za tuberkulozu plu\u0107a<\/li>\n<li>Savjetovali\u0161te za maligna oboljenja plu\u0107a<\/li>\n<\/ul>\n<p>&nbsp;<\/p>\n<p><strong>KABINETI:<\/strong><\/p>\n<ul>\n<li>Bronholo\u0161ki kabinet<\/li>\n<li>Kabinet za funkcionalno ispitivanje respiratorne sposobnosti<\/li>\n<li>Rtg kabinet<\/li>\n<li>Alergolo\u0161ki kabinet<\/li>\n<li>Kabinet za polisomnografija<\/li>\n<\/ul>\n<p>&nbsp;<\/p>\n<p>&nbsp;<\/p>\n<p>&nbsp;<\/p>\n<div style=\"text-align: center;\">\u00a0<a href=\"https:\/\/www.ukctuzla.ba\/ukctuzla\/?page_id=480\" target=\"_blank\" rel=\"noopener\">VI\u0160E O &#8230;<\/a><\/div>\n","protected":false},"excerpt":{"rendered":"<p>Na\u010delnik Klinike za plu\u0107ne bolesti: Prim.dr Nada Remeti\u0107 (punomo\u0107 br.02-07\/2-2933\/24) Glavni tehni\u010dar: Jasmin Halilovi\u0107, dipl.med.tehni\u010dar, 00387 35 293 488; 00387 35 306 656; Medicinska sestra za poslove pobolj\u0161anja kvaliteta i edukacije : Amra Fi\u0161ekovi\u0107, dipl.med.sestra, 00387 35 306 646 Sekretar Klinike: Izeta Kahri\u0107, tehni\u010dki sekretar, 00387 35 306 656 Kontakt: e-mail: info@ukctuzla.ba Klinika za plu\u0107ne&hellip;<\/p>\n","protected":false},"author":1,"featured_media":16294,"parent":0,"menu_order":0,"comment_status":"closed","ping_status":"closed","template":"","meta":{"footnotes":""},"class_list":["post-479","page","type-page","status-publish","has-post-thumbnail","hentry","description-off"],"_links":{"self":[{"href":"https:\/\/www.ukctuzla.ba\/ukctuzla\/index.php?rest_route=\/wp\/v2\/pages\/479","targetHints":{"allow":["GET"]}}],"collection":[{"href":"https:\/\/www.ukctuzla.ba\/ukctuzla\/index.php?rest_route=\/wp\/v2\/pages"}],"about":[{"href":"https:\/\/www.ukctuzla.ba\/ukctuzla\/index.php?rest_route=\/wp\/v2\/types\/page"}],"author":[{"embeddable":true,"href":"https:\/\/www.ukctuzla.ba\/ukctuzla\/index.php?rest_route=\/wp\/v2\/users\/1"}],"replies":[{"embeddable":true,"href":"https:\/\/www.ukctuzla.ba\/ukctuzla\/index.php?rest_route=%2Fwp%2Fv2%2Fcomments&post=479"}],"version-history":[{"count":29,"href":"https:\/\/www.ukctuzla.ba\/ukctuzla\/index.php?rest_route=\/wp\/v2\/pages\/479\/revisions"}],"predecessor-version":[{"id":19609,"href":"https:\/\/www.ukctuzla.ba\/ukctuzla\/index.php?rest_route=\/wp\/v2\/pages\/479\/revisions\/19609"}],"wp:featuredmedia":[{"embeddable":true,"href":"https:\/\/www.ukctuzla.ba\/ukctuzla\/index.php?rest_route=\/wp\/v2\/media\/16294"}],"wp:attachment":[{"href":"https:\/\/www.ukctuzla.ba\/ukctuzla\/index.php?rest_route=%2Fwp%2Fv2%2Fmedia&parent=479"}],"curies":[{"name":"wp","href":"https:\/\/api.w.org\/{rel}","templated":true}]}}