{"id":480,"date":"2020-09-07T08:58:51","date_gmt":"2020-09-07T07:58:51","guid":{"rendered":"http:\/\/10.0.0.65\/ukctuzla3\/?page_id=480"},"modified":"2025-09-23T12:35:52","modified_gmt":"2025-09-23T11:35:52","slug":"vise-o-klinika-za-plucne-bolesti","status":"publish","type":"page","link":"https:\/\/www.ukctuzla.ba\/ukctuzla\/?page_id=480&lang=bs","title":{"rendered":"VI\u0160E O . . .KLINIKA ZA PLU\u0106NE BOLESTI"},"content":{"rendered":"<p style=\"text-align: justify;\"><strong>DJELATNOST KLINIKE:<\/strong><br \/>\nNa Klinici za plu\u0107ne bolesti vr\u0161i se dijagnostika i lije\u010denje plu\u0107nih bolesti, nespecifi\u010dnih i specifi\u010dnih(TBC) kao i dijagnosticiranje malignih oboljenja respiratornog trakta, izvode se bronhoskopije, polisomnografija, kao i kompletna pulmolo\u0161ka i alergolo\u0161ka obrada bolesnika, RTG i CT dijagnostika. Vr\u0161i se dijagnostika i nadzor profesionalnih plu\u0107nih oboljenja, upalnih, obstruktivnih i drugih plu\u0107nih bolesti. Provodi se plu\u0107na rehabilitacija, aktivna edukacija pacijenata, edukacija o pravilnoj upotrebi doznih aerosola, lije\u010di postprimarna tuberkuloza kod pacijenata starijih od 14 godina, kao i infekcije uzrokovane netuberkuloznim mikobakterijama. Vr\u0111i se lije\u010denje pacijenata oboljelih od hroni\u010dnih opstruktivnih plu\u0107nih oboljenja (hroni\u010dni bronhitis, astma, emfizem), pneumonija plu\u0107nih tromboembolija, hroni\u010dnog plu\u0107nog srca, sarkoidoze.<\/p>\n<p>Klinika za plu\u0107ne bolesti kapaciteta je 80 bolesni\u010dkih kreveta.<\/p>\n<p>&nbsp;<\/p>\n<p style=\"text-align: justify;\"><strong>ODJELJENJE ZA PULMOALERGOLOGIJU<\/strong><br \/>\n<strong>\u0160ef Odjeljenja:<\/strong> Dr D\u017eenan Halilovi\u0107 dr.med.sci, specijalista interne medicine, subspecijalista pulmologije.<br \/>\n<strong>Ljekari:<\/strong> Dr.Jovanka \u017divkovi\u0107, s pecijalista pneumoftiziolog; Dr.med.sci Jasmina Bo\u0161nji\u0107, specijalista interne medicine; Dr Sanja Mujkanovi\u0107 Mujezinovi\u0107, specijalista pulmolog; Dr Ena Smaji\u0107, specijalizant pulmologije; Dr Adna Ja\u0161arevi\u0107, specijalizant pulmologije.<br \/>\n<strong>Odgovorna medicinska sestra:<\/strong> Sandra Galu\u0161i\u0107, dipl.medicinar (sestra) zdravstvene njege<br \/>\nOdjeljenje za pulmoelergologiju, kapaciteta 15 kreveta, vr\u0161i se dijagnostika i nadzor profesionalnih plu\u0107nih oboljenja, upalnih, obstruktivnih i drugih plu\u0107nih bolesti. Provodi se plu\u0107na rehabilitacija, aktivna edukacija pacijenata, edukacija o pravilnoj upotrebi doznih aerosola, redovna je i svakodnevna aktivnost u radu medicinskih sestara. Edukacija pacijenata se obavlja i putem \u201eAstma \u0161kole\u201c, koja se organizuje za pacijente.<br \/>\nRad na odjeljenju je usko vezan sa radom kabineta za alergologiju, polisomnografiju i funkcionalno ispitivanje, gdje se vr\u0161i bodypletismografsko ispitivanje plu\u0107ne funkcije sa odre\u0111ivanjem krivulje protoka \u2013 volumen, spirometrijski pregled plu\u0107ne funkcije, odre\u0111ivanje difuzijskog kapaciteta, odre\u0111ivanje acidobaznog statusa, elektrolita i vrijednosti \u0160UK-a, te bronhodilatatorno i bronhoprovokacijsko testiranje.<\/p>\n<p><strong><em>Sve dodatne informacije se mogu dobiti u terminu od 13:00-14:00 h na telefon: 035 306 653 (ambulanta-intervencija), 035 306 645 (ljekarska soba).<\/em><\/strong><\/p>\n<p>&nbsp;<\/p>\n<p style=\"text-align: justify;\"><strong>ODJELJENJE ZA NESPECIFI\u010cNE PLU\u0106NE BOLESTI<\/strong><br \/>\n<strong>\u0160ef Odjeljenja:<\/strong> Prim.dr. Sne\u017eana Kova\u010devi\u0107, specijalista pneumoftiziolog<br \/>\n<strong>Ljekari:<\/strong> Prim.dr.Indira Sejrani\u0107,specijalista pneumoftiziolog; Dr Azra Jusufovi\u0107, specijalista pulmolog; Dr Zerina Mu\u0161i\u0107, specijalizant pulmologije; Dr Alisa Imamovi\u0107, specijalizant pulmologije.<br \/>\n<strong>Odgovorna medicinska sestra:<\/strong> Adela Kne\u017eevi\u0107, dipl.med.sestra<br \/>\nNa Odjeljenju za nespecifi\u010dna plu\u0107na oboljenja, kapaciteta 16 kreveta, vr\u0161i se dijagnostika i lije\u010denje pacijenata oboljelih od hroni\u010dnih opstruktivnih plu\u0107nih oboljenja (hroni\u010dni bronhitis, astma, emfizem), pneumonija plu\u0107nih tromboembolija, hroni\u010dnog plu\u0107nog srca i druga obojenja osim tuberkuloze. Provodi se plu\u0107na rehabilitacija, aktivna edukacija pacijenata, edukacija o pravilnoj upotrebi doznih aerosola, takozvanih pumpica, redovna je i svakodnevna aktivnost u radu medicinskih sestara, edukacija pacijenata se obavlja i putem \u201eAstma \u0161kole\u201c, koja se prire\u0111uje za pacijente.<br \/>\nRad na odjeljenju je usko vezan sa radom Kabineta za alergologiju, polisomnografiju i funkcionalno ispitivanje, gdje se vr\u0161i bodypletismografsko ispitivanje plu\u0107ne funkcije sa odre\u0111ivanjem krivulje protoka \u2013 volumen, spirometrijski pregled plu\u0107ne funkcije, odre\u0111ivanje difuzijskog kapaciteta, odre\u0111ivanje acidobaznog statusa, elektrolita i vrijednosti \u0160UK-a, te bronhodilatatorno i bronhoprovokacijsko testiranje .<\/p>\n<p><em><strong>Dodatne informacije se mogu dobiti u terminu 13:00-14:00 h na telefon 035 306-655 (ambulanta- intervencija), 035 306 668 ( ljekarska soba).<\/strong><\/em><\/p>\n<p>&nbsp;<\/p>\n<p style=\"text-align: justify;\"><strong>ODJELJENJE ZA MALIGNE BOLESTI<\/strong><br \/>\n<strong>\u0160ef Odjeljenja:<\/strong> Prim.dr Nada Remeti\u0107, specijalista pneumoftiziolog<br \/>\n<strong>Ljekari:<\/strong> Prim.dr. Ljubica \u0160imi\u0107 Bosanki\u0107, specijalista pneumoftiziolog; Dr Sejan Omeragi\u0107, specijalista pulmolog; Dr Medina Bandovi\u0107 Kuduzovi\u0107, specijalista pulmolog; Dr Jasmina Bekri\u0107, specijalizant pulmologije<br \/>\n<strong>Odgovorna medicinska sestra:<\/strong> Maida Kari\u0107, diplomirana medicinska sestra<\/p>\n<p>Na Odjeljenju za maligne bolesti, kapaciteta 21 krevet,vr\u0161i se dijagnostika i lije\u010denje pacijenata sa sumnjom na maligno oboljenje plu\u0107a.<\/p>\n<p><em><strong>Sve dodatne informacije se mogu dobiti u terminu od 13:00-14:00 h na telefon: 035 306 642 (ambulanta-intervencija), 035 306 662 (ljekarska soba).<\/strong><\/em><\/p>\n<p>&nbsp;<\/p>\n<p style=\"text-align: justify;\"><strong>ODJELJENJE ZA TUBERKULOZU<\/strong><br \/>\n<strong>\u0160ef Odjeljenja:<\/strong> Dr Abdurahman Red\u017eepagi\u0107, specijalista pneumoftiziolog<br \/>\n<strong>Ljekari:<\/strong> Dr Diana Smaji\u0107 specijalista pulmolog; Dr Mirza Mehanovi\u0107, specijalizant pulmologije<br \/>\n<strong>Odgovorna medicinska sestra:<\/strong> Finka Maksimovi\u0107, dipl.medicinar (sestra) zdravstvene njege<br \/>\nOdjeljenje za tuberkulozu, kapaciteta 16 kreveta, se sastoji od mu\u0161kog i \u017eenskog odjela. Na odjeljenju se lije\u010di postprimarna tuberkuloza kod pacijenata starijih od 14 godina, kao i infekcije uzrokovane netuberkuloznim mikobakterijama.<\/p>\n<p><em><strong>Sve dodatne informacije se mogu dobiti u terminu od 13:00-14:00 h na telefon: 035 306 651 (ambulanta-intervencija), 035 306 651 (ljekarska soba).<\/strong><\/em><\/p>\n<p>&nbsp;<\/p>\n<p><strong>ODJELJENJE ZA POLUINTENZIVNU NJEGU<\/strong><br \/>\nKapacitet 12 kreveta.<\/p>\n<p>&nbsp;<\/p>\n<p><strong>AMBULANTE:<\/strong><br \/>\n<strong>PRIJEMNA AMBULANTA<\/strong><br \/>\nU Prijemnoj ambulatni vr\u0161e se prijem hitnih i zakazanih prijema, obrada i opservacija pacijenata (izolatorij kapaciteta 4 kreveta). Pri prijemu pacijenata u odjeljenje otvara se: istorija bolesti, klini\u010dki put, uzima se sestrinska anamneza i otvara sestrinska dokumentacija. Pacijent se protokoli\u0161e i vr\u0161i se sanitarna obrada, upu\u0107uje na odjeljenje radi daljeg lije\u010denja.<\/p>\n<p><em><strong>Sve dodatne informacije se mogu dobiti na telefon : 035 306 647<\/strong><\/em><\/p>\n<p>&nbsp;<\/p>\n<p><strong>SPECIJALISTI\u010cKA AMBULANTA<\/strong><br \/>\nSpecijalisti\u010dki pregledi obavlja se u ambulanti od strane ljekara klinike, po utvr\u0111enom rasporedu od <strong>11:00 do 14.30 h<\/strong>.<br \/>\nObavljaju se pregledi upu\u0107enih pacijenata u specijalisti\u010dku ambulantu po zakazanim terminima.<br \/>\nZa kontrolni pregled osim zdravstvene knji\u017eice pacijenti treba da ponesu uputnicu za specijalisti\u010dki pregled, otpusno pismo\/specijalisti\u010dki nalaz i planirane lab.dijagnosti\u010dke nalaze koji su nazna\u010deni u otpusnom pismu\/specijalisti\u010dkom nalazu.<\/p>\n<p><strong><em>Sve dodatne informacije se mogu dobiti od 08:00-14:00 h na telefon : 035 306 647<\/em><\/strong><\/p>\n<p>&nbsp;<\/p>\n<p style=\"text-align: justify;\"><strong>KABINETI<\/strong><br \/>\n<strong>Bronholo\u0161ki kabinet<\/strong><br \/>\n<strong>Ljekari koji rade u kabinetu za bronhoskopiju su:<\/strong> Dr.D\u017eenan Halilovi\u0107, dr.med.sc. specijalista interne medicine, subspecijalista pulmologije; Dr Sejan Omeragi\u0107, specijalista pulmolog .<br \/>\nJedan je od najsavremenih kabineta za respiratornu endoskopiju u na\u0161oj zemlji. Izvode se dijagnosti\u010dke i terapijske interventne pulmolo\u0161ke tehnike, fiberopti\u010dka fleksibilna bronhoskopija. Kao tehnike za uzimanje patolo\u0161ko-histolo\u0161kog materijala koriste se kateter biopsija, transbronhijalne biopsije, transbronhijalne punkcije i bronho-biopsije (brush biopsija, forceps biopsija, iglena biopsija).<br \/>\nKabinet raspola\u017ee video-bronhoskopskim sistemom uskog spektra slike (Narrow Band Imaging\u2013NBI bronhoskopije). Zahvaljuju\u0107i toj opremi omogu\u0107ena je dijagnostika karcinoma bronha u vrlo ranom stadijumu, kada je bolest izlje\u010diva.<br \/>\nU kabinetu se izvode dijagnosti\u010dke i terapijske pleuralne punkcije, ultrazvuk plu\u0107a i biopsije plu\u0107a pod kontrolom ultrazvuka.<br \/>\n<em><strong>Sve dodatne informacije se mogu dobiti radnim danima 08:00-14:00 h na telefon : 035 306 661.<\/strong><\/em><\/p>\n<p>&nbsp;<\/p>\n<p style=\"text-align: justify;\"><strong>Kabinet za funkcionalno ispitivanje respiratorne sposobnosti<\/strong><br \/>\n<strong>Ljekari koji rade u kabinetu su:<\/strong> Dr.Jovanka \u017divkovi\u0107, specijalista pneumoftiziolog, Dr.D\u017eenan Halilovi\u0107, dr.med.sc. specijalista interne medicine, subspecijalista pulmologije, Dr Sejan Omeragi\u0107, specijalista pulmolog.<br \/>\nKabinet je opremljen gasnim analajzerom i najsavremenijom opremom kao \u0161to je master screen body a njegova djelatnost je ispitivanje plu\u0107ne funkcije radi dijagnostike plu\u0107nih oboljenja, pra\u0107enja efekata terapije, kao i u nau\u010dno-istra\u017eiva\u010dke svrhe.<br \/>\nIspitivanje plu\u0107ne funkcije bazira se na slijede\u0107im pregledima:<\/p>\n<ul>\n<li style=\"text-align: justify;\">spirometrija,<\/li>\n<li style=\"text-align: justify;\">spirometrija sa bronhodilatatorom,<\/li>\n<li style=\"text-align: justify;\">bodypletizmografija,<\/li>\n<li style=\"text-align: justify;\">gasne analize u mirovanju,<\/li>\n<li style=\"text-align: justify;\">difuzija sa mjerenjem difuznih kapaciteta<\/li>\n<li style=\"text-align: justify;\">provokacioni testovi<\/li>\n<li style=\"text-align: justify;\">pulsna oscilometrija<\/li>\n<\/ul>\n<p style=\"text-align: justify;\">Na osnovu rezultata plu\u0107ne funkcije, ljekari preporu\u010duju terapiju, procjenjuju rizik za sprovo\u0111enje vanplu\u0107ne operacije kod bolesnika koji imaju pridru\u017eenu plu\u0107nu bolest, kao i radnu sposobnost bolesnika za invalidsku komisiju.<br \/>\n<em><strong>Sve dodatne informacije se mogu dobiti radnim danom 0d 13:00-14:00 h na telefon : 035 306 647, 035 306 661.<\/strong><\/em><\/p>\n<p>&nbsp;<\/p>\n<p style=\"text-align: justify;\"><strong>Rtg kabinet, CT kabinet<\/strong><br \/>\nRad kabineta odvija se kontinuirano.<\/p>\n<p>&nbsp;<\/p>\n<p style=\"text-align: justify;\"><strong>Alergolo\u0161ki kabinet<\/strong><br \/>\n<strong>Ljekari koji rade u kabinetu su:<\/strong> Dr. D\u017eenan Halilovi\u0107, dr.med.sci. specijalista interne medicine, subspecijalista pulmologije; Dr.Jovanka \u017divkovi\u0107, specijalista pneumoftiziolog; Dr Sejan Omeragi\u0107, spec pulmolog.<br \/>\nU alergolo\u0161koj ambulanti se izvode:<\/p>\n<ul>\n<li style=\"text-align: justify;\">prvi pregled bolesnika upu\u0107enih zbog sumnje na postojanje alergijskih bolesti respiratornog sistema;<\/li>\n<li style=\"text-align: justify;\">intradermalno testiranje-prick test;<\/li>\n<li style=\"text-align: justify;\">epikutani (patch) test;<\/li>\n<li style=\"text-align: justify;\">starifikaciski ko\u017eni testovi (za konzervanse, aditive i lijekove);<\/li>\n<li style=\"text-align: justify;\">fizikalni testovi za dokazivanje fizikalne urtikarije;<\/li>\n<li style=\"text-align: justify;\">konjunktivalni test za dokazivanje alergijske preosjetljivosti;<\/li>\n<\/ul>\n<p><em><strong>Rad alergolo\u0161kog kabineta se odvija po protokolu narud\u017ebi od 12:00-14:00 h na telefon 035 306 647.<\/strong><\/em><\/p>\n<p>&nbsp;<\/p>\n<p><strong>Kabinet za polisomnografiju<\/strong><br \/>\n<strong>Ljekari koji rade u kabinetu su:<\/strong> Dr. D\u017eenan Halilovi\u0107, dr.med.sc, specijalista interne medicine, subspecijalista pulmologije; Dr Sejan Omeragi\u0107, specijalista pulmolog.<br \/>\n<em><strong>Sve dodatne informacije se mogu dobiti radnim danom od 13:00-14:00 h na telefon: 035 306 647.<\/strong><\/em><\/p>\n<p>&nbsp;<\/p>\n<p style=\"text-align: justify;\"><strong>KADROVSKA STRUKTURA<\/strong><br \/>\nU Klinici radi ukupno 76 zaposlenika. Od toga je 19 ljekara (2 doktor nauka- ljekar specijalista interne medicine, 1 subspecijalista pulmologije-specijalista interne medicine, 6 ljekara specijalista pneumoftiziologije, 5 ljekara specijalista pulmologije, 6 ljekara na specijalizaciji), 54 medicinskih sestara-tehni\u010dara (1 magistar zdravstvene njege i menad\u017ementa, 8 diplomiranih medicinskih sestara-tehni\u010dara i 45 medicinska sestra- tehni\u010dar), 1 tehni\u010dki sekretar, 1 pomo\u0107n1 radnik u zdravstvu, 1 ekonom.<br \/>\nKlinika za plu\u0107ne bolesti je nastavna baza za Srednju medicinsku \u0161kolu, Medicinski fakultet i Visoku zdravstvenu \u0161kolu Univerziteta u Tuzli.<\/p>\n<p>&nbsp;<\/p>\n<p><strong>KNJIGE I UD\u017dBENICI U \u010cIJEM PISANJU SU U\u010cESTVOVALI UPOSLENICI KLINIKE:<\/strong><\/p>\n<ul>\n<li>Prevencija i lije\u010denje tuberkuloze plu\u0107a, Tuzla: Medicinski fakultet Univerziteta u Tuzli, 1997.<\/li>\n<li>Elektrokardiografske osobitnosti hroni\u010dnog plu\u0107nog srca, Sarajevo: Bosnalijek, 1998.<\/li>\n<li>Pulmologija, Tuzla: Medicnski fakultet Sarajevo i Tuzla, 2000.<\/li>\n<li>Urgentna stanja u pulmologiji, Tuzla: Bosnafarm, 2003.<\/li>\n<li>Alergijske bolesti, Univerzitet u Tuzli, 2010.<\/li>\n<li>Opstrukcijske bolesti disanih organa, Te\u0161anj: Planjaxkomerc doo 2018 god.<\/li>\n<\/ul>\n<p>&nbsp;<\/p>\n","protected":false},"excerpt":{"rendered":"<p>DJELATNOST KLINIKE: Na Klinici za plu\u0107ne bolesti vr\u0161i se dijagnostika i lije\u010denje plu\u0107nih bolesti, nespecifi\u010dnih i specifi\u010dnih(TBC) kao i dijagnosticiranje malignih oboljenja respiratornog trakta, izvode se bronhoskopije, polisomnografija, kao i kompletna pulmolo\u0161ka i alergolo\u0161ka obrada bolesnika, RTG i CT dijagnostika. Vr\u0161i se dijagnostika i nadzor profesionalnih plu\u0107nih oboljenja, upalnih, obstruktivnih i drugih plu\u0107nih bolesti. Provodi&hellip;<\/p>\n","protected":false},"author":1,"featured_media":16294,"parent":0,"menu_order":0,"comment_status":"closed","ping_status":"closed","template":"","meta":{"footnotes":""},"class_list":["post-480","page","type-page","status-publish","has-post-thumbnail","hentry","description-off"],"_links":{"self":[{"href":"https:\/\/www.ukctuzla.ba\/ukctuzla\/index.php?rest_route=\/wp\/v2\/pages\/480","targetHints":{"allow":["GET"]}}],"collection":[{"href":"https:\/\/www.ukctuzla.ba\/ukctuzla\/index.php?rest_route=\/wp\/v2\/pages"}],"about":[{"href":"https:\/\/www.ukctuzla.ba\/ukctuzla\/index.php?rest_route=\/wp\/v2\/types\/page"}],"author":[{"embeddable":true,"href":"https:\/\/www.ukctuzla.ba\/ukctuzla\/index.php?rest_route=\/wp\/v2\/users\/1"}],"replies":[{"embeddable":true,"href":"https:\/\/www.ukctuzla.ba\/ukctuzla\/index.php?rest_route=%2Fwp%2Fv2%2Fcomments&post=480"}],"version-history":[{"count":29,"href":"https:\/\/www.ukctuzla.ba\/ukctuzla\/index.php?rest_route=\/wp\/v2\/pages\/480\/revisions"}],"predecessor-version":[{"id":19578,"href":"https:\/\/www.ukctuzla.ba\/ukctuzla\/index.php?rest_route=\/wp\/v2\/pages\/480\/revisions\/19578"}],"wp:featuredmedia":[{"embeddable":true,"href":"https:\/\/www.ukctuzla.ba\/ukctuzla\/index.php?rest_route=\/wp\/v2\/media\/16294"}],"wp:attachment":[{"href":"https:\/\/www.ukctuzla.ba\/ukctuzla\/index.php?rest_route=%2Fwp%2Fv2%2Fmedia&parent=480"}],"curies":[{"name":"wp","href":"https:\/\/api.w.org\/{rel}","templated":true}]}}