{"id":483,"date":"2017-06-06T12:01:35","date_gmt":"2017-06-06T11:01:35","guid":{"rendered":"http:\/\/10.0.0.65\/ukctuzla3\/?page_id=483"},"modified":"2025-11-13T12:56:28","modified_gmt":"2025-11-13T11:56:28","slug":"klinika-za-kozne-bolesti","status":"publish","type":"page","link":"https:\/\/www.ukctuzla.ba\/ukctuzla\/?page_id=483&lang=bs","title":{"rendered":"KLINIKA ZA KO\u017dNE BOLESTI"},"content":{"rendered":"<p style=\"text-align: justify;\"><strong>v.d. na\u010delnica:<\/strong> dr.med. Senada Resi\u0107 D\u017eananovi\u0107<br \/>\n<strong>Glavni medicinski tehni\u010dar:<\/strong> Nedim Had\u017eimehmedovi\u0107, diplomirani medicinski tehni\u010dar<br \/>\n<strong>Med.sestra za pobolj\u0161anje kvaliteta i edukaciju:<\/strong> Enes Had\u017eiskaki\u0107 dipl.med.teh<br \/>\n<strong>Tehni\u010dki sekretar:<\/strong><br \/>\n<strong>Kontakt:<\/strong> e-mail: info@ukctuzla.ba<br \/>\ntel.:00387 35 303 118<br \/>\nKliniku \u010dine dva odjeljenja sa 16 kreveta, te dermatovenerolo\u0161ka poliklinika sa prijemnom ambulantom, specijalisti\u010dkom ambulantom i 6 kabineta. Na klinici radi 31 uposlenika od \u010dega 6 ljekara specijalista, 2 doktora medicine na specijalizaciji, 6 ljekar op\u0161te prakse, 5 diplomiranih medicinskih sestara, 1 vi\u0161a medicinska sestra, 8 medicinskih sestara, 1 ekonom-slu\u017ebenik i 1 pratilac bolesnika.<\/p>\n<p><strong>DJELATNOST KLINIKE<\/strong><\/p>\n<ul>\n<li>Diferencirane usluge tercijarnog nivoa zdravstvene za\u0161tite bolesnika sa oboljenjima ko\u017ee i adneksa<\/li>\n<li>Nau\u010dno-istra\u017eiva\u010dki rad, edukacija, organizacija stru\u010dnih i nau\u010dnih skupova<\/li>\n<li>Sekundarna zdravstvena za\u0161tita iz oblasti dermatologije<\/li>\n<li>Dijagnosti\u010dke i terapijske procedure iz oblasti dermatologije<\/li>\n<li>Terapija svjetlom (fototerapija, fotohemoterapija, bioptron)<\/li>\n<li>Dijagnostika i terapija alergolo\u0161kih oboljenja uklju\u010duju\u0107i i imunoterapiju<\/li>\n<li>Dijagnostika i operativna terapija tumora ko\u017ee<\/li>\n<li>Dijagnostika i terapija hroni\u010dnih rana<\/li>\n<li>Medicinska kozmetologija<\/li>\n<li>Promocija zdravlja ko\u017ee i za\u0161tite od negativnih uticaja okru\u017eenja<\/li>\n<\/ul>\n<p>&nbsp;<\/p>\n<p><span style=\"color: #103e59;\"><strong>ORGANIZACIONA STRUKTURA<\/strong><\/span><br \/>\n<span style=\"color: #103e59;\"><strong>DERMATOVENEROLO\u0160KA POLIKLINIKA<\/strong><\/span><\/p>\n<p><span style=\"color: #103e59;\"><strong>AMBULANTE:<\/strong><\/span><\/p>\n<ul>\n<li>Prijemna ambulanta \/ Kontakt telefon: 035 303 120<\/li>\n<li>Specijalisti\u010dka ambulanta \/ Kontakt telefon: 035 303 120<\/li>\n<\/ul>\n<p>&nbsp;<\/p>\n<p><span style=\"color: #103e59;\"><strong>KABINETI:<\/strong><\/span><\/p>\n<ul>\n<li>Kabinet za alergologiju \/ Kontakt telefon: 035 303 121<\/li>\n<li>Kabinet za kozmetologiju \/ Kontakt telefon: 035 303 120<\/li>\n<li>Kabinet za flebologiju i hroni\u010dne rane \/ Kontakt telefon: 035 303 121<\/li>\n<li>Kabinet za fototerapiju \/ Kontakt telefon: 035 303 105<\/li>\n<li>Kabinet za dermatohirurgiju \/ Kontakt telefon: 035 303 118<\/li>\n<\/ul>\n<p>&nbsp;<\/p>\n<p><span style=\"color: #103e59;\"><strong>BOLNI\u010cKA ODJELJENJA:<\/strong><\/span><\/p>\n<ul>\n<li>Odjeljenje op\u0161te dermatovenerologije<\/li>\n<li>Odjeljenje za alergijska oboljenja<\/li>\n<\/ul>\n<p>&nbsp;<\/p>\n<p><span style=\"color: #103e59;\"><strong>DERMATOVENEROLO\u0160KA POLIKLINIKA<\/strong><\/span><br \/>\n<strong>Odgovorna medicinska sestra\/ tehni\u010dar Poliklinike:\u00a0<\/strong> Amir Bori\u0107, magistar sestrinstva<br \/>\n<strong>Prijemna ambulanta<\/strong> Denisa Murselovi\u0107, dipl.med.sestra<\/p>\n<p>&nbsp;<\/p>\n<p><span style=\"color: #103e59;\"><strong>KABINETI<\/strong><\/span><br \/>\n<span style=\"color: #103e59;\"><strong>Kabinet za alergologiju<\/strong><\/span><br \/>\n<strong>Odgovorni ljekar:<\/strong> Prim.dr Sena \u0160adi\u0107<br \/>\n<strong>Medicinska sestra\/ tehni\u010dar:<\/strong> Amir Bori\u0107, magistar sestrinstva<br \/>\nDjelatnost kabineta:<\/p>\n<ul>\n<li>prvi i kontrolni pregled ljekara specijaliste<\/li>\n<li>alergolo\u0161ka procjena \u2013 nalaz i plan alergolo\u0161ke obrade<\/li>\n<li>intradermalni testovi (inhalatorni, nutritivni i pojedina\u010dni specifi\u010dni)<\/li>\n<li>o\u010ditavanje intradermalnih testova, nalaz i davanje savjeta<\/li>\n<li>epikutani patch testovi (standardni i specifi\u010dni)<\/li>\n<li>o\u010ditavanje epikutanih testova, nalaz i davanje savjeta<\/li>\n<li>fizikalni testovi<\/li>\n<li>procjena ljekara i odre\u0111ivanje imunoterapije<\/li>\n<li>hiposenzibilizacija ili imunoterapija<\/li>\n<li>scratch test<\/li>\n<li>davanje uputa za testiranje<\/li>\n<li>edukacija pacijenta i terapija u kabinetu po preporuci specijaliste.<\/li>\n<\/ul>\n<p>&nbsp;<\/p>\n<p><span style=\"color: #103e59;\"><strong>Kabinet za medicinsku kozmetologiju<\/strong><\/span><br \/>\n<strong>Odgovorni ljekar:<\/strong> dr. Azra Had\u017eigrahi\u0107<br \/>\n<strong>Medicinska sestra:<\/strong> \u0160efija Gosi\u0107<br \/>\nDjelatnost kabineta:<\/p>\n<ul>\n<li>\u00a0prvi i kontrolni pregled ljekara specijaliste<\/li>\n<li>parenja lica vapozonom<\/li>\n<li>ekspresija komedona na licu<\/li>\n<li>incizija akne konglobata i manjih apscesa<\/li>\n<li>piling lica<\/li>\n<li>\u010di\u0161\u0107enje lica i lokalna terapija na ko\u017ei lica<\/li>\n<li>primjena bioptron lampe<\/li>\n<li>prva i druga toaleta \u017eari\u0161ta<\/li>\n<li>aplikacija lokalne terapije pomo\u0107u UZ<\/li>\n<\/ul>\n<p>&nbsp;<\/p>\n<p><span style=\"color: #103e59;\"><strong>Kabinet za flebologiju i hroni\u010dne rane<\/strong><\/span><br \/>\n<strong>Odgovorni ljekar:<\/strong> dr. Sinan Ali\u0107<br \/>\n<strong>Medicinska sestra:<\/strong> medicinska sestra Lejla Salkanovi\u0107<br \/>\nDjelatnosti kabineta:<\/p>\n<ul>\n<li>Prvi i kontrolni pregled ljekara specijaliste<\/li>\n<li>Terapijski i dijagnosti\u010dki plan<\/li>\n<li>Savjet usmeni i pismeni<\/li>\n<li>Funkcionalni testovi za ispitivanje insuficijencije vena donjih ekstremiteta<\/li>\n<li>Sklerozacija vena<\/li>\n<li>Obrada rane i previjanje<\/li>\n<li>Kompresivna terapija postavljanje i edukacija bolesnika<\/li>\n<li>Manuelna masa\u017ea<\/li>\n<li>Terapija svjetlo\u0161\u0107u (Bioptron lampa)<\/li>\n<\/ul>\n<p>&nbsp;<\/p>\n<p><span style=\"color: #103e59;\"><strong>Kabinet za fototerapiju<\/strong><\/span><br \/>\n<strong>Odgovorni ljekar:<\/strong> Dr.med. Senada Resi\u0107 D\u017eananovi\u0107<br \/>\n<strong>Medicinska sestra\/tehni\u010dar:<\/strong> Moranki\u0107 Senahid<br \/>\nDjelatnosti kabineta:<\/p>\n<ul>\n<li>Prvi i kontrolni pregled ljekara specijaliste<\/li>\n<li>Terapijski i dijagnosti\u010dki plan<\/li>\n<li>Davanje uputa za fototerapiju<\/li>\n<li>Edukacija pacijenta i terapija u kabinetu po preporuci specijaliste<\/li>\n<li>Fototerapija sa NBUVB<\/li>\n<li>Fototerpija sa NBUVB+UVA<\/li>\n<li>PUVA terapija<\/li>\n<li>PUVA-bath terapija<\/li>\n<li>Re-PUVA terapija<\/li>\n<\/ul>\n<p>&nbsp;<\/p>\n<p><span style=\"color: #103e59;\"><strong>Kabinet za dermatohirurgiju<\/strong><\/span><br \/>\n<strong>Odgovorni ljekar:<\/strong> Prim. dr. Midheta Bijedi\u0107, mr.med.sci.<br \/>\ndr.med.spec.Senada Resi\u0107 D\u017eananovi\u0107<br \/>\n<strong>Medicinska sestra\/ tehni\u010dar:<\/strong> Miralem Salki\u0107<br \/>\nDjelatnosti kabineta:<\/p>\n<ul>\n<li>Prvi i kontrolni pregled ljekara specijaliste<\/li>\n<li>Biopsija ko\u017ee uz lokalnu anesteziju sa \u0161ivanjem<\/li>\n<li>Ekstrakcija manjih benignih i malignih tumora ko\u017ee uz lokalnu anesteziju sa \u0161ivanjem<\/li>\n<li>Ekstrakcija stranog tijela<\/li>\n<li>Incizija furunkula i manjih apscesa<\/li>\n<li>Primarna obrada rane uz lokalnu anesteziju sa \u0161ivanjem<\/li>\n<li>Intraleziona aplikacija lijeka u ko\u017eu<\/li>\n<\/ul>\n<p><strong>Radno vrijeme prijemne ambulante 24 h.<\/strong><\/p>\n<p>&nbsp;<\/p>\n<p><span style=\"color: #103e59;\"><strong>Kabinet za dermatoskopiju<\/strong><\/span><br \/>\n<strong>Odgovorni ljekar:<\/strong> Dr. med. Spec. Senada Resi\u0107 D\u017eananovi\u0107<br \/>\n<strong>Medicinska sestra:<\/strong> Amela Salihovi\u0107,, dipl.med sestra<\/p>\n<p>&nbsp;<\/p>\n<p><span style=\"color: #103e59;\"><strong>BOLNI\u010cKA ODJELJENJA<\/strong><\/span><\/p>\n<p><span style=\"color: #103e59;\"><strong>ODJELJENJE OP\u0160TE DERMATOVENEROLOGIJE<\/strong><\/span><br \/>\n<strong>\u0160ef odjeljenja: <\/strong>Dr.med. Senada Resi\u0107 D\u017eananovi\u0107<br \/>\n<strong>Ljekari:<\/strong> dr Senada Resi\u0107, Prim.mr.med.sci.dr Midheta Bijedi\u0107, dr.D\u017eenita Imamovi\u0107,<br \/>\n<strong>Odgovorna medicinska sestra:<\/strong> Aj\u0161a Ba\u0161i\u0107, vi\u0161a medicinska sestra<br \/>\n<strong>Medicinske sestre:<\/strong> Milica Divkovi\u0107, Ferzija Vrtagi\u0107<\/p>\n<ul>\n<li>Dijagnostika i lije\u010denje bolesnika sa akutnim dermatolo\u0161kim oboljenjima<\/li>\n<li>Dijagnostika i lije\u010denje bolesnika sa hroni\u010dnim dermatolo\u0161kim oboljenjima<\/li>\n<\/ul>\n<p>&nbsp;<\/p>\n<p><span style=\"color: #103e59;\"><strong>ODJELJENJE ZA ALERGIJSKA OBOLJENJA<\/strong><\/span><br \/>\n<strong>\u0160ef odjeljenja:<\/strong> Prim.dr Sena \u0160adi\u0107<br \/>\n<strong>Ljekari:<\/strong> dr. Azra Had\u017eigrahi\u0107, dr. Sinan Ali\u0107, dr. Ermina A\u0161\u010deri\u0107 Husi\u0107<br \/>\n<strong>Odgovorna medicinska sestra:<\/strong> Amela Salihovi\u0107, dipl.med.sestra<br \/>\n<strong>Medicinske sestre:<\/strong> Suada Bijedi\u0107, Merima Trumi\u0107<br \/>\nEkonom- Mirela Be\u010dirovi\u0107<br \/>\nPomo\u0107no osoblje -Hariz Smaji\u0107, pratilac bolesnika<\/p>\n<ul>\n<li>Dijagnostika i lije\u010denje bolesnika sa akutnim alergijskim oboljenjima<\/li>\n<li>Dijagnostika i lije\u010denje bolesnika sa hroni\u010dnim alergijskim oboljenjima<\/li>\n<\/ul>\n<p>&nbsp;<\/p>\n<p>&nbsp;<\/p>\n<p>&nbsp;<\/p>\n<p>&nbsp;<\/p>\n<p>&nbsp;<\/p>\n<p>&nbsp;<\/p>\n","protected":false},"excerpt":{"rendered":"<p>v.d. na\u010delnica: dr.med. Senada Resi\u0107 D\u017eananovi\u0107 Glavni medicinski tehni\u010dar: Nedim Had\u017eimehmedovi\u0107, diplomirani medicinski tehni\u010dar Med.sestra za pobolj\u0161anje kvaliteta i edukaciju: Enes Had\u017eiskaki\u0107 dipl.med.teh Tehni\u010dki sekretar: Kontakt: e-mail: info@ukctuzla.ba tel.:00387 35 303 118 Kliniku \u010dine dva odjeljenja sa 16 kreveta, te dermatovenerolo\u0161ka poliklinika sa prijemnom ambulantom, specijalisti\u010dkom ambulantom i 6 kabineta. Na klinici radi 31 uposlenika&hellip;<\/p>\n","protected":false},"author":1,"featured_media":16294,"parent":0,"menu_order":0,"comment_status":"closed","ping_status":"closed","template":"","meta":{"footnotes":""},"class_list":["post-483","page","type-page","status-publish","has-post-thumbnail","hentry","description-off"],"_links":{"self":[{"href":"https:\/\/www.ukctuzla.ba\/ukctuzla\/index.php?rest_route=\/wp\/v2\/pages\/483","targetHints":{"allow":["GET"]}}],"collection":[{"href":"https:\/\/www.ukctuzla.ba\/ukctuzla\/index.php?rest_route=\/wp\/v2\/pages"}],"about":[{"href":"https:\/\/www.ukctuzla.ba\/ukctuzla\/index.php?rest_route=\/wp\/v2\/types\/page"}],"author":[{"embeddable":true,"href":"https:\/\/www.ukctuzla.ba\/ukctuzla\/index.php?rest_route=\/wp\/v2\/users\/1"}],"replies":[{"embeddable":true,"href":"https:\/\/www.ukctuzla.ba\/ukctuzla\/index.php?rest_route=%2Fwp%2Fv2%2Fcomments&post=483"}],"version-history":[{"count":37,"href":"https:\/\/www.ukctuzla.ba\/ukctuzla\/index.php?rest_route=\/wp\/v2\/pages\/483\/revisions"}],"predecessor-version":[{"id":19995,"href":"https:\/\/www.ukctuzla.ba\/ukctuzla\/index.php?rest_route=\/wp\/v2\/pages\/483\/revisions\/19995"}],"wp:featuredmedia":[{"embeddable":true,"href":"https:\/\/www.ukctuzla.ba\/ukctuzla\/index.php?rest_route=\/wp\/v2\/media\/16294"}],"wp:attachment":[{"href":"https:\/\/www.ukctuzla.ba\/ukctuzla\/index.php?rest_route=%2Fwp%2Fv2%2Fmedia&parent=483"}],"curies":[{"name":"wp","href":"https:\/\/api.w.org\/{rel}","templated":true}]}}