{"id":4884,"date":"2023-01-06T08:05:25","date_gmt":"2023-01-06T07:05:25","guid":{"rendered":"http:\/\/www.ukctuzla.ba\/ukctuzla\/?page_id=4884"},"modified":"2025-07-31T14:05:55","modified_gmt":"2025-07-31T13:05:55","slug":"klinika-za-invazivnu-kardiologiju","status":"publish","type":"page","link":"https:\/\/www.ukctuzla.ba\/ukctuzla\/?page_id=4884&lang=bs","title":{"rendered":"KLINIKA ZA INVAZIVNU KARDIOLOGIJU"},"content":{"rendered":"<p><strong>VD Na\u010delnika:<\/strong> doc dr med sc Mugdim Bajri\u0107, Specijalista interne medicine ,subspecijalista kardiolog<br \/>\ne mail: mugdim.bajric@ukctuzla.ba<br \/>\n<strong>Glavna medicinska sestra\/tehni\u010dar:<\/strong> dipl.med.ses. Erna Mahmutbegovi\u0107<br \/>\n<strong>Kontakt telefon:<\/strong> 035\/303-161;<br \/>\ne-mail: erna.mahmutbegovic@ukctuzla.ba<br \/>\n<strong>Tehni\u010dki sekretar:<\/strong> Sanela Idrizovi\u0107, medicinska sestra<br \/>\n<strong>Kontakt telefon:<\/strong>035\/303-202<br \/>\ne-mail: info@ukctuzla.ba; sanela.idrizovic@ukctuzla.ba<br \/>\nfax.: 00387 35 265 441<\/p>\n<p>&nbsp;<\/p>\n<p><strong>STRUKTURA KLINIKE<\/strong><br \/>\nKliniku \u010dine tri odjeljenja sa ukupno 26 kreveta, tri ambulante, dvije sale za koronarnu angiografiju.<\/p>\n<p>&nbsp;<\/p>\n<p><strong>DJELATNOST KLINIKE<\/strong><\/p>\n<ul>\n<li>Visokodiferencirane dijagnosti\u010dko-terapijske usluge tercijarnog nivoa zdravstvene za\u0161tite bolesnika, oboljelih od bolesti kardiovaskularnog sistema,<\/li>\n<li>Usluge iz nivoa sekundarne zdravstvene za\u0161tite bolesnika oboljelih od bolesti kardiovaskularnog sistema,<\/li>\n<li>Savremene dijagnosti\u010dko-terapijske procedure iz oblasti interventne kardiologije i endovaskularne procedure,<\/li>\n<li>Nau\u010dno istra\u017eiva\u010dki rad, edukacija, organizacija stru\u010dnih i nau\u010dnih skupova.<\/li>\n<\/ul>\n<p>&nbsp;<\/p>\n<p><strong>ORGANIZACIONA STRUKTURA<\/strong><\/p>\n<p><strong>ODJELJENJA<\/strong><\/p>\n<ul>\n<li>Odjeljenje interventne kardiologije,<\/li>\n<li>Odjeljenje za elektrostimulaciju i elektrofiziologiju srca,<\/li>\n<li>Odjeljenje za endovaskularnu angiologiju.<\/li>\n<\/ul>\n<p><strong>AMBULANTE<\/strong><\/p>\n<ul>\n<li>Prijemna\/specijalisti\u010dka interventno-kardiolo\u0161ka ambulanta,<\/li>\n<li>Ambulanta za elektrostimulaciju i elektrofiziologiju srca,<\/li>\n<li>Ambulanta za endovaskularnu angiologiju.<\/li>\n<\/ul>\n<p><strong>Kadrovska struktura<\/strong><br \/>\nNa klinici je uposleno 37 uposlenika od \u010dega:<br \/>\n8 ljekara:<br \/>\n4 subspecijalista kardiologije<br \/>\n1 specijalista,<br \/>\n3 doktora na specijalizaciji<\/p>\n<p>28 medicinska sestra\/tehni\u010dar:<br \/>\n1 Magistar sestrinstva<br \/>\n7 Diplomiranih sestara\/tehni\u010dara<br \/>\n1 In\u017einjer radiologije<br \/>\n19 medicinska sestra\/tehni\u010dar SSS<br \/>\n1 ekonom Klinike<\/p>\n<p>&nbsp;<\/p>\n<p><strong>Odjeljenje interventne kardiologije<\/strong><br \/>\n<strong>\u0160ef odjela:<\/strong> mr.med.sci.dr. Ivana Ivelji\u0107, Specijalista interne medicine ,subspecijalista kardiologije<br \/>\nOdgovorna sestra odjela: Admira Po\u017eegi\u0107 diplomirana medicinska sestra<br \/>\nKontakt telefon: 035\/ 303 \u2013 244<\/p>\n<p>&nbsp;<\/p>\n<p><strong>Odjeljenje za elektrostimulaciju i elektrofiziologiju srca<\/strong><br \/>\n<strong>\u0160ef odjela:<\/strong> dr. Tarik Brki\u0107, specijalista kardiologije;<br \/>\nOdgovorni medicinski tehni\u010dar odjela:dipl med teh Dario Ko\u0161ir<br \/>\nKontakt telefon: 035\/303 \u2013 244<\/p>\n<p>&nbsp;<\/p>\n<p><strong>Odjeljenje za endovaskularnu angiologiju<\/strong><br \/>\n<strong>\u0160ef odjela:<\/strong> dr Mirza Smajlovi\u0107, Specijalista interne medicine; subspecijalista kardiologije<br \/>\nOdgovorni medicinski tehni\u010dar odjela: Seid Jaganjac, bachelor zdravstvene njege<br \/>\nKontakt telefon: 035\/303 \u2013 244<\/p>\n<p>&nbsp;<\/p>\n<p><strong>Sale za kateterizaciju srca<\/strong><br \/>\n<strong>\u0160ef sala za kateterizaciju srca:<\/strong> Prim dr Sa\u0161a Luki\u0107<br \/>\nOdgovorna medicinska sestra: dipl med ses Erna Kameri\u0107<br \/>\nKontakt telefon: 035\/303-586<\/p>\n<p>&nbsp;<\/p>\n<p><strong>Neraspore\u0111eni ljekari:<\/strong><br \/>\ndr Melisa Hergi\u0107; specijalizant kardiologije;<br \/>\ndr Mirza Imamovi\u0107; specijalizant kardiologije;<br \/>\ndr Anis Terzi\u0107; specijalizant kardiologije;<\/p>\n<p>&nbsp;<\/p>\n<p><strong>Djelatnost odjela:<\/strong><\/p>\n<p><strong>Odjeljenje interventne kardiologije<\/strong><\/p>\n<ul>\n<li>Invazivna kardiolo\u0161ka dijagnostika:<\/li>\n<li>ljevostrana i desnostrana kateterizacija srca,<\/li>\n<li>koronarografija,<\/li>\n<li>Invazivno kardiolo\u0161ko lije\u010denje<\/li>\n<li>Lije\u010denje bolesnika sa akutnim sr\u010danim udarom metodom hitne perkutane koronarne intervencije (primarna PCI) sa ugradnjom stenta (dostupnost tokom 24 sata). Na godi\u0161njem nivou se tretira preko 350 pacijenata sa STEMI primarnom PCI,<\/li>\n<li>perkutana koronarna intervencija (PCI) sa ugradnjom stenta ili balon dilatacijom<\/li>\n<li>perkutane intervencije za strukturne bolesti srca:<\/li>\n<li>perkutana zamjena aortne valvule (TAVI)<\/li>\n<li>perkutana dilatacija aortne valvule (BAV)<\/li>\n<li>perkutana dilatacija plu\u0107ne valvule.<\/li>\n<\/ul>\n<p>&nbsp;<\/p>\n<p><strong>Odjeljenje za elektrostimulaciju i elektrofiziologiju srca<\/strong><\/p>\n<ul>\n<li>ugradnja privremenog pacemakera,<\/li>\n<li>ugradnja trajnih elektrostimulatora srca\/pacemakera ( jednokomornih i dvokomornih) u bolesnika sa poreme\u0107ajem sr\u010danog ritma,<\/li>\n<li>ugradnja kardioverter\/defibrilatora srca u bolesnika sa pove\u0107anim rizikom od iznenadne sr\u010dane smrti,<\/li>\n<li>ugradnja CRT-D (aparat za kardio-resinhroniziraju\u0107u terapiju) kod bolesnika sa te\u0161kim oblikom sr\u010dane slabosti.<\/li>\n<\/ul>\n<p>&nbsp;<\/p>\n<p><strong>Odjeljenje za endovaskularnu angiologiju<\/strong><\/p>\n<ul>\n<li>angiografija,<\/li>\n<li>endovaskularni tretman perifernih arterija ugradnjom stenta ili balon dilatacijom,<\/li>\n<li>endovaskularni tretman stenoze a.subclavia ugradnjom stenta ili balon dilatacijom,<\/li>\n<li>endovaskularni tretman stenoze a.renalis ugradnjom stenta ili balon dilatacijom.<\/li>\n<\/ul>\n<p>&nbsp;<\/p>\n<p><strong>Djelatnost ambulanti:<\/strong><\/p>\n<ul>\n<li>prijemi urgentnih i elektivnih pacijenata<\/li>\n<li>prvi i kontrolni pregledi invazivnog kardiologa,<\/li>\n<li>kontrolni pregledi nakon u\u010dinjenih invazivno-kardiolo\u0161kih dijagnosti\u010dko-terapijskih procedura,<\/li>\n<li>prvi i kontrolni pregled nakon endovaskularnog tretmana,<\/li>\n<li>kontrole rada pacemakera, AICD-a i CRT-a,<\/li>\n<li>ehokardiografske procjene po odluci Konzilija Klinike za invazivnu kardiologiju,<\/li>\n<li>procjene za invazivno-kardiolo\u0161ke procedure po odluci Konzilija Klinike za invazivnu kardiologiju.<\/li>\n<\/ul>\n<p>&nbsp;<\/p>\n<p><strong>Poliklinika za invazivnu kardiologiju<\/strong><br \/>\n<strong>Odgovorna sestra\/tehni\u010dar:<\/strong> Dipl med ses Jasmina Omerovi\u0107<br \/>\n<strong>Prijemna ambulata<\/strong><br \/>\n<strong>Sestra<\/strong>: po rasporedu<br \/>\n<strong>Ljekar:<\/strong> po rasporedu<br \/>\n<strong>Kontakt telefon:<\/strong> 035\/303-166<br \/>\n<strong>Radno vrijeme:<\/strong> hitni pacijenti: 24 sata\/ 7 dana u sedmici<\/p>\n<p><strong>elektivni pacijenti:<\/strong> prijemi 07-10 sati (pon-pet)<\/p>\n<p>&nbsp;<\/p>\n<p><strong>Invazivno \u2013 kardiolo\u0161ka ambulanta<\/strong><br \/>\n<strong>Sestra:<\/strong> po rasporedu<br \/>\n<strong>Ljekar:<\/strong> po rasporedu<br \/>\n<strong>Kontakt telefon:<\/strong> 035\/303-166<br \/>\n<strong>Radno vrijeme:<\/strong> pregledi 10-13 sati (pon-pet)<br \/>\n<strong>Vrsta pregleda:<\/strong><\/p>\n<ul>\n<li>prvi pregled invazivnog kardiologa po preporuci nadle\u017enog kardiologa<\/li>\n<li>klini\u010dki kardiolo\u0161ki pregled uz snimanje elektrokardiograma (EKG),<\/li>\n<li>ultrazvu\u010dni pregled srca, konvencionalni i dopler: transtorakalni, transezofagealni<\/li>\n<li>kontrolni pregledi nakon PCI procedure<\/li>\n<\/ul>\n<p>&nbsp;<\/p>\n<p><strong>Ambulanta za elektrostimulaciju i elektrofiziologiju srca<\/strong><br \/>\n<strong>Sestra:<\/strong> po rasporedu<br \/>\n<strong>Ljekar<\/strong>: po rasporedu<br \/>\n<strong>Kontakt telefon:<\/strong> 035\/303-166<br \/>\n<strong>Radno vrijeme:<\/strong> <strong>kontrole rada pacemakera\/ICD-a\/CRT-a: \u010detvrtak 11-13 sati, po narud\u017ebi<\/strong><br \/>\n<strong>(zakazivanje termina pregleda na telefon 035\/303\/166 radnim danom od 13-14 sati)<\/strong><\/p>\n<p><strong>Vrsta pregleda:<\/strong><\/p>\n<ul>\n<li>kontrola i programiranje elektrostimulatora srca (pacemakera) i implantiranih kardiovertera\/ defibrilatora,<\/li>\n<li>procjena bolesnika sa poreme\u0107ajem sr\u010danog ritma za lije\u010denje u inostranstvu u skladu sa Pravilnikom ZZOiR FBiH<\/li>\n<li>pregledi u cilju procjene potrebe implantacije ICD\/CRT ure\u0111aja<\/li>\n<\/ul>\n<p><strong>Ambulanta za endovaskularnu angiologiju<\/strong><br \/>\n<strong>Sestra:<\/strong> po rasporedu<br \/>\n<strong>Ljekar:<\/strong> po rasporedu<br \/>\n<strong>Kontakt telefon:<\/strong> 035\/303-166<br \/>\n<strong>Radno vrijeme:<\/strong> Prvi i kontrolni pregledi 10-13 sati (pon-pet)<\/p>\n<p>&nbsp;<\/p>\n<p>&nbsp;<\/p>\n<p>&nbsp;<\/p>\n","protected":false},"excerpt":{"rendered":"<p>VD Na\u010delnika: doc dr med sc Mugdim Bajri\u0107, Specijalista interne medicine ,subspecijalista kardiolog e mail: mugdim.bajric@ukctuzla.ba Glavna medicinska sestra\/tehni\u010dar: dipl.med.ses. Erna Mahmutbegovi\u0107 Kontakt telefon: 035\/303-161; e-mail: erna.mahmutbegovic@ukctuzla.ba Tehni\u010dki sekretar: Sanela Idrizovi\u0107, medicinska sestra Kontakt telefon:035\/303-202 e-mail: info@ukctuzla.ba; sanela.idrizovic@ukctuzla.ba fax.: 00387 35 265 441 &nbsp; STRUKTURA KLINIKE Kliniku \u010dine tri odjeljenja sa ukupno 26 kreveta, tri&hellip;<\/p>\n","protected":false},"author":2,"featured_media":16294,"parent":0,"menu_order":0,"comment_status":"closed","ping_status":"closed","template":"","meta":{"footnotes":""},"class_list":["post-4884","page","type-page","status-publish","has-post-thumbnail","hentry","description-off"],"_links":{"self":[{"href":"https:\/\/www.ukctuzla.ba\/ukctuzla\/index.php?rest_route=\/wp\/v2\/pages\/4884","targetHints":{"allow":["GET"]}}],"collection":[{"href":"https:\/\/www.ukctuzla.ba\/ukctuzla\/index.php?rest_route=\/wp\/v2\/pages"}],"about":[{"href":"https:\/\/www.ukctuzla.ba\/ukctuzla\/index.php?rest_route=\/wp\/v2\/types\/page"}],"author":[{"embeddable":true,"href":"https:\/\/www.ukctuzla.ba\/ukctuzla\/index.php?rest_route=\/wp\/v2\/users\/2"}],"replies":[{"embeddable":true,"href":"https:\/\/www.ukctuzla.ba\/ukctuzla\/index.php?rest_route=%2Fwp%2Fv2%2Fcomments&post=4884"}],"version-history":[{"count":34,"href":"https:\/\/www.ukctuzla.ba\/ukctuzla\/index.php?rest_route=\/wp\/v2\/pages\/4884\/revisions"}],"predecessor-version":[{"id":19156,"href":"https:\/\/www.ukctuzla.ba\/ukctuzla\/index.php?rest_route=\/wp\/v2\/pages\/4884\/revisions\/19156"}],"wp:featuredmedia":[{"embeddable":true,"href":"https:\/\/www.ukctuzla.ba\/ukctuzla\/index.php?rest_route=\/wp\/v2\/media\/16294"}],"wp:attachment":[{"href":"https:\/\/www.ukctuzla.ba\/ukctuzla\/index.php?rest_route=%2Fwp%2Fv2%2Fmedia&parent=4884"}],"curies":[{"name":"wp","href":"https:\/\/api.w.org\/{rel}","templated":true}]}}