{"id":489,"date":"2022-09-27T10:04:27","date_gmt":"2022-09-27T09:04:27","guid":{"rendered":"http:\/\/10.0.0.65\/ukctuzla3\/?page_id=489"},"modified":"2026-01-16T13:21:41","modified_gmt":"2026-01-16T12:21:41","slug":"klinika-za-fizikalnu-medicinu-i-rehabilitaciju","status":"publish","type":"page","link":"https:\/\/www.ukctuzla.ba\/ukctuzla\/?page_id=489&lang=bs","title":{"rendered":"KLINIKA ZA FIZIKALNU MEDICINU I REHABILITACIJU"},"content":{"rendered":"<p><strong>Na\u010delnik Klinike:<\/strong><\/p>\n<p>Kontakt telefon: 00 387 35 303143<\/p>\n<p>fax: \/ 00 387 35 303148<\/p>\n<p><strong>Glavna medicinska sestra:<\/strong> Amra Lugavi\u0107, Magistar sestrinstva<\/p>\n<p>Kontakt: tel.:\u00a0\u00a0 00 387 35 303 134<\/p>\n<p>fax.:\u00a0\u00a000 387 35 303 148<\/p>\n<p><strong>Glavni fizioterapeut:<\/strong> Begi\u0107 Mirela, magistar fizioterapije i radne terapije<\/p>\n<p>Kontakt telefon: 00 387 35 303 629<\/p>\n<p><strong>Medicinski tehni\u010dar na poslovima pobolj\u0161anja kvaliteta i edukacije:<\/strong> Srebrenko Prci\u0107, diplomirani medicinski tehni\u010dar<\/p>\n<p>Kontakt telefon: 00 387 35 303 629<\/p>\n<p>&nbsp;<\/p>\n<p><strong>DJELATNOST KLINIKE<\/strong><br \/>\nKlinika za fizikalnu medicinu i\u00a0 rehabilitaciju je savremeno opremljena klinika visoko pozicionirana u regiji i prepoznatljiva po stru\u010dnom kadru i kvalitetu zdravstvenih\u00a0 usluga.<\/p>\n<p><strong>Djelatnost klinike:<\/strong><\/p>\n<ul>\n<li>Rehabilitacija i fizikalni tretman reumatolo\u0161kih, neurolo\u0161kih, hirur\u0161kih i\u00a0 ortopedsko traumatolo\u0161kih bolesnika, bolesnika sa spinalnim povredama\u00a0 i djece<\/li>\n<li>Rana rehabilitacija<\/li>\n<li>Urodinamska\u00a0 dijagnostika<\/li>\n<li>Ultrazvu\u010dna dijagnostika mi\u0161i\u010dno-ko\u0161tanog sistema<\/li>\n<li>Vakuum kompresivna terapija<\/li>\n<li>Prevencija, dijagnostika i tretman djece i odraslih sa smetnjama slu\u0161anja, glasa, govora i jezika<\/li>\n<li>Rana detekcija i prevencija invaliditeta, edukacijsko- rehabilitacijski i somatopedski tretman djece i odraslih<\/li>\n<li>Izrada protetskih\u00a0 i ortotskih pomagala po ISPO standardima<\/li>\n<li>Rehabilitacija i fizikalni tretman osoba sa amputacijama<\/li>\n<\/ul>\n<p>&nbsp;<\/p>\n<p><strong>ORGANIZACIONA STRUKTURA I KONCEPCIJA RADA KLINIKE<\/strong><\/p>\n<p>Klinika za fizikalnu medicinu i rehabilitaciju sastoji se od dva temeljna dijela:<br \/>\n1. Fizijatrijske poliklinike<\/p>\n<p>2. Bolni\u010dkih odjeljenja<\/p>\n<p>&nbsp;<\/p>\n<p><strong>FIZIJATRIJSKA POLIKLINIKA<\/strong><\/p>\n<p><strong>Odgovorni medicinski tehni\u010dar:<\/strong> Emir Kamberovi\u0107, diplomirani medicinski tehni\u010dar, magistar sestrinstva<\/p>\n<p>Telefon:035 303 630<\/p>\n<p>Fizijatrijska poliklinika sa ambulantama za pregled pacijenata , dijagnosti\u010dkim i terapijskim kabinetima je temelj savremene Klinike za fizikalnu medicinu i rehabilitaciju.<br \/>\nU njenom sastavu nalaze se:<\/p>\n<p><strong>AMBULANTE:<\/strong><\/p>\n<p>\u2013 Prijemna ambulanta<\/p>\n<p>\u2013 \u010cetiri specijalisti\u010dke ambulante<\/p>\n<p><strong>KABINETI:<\/strong><\/p>\n<ul>\n<li>Kabinet za osteoporozu<\/li>\n<li>Kabinet za cerebralnu paralizu i neurorizi\u010dnu djecu<\/li>\n<li>Kabinet za urodinamsko ispitivanje<\/li>\n<li>Kabineta za limfnu drena\u017eu i vakuum kompresivnu terapiju<\/li>\n<li>Kabinet za laseroterapiju<\/li>\n<li>Kabinet za logopedski tretman<\/li>\n<li>Kabinet za okupacionu, radnu terapiju i somatopedski tretman<\/li>\n<li>Kabinet za fototerapiju<\/li>\n<li>Fizioterapijsko odjeljenje u kome se provodi\u00a0 elektro terapija, magnetoterapija, sonoterapija,\u00a0 svi oblici terapije pokretom \u2013 kinezi terapija, funkcionalna i radna terapija, termo i hidro terapija.<\/li>\n<\/ul>\n<p><strong>Kabinet za okupacionu i radnu terapiju i somatopedski tretman<\/strong><\/p>\n<ul>\n<li>Kabinet za okupacionu i radnu terapiju : Dr. zdravstvenih nauka Lejla Matovi\u0107, diplomirani defektolog somatoped<\/li>\n<li>Kabinet za somatopedski tretman: Dr. sc. Alma Glinac, edukator &#8211; rehabilitator; mr.sc specijalne edukacije i rehabilitacije Nihad Tinji\u0107<br \/>\nTelefon: 035 303 630<\/li>\n<\/ul>\n<p><strong>Kabinet za logopedski tretman<\/strong><br \/>\nMu\u0161i\u0107 Sanela,defektolog logoped<br \/>\nSuljagi\u0107 Melika,bachelor logopedije i audiologije<br \/>\nTelefon: 035 303 630<\/p>\n<p>&nbsp;<\/p>\n<p><strong>ODJELJENJA<\/strong><\/p>\n<p>Sedam bolni\u010dkih odjeljenja \u010dine strukturu hospitalnog\u00a0 dijela klinike. Klinika ima pedeset bolesni\u010dkih postelja, a provodi ranu rehabilitaciju na svim klini\u010dkim odjeljenjima JZU Univerzitetski klini\u010dki centar Tuzla<br \/>\nKlini\u010dka odjeljenja:<\/p>\n<ul>\n<li>Odjeljenje za reumatolo\u0161ku rehabilitaciju<\/li>\n<li>Odjeljenje za neurolo\u0161ku rehabilitaciju<\/li>\n<li>Odjeljenje za rehabilitaciju hirur\u0161kih i ortopedsko-traumatolo\u0161kih bolesnika<\/li>\n<li>Odjeljenje za rehabilitaciju djece<\/li>\n<li>Odjeljenje za spinalne povrede<\/li>\n<li>Odjeljenje za ranu rehabilitaciju<\/li>\n<li>Odjeljenje za protetiku i ortotiku<\/li>\n<\/ul>\n<p>&nbsp;<\/p>\n<p><strong>REHABILITACIONI TIM:<\/strong><\/p>\n<p>Ukupan broj uposlenika \u2013 79<\/p>\n<p>3 subspecijalista reumatologije<br \/>\n9 specijalista fizikalne medicine i rehabilitacije<br \/>\n2 specijalizanta<br \/>\n3 doktora medicine<br \/>\n7 diplomiranih medicinskih sestara<br \/>\n3 diplomirana fizioterapeuta<br \/>\n5 vi\u0161ih fizioterapeutskih tehni\u010dara<br \/>\n14 medicinskih sestara tehni\u010dara( SSS)<br \/>\n23 fizioterapeutska tehni\u010dara ( SSS)<br \/>\n2 logopeda<br \/>\n3 defektologa<br \/>\n3 protetska tehnologa<br \/>\n2 ekonoma<\/p>\n<p>&nbsp;<\/p>\n<div style=\"text-align: center;\">\n<p><a href=\"https:\/\/www.ukctuzla.ba\/ukctuzla\/?page_id=490\" target=\"_blank\" rel=\"noopener\">Vi\u0161e<\/a><\/p>\n<p>&nbsp;<\/p>\n<\/div>\n","protected":false},"excerpt":{"rendered":"<p>Na\u010delnik Klinike: Kontakt telefon: 00 387 35 303143 fax: \/ 00 387 35 303148 Glavna medicinska sestra: Amra Lugavi\u0107, Magistar sestrinstva Kontakt: tel.:\u00a0\u00a0 00 387 35 303 134 fax.:\u00a0\u00a000 387 35 303 148 Glavni fizioterapeut: Begi\u0107 Mirela, magistar fizioterapije i radne terapije Kontakt telefon: 00 387 35 303 629 Medicinski tehni\u010dar na poslovima pobolj\u0161anja kvaliteta&hellip;<\/p>\n","protected":false},"author":1,"featured_media":16294,"parent":0,"menu_order":0,"comment_status":"closed","ping_status":"closed","template":"","meta":{"footnotes":""},"class_list":["post-489","page","type-page","status-publish","has-post-thumbnail","hentry","description-off"],"_links":{"self":[{"href":"https:\/\/www.ukctuzla.ba\/ukctuzla\/index.php?rest_route=\/wp\/v2\/pages\/489","targetHints":{"allow":["GET"]}}],"collection":[{"href":"https:\/\/www.ukctuzla.ba\/ukctuzla\/index.php?rest_route=\/wp\/v2\/pages"}],"about":[{"href":"https:\/\/www.ukctuzla.ba\/ukctuzla\/index.php?rest_route=\/wp\/v2\/types\/page"}],"author":[{"embeddable":true,"href":"https:\/\/www.ukctuzla.ba\/ukctuzla\/index.php?rest_route=\/wp\/v2\/users\/1"}],"replies":[{"embeddable":true,"href":"https:\/\/www.ukctuzla.ba\/ukctuzla\/index.php?rest_route=%2Fwp%2Fv2%2Fcomments&post=489"}],"version-history":[{"count":41,"href":"https:\/\/www.ukctuzla.ba\/ukctuzla\/index.php?rest_route=\/wp\/v2\/pages\/489\/revisions"}],"predecessor-version":[{"id":20448,"href":"https:\/\/www.ukctuzla.ba\/ukctuzla\/index.php?rest_route=\/wp\/v2\/pages\/489\/revisions\/20448"}],"wp:featuredmedia":[{"embeddable":true,"href":"https:\/\/www.ukctuzla.ba\/ukctuzla\/index.php?rest_route=\/wp\/v2\/media\/16294"}],"wp:attachment":[{"href":"https:\/\/www.ukctuzla.ba\/ukctuzla\/index.php?rest_route=%2Fwp%2Fv2%2Fmedia&parent=489"}],"curies":[{"name":"wp","href":"https:\/\/api.w.org\/{rel}","templated":true}]}}