{"id":490,"date":"2022-09-27T12:03:53","date_gmt":"2022-09-27T11:03:53","guid":{"rendered":"http:\/\/10.0.0.65\/ukctuzla3\/?page_id=490"},"modified":"2026-01-30T13:12:37","modified_gmt":"2026-01-30T12:12:37","slug":"vise-klinika-za-fizikalnu-medicinu-i-medicinsku-rehabilitaciju","status":"publish","type":"page","link":"https:\/\/www.ukctuzla.ba\/ukctuzla\/?page_id=490&lang=bs","title":{"rendered":"VI\u0160E&#8230;KLINIKA ZA FIZIKALNU MEDICINU I MEDICINSKU REHABILITACIJU"},"content":{"rendered":"<p><strong>DJELATNOSTI\u00a0 ORGANIZACIONIH\u00a0 JEDINICA<\/strong><\/p>\n<p><span style=\"color: #3366ff;\"><strong>ODJELJENJE ZA REUMATOLO\u0160KU REHABILITACIJU<\/strong><\/span><\/p>\n<p><strong>\u0160ef odjeljenja: <\/strong>Doc.dr.med.sc. \u0160ahza Kikanovi\u0107, specijalista fizikalne medicine i rehabilitacije<\/p>\n<p>Telefon: 00 387 35 303 188<\/p>\n<p style=\"text-align: left;\"><strong>Ljekari\u00a0<\/strong> Konji\u0107 dr. Asmir, specijalista fizikalne medicine i rehabilitacije<\/p>\n<p><strong>Odgovorna medicinska sestra:<\/strong> Smaji\u0107 Ati\u0107 Merlina \u2013diplomirana visoka sestra-tehni\u010dar<\/p>\n<p>Telefon:00 387303 635<\/p>\n<p>Reumatolo\u0161ko odjeljenje ima deset bolesni\u010dkih kreveta\u00a0 i specijalisti\u010dku ambulantu.<br \/>\nNa odjeljenju se provodi dijagnostika i terapija svih reumatskih bolesti kojima je potrebna rehabilitacija a to su:<\/p>\n<p>a) upalne reumatske bolesti<\/p>\n<p>b) degenerativne bolesti ki\u010dme i zglobova<\/p>\n<p>c) sistemske bolesti vezivnog tkiva<\/p>\n<p>d) vanzglobni reumatizam<\/p>\n<p>e) metaboli\u010dki reumatizam<\/p>\n<p style=\"text-align: justify;\">Cilj\u00a0 rehabilitacije je o\u010duvati ili maksimalno pobolj\u0161ati funkcionalni kapacitet i smanjiti upalnu aktivnost bolesti. U slu\u010daju nejasne dijagnoze osposobljeni smo za svu modernu dijagnostiku. Prednost odjela je \u0161to ima fizijatra- reumatologa, pa se istovremeno sa dijagnostikom vr\u0161i i fizikalna terapija i rehabilitacija, jer u slu\u010dajevima nejasne dijagnoze mo\u017ee do\u0107i do kontraktura i funkcionalne nesposobnosti dok se ne utvrdi ta\u010dna dijagnoza. Svaki pacijent se tretira\u00a0 u skladu sa savremenim Vodi\u010dima evropskog i ameri\u010dkog udru\u017eenja reumatologa, uklju\u010duju\u0107i sve aktivnosti vezane za pra\u0107enje toka i progresije bolesti.<br \/>\nNa odjeljenju se puno ula\u017ee u edukaciju pacijenata koju individualno provodi reumatolog, a grupno educator \u2013rehabilitator.<br \/>\nU grupnu rehabilitaciju, kada se radi edukacija iz osteoporoze, uklju\u010deni su svi pacijenti koji le\u017ee iz bilo kojih razloga na Klinici, uposlenici Klinike \u010dime se poku\u0161ava preventivno djelovati i kod onih koji jo\u0161 nemaju tu bolest.<br \/>\nU konsultativno-specijalisti\u010dkoj ambulanti se radi dijagnostika, edukacija i pra\u0107enje bolesnika sa reumatskim tegobama, tako da se nova rehabilitacija uklju\u010duje prema nalazu aktivnosti bolesti i funkcionalne sposobnosti.<br \/>\nSvim reumatolo\u0161kim pacijentima se daju upute za vje\u017ebe koje trebaju\u00a0 provoditi kod ku\u0107e, kao i za druge procedure koje je mogu\u0107e implementirati u ku\u0107nim uslovima, \u010dime se nastoji smanjiti onesposobljenost, obzirom da su to sve progresivne bolesti.<\/p>\n<p>&nbsp;<\/p>\n<p><span style=\"color: #3366ff;\"><strong>ODJELJENJE ZA NEUROLO\u0160KU REHABILITACIJU<\/strong><\/span><br \/>\n<strong>\u0160ef odjeljenja:<\/strong> Doc.dr.med.sci Amela \u010ci\u010dku\u0161i\u0107, specijalista fizikalne medicine i rehabilitacije<\/p>\n<p>Telefon: 00 387 35 303 187<\/p>\n<p><strong>Ljekari:<\/strong> Primarius Mr.med.sc. Azra Karabegovi\u0107, specijalista fizikalne medicine i rehabilitacije, Dr. Ena Top\u010di\u0107, specijalista fizikalne medicine i rehabilitacije<\/p>\n<p>Telefon: 00 387 35 303 185<\/p>\n<p><strong>Odgovorna medicinska sestra: <\/strong>Vesna Keranovi\u0107, diplomirana medicinska sestra<\/p>\n<p>Telefon:00 387 35 303 123<\/p>\n<p><strong>Djelatnost odjeljenja za neurolo\u0161ku rehabilitaciju<\/strong><\/p>\n<p style=\"text-align: justify;\">Odjeljenje Klinike za fizikalnu medicinu i rehabilitaciju, koje se bavi fizikalnim tretmanom i rehabilitacijom osoba sa neurolo\u0161kim oboljenjima, ima potpun tim za sve terapeutske procedure koje su neophodne. Na \u010delu tima su fizijatri, a \u010dlanovi tima su: logoped i somatoped, edukator-rehabilitator, fizioterapeuti, medicinske sestre i psiholog UKC-a.<\/p>\n<p>Ovako formirani timovi se bave lije\u010denjem i rehabilitacijom osoba nakon:<\/p>\n<ul>\n<li>Mo\u017edanog udara;<\/li>\n<li>Kraniotraume (povreda glave i mozga); operativnog lije\u010denja vaskularnih oboljenja mozga<\/li>\n<li>Osoba sa Parkinsonovom bole\u0161\u0107u<\/li>\n<li>Osoba sa multiplom sklerozom<\/li>\n<li>Polineuropatije raznog uzroka;<\/li>\n<li>Poliradikuloneuritisi<\/li>\n<li>Osoba koje imaju rijetka neurolo\u0161ka oboljenja<\/li>\n<li>Odraslih osoba sa cerebralnom paralizom;<\/li>\n<li>Osoba sa neuromi\u0161i\u0107nim i drugim neurolo\u0161kim oboljenjima<\/li>\n<\/ul>\n<p style=\"text-align: justify;\">Osim kinezioterapije gdje se primjenjuju savremeni kinezioterapijski postupci (Bobath, PNF), pacijenti na ovom odjeljenju u skladu dijagnozom, neurolo\u0161kim i klini\u010dkim nalazom imaju fizikalne modalitete (hidroterapija, termoterapija, elektroterapija, LASER). Edukaciju pacijenata i njihovih porodica vr\u0161e \u010dlanovi rehabilitacionog tima. .<br \/>\nUska saradnja sa ljekarima Klinike za neurologiju omogu\u0107uje kontinuiran nastavak rehabilitacije koja je zapo\u010dela u okviru ranog rehabilitacionog tretmana.<\/p>\n<p>&nbsp;<\/p>\n<p><span style=\"color: #3366ff;\"><strong>ODJELJENJE ZA REHABILITACIJU HIRUR\u0160KIH I ORTOPEDSKO-TRAUMATOLO\u0160KIH BOLESNIKA<\/strong><\/span><\/p>\n<p><strong>\u0160ef odjeljenja:<\/strong> Doc.dr.med.sci Hoti\u0107- Had\u017eiefendi\u0107 dr. Asja,specijalista fizikalne medicine i rehabilitacije<\/p>\n<p>Telefon: 00 387 35 303 189<\/p>\n<p><strong>Odgovorna medicinska sestra:<\/strong> Samira Ali\u0107, diplomirana medicinska sestra<\/p>\n<p>Telefon: 00 387.35 303 635<\/p>\n<p>Odjeljenje za rehabilitaciju hirur\u0161kih i ortopedsko-traumatolo\u0161kih bolesnika bavi se:<\/p>\n<ol>\n<li>Rehabilitacijom pacijenata nakon ortopedskih i konzervativnih tretmana na lokomotornom aparatu i ki\u010dmenom stubu i obuhvata:\n<ul>\n<li>posttraumatska stanja lokomotornog aparata<\/li>\n<li>stanja nakon operacije diskus hernije i ugradnje endoproteze kuka i koljena<\/li>\n<li>stanja nakon ugradnje osteosintetskih materijala na ki\u010dmenom stubu i extremitetima<\/li>\n<\/ul>\n<\/li>\n<li>Rehabilitacijom bolesnika nakon neurohirur\u0161kih operacija na mozgu, ki\u010dmenom stubu i perifernim nervima<\/li>\n<li>Tretmanom limfedema<\/li>\n<\/ol>\n<p>&nbsp;<\/p>\n<p><span style=\"color: #3366ff;\"><strong>ODJELJENJE ZA REHABILITACIJU DJECE<\/strong><\/span><br \/>\n<strong>\u0160ef odjeljenja<\/strong>: Dr. Bijedi\u0107 Asja, specijalista fizikalne medicine i rehabilitacije<br \/>\n<strong>Ljekari:<\/strong> Tunji\u0107 dr. Azra, specijalista fizikalne medicine i rehabilitacije; Dr. Adela Musi\u0107, specijalista fizikalne medicine i rehabilitacije<\/p>\n<p>Telefon: 00 387 35 303 146<br \/>\nBijedi\u0107 dr. Asja, ljekar na specijalizaciji<\/p>\n<p>Telefon: 00 387.35 303 185<\/p>\n<p>Telefon:00 387.35 303 123<br \/>\n<strong>Odgovorna medicinska sestra:<\/strong> Bajri\u0107 Asja, diplomirani medicinar zdravstvene njege<\/p>\n<p>Telefon: 00 387 35 303 123<\/p>\n<p>Odjeljenje za (re)habilitaciju djece organizovano je kroz poliklini\u010dki i bolni\u010dki rehabilitacioni tretman.<\/p>\n<p style=\"text-align: justify;\">Odjeljenje raspola\u017ee sa 10 bolni\u010dkih kreveta namjenjenih ranom rehabilitacionom tretmanu djece koja se premje\u0161taju sa drugih klinika ili se primaju radi obnavljanja medicinske rehabilitacije dolaskom od ku\u0107e. Indikacije za prijem su stanja nakon povreda glave, ki\u010dme i lokomotornog sistema, neurolo\u0161ke bolesti, reumatske bolesti, te stanja nakon ortopedsko hirur\u0161kih intervencija.<\/p>\n<p style=\"text-align: justify;\">Poliklini\u010dki dio odjeljenja dje\u010dije rehabilitacije uklju\u010duje fizijatrijski pregled i primjenu posebno kreiranog programa (re) habilitacije za svako dijete. Program (re)habilitacije prije svega podrazumjeva postupke medicinske kineziterapije po Bobathu ili Vojta metodi, somatopedski i logopedski tretman, a prema potrebi se mogu primjeniti i druge fizikalne procedure kao \u0161to su masa\u017ea, hidroterapija, tople ili hladne procedure, elektroterapija.<\/p>\n<p>Ambulantnim (re)habilitacionim tretmanom obuhva\u0107ena su slijede\u0107a podru\u010dja:<\/p>\n<ul>\n<li>Neurorazvojna habilitacija i rehabilitacija djece s cerebralnim poreme\u0107ajima kretanja<\/li>\n<li>Korektivna gimnastika posturalnih disfunkcija i deformiteta ki\u010dmenog stuba<\/li>\n<li>Kineziterapija ortopedskih, upalnih, postraumatskih i uro\u0111enih deformiteta lokomotornog sistema<\/li>\n<\/ul>\n<p>&nbsp;<\/p>\n<p><span style=\"color: #3366ff;\"><strong>ODJELJENJE ZA SPINALNE POVREDE<\/strong><\/span><\/p>\n<p><strong>\u0160ef odjeljenja:<\/strong> Prof .dr.med.sc. Maida Zoni\u0107- Imamovi\u0107, specijalista fizikalne medicine i rehabilitacije<\/p>\n<p>Telefon: 00 387 35 303 187<\/p>\n<p><strong>Ljekari:<\/strong><br \/>\n<strong>Odgovorna medicinska sestra:<\/strong> Amra Mehanovi\u0107, diplomirani medicinar zdravstvene njege<\/p>\n<p>Telefon: 00 387 35 303 123<\/p>\n<p><strong>Djelatnost odjeljenja za spinalne povrede<\/strong><\/p>\n<p style=\"text-align: justify;\">Odjeljenje za spinalne povrede raspola\u017ee sa deset bolesni\u010dkih kreveta, a\u00a0 bavi rehabilitacijom pacijenata sa povredama ki\u010dme i ki\u010dmene mo\u017edine. Povrede su rijetke ali spadaju u najte\u017ee, jer u velikom procentu ostavljaju trajan invaliditet. U toku hospitalizacije pacijenti se osposobljavaju za aktivnost svakodnevnog \u017eivota (AS\u017d), kori\u0161tenje ortopedskih pomagala i cilj je da pacijenti budu \u0161to samostalniji. U toku rehabilitacije uklju\u010den je tim kojeg sa\u010dinjavaju: fizijatar,\u00a0 fizioterapeut, medicinska sestra, somatoped, okupacioni terapeut.<\/p>\n<p><strong>Rehabilitacioni plan obuhvata:<\/strong><\/p>\n<ul>\n<li>prevenciju respiratornih komplikacija<\/li>\n<li>prevenciju duboke venske tromboze<\/li>\n<li>prevenciju kontraktura zglobova<\/li>\n<li>njegu ko\u017ee<\/li>\n<li>selektivno ja\u010danje mi\u0161i\u0107a<\/li>\n<li>rane aktivnosti brige o sebi<\/li>\n<li>vertikalizaciju<\/li>\n<li>ranu mobilnost u krevetu<\/li>\n<li>edukaciju pacijenta i porodice<\/li>\n<li>procjena stanja donjeg dijela urogenitalnog trakta putem urodinamskog ispitivanja<\/li>\n<li>trening mokra\u0107ne be\u0161ike-obu\u010davanje za intermitentnu samokateterizaciju<\/li>\n<\/ul>\n<p>&nbsp;<\/p>\n<p><span style=\"color: #3366ff;\"><strong>ODJELJENJE ZA RANU REHABILITACIJU<\/strong><\/span><\/p>\n<p><strong>\u0160ef odjeljenja:<\/strong> Mr. sci Elmina Muli\u0107 Had\u017eiavdi\u0107, specijalista fizikalne medicine i rehabilitacije<\/p>\n<p>Telefon:<\/p>\n<p>Ljekari: Po rasporedu<\/p>\n<p>Telefon: 00 387 35 303 143<\/p>\n<p><strong>Odgovorni fizioterapeut:<\/strong> Sulejmanovi\u0107 Sabina, diplomirani fizioterapeut<\/p>\n<p>Telefon:00 387 35 303 123<\/p>\n<p style=\"text-align: justify;\"><strong>Djelatnost odjeljenja za ranu rehabilitaciju<\/strong><br \/>\nOdjeljenje za ranu rehabilitaciju je dio Klinike za fizikalnu medicinu i rehabilitaciju u \u010dijem radu su anga\u017eovani specijalisti fizikalne medicine i rehabilitacije-Konsultanti za odr\u0111ene klinke i tim fizioterapeuta.<br \/>\nOsnovni zadatak uposlenika \u010dlanova tima Odjeljenja rane rehabilitacije jeste uklju\u010divanje pacijenata na drugim klinikama UKC Tuzla u rani rehabilitacioni tretman, od momenta kad se postavi indkacija, kao i planiranje nastavka rehabilitacionog tretmana nakon otpusta sa Klinike.<\/p>\n<p>&nbsp;<\/p>\n<p><span style=\"color: #3366ff;\"><strong>ODJELJENJE ZA PROTETIKU I ORTOTIKU<\/strong><\/span><\/p>\n<p><strong>\u0160ef odjeljenja:<\/strong> Kudumovi\u0107 dr. Zijada, specijalista fizikalne medicine i rehabilitacije<\/p>\n<p>Telefon:00 387 35 290 312<\/p>\n<p><strong>Odgovorni fizioterapeut:<\/strong><\/p>\n<p><strong>Odgovorni proteti\u010dar:<\/strong> Sofi\u0107 Ned\u017ead ortoprotetski tehnolog<\/p>\n<p>Telefon: 00 387 35 290 312<\/p>\n<p style=\"text-align: justify;\">Zavod za protetiku i rehabilitaciju otvoren je uz podr\u0161ku francuske humanitarne organizacije \u201eHendikep Intrernacionale\u201d, a po\u010deo je sa radom u ratu 1994. godine. Od 2004. godine egzistira u sklopu Klinike za fizikalnu medicinu i rehabilitaciju kao Odjeljenje za protetiku i ortotiku. .<br \/>\nU okviru Odjeljenja uspje\u0161no funkcioni\u0161e Centar za edukaciju proteti\u010dara i ortoti\u010dara koji je rezultat uspje\u0161ne saradnje sa Me\u0111unarodnim centrom za rehabilitaciju iz \u010cikaga.<\/p>\n<p><strong>Odjeljenje nema hospitaliziranih bolesnika, a bavi se:<\/strong><\/p>\n<ul>\n<li>Izradom proteza za gornje ekstremitete (funkcionalne i estetske proteze)<\/li>\n<li>Izradom proteza za donje ekstremitete (egzo i endoskeletne proteze)<\/li>\n<li>Izradom ortoza za gornje i donje ekstremitete<\/li>\n<li>Izradom ortoza trupa TLSO, Ortoze za pektus.<\/li>\n<li>Izrada otisaka i svih vrsta ulozaka za stopala.<\/li>\n<li style=\"text-align: justify;\">Rehabilitacijm osoba sa amputaciom ekstremiteta, osoba sa deformitetima trupa i ekstremiteta, rehabilitacijom neurolo\u0161kih, reumatolo\u0161kih, hirur\u0161kih i ortopedsko traumatolo\u0161kih bolesnika koji koriste ortotska pomagala.<\/li>\n<\/ul>\n<p>&nbsp;<\/p>\n","protected":false},"excerpt":{"rendered":"<p>DJELATNOSTI\u00a0 ORGANIZACIONIH\u00a0 JEDINICA ODJELJENJE ZA REUMATOLO\u0160KU REHABILITACIJU \u0160ef odjeljenja: Doc.dr.med.sc. \u0160ahza Kikanovi\u0107, specijalista fizikalne medicine i rehabilitacije Telefon: 00 387 35 303 188 Ljekari\u00a0 Konji\u0107 dr. Asmir, specijalista fizikalne medicine i rehabilitacije Odgovorna medicinska sestra: Smaji\u0107 Ati\u0107 Merlina \u2013diplomirana visoka sestra-tehni\u010dar Telefon:00 387303 635 Reumatolo\u0161ko odjeljenje ima deset bolesni\u010dkih kreveta\u00a0 i specijalisti\u010dku ambulantu. Na odjeljenju&hellip;<\/p>\n","protected":false},"author":1,"featured_media":16294,"parent":0,"menu_order":0,"comment_status":"closed","ping_status":"closed","template":"","meta":{"footnotes":""},"class_list":["post-490","page","type-page","status-publish","has-post-thumbnail","hentry","description-off"],"_links":{"self":[{"href":"https:\/\/www.ukctuzla.ba\/ukctuzla\/index.php?rest_route=\/wp\/v2\/pages\/490","targetHints":{"allow":["GET"]}}],"collection":[{"href":"https:\/\/www.ukctuzla.ba\/ukctuzla\/index.php?rest_route=\/wp\/v2\/pages"}],"about":[{"href":"https:\/\/www.ukctuzla.ba\/ukctuzla\/index.php?rest_route=\/wp\/v2\/types\/page"}],"author":[{"embeddable":true,"href":"https:\/\/www.ukctuzla.ba\/ukctuzla\/index.php?rest_route=\/wp\/v2\/users\/1"}],"replies":[{"embeddable":true,"href":"https:\/\/www.ukctuzla.ba\/ukctuzla\/index.php?rest_route=%2Fwp%2Fv2%2Fcomments&post=490"}],"version-history":[{"count":42,"href":"https:\/\/www.ukctuzla.ba\/ukctuzla\/index.php?rest_route=\/wp\/v2\/pages\/490\/revisions"}],"predecessor-version":[{"id":20560,"href":"https:\/\/www.ukctuzla.ba\/ukctuzla\/index.php?rest_route=\/wp\/v2\/pages\/490\/revisions\/20560"}],"wp:featuredmedia":[{"embeddable":true,"href":"https:\/\/www.ukctuzla.ba\/ukctuzla\/index.php?rest_route=\/wp\/v2\/media\/16294"}],"wp:attachment":[{"href":"https:\/\/www.ukctuzla.ba\/ukctuzla\/index.php?rest_route=%2Fwp%2Fv2%2Fmedia&parent=490"}],"curies":[{"name":"wp","href":"https:\/\/api.w.org\/{rel}","templated":true}]}}