{"id":501,"date":"2021-09-10T12:22:03","date_gmt":"2021-09-10T11:22:03","guid":{"rendered":"http:\/\/10.0.0.65\/ukctuzla3\/?page_id=501"},"modified":"2024-10-04T11:58:04","modified_gmt":"2024-10-04T10:58:04","slug":"sektor-za-ekonomsko-finansijske-poslove","status":"publish","type":"page","link":"https:\/\/www.ukctuzla.ba\/ukctuzla\/?page_id=501&lang=bs","title":{"rendered":"SEKTOR ZA EKONOMSKO-FINANSIJSKE POSLOVE"},"content":{"rendered":"<p><strong>v.d. Pomo\u0107nika direktora za ekonomsko-finansijske poslove:<\/strong> Kikanovi\u0107 Emir, dipl. ecc<br \/>\nKontakt:<br \/>\ne-mail: info@ukctuzla.ba<br \/>\ntel.: 00 387 35 303 777<br \/>\n00 387 35 303 300<br \/>\nfax.: 00 387 35 250 474<\/p>\n<p>Sektor za ekonomsko-finansijske poslove formiran je u cilju evdientiranja, klasifikovanja i pra\u0107enja rada organizacionih jedinica koje su u sastavu Ustanove, kao i finansijsko izra\u017eavanje tih aktivnosti, izrada izvje\u0161taja, analize i interpretiranje aktivnosti i doga\u0111aja. Rad Sektora za ekonomsko-finansijske poslove usmjeren je na pribli\u017eavanju informacija korisnicima, prezentira vrijednosno izra\u017eene aktivnosti odnosno ekonomske kategorije Ustanove kao cjeline i organizacionih dijelova u njenom sastavu.<\/p>\n<p><strong>DJELATNOST SEKTORA<\/strong><\/p>\n<ul>\n<li>Poslovi koji se obavljaju u okviru sektora odnose se naro\u010dito na<\/li>\n<li>Evidentiranje odre\u0111enih poslovnih doga\u0111aja<\/li>\n<li>Analiza i kontrola poslovnih doga\u0111aja<\/li>\n<li>Planiranje ekonomskih doga\u0111aja i njihovih budu\u0107ih efekata<\/li>\n<li>Ra\u010dunovodstveno planiranje, ra\u010dunovodstveni nadzor i ra\u010dunovodstveno informisanje<\/li>\n<li>Poslovi finansijske operative<\/li>\n<li>Priprema, obrada i realizacija naloga za pla\u0107anje<\/li>\n<li>Priprema i sastavljanje PDV prijava<\/li>\n<li>Obra\u010dun pla\u0107a<\/li>\n<li>Obra\u010dun i pla\u0107anje ugovora o djelu, privremenih i povremenih poslova<\/li>\n<li>Ispostavljanje faktura za pru\u017eene zdravstvene usluge i naplata istih<\/li>\n<li>Pra\u0107enje stepena naplate i dostava dokumentacije radi utu\u017eenja<\/li>\n<li>Staranje o vanbilansnoj evidenciji potra\u017eivanja i davanje projedloga za brisanje iz vanbilansne evidencije<\/li>\n<li>Povrati nov\u010danih sredstvava putem blagajne<\/li>\n<li>Bjagajni\u010dko poslovanje<\/li>\n<li>Izrada popisa sredstava i izvora sredstava<\/li>\n<li>Periodi\u010dna provjera stanja popisa u saradnji sa organizacionim jedinicama i usagla\u0161avanje stvarnog sa knjigovodstvenim stanjem<\/li>\n<li>Izrada programa rada<\/li>\n<li>Izrada plana finansijskog poslovanja<\/li>\n<li>Analiza izvr\u0161enja usvojenih planova kroz su\u010deljavanje tro\u0161kova i prihoda i prihvatljivosti dobijenih parametara ostvarenja (godi\u0161nje i kvartalno)<\/li>\n<li>Izvje\u0161tavanje menad\u017ementa i organa upravljanja kao i vanjske korisnika o usvojenim planovima, izvje\u0161tajima i analizama<\/li>\n<li>Prikupljanje, obrada i tuma\u010denje rezultata i njihovo dostavljanje vanjskim korisnicima na podru\u010dju statisti\u010dkih istra\u017eivanja<\/li>\n<li>Sa\u010dinjavanje i kalkulacije cijena zdravstvenih usluga.<\/li>\n<\/ul>\n<p>&nbsp;<\/p>\n<p><strong>ORGANIZACIONA STRUKTURA<\/strong><br \/>\n<strong>Zajedni\u010dki poslovi<\/strong><\/p>\n<p><strong>Slu\u017eba za finansije<\/strong><br \/>\n<strong>\u0160ef Slu\u017ebe: <\/strong>Hajra Murselovi\u0107 dipl.ecc<\/p>\n<p><strong>Slu\u017eba za naplatu potra\u017eivanja <\/strong><br \/>\n<strong>\u0160ef Slu\u017ebe:<\/strong> Sabina Tanovi\u0107, dipl.ecc.<\/p>\n<p><strong>Slu\u017eba za ra\u010dunovodstvo <\/strong><br \/>\n<strong>\u0160ef Slu\u017ebe:<\/strong> Jasminka Ljaji\u0107, dipl.ecc.<\/p>\n<p><strong>Slu\u017eba plana i analize <\/strong><br \/>\n<strong>\u0160ef Slu\u017ebe:<\/strong> Sanela Ponjavi\u0107 dipl.ecc<\/p>\n<p>&nbsp;<\/p>\n","protected":false},"excerpt":{"rendered":"<p>v.d. Pomo\u0107nika direktora za ekonomsko-finansijske poslove: Kikanovi\u0107 Emir, dipl. ecc Kontakt: e-mail: info@ukctuzla.ba tel.: 00 387 35 303 777 00 387 35 303 300 fax.: 00 387 35 250 474 Sektor za ekonomsko-finansijske poslove formiran je u cilju evdientiranja, klasifikovanja i pra\u0107enja rada organizacionih jedinica koje su u sastavu Ustanove, kao i finansijsko izra\u017eavanje tih&hellip;<\/p>\n","protected":false},"author":1,"featured_media":16294,"parent":0,"menu_order":0,"comment_status":"closed","ping_status":"closed","template":"","meta":{"footnotes":""},"class_list":["post-501","page","type-page","status-publish","has-post-thumbnail","hentry","description-off"],"_links":{"self":[{"href":"https:\/\/www.ukctuzla.ba\/ukctuzla\/index.php?rest_route=\/wp\/v2\/pages\/501","targetHints":{"allow":["GET"]}}],"collection":[{"href":"https:\/\/www.ukctuzla.ba\/ukctuzla\/index.php?rest_route=\/wp\/v2\/pages"}],"about":[{"href":"https:\/\/www.ukctuzla.ba\/ukctuzla\/index.php?rest_route=\/wp\/v2\/types\/page"}],"author":[{"embeddable":true,"href":"https:\/\/www.ukctuzla.ba\/ukctuzla\/index.php?rest_route=\/wp\/v2\/users\/1"}],"replies":[{"embeddable":true,"href":"https:\/\/www.ukctuzla.ba\/ukctuzla\/index.php?rest_route=%2Fwp%2Fv2%2Fcomments&post=501"}],"version-history":[{"count":11,"href":"https:\/\/www.ukctuzla.ba\/ukctuzla\/index.php?rest_route=\/wp\/v2\/pages\/501\/revisions"}],"predecessor-version":[{"id":17132,"href":"https:\/\/www.ukctuzla.ba\/ukctuzla\/index.php?rest_route=\/wp\/v2\/pages\/501\/revisions\/17132"}],"wp:featuredmedia":[{"embeddable":true,"href":"https:\/\/www.ukctuzla.ba\/ukctuzla\/index.php?rest_route=\/wp\/v2\/media\/16294"}],"wp:attachment":[{"href":"https:\/\/www.ukctuzla.ba\/ukctuzla\/index.php?rest_route=%2Fwp%2Fv2%2Fmedia&parent=501"}],"curies":[{"name":"wp","href":"https:\/\/api.w.org\/{rel}","templated":true}]}}